{"id":2310,"date":"2020-12-21T14:52:02","date_gmt":"2020-12-21T13:52:02","guid":{"rendered":"https:\/\/semmelweis.hu\/oktatasmodszertan\/?page_id=2310"},"modified":"2026-01-23T14:13:33","modified_gmt":"2026-01-23T13:13:33","slug":"oktatastamogatas-esemenyek","status":"publish","type":"page","link":"https:\/\/semmelweis.hu\/oktatasmodszertan\/kepzesek\/oktatastamogatas-esemenyek\/","title":{"rendered":"Oktat\u00e1st\u00e1mogat\u00e1si programok"},"content":{"rendered":"<div>\n<div id=\"GroupWiseSection_1608735270000_kozma.borbala@med.semmelweis-univ.hu_B5691C011AB400008D29000000000000_\" class=\"GroupWiseMessageBody\">\n<p><strong>2021-t\u0151l az Oktat\u00e1sm\u00f3dszertani, -fejleszt\u00e9si \u00e9s -szervez\u00e9si K\u00f6zpont oktat\u00e1st\u00e1mogat\u00f3 tev\u00e9kenys\u00e9ge n\u00e9gy f\u0151 pill\u00e9ren \u00e1ll: alapk\u00e9pz\u00e9sek, tov\u00e1bbk\u00e9pz\u00e9sek, oktat\u00f3i k\u00f6z\u00f6ss\u00e9g, valamint egyedi fejleszt\u00e9sek.<\/strong><\/p>\n<p>Az oktat\u00e1st\u00e1mogat\u00e1shoz kapcsol\u00f3d\u00f3 programelemekr\u0151l sz\u00f3l\u00f3 tudnival\u00f3kat \u00e9s a jelentkez\u00e9si lehet\u0151s\u00e9geket folyamatosan tessz\u00fck k\u00f6zz\u00e9 honlapunk K\u00e9pz\u00e9sek men\u00fcj\u00e9ben.<\/p>\n<p><strong>Az oktat\u00e1st\u00e1mogat\u00e1si programok felel\u0151se: <br \/>\n<\/strong>Kozma Borb\u00e1la <strong>&#8211; <\/strong><a href=\"https:\/\/semmelweis.hu\/oktatasmodszertan\/files\/2025\/03\/esemenynaptar-2025_OFMSZK-2-1.pdf\" target=\"_blank\" rel=\"noopener noreferrer\">kozma.borbala@semmelweis.hu<\/a><\/p>\n<p>&nbsp;<\/p>\n<\/div>\n<h5>Esem\u00e9nynapt\u00e1r \u00e9s jelentkez\u00e9s:<\/h5>\n<p><iframe loading=\"lazy\" src=\"https:\/\/outlook.office.com\/book\/OktatsfejlesztsiKpzsiNaptr@unisemmelweis.onmicrosoft.com\/?ismsaljsauthenabled\" width=\"100%\" height=\"800\"><span data-mce-type=\"bookmark\" style=\"width: 0px;overflow: hidden;line-height: 0\" class=\"mce_SELRES_start\">\ufeff<\/span><\/iframe><\/div>\n<div>\u00a0<\/div>\n<div>\n<h5>\nH\u00e1zhoz megy\u00fcnk<\/h5>\n<p>V\u00e1rjuk kisebb oktat\u00f3i teamek jelentkez\u00e9s\u00e9t egy-egy konkr\u00e9t fejleszt\u00e9s\u00fck kapcs\u00e1n, illetve v\u00e1llaljuk tansz\u00e9ki vagy kari szint\u0171 \u00e1tfog\u00f3 fejleszt\u00e9sek t\u00e1mogat\u00e1s\u00e1t is. Foglaljon napt\u00e1runkban egy vagy t\u00f6bb alkalmat, melyet teamj\u00fckkel oktat\u00e1sfejleszt\u00e9sre sz\u00e1nnak. A foglal\u00e1s ut\u00e1n felvessz\u00fck \u00d6nnel a kapcsolatot a r\u00e9szletek egyeztet\u00e9se c\u00e9lj\u00e1b\u00f3l. <span style=\"font-size: 1rem\">A gyakran ism\u00e9telt k\u00e9rd\u00e9seket \u00e9s r\u00e9szleteket <\/span><strong><a href=\"https:\/\/semmelweis.hu\/oktatasmodszertan\/kepzesek\/oktatastamogatas-esemenyek\/idopontfoglalas-gyik\/\" target=\"_blank\" rel=\"noopener\">az al\u00e1bbi linken<\/a><\/strong><span style=\"font-size: 1rem\"> olvashatja.<\/span><\/p>\n<\/div>\n<p><iframe loading=\"lazy\" src=\"https:\/\/outlook.office.com\/book\/Hzhozmegynk@unisemmelweis.onmicrosoft.com\/?ismsaljsauthenabled\" width=\"100%\" height=\"800\"><span data-mce-type=\"bookmark\" style=\"width: 0px;overflow: hidden;line-height: 0\" class=\"mce_SELRES_start\">\ufeff<\/span><\/iframe><\/p>\n","protected":false},"excerpt":{"rendered":"<p>2021-t\u0151l az Oktat\u00e1sm\u00f3dszertani, -fejleszt\u00e9si \u00e9s -szervez\u00e9si K\u00f6zpont oktat\u00e1st\u00e1mogat\u00f3 tev\u00e9kenys\u00e9ge n\u00e9gy f\u0151 pill\u00e9ren \u00e1ll: alapk\u00e9pz\u00e9sek, tov\u00e1bbk\u00e9pz\u00e9sek, oktat\u00f3i k\u00f6z\u00f6ss\u00e9g, valamint egyedi fejleszt\u00e9sek. Az oktat\u00e1st\u00e1mogat\u00e1shoz kapcsol\u00f3d\u00f3 programelemekr\u0151l sz\u00f3l\u00f3 tudnival\u00f3kat \u00e9s a jelentkez\u00e9si lehet\u0151s\u00e9geket folyamatosan tessz\u00fck k\u00f6zz\u00e9 honlapunk K\u00e9pz\u00e9sek men\u00fcj\u00e9ben. Az oktat\u00e1st\u00e1mogat\u00e1si programok felel\u0151se: Kozma Borb\u00e1la &#8211; <a href=\"https:\/\/semmelweis.hu\/oktatasmodszertan\/files\/2025\/03\/esemenynaptar-2025_OFMSZK-2-1.pdf\" target=\"_blank\" rel=\"noopener noreferrer\">kozma.borbala@semmelweis.hu<\/a> &nbsp; Esem\u00e9nynapt\u00e1r \u00e9s jelentkez\u00e9s: \ufeff \u00a0 H\u00e1zhoz megy\u00fcnk V\u00e1rjuk kisebb oktat\u00f3i teamek &hellip;<\/p>\n","protected":false},"author":101470,"featured_media":0,"parent":5806,"menu_order":1,"comment_status":"closed","ping_status":"closed","template":"","meta":{"_acf_changed":false,"footnotes":""},"categories":[],"tags":[],"class_list":["post-2310","page","type-page","status-publish","hentry"],"acf":[],"_links":{"self":[{"href":"https:\/\/semmelweis.hu\/oktatasmodszertan\/wp-json\/wp\/v2\/pages\/2310","targetHints":{"allow":["GET"]}}],"collection":[{"href":"https:\/\/semmelweis.hu\/oktatasmodszertan\/wp-json\/wp\/v2\/pages"}],"about":[{"href":"https:\/\/semmelweis.hu\/oktatasmodszertan\/wp-json\/wp\/v2\/types\/page"}],"author":[{"embeddable":true,"href":"https:\/\/semmelweis.hu\/oktatasmodszertan\/wp-json\/wp\/v2\/users\/101470"}],"replies":[{"embeddable":true,"href":"https:\/\/semmelweis.hu\/oktatasmodszertan\/wp-json\/wp\/v2\/comments?post=2310"}],"version-history":[{"count":11,"href":"https:\/\/semmelweis.hu\/oktatasmodszertan\/wp-json\/wp\/v2\/pages\/2310\/revisions"}],"predecessor-version":[{"id":6245,"href":"https:\/\/semmelweis.hu\/oktatasmodszertan\/wp-json\/wp\/v2\/pages\/2310\/revisions\/6245"}],"up":[{"embeddable":true,"href":"https:\/\/semmelweis.hu\/oktatasmodszertan\/wp-json\/wp\/v2\/pages\/5806"}],"wp:attachment":[{"href":"https:\/\/semmelweis.hu\/oktatasmodszertan\/wp-json\/wp\/v2\/media?parent=2310"}],"wp:term":[{"taxonomy":"category","embeddable":true,"href":"https:\/\/semmelweis.hu\/oktatasmodszertan\/wp-json\/wp\/v2\/categories?post=2310"},{"taxonomy":"post_tag","embeddable":true,"href":"https:\/\/semmelweis.hu\/oktatasmodszertan\/wp-json\/wp\/v2\/tags?post=2310"}],"curies":[{"name":"wp","href":"https:\/\/api.w.org\/{rel}","templated":true}]}}