{"id":231,"date":"2018-08-22T11:00:22","date_gmt":"2018-08-22T09:00:22","guid":{"rendered":"http:\/\/semmelweis.hu\/oktatasmodszertan\/?page_id=231"},"modified":"2026-03-23T14:51:22","modified_gmt":"2026-03-23T13:51:22","slug":"munkatarsak","status":"publish","type":"page","link":"https:\/\/semmelweis.hu\/oktatasmodszertan\/magunkrol\/munkatarsak\/","title":{"rendered":"Munkat\u00e1rsak"},"content":{"rendered":"<p><strong><img loading=\"lazy\" decoding=\"async\" class=\"alignleft wp-image-5396 size-full\" src=\"https:\/\/semmelweis.hu\/oktatasmodszertan\/files\/2024\/12\/turi_ibolya_170_170.png\" alt=\"\" width=\"170\" height=\"170\" srcset=\"https:\/\/semmelweis.hu\/oktatasmodszertan\/files\/2024\/12\/turi_ibolya_170_170.png 170w, https:\/\/semmelweis.hu\/oktatasmodszertan\/files\/2024\/12\/turi_ibolya_170_170-150x150.png 150w\" sizes=\"auto, (max-width: 170px) 100vw, 170px\" \/>Dr. T\u00fari Ibolya \u2013 igazgat\u00f3, f\u0151iskolai tan\u00e1r<br \/>\n<\/strong><br \/>\n<a href=\"https:\/\/semmelweis.hu\/oktatasmodszertan\/files\/2024\/12\/CV-Turi-Ibolya-2024.pdf\" target=\"_blank\" rel=\"noopener\">\u00d6n\u00e9letrajz<\/a><\/p>\n<p><strong><img loading=\"lazy\" decoding=\"async\" class=\"alignnone size-full wp-image-258\" src=\"https:\/\/semmelweis.hu\/oktatasmodszertan\/files\/2018\/08\/if_phone_1055012_16_16.png\" alt=\"\" width=\"16\" height=\"16\" \/><\/strong>+36-20-920-3080<\/p>\n<p><img loading=\"lazy\" decoding=\"async\" class=\"alignnone size-full wp-image-219\" src=\"https:\/\/semmelweis.hu\/oktatasmodszertan\/files\/2018\/08\/if_email_328027_1616.png\" alt=\"\" width=\"16\" height=\"16\" \/> <a href=\"mailto:kiss.levente@med.semmelweis-univ.hu\">turi.ibolya@semmelweis.hu<\/a><\/p>\n<hr \/>\n<p><img loading=\"lazy\" decoding=\"async\" class=\"alignleft wp-image-4234\" src=\"https:\/\/semmelweis.hu\/oktatasmodszertan\/files\/2023\/06\/molnarne_szanto_andrea_3.png\" alt=\"\" width=\"170\" height=\"171\" srcset=\"https:\/\/semmelweis.hu\/oktatasmodszertan\/files\/2023\/06\/molnarne_szanto_andrea_3.png 246w, https:\/\/semmelweis.hu\/oktatasmodszertan\/files\/2023\/06\/molnarne_szanto_andrea_3-150x150.png 150w\" sizes=\"auto, (max-width: 170px) 100vw, 170px\" \/><\/p>\n<p><strong>Moln\u00e1rn\u00e9 Sz\u00e1nt\u00f3 Andrea \u2013 oktat\u00e1sszervez\u00e9si szak\u00fcgyint\u00e9z\u0151<\/strong><\/p>\n<p><a href=\"https:\/\/semmelweis.hu\/oktatasmodszertan\/files\/2020\/09\/CV_molnarne_szanto_andrea.pdf\" target=\"_blank\" rel=\"noopener noreferrer\">\u00d6n\u00e9letrajz<\/a><\/p>\n<p><strong><img loading=\"lazy\" decoding=\"async\" class=\"alignnone size-full wp-image-258\" src=\"https:\/\/semmelweis.hu\/oktatasmodszertan\/files\/2018\/08\/if_phone_1055012_16_16.png\" alt=\"\" width=\"16\" height=\"16\" \/><\/strong>+36-20-670-1747<\/p>\n<p><img loading=\"lazy\" decoding=\"async\" class=\"alignnone size-full wp-image-219\" src=\"https:\/\/semmelweis.hu\/oktatasmodszertan\/files\/2018\/08\/if_email_328027_1616.png\" alt=\"\" width=\"16\" height=\"16\" \/><a href=\"mailto:molnarne.szanto.andrea@semmelweis.hu\" target=\"_blank\" rel=\"noopener\">molnarne.szanto.andrea@semmelweis.hu<\/a><\/p>\n<hr \/>\n<p><strong> <img loading=\"lazy\" decoding=\"async\" class=\"alignleft size-full wp-image-2457\" src=\"https:\/\/semmelweis.hu\/oktatasmodszertan\/files\/2021\/01\/fekete_csilla_170_170.png\" alt=\"\" width=\"170\" height=\"170\" srcset=\"https:\/\/semmelweis.hu\/oktatasmodszertan\/files\/2021\/01\/fekete_csilla_170_170.png 170w, https:\/\/semmelweis.hu\/oktatasmodszertan\/files\/2021\/01\/fekete_csilla_170_170-150x150.png 150w\" sizes=\"auto, (max-width: 170px) 100vw, 170px\" \/><\/strong><strong style=\"font-family: inherit;font-size: inherit\">Fekete Csilla \u2013 oktat\u00e1sszervez\u00e9si szak\u00fcgyint\u00e9z\u0151<\/strong><strong><br \/>\n<\/strong><\/p>\n<p><a href=\"https:\/\/semmelweis.hu\/oktatasmodszertan\/files\/2023\/01\/CV-fekete_csilla_2023.pdf\" target=\"_blank\" rel=\"noopener\">\u00d6n\u00e9letrajz<\/a><\/p>\n<p><strong><img loading=\"lazy\" decoding=\"async\" class=\"alignnone size-full wp-image-258\" src=\"https:\/\/semmelweis.hu\/oktatasmodszertan\/files\/2018\/08\/if_phone_1055012_16_16.png\" alt=\"\" width=\"16\" height=\"16\" \/><\/strong>+36-20-666-3385<\/p>\n<p><img loading=\"lazy\" decoding=\"async\" class=\"alignnone size-full wp-image-219\" src=\"https:\/\/semmelweis.hu\/oktatasmodszertan\/files\/2018\/08\/if_email_328027_1616.png\" alt=\"\" width=\"16\" height=\"16\" \/> <a href=\"mailto:fekete.csilla@semmelweis-univ.hu\" target=\"_blank\" rel=\"noopener noreferrer\">fekete.csilla@semmelweis.hu<\/a><\/p>\n<hr \/>\n<p><strong><img loading=\"lazy\" decoding=\"async\" class=\"alignleft  wp-image-6302\" src=\"https:\/\/semmelweis.hu\/oktatasmodszertan\/files\/2026\/03\/Mako-Ajsa_honlapra.png\" alt=\"\" width=\"171\" height=\"171\" srcset=\"https:\/\/semmelweis.hu\/oktatasmodszertan\/files\/2026\/03\/Mako-Ajsa_honlapra.png 713w, https:\/\/semmelweis.hu\/oktatasmodszertan\/files\/2026\/03\/Mako-Ajsa_honlapra-400x400.png 400w, https:\/\/semmelweis.hu\/oktatasmodszertan\/files\/2026\/03\/Mako-Ajsa_honlapra-150x150.png 150w\" sizes=\"auto, (max-width: 171px) 100vw, 171px\" \/><\/strong><strong style=\"font-family: inherit;font-size: inherit\">Mak\u00f3 Ajsa \u2013 oktat\u00e1sszervez\u00e9si szak\u00fcgyint\u00e9z\u0151<\/strong><strong><br \/>\n<\/strong><\/p>\n<p><a href=\"https:\/\/semmelweis.hu\/oktatasmodszertan\/files\/2026\/03\/Mako_Ajsa_Oneletrajz-2.pdf\" target=\"_blank\" rel=\"noopener\">\u00d6n\u00e9letrajz<\/a><\/p>\n<p><strong><img loading=\"lazy\" decoding=\"async\" class=\"alignnone size-full wp-image-258\" src=\"https:\/\/semmelweis.hu\/oktatasmodszertan\/files\/2018\/08\/if_phone_1055012_16_16.png\" alt=\"\" width=\"16\" height=\"16\" \/><\/strong>+36-30-877-1610<\/p>\n<p><img loading=\"lazy\" decoding=\"async\" class=\"alignnone size-full wp-image-219\" src=\"https:\/\/semmelweis.hu\/oktatasmodszertan\/files\/2018\/08\/if_email_328027_1616.png\" alt=\"\" width=\"16\" height=\"16\" \/> <a href=\"mailto:mako.ajsa.orsolya@semmelweis-univ.hu\" target=\"_blank\" rel=\"noopener noreferrer\">mako.ajsa.orsolya@semmelweis.hu<\/a><\/p>\n<h4><span style=\"font-size: 12pt\"><em><strong><br \/>\n<\/strong><\/em><\/span><strong>Digit\u00e1lis Tartalomfejleszt\u00e9si \u00e9s Szolg\u00e1ltat\u00f3 Oszt\u00e1ly<\/strong><\/h4>\n<p><strong><img loading=\"lazy\" decoding=\"async\" class=\"alignleft wp-image-2588 size-full\" src=\"https:\/\/semmelweis.hu\/oktatasmodszertan\/files\/2021\/01\/Tornoci_Laszlo_170_170.jpg\" alt=\"\" width=\"170\" height=\"170\" srcset=\"https:\/\/semmelweis.hu\/oktatasmodszertan\/files\/2021\/01\/Tornoci_Laszlo_170_170.jpg 170w, https:\/\/semmelweis.hu\/oktatasmodszertan\/files\/2021\/01\/Tornoci_Laszlo_170_170-150x150.jpg 150w\" sizes=\"auto, (max-width: 170px) 100vw, 170px\" \/>Dr. Torn\u00f3ci L\u00e1szl\u00f3 &#8211; oszt\u00e1lyvezet\u0151, informatikai vezet\u0151<\/strong><\/p>\n<p><a href=\"https:\/\/semmelweis.hu\/oktatasmodszertan\/files\/2021\/01\/CV_tornoci-laszlo.pdf\" target=\"_blank\" rel=\"noopener noreferrer\">\u00d6n\u00e9letrajz<\/a><\/p>\n<p><strong><img loading=\"lazy\" decoding=\"async\" class=\"alignnone size-full wp-image-258\" src=\"https:\/\/semmelweis.hu\/oktatasmodszertan\/files\/2018\/08\/if_phone_1055012_16_16.png\" alt=\"\" width=\"16\" height=\"16\" \/><\/strong>+36-1-459-1500 \/ 56145<\/p>\n<p><img loading=\"lazy\" decoding=\"async\" class=\"alignnone size-full wp-image-219\" src=\"https:\/\/semmelweis.hu\/oktatasmodszertan\/files\/2018\/08\/if_email_328027_1616.png\" alt=\"\" width=\"16\" height=\"16\" \/> <a href=\"mailto:tornoci.laszlo@med.semmelweis-univ.hu\" target=\"_blank\" rel=\"noopener noreferrer\">tornoci.laszlo@semmelweis.hu<\/a><\/p>\n<hr \/>\n<p><strong><img loading=\"lazy\" decoding=\"async\" class=\"alignleft wp-image-2579 size-full\" src=\"https:\/\/semmelweis.hu\/oktatasmodszertan\/files\/2021\/01\/foto-anders-tamas.jpg\" alt=\"\" width=\"170\" height=\"170\" srcset=\"https:\/\/semmelweis.hu\/oktatasmodszertan\/files\/2021\/01\/foto-anders-tamas.jpg 170w, https:\/\/semmelweis.hu\/oktatasmodszertan\/files\/2021\/01\/foto-anders-tamas-150x150.jpg 150w\" sizes=\"auto, (max-width: 170px) 100vw, 170px\" \/>Anders Tam\u00e1s &#8211; oktat\u00e1si rendszeradminisztr\u00e1tor<\/strong><\/p>\n<p><a href=\"https:\/\/semmelweis.hu\/oktatasmodszertan\/files\/2021\/01\/Europass-CV-20150511-Anders-HU.pdf\" target=\"_blank\" rel=\"noopener noreferrer\">\u00d6n\u00e9letrajz<\/a><\/p>\n<p><strong><img loading=\"lazy\" decoding=\"async\" class=\"alignnone size-full wp-image-258\" src=\"https:\/\/semmelweis.hu\/oktatasmodszertan\/files\/2018\/08\/if_phone_1055012_16_16.png\" alt=\"\" width=\"16\" height=\"16\" \/><\/strong>+36-30-016-4346<\/p>\n<p><img loading=\"lazy\" decoding=\"async\" class=\"alignnone size-full wp-image-219\" src=\"https:\/\/semmelweis.hu\/oktatasmodszertan\/files\/2018\/08\/if_email_328027_1616.png\" alt=\"\" width=\"16\" height=\"16\" \/> <a href=\"mailto:anders.tamas@semmelweis-univ.hu\" target=\"_blank\" rel=\"noopener noreferrer\">anders.tamas@semmelweis.hu<\/a><\/p>\n<hr \/>\n<p><img loading=\"lazy\" decoding=\"async\" class=\"alignleft wp-image-2487 size-full\" src=\"https:\/\/semmelweis.hu\/oktatasmodszertan\/files\/2021\/01\/szogi_andras_170_170.jpg\" alt=\"\" width=\"170\" height=\"170\" srcset=\"https:\/\/semmelweis.hu\/oktatasmodszertan\/files\/2021\/01\/szogi_andras_170_170.jpg 170w, https:\/\/semmelweis.hu\/oktatasmodszertan\/files\/2021\/01\/szogi_andras_170_170-150x150.jpg 150w\" sizes=\"auto, (max-width: 170px) 100vw, 170px\" \/><\/p>\n<p><strong>Sz\u00f6gi Andr\u00e1s &#8211; programfejleszt\u0151<\/strong><strong><br \/>\n<\/strong><\/p>\n<p><a href=\"https:\/\/semmelweis.hu\/oktatasmodszertan\/files\/2023\/01\/CV-Szogi_Andras-ofmszk.pdf\" target=\"_blank\" rel=\"noopener\">\u00d6n\u00e9letrajz<\/a><\/p>\n<p><strong><img loading=\"lazy\" decoding=\"async\" class=\"alignnone size-full wp-image-258\" src=\"https:\/\/semmelweis.hu\/oktatasmodszertan\/files\/2018\/08\/if_phone_1055012_16_16.png\" alt=\"\" width=\"16\" height=\"16\" \/><\/strong>+36-20-663-2475<\/p>\n<p><img loading=\"lazy\" decoding=\"async\" class=\"alignnone size-full wp-image-219\" src=\"https:\/\/semmelweis.hu\/oktatasmodszertan\/files\/2018\/08\/if_email_328027_1616.png\" alt=\"\" width=\"16\" height=\"16\" \/> <a href=\"mailto:szogi.andras@semmelweis.hu\" target=\"_blank\" rel=\"noopener noreferrer\">szogi.andras@semmelweis.hu<\/a><\/p>\n<hr \/>\n<h4><em style=\"font-size: 12pt\"><strong><br \/>\n<\/strong><\/em><strong>Oktat\u00e1sfejleszt\u00e9si \u00e9s -szervez\u00e9si Oszt\u00e1ly<\/strong><\/h4>\n<p><img loading=\"lazy\" decoding=\"async\" class=\"alignleft wp-image-4304 size-full\" src=\"https:\/\/semmelweis.hu\/oktatasmodszertan\/files\/2023\/07\/B.2023_170_170.png\" alt=\"\" width=\"170\" height=\"170\" srcset=\"https:\/\/semmelweis.hu\/oktatasmodszertan\/files\/2023\/07\/B.2023_170_170.png 170w, https:\/\/semmelweis.hu\/oktatasmodszertan\/files\/2023\/07\/B.2023_170_170-150x150.png 150w\" sizes=\"auto, (max-width: 170px) 100vw, 170px\" \/><strong>Kozma Borb\u00e1la &#8211; kiemelt oktat\u00e1sm\u00f3dszertani szak\u00e9rt\u0151<br \/>\n<\/strong><br \/>\n<a href=\"https:\/\/semmelweis.hu\/oktatasmodszertan\/files\/2023\/07\/CV-Kozma-Borbala_2023_HU.pdf\" target=\"_blank\" rel=\"noopener\">\u00d6n\u00e9letrajz<\/a><\/p>\n<p><strong><img loading=\"lazy\" decoding=\"async\" class=\"alignnone size-full wp-image-258\" src=\"https:\/\/semmelweis.hu\/oktatasmodszertan\/files\/2018\/08\/if_phone_1055012_16_16.png\" alt=\"\" width=\"16\" height=\"16\" \/><\/strong>+36<strong>&#8211;<\/strong>20-825-0838<\/p>\n<p><img loading=\"lazy\" decoding=\"async\" class=\"alignnone size-full wp-image-219\" src=\"https:\/\/semmelweis.hu\/oktatasmodszertan\/files\/2018\/08\/if_email_328027_1616.png\" alt=\"\" width=\"16\" height=\"16\" \/> <a href=\"mailto:kozma.borbala@med.semmelweis-univ.hu\" target=\"_blank\" rel=\"noopener noreferrer\">kozma.borbala@semmelweis.hu<\/a><\/p>\n<hr \/>\n<p><strong><img loading=\"lazy\" decoding=\"async\" class=\"alignleft wp-image-6330 \" src=\"https:\/\/semmelweis.hu\/oktatasmodszertan\/files\/2026\/03\/Frank_Tamas_honlap.png\" alt=\"\" width=\"169\" height=\"166\" \/><\/strong><strong>Dr. Frank Tam\u00e1s &#8211; oktat\u00e1sm\u00f3dszertani szak\u00e9rt\u0151<br \/>\n<\/strong><br \/>\n<a href=\"https:\/\/semmelweis.hu\/oktatasmodszertan\/files\/2026\/03\/Dr.-Frank-Tamas-CV.pdf\" target=\"_blank\" rel=\"noopener\">\u00d6n\u00e9letrajz<\/a><\/p>\n<p><img loading=\"lazy\" decoding=\"async\" class=\"alignnone size-full wp-image-219\" src=\"https:\/\/semmelweis.hu\/oktatasmodszertan\/files\/2018\/08\/if_email_328027_1616.png\" alt=\"\" width=\"16\" height=\"16\" \/> <a href=\"mailto:frank.tamas.zsolt@semmelweis.hu\">frank.tamas.zsolt@semmelweis.hu<\/a><\/p>\n<p>\n<\/p>\n<hr \/>\n<p><strong><img loading=\"lazy\" decoding=\"async\" class=\"alignleft size-full wp-image-1304\" src=\"https:\/\/semmelweis.hu\/oktatasmodszertan\/files\/2019\/12\/monzeger_katalin170170.jpg\" alt=\"\" width=\"170\" height=\"170\" srcset=\"https:\/\/semmelweis.hu\/oktatasmodszertan\/files\/2019\/12\/monzeger_katalin170170.jpg 170w, https:\/\/semmelweis.hu\/oktatasmodszertan\/files\/2019\/12\/monzeger_katalin170170-150x150.jpg 150w\" sizes=\"auto, (max-width: 170px) 100vw, 170px\" \/><\/strong><strong>dr. Monz\u00e9ger Katalin &#8211; oktat\u00e1sm\u00f3dszertani szak\u00e9rt\u0151<br \/>\n<\/strong><br \/>\n<a href=\"https:\/\/semmelweis.hu\/oktatasmodszertan\/files\/2025\/06\/Monzeger-Katalin_CV_OFMSZK.pdf\" target=\"_blank\" rel=\"noopener\">\u00d6n\u00e9letrajz<\/a><\/p>\n<p><strong><img loading=\"lazy\" decoding=\"async\" class=\"alignnone size-full wp-image-258\" src=\"https:\/\/semmelweis.hu\/oktatasmodszertan\/files\/2018\/08\/if_phone_1055012_16_16.png\" alt=\"\" width=\"16\" height=\"16\" \/><\/strong>+36-20-670-1746<\/p>\n<p><img loading=\"lazy\" decoding=\"async\" class=\"alignnone size-full wp-image-219\" src=\"https:\/\/semmelweis.hu\/oktatasmodszertan\/files\/2018\/08\/if_email_328027_1616.png\" alt=\"\" width=\"16\" height=\"16\" \/> <a href=\"mailto:monzeger.katalin@semmelweis-univ.hu\">monzeger.katalin@semmelweis.hu<\/a><\/p>\n<hr \/>\n<h4><span style=\"font-size: 12pt\"><em><strong><br \/>\n<\/strong><\/em><\/span><strong>Tov\u00e1bbi munkat\u00e1rsak<\/strong><\/h4>\n<div><img loading=\"lazy\" decoding=\"async\" class=\"alignleft wp-image-590 size-full\" src=\"https:\/\/semmelweis.hu\/oktatasmodszertan\/files\/2019\/01\/nebenfuhrer_zsuzsa_170_170.jpg\" alt=\"\" width=\"170\" height=\"170\" srcset=\"https:\/\/semmelweis.hu\/oktatasmodszertan\/files\/2019\/01\/nebenfuhrer_zsuzsa_170_170.jpg 170w, https:\/\/semmelweis.hu\/oktatasmodszertan\/files\/2019\/01\/nebenfuhrer_zsuzsa_170_170-150x150.jpg 150w\" sizes=\"auto, (max-width: 170px) 100vw, 170px\" \/><\/p>\n<p><strong>Dr. N\u00e9benf\u00fchrer Zsuzsanna &#8211; klinikai oktat\u00e1si szaktan\u00e1csad\u00f3<\/strong><\/p>\n<p>Belgy\u00f3gy\u00e1szati \u00e9s Hematol\u00f3giai Klinika<\/p>\n<p><a href=\"https:\/\/semmelweis.hu\/oktatasmodszertan\/files\/2019\/01\/CV_nebenfuhrer_zsuzsa.pdf\" target=\"_blank\" rel=\"noopener noreferrer\">\u00d6n\u00e9letrajz<\/a><\/p>\n<p><strong><img loading=\"lazy\" decoding=\"async\" class=\"alignnone size-full wp-image-258\" src=\"https:\/\/semmelweis.hu\/oktatasmodszertan\/files\/2018\/08\/if_phone_1055012_16_16.png\" alt=\"\" width=\"16\" height=\"16\" \/><\/strong>06-20-825-0907<\/p>\n<p><img loading=\"lazy\" decoding=\"async\" class=\"alignnone size-full wp-image-219\" src=\"https:\/\/semmelweis.hu\/oktatasmodszertan\/files\/2018\/08\/if_email_328027_1616.png\" alt=\"\" width=\"16\" height=\"16\" \/>\u00a0<a href=\"mailto:nebenfuhrer.zsuzsanna@semmelweis.hu\" target=\"_blank\" rel=\"noopener\">nebenfuhrer.zsuzsanna@semmelweis.hu<\/a><\/p>\n<\/div>\n<div class=\"fontos_div\">\n<p><span style=\"font-size: 12pt\">A fenti el\u00e9rhet\u0151s\u00e9gi adatok nem haszn\u00e1lhat\u00f3k fel az 1995. \u00e9vi CXIX. t\u00f6rv\u00e9ny szerinti kutat\u00e1s \u00e9s k\u00f6zvetlen \u00fczletszerz\u00e9s c\u00e9lj\u00e1ra.<\/span><\/p>\n<\/div>\n","protected":false},"excerpt":{"rendered":"<p>Az Oktat\u00e1sm\u00f3dszertani Centrum munkat\u00e1rsai<\/p>\n","protected":false},"author":101470,"featured_media":0,"parent":507,"menu_order":1,"comment_status":"closed","ping_status":"closed","template":"","meta":{"_acf_changed":false,"footnotes":""},"categories":[],"tags":[],"class_list":["post-231","page","type-page","status-publish","hentry"],"acf":[],"_links":{"self":[{"href":"https:\/\/semmelweis.hu\/oktatasmodszertan\/wp-json\/wp\/v2\/pages\/231","targetHints":{"allow":["GET"]}}],"collection":[{"href":"https:\/\/semmelweis.hu\/oktatasmodszertan\/wp-json\/wp\/v2\/pages"}],"about":[{"href":"https:\/\/semmelweis.hu\/oktatasmodszertan\/wp-json\/wp\/v2\/types\/page"}],"author":[{"embeddable":true,"href":"https:\/\/semmelweis.hu\/oktatasmodszertan\/wp-json\/wp\/v2\/users\/101470"}],"replies":[{"embeddable":true,"href":"https:\/\/semmelweis.hu\/oktatasmodszertan\/wp-json\/wp\/v2\/comments?post=231"}],"version-history":[{"count":12,"href":"https:\/\/semmelweis.hu\/oktatasmodszertan\/wp-json\/wp\/v2\/pages\/231\/revisions"}],"predecessor-version":[{"id":6333,"href":"https:\/\/semmelweis.hu\/oktatasmodszertan\/wp-json\/wp\/v2\/pages\/231\/revisions\/6333"}],"up":[{"embeddable":true,"href":"https:\/\/semmelweis.hu\/oktatasmodszertan\/wp-json\/wp\/v2\/pages\/507"}],"wp:attachment":[{"href":"https:\/\/semmelweis.hu\/oktatasmodszertan\/wp-json\/wp\/v2\/media?parent=231"}],"wp:term":[{"taxonomy":"category","embeddable":true,"href":"https:\/\/semmelweis.hu\/oktatasmodszertan\/wp-json\/wp\/v2\/categories?post=231"},{"taxonomy":"post_tag","embeddable":true,"href":"https:\/\/semmelweis.hu\/oktatasmodszertan\/wp-json\/wp\/v2\/tags?post=231"}],"curies":[{"name":"wp","href":"https:\/\/api.w.org\/{rel}","templated":true}]}}