{"id":2,"date":"2018-07-23T07:58:35","date_gmt":"2018-07-23T05:58:35","guid":{"rendered":"http:\/\/semmelweis.hu\/oktatasmodszertan\/?page_id=2"},"modified":"2021-03-10T09:58:29","modified_gmt":"2021-03-10T08:58:29","slug":"kozpontrol","status":"publish","type":"page","link":"https:\/\/semmelweis.hu\/oktatasmodszertan\/magunkrol\/kozpontrol\/","title":{"rendered":"A K\u00f6zpontr\u00f3l"},"content":{"rendered":"<p>Az Oktat\u00e1sfejleszt\u00e9si, -m\u00f3dszertani \u00e9s \u2013szervez\u00e9si K\u00f6zpont olyan k\u00f6zponti szervezeti egys\u00e9g, melynek c\u00e9lkit\u0171z\u00e9se <strong>az egyetemi szervezeti egys\u00e9gek oktat\u00e1si munk\u00e1j\u00e1nak t\u00e1mogat\u00e1sa<\/strong> az oktat\u00f3knak ny\u00fajtott szolg\u00e1ltat\u00e1sok r\u00e9v\u00e9n.<\/p>\n<p><strong>A K\u00f6zpont r\u00e9szei:<\/strong><\/p>\n<ul>\n<li>Digit\u00e1lis Tartalomfejleszt\u00e9si \u00e9s Szolg\u00e1ltat\u00f3 Oszt\u00e1ly<\/li>\n<li>Oktat\u00e1sfejleszt\u00e9si \u00e9s \u2013szervez\u00e9si Oszt\u00e1ly<\/li>\n<\/ul>\n<p><strong>A K\u00f6zpont f\u0151bb feladatai:<\/strong><\/p>\n<table>\n<tbody>\n<tr>\n<td><strong>OKTAT\u00c1SM\u00d3DSZERTAN<\/strong><\/td>\n<\/tr>\n<tr>\n<td>\n<ul>\n<li>oktat\u00e1sm\u00f3dszertani tov\u00e1bbk\u00e9pz\u00e9sek szervez\u00e9se<\/li>\n<li>m\u00f3dszertani seg\u00edts\u00e9gny\u00fajt\u00e1s a szervezeti egys\u00e9gek oktat\u00f3i sz\u00e1m\u00e1ra<\/li>\n<li>oktat\u00f3i f\u00f3rumok szervez\u00e9se pedag\u00f3giai t\u00e9m\u00e1kban<\/li>\n<li>pedag\u00f3giai \u00e9s infokommunik\u00e1ci\u00f3s \u00fajdons\u00e1gok rendszeres id\u0151k\u00f6z\u00f6nk\u00e9nti ismertet\u00e9se<\/li>\n<\/ul>\n<\/td>\n<\/tr>\n<tr>\n<td><strong>E-LEARNING<\/strong><\/td>\n<\/tr>\n<tr>\n<td>\n<ul>\n<li>e-learning k\u00e9pz\u00e9sek szervez\u00e9se<\/li>\n<li>a Moodle e-learning keretrendszer \u00e9s a Semmelweis Egyetem K\u00f6zponti Azonos\u00edt\u00f3 Rendszere (SeKA) \u00fczemeltet\u00e9se<\/li>\n<li>a tananyag-repozit\u00f3rium m\u0171k\u00f6dtet\u00e9se<\/li>\n<li>az oktat\u00e1si anyagok grafikai \u00e9s vide\u00f3s elemeinek kidolgoz\u00e1s\u00e1nak biztos\u00edt\u00e1sa<\/li>\n<li>elektronikus tananyagok fejleszt\u00e9s\u00e9nek koordin\u00e1l\u00e1sa \u00e9s t\u00e1mogat\u00e1sa<\/li>\n<li>az oktat\u00e1shoz haszn\u00e1lt technikai eszk\u00f6z\u00f6k beszerz\u00e9s\u00e9nek \u00e9s haszn\u00e1lat\u00e1nak szakmai koordin\u00e1l\u00e1sa<\/li>\n<li>az Egyetem digit\u00e1lis tanul\u00e1si strat\u00e9gi\u00e1j\u00e1nak el\u0151k\u00e9sz\u00edt\u00e9se, aktualiz\u00e1l\u00e1sa<\/li>\n<\/ul>\n<\/td>\n<\/tr>\n<tr>\n<td><strong>TOV\u00c1BBI FELADATOK<\/strong><\/td>\n<\/tr>\n<tr>\n<td>\n<ul>\n<li>k\u00f6zrem\u0171k\u00f6d\u00e9s az oktat\u00f3i munka hallgat\u00f3i v\u00e9lem\u00e9nyez\u00e9se \u00e9s az oktat\u00f3i teljes\u00edtm\u00e9ny\u00e9rt\u00e9kel\u00e9s lebonyol\u00edt\u00e1s\u00e1ban<\/li>\n<li>tantervek \u00e9s k\u00f6vetelm\u00e9nyrendszerek nyilv\u00e1ntart\u00e1s\u00e1nak \u00e9s k\u00f6zz\u00e9t\u00e9tel\u00e9nek koordin\u00e1l\u00e1sa<\/li>\n<li>tant\u00e1rgyak l\u00e9tes\u00edt\u00e9s\u00e9nek \u00e9s tematik\u00e1j\u00e1nak kidolgoz\u00e1s\u00e1nak koordin\u00e1l\u00e1sa<\/li>\n<li>a tant\u00e1rgyakon \u00e1t\u00edvel\u0151 tartalmak egyeztet\u00e9se<\/li>\n<li>az oktat\u00e1si szervezeti egys\u00e9gek oktat\u00e1si \u00e9s oktat\u00e1sszervez\u00e9si tev\u00e9kenys\u00e9g\u00e9nek ellen\u0151rz\u00e9se, \u00e9rt\u00e9kel\u00e9se<\/li>\n<li>oktat\u00e1sszervez\u00e9si tev\u00e9kenys\u00e9g a rektor \u00e1ltal meghat\u00e1rozott ter\u00fcleten<\/li>\n<\/ul>\n<\/td>\n<\/tr>\n<\/tbody>\n<\/table>\n<ul>\n<li style=\"list-style-type: none\">\u00a0<\/li>\n<\/ul>\n","protected":false},"excerpt":{"rendered":"<p>Az Oktat\u00e1sfejleszt\u00e9si, -m\u00f3dszertani \u00e9s -szervez\u00e9si K\u00f6zpont f\u0151 c\u00e9lja az oktat\u00e1s fejleszt\u00e9se a szervezeti egys\u00e9gek oktat\u00e1si munk\u00e1j\u00e1nak t\u00e1mogat\u00e1sa r\u00e9v\u00e9n. Ennek \u00e9rdek\u00e9ben t\u00f6bbek k\u00f6z\u00f6tt a k\u00f6vetkez\u0151 feladatokat v\u00e9gezz\u00fck:<\/p>\n<p>&#8211; oktat\u00e1sm\u00f3dszertani \u00e9s e-learning tov\u00e1bbk\u00e9pz\u00e9sek szervez\u00e9se oktat\u00f3knak<\/p>\n<p>&#8211; a Moodle e-learning keretrendszer \u00e9s a Semmelweis Egyetem K\u00f6zponti Azonos\u00edt\u00f3 Rendszer\u00e9nek (SeKA) m\u0171k\u00f6dtet\u00e9se<\/p>\n<p>&#8211; m\u00f3dszertani seg\u00edts\u00e9gny\u00fajt\u00e1s a szervezeti egys\u00e9gek sz\u00e1m\u00e1ra<\/p>\n<p>&#8211; elektronikus tananyagok fejleszt\u00e9s\u00e9nek koordin\u00e1l\u00e1sa \u00e9s t\u00e1mogat\u00e1sa<\/p>\n<p>&#8211; tantervek \u00e9s k\u00f6vetelm\u00e9nyrendszerek nyilv\u00e1ntart\u00e1s\u00e1nak \u00e9s k\u00f6zz\u00e9t\u00e9tel\u00e9nek koordin\u00e1l\u00e1sa.<\/p>\n","protected":false},"author":158,"featured_media":1216,"parent":507,"menu_order":1,"comment_status":"closed","ping_status":"closed","template":"","meta":{"_acf_changed":false,"footnotes":""},"categories":[],"tags":[],"class_list":["post-2","page","type-page","status-publish","has-post-thumbnail","hentry"],"acf":[],"_links":{"self":[{"href":"https:\/\/semmelweis.hu\/oktatasmodszertan\/wp-json\/wp\/v2\/pages\/2","targetHints":{"allow":["GET"]}}],"collection":[{"href":"https:\/\/semmelweis.hu\/oktatasmodszertan\/wp-json\/wp\/v2\/pages"}],"about":[{"href":"https:\/\/semmelweis.hu\/oktatasmodszertan\/wp-json\/wp\/v2\/types\/page"}],"author":[{"embeddable":true,"href":"https:\/\/semmelweis.hu\/oktatasmodszertan\/wp-json\/wp\/v2\/users\/158"}],"replies":[{"embeddable":true,"href":"https:\/\/semmelweis.hu\/oktatasmodszertan\/wp-json\/wp\/v2\/comments?post=2"}],"version-history":[{"count":10,"href":"https:\/\/semmelweis.hu\/oktatasmodszertan\/wp-json\/wp\/v2\/pages\/2\/revisions"}],"predecessor-version":[{"id":2718,"href":"https:\/\/semmelweis.hu\/oktatasmodszertan\/wp-json\/wp\/v2\/pages\/2\/revisions\/2718"}],"up":[{"embeddable":true,"href":"https:\/\/semmelweis.hu\/oktatasmodszertan\/wp-json\/wp\/v2\/pages\/507"}],"wp:featuredmedia":[{"embeddable":true,"href":"https:\/\/semmelweis.hu\/oktatasmodszertan\/wp-json\/wp\/v2\/media\/1216"}],"wp:attachment":[{"href":"https:\/\/semmelweis.hu\/oktatasmodszertan\/wp-json\/wp\/v2\/media?parent=2"}],"wp:term":[{"taxonomy":"category","embeddable":true,"href":"https:\/\/semmelweis.hu\/oktatasmodszertan\/wp-json\/wp\/v2\/categories?post=2"},{"taxonomy":"post_tag","embeddable":true,"href":"https:\/\/semmelweis.hu\/oktatasmodszertan\/wp-json\/wp\/v2\/tags?post=2"}],"curies":[{"name":"wp","href":"https:\/\/api.w.org\/{rel}","templated":true}]}}