{"id":199,"date":"2018-08-21T09:40:46","date_gmt":"2018-08-21T07:40:46","guid":{"rendered":"http:\/\/semmelweis.hu\/oktatasmodszertan\/?page_id=199"},"modified":"2026-03-12T14:43:43","modified_gmt":"2026-03-12T13:43:43","slug":"konferenciak_leendo","status":"publish","type":"page","link":"https:\/\/semmelweis.hu\/oktatasmodszertan\/oktatasi-segedanyagok\/konferenciak\/konferenciak_leendo\/","title":{"rendered":"Leend\u0151 konferenci\u00e1k"},"content":{"rendered":"<table style=\"border-collapse: collapse;width: 100%\">\n<tbody>\n<tr>\n<td style=\"width: 100%\">\n<p><img loading=\"lazy\" decoding=\"async\" class=\"alignleft  wp-image-3149\" src=\"https:\/\/semmelweis.hu\/oktatasmodszertan\/files\/2021\/09\/mail-512.png\" alt=\"\" width=\"54\" height=\"54\" srcset=\"https:\/\/semmelweis.hu\/oktatasmodszertan\/files\/2021\/09\/mail-512.png 512w, https:\/\/semmelweis.hu\/oktatasmodszertan\/files\/2021\/09\/mail-512-400x400.png 400w, https:\/\/semmelweis.hu\/oktatasmodszertan\/files\/2021\/09\/mail-512-150x150.png 150w\" sizes=\"auto, (max-width: 54px) 100vw, 54px\" \/><em>Szeretne rendszeres \u00e9rtes\u00edt\u00e9st kapni a k\u00f6zelg\u0151 oktat\u00e1si t\u00e9m\u00e1j\u00fa konferenci\u00e1kr\u00f3l? <a href=\"https:\/\/semmelweis.hu\/oktatasmodszertan\/feliratkozas-hirlevelre\/?target=feliratkozas a hirlevelre\" target=\"_blank\" rel=\"noopener noreferrer\">Iratkozzon fel h\u00edrlevel\u00fcnkre! <\/a><\/em><em>A konferenci\u00e1kat <a href=\"https:\/\/semmelweis.hu\/oktatasmodszertan\/esemenyek\" target=\"_blank\" rel=\"noopener\">esem\u00e9nynapt\u00e1runkban<\/a> is megtal\u00e1lja.<\/em><\/p>\n<\/td>\n<\/tr>\n<\/tbody>\n<\/table>\n<div class=\"kvgmc6g5 cxmmr5t8 oygrvhab hcukyx3x c1et5uql ii04i59q\">\n<div class=\"kvgmc6g5 cxmmr5t8 oygrvhab hcukyx3x c1et5uql ii04i59q\">\n<div class=\"kvgmc6g5 cxmmr5t8 oygrvhab hcukyx3x c1et5uql ii04i59q\">\n<div class=\"kvgmc6g5 cxmmr5t8 oygrvhab hcukyx3x c1et5uql ii04i59q\">\n<div dir=\"auto\">\n<h3><strong>PROFFORMANCE+ nemzetk\u00f6zi webin\u00e1rium a kurzusfejleszt\u00e9sr\u0151l<\/strong><\/h3>\n<p><a href=\"https:\/\/tka.hu\/hir\/19289\/elindult-a-profformance-kozossegi-esemenysorozat---megnyilt-a-regisztracio\" target=\"_blank\" rel=\"noopener\"><img loading=\"lazy\" decoding=\"async\" class=\"alignleft  wp-image-6296\" src=\"https:\/\/semmelweis.hu\/oktatasmodszertan\/files\/2026\/03\/course-update-750x540-1-scaled.jpg\" alt=\"\" width=\"356\" height=\"257\" srcset=\"https:\/\/semmelweis.hu\/oktatasmodszertan\/files\/2026\/03\/course-update-750x540-1-scaled.jpg 2560w, https:\/\/semmelweis.hu\/oktatasmodszertan\/files\/2026\/03\/course-update-750x540-1-400x288.jpg 400w, https:\/\/semmelweis.hu\/oktatasmodszertan\/files\/2026\/03\/course-update-750x540-1-1024x737.jpg 1024w, https:\/\/semmelweis.hu\/oktatasmodszertan\/files\/2026\/03\/course-update-750x540-1-768x553.jpg 768w, https:\/\/semmelweis.hu\/oktatasmodszertan\/files\/2026\/03\/course-update-750x540-1-1536x1106.jpg 1536w, https:\/\/semmelweis.hu\/oktatasmodszertan\/files\/2026\/03\/course-update-750x540-1-2048x1475.jpg 2048w, https:\/\/semmelweis.hu\/oktatasmodszertan\/files\/2026\/03\/course-update-750x540-1-753x542.jpg 753w\" sizes=\"auto, (max-width: 356px) 100vw, 356px\" \/><\/a><strong style=\"color: #1e2326;font-size: 1rem\">Id\u0151pont: <\/strong><span style=\"color: #1e2326;font-size: 1rem\">m\u00e1rcius 26. 14:00-16:00<\/p>\n<p><\/span><strong style=\"font-size: 1rem\"><a href=\"https:\/\/tka.hu\/hir\/19289\/elindult-a-profformance-kozossegi-esemenysorozat---megnyilt-a-regisztracio\" target=\"_blank\" rel=\"noopener\">Honlap<\/a><\/p>\n<p><\/strong><\/p>\n<p><strong><a href=\"https:\/\/profformance.eu\/en\/launch-webinar-profformance-community-events\" target=\"_blank\" rel=\"noopener\">Regisztr\u00e1ci\u00f3<\/a><\/strong><\/p>\n<p><strong>Helysz\u00edn:\u00a0<\/strong>online<\/p>\n<p>&nbsp;<\/p>\n<\/div>\n<div dir=\"auto\">\n<p>&nbsp;<\/p>\n<p>A <strong>Tempus K\u00f6zalap\u00edtv\u00e1ny<\/strong> PROFFORMANCE csapata \u00f6r\u00f6mmel jelenti be a <strong>PROFFORMANCE K\u00f6z\u00f6ss\u00e9gi Esem\u00e9nysorozat<\/strong> elind\u00edt\u00e1s\u00e1t. Az \u00faj kezdem\u00e9nyez\u00e9s c\u00e9lja, hogy fels\u0151oktat\u00e1si oktat\u00f3k, programfelel\u0151s\u00f6k \u00e9s m\u00e1s fels\u0151oktat\u00e1si szakemberek sz\u00e1m\u00e1ra gyakorlati <strong>t\u00e1mogat\u00e1st ny\u00fajtson a kurzusok min\u0151s\u00e9g\u00e9nek \u00e9s relevanci\u00e1j\u00e1nak fejleszt\u00e9s\u00e9ben,<\/strong>\u00a0hangs\u00falyt fektetve arra, hogy a tan\u00edt\u00e1s m\u00e9g ink\u00e1bb a hallgat\u00f3k ig\u00e9nyeire \u00e9p\u00fclj\u00f6n.<\/p>\n<p>A r\u00e9sztvev\u0151k\u00a0kipr\u00f3b\u00e1lhatj\u00e1k, hogyan lehet kurzusaikat \u00f6sszehangolni az EHEA priorit\u00e1saival \u00e9s az Erasmus+ c\u00e9lkit\u0171z\u00e9seivel, mik\u00f6zben a\u00a0PROFFORMANCE eszk\u00f6zeinek \u00e9s m\u00f3dszereinek\u00a0alkalmaz\u00e1s\u00e1val fejleszthetik saj\u00e1t kurzustervez\u00e9si \u00e9s tan\u00edt\u00e1si k\u00e9szs\u00e9geiket.<\/p>\n<\/div>\n<\/div>\n<\/div>\n<\/div>\n<\/div>\n","protected":false},"excerpt":{"rendered":"<p>Konferenci\u00e1k, esem\u00e9nyek oktat\u00e1sm\u00f3dszertani t\u00e9m\u00e1ban<\/p>\n","protected":false},"author":101470,"featured_media":0,"parent":587,"menu_order":2,"comment_status":"closed","ping_status":"closed","template":"","meta":{"_acf_changed":false,"footnotes":""},"categories":[],"tags":[],"class_list":["post-199","page","type-page","status-publish","hentry"],"acf":[],"_links":{"self":[{"href":"https:\/\/semmelweis.hu\/oktatasmodszertan\/wp-json\/wp\/v2\/pages\/199","targetHints":{"allow":["GET"]}}],"collection":[{"href":"https:\/\/semmelweis.hu\/oktatasmodszertan\/wp-json\/wp\/v2\/pages"}],"about":[{"href":"https:\/\/semmelweis.hu\/oktatasmodszertan\/wp-json\/wp\/v2\/types\/page"}],"author":[{"embeddable":true,"href":"https:\/\/semmelweis.hu\/oktatasmodszertan\/wp-json\/wp\/v2\/users\/101470"}],"replies":[{"embeddable":true,"href":"https:\/\/semmelweis.hu\/oktatasmodszertan\/wp-json\/wp\/v2\/comments?post=199"}],"version-history":[{"count":10,"href":"https:\/\/semmelweis.hu\/oktatasmodszertan\/wp-json\/wp\/v2\/pages\/199\/revisions"}],"predecessor-version":[{"id":6300,"href":"https:\/\/semmelweis.hu\/oktatasmodszertan\/wp-json\/wp\/v2\/pages\/199\/revisions\/6300"}],"up":[{"embeddable":true,"href":"https:\/\/semmelweis.hu\/oktatasmodszertan\/wp-json\/wp\/v2\/pages\/587"}],"wp:attachment":[{"href":"https:\/\/semmelweis.hu\/oktatasmodszertan\/wp-json\/wp\/v2\/media?parent=199"}],"wp:term":[{"taxonomy":"category","embeddable":true,"href":"https:\/\/semmelweis.hu\/oktatasmodszertan\/wp-json\/wp\/v2\/categories?post=199"},{"taxonomy":"post_tag","embeddable":true,"href":"https:\/\/semmelweis.hu\/oktatasmodszertan\/wp-json\/wp\/v2\/tags?post=199"}],"curies":[{"name":"wp","href":"https:\/\/api.w.org\/{rel}","templated":true}]}}