{"id":1939,"date":"2020-05-12T14:07:06","date_gmt":"2020-05-12T12:07:06","guid":{"rendered":"https:\/\/semmelweis.hu\/oktatasmodszertan\/?page_id=1939"},"modified":"2023-08-01T10:53:43","modified_gmt":"2023-08-01T08:53:43","slug":"vizsgaztatas","status":"publish","type":"page","link":"https:\/\/semmelweis.hu\/oktatasmodszertan\/e-learning\/vizsgaztatas\/","title":{"rendered":"T\u00e9telh\u00faz\u00f3 alkalmaz\u00e1sok"},"content":{"rendered":"<div style=\"text-align: left\"><strong>T\u00f6bben is k\u00e9rdezt\u00e9k, hogy a szem\u00e9lyes, illetve <a href=\"https:\/\/semmelweis.hu\/oktatasmodszertan\/tavoktatas\/zoom-utmutato\/\" target=\"_blank\" rel=\"noopener noreferrer\">Zoomos<\/a> sz\u00f3beli vizsg\u00e1kon hogyan lehet megoldani a pap\u00edr n\u00e9lk\u00fcli t\u00e9telh\u00faz\u00e1st. Sz\u00e1mos megold\u00e1si javaslat futott be hozz\u00e1nk, ezeket igyeksz\u00fcnk most \u00f6sszefoglalni.\u00a0<\/strong><\/div>\n<div>\u00a0<\/div>\n<div style=\"text-align: left\">A) <strong>Zoomos vizsga eset\u00e9n:<\/strong> A vizsg\u00e1ztat\u00f3 elk\u00e9sz\u00edti a t\u00e9teleket, amiket \u00fagy fogja sz\u00e9tter\u00edtve az egyik kez\u00e9ben, ahogy a k\u00e1rty\u00e1kat szok\u00e1s. A t\u00e9telek h\u00e1toldal\u00e1t mutatja a kamera fel\u00e9, a mutat\u00f3ujj\u00e1t lassan v\u00e9gigh\u00fazza a k\u00e1rty\u00e1kon, a hallgat\u00f3 pedig sz\u00f3l, hogy melyik k\u00e1rty\u00e1t szeretn\u00e9 kapni.<\/div>\n<div>\n<hr \/>\n<\/div>\n<div style=\"text-align: left\"><a href=\"https:\/\/tools-unite.com\/tools\/random-picker-wheel\" target=\"_blank\" rel=\"noopener noreferrer\"><img loading=\"lazy\" decoding=\"async\" class=\"alignleft  wp-image-1956\" src=\"https:\/\/semmelweis.hu\/oktatasmodszertan\/files\/2020\/05\/spinning_wheel.png\" alt=\"\" width=\"299\" height=\"202\" srcset=\"https:\/\/semmelweis.hu\/oktatasmodszertan\/files\/2020\/05\/spinning_wheel.png 1113w, https:\/\/semmelweis.hu\/oktatasmodszertan\/files\/2020\/05\/spinning_wheel-400x271.png 400w, https:\/\/semmelweis.hu\/oktatasmodszertan\/files\/2020\/05\/spinning_wheel-1024x695.png 1024w, https:\/\/semmelweis.hu\/oktatasmodszertan\/files\/2020\/05\/spinning_wheel-768x521.png 768w, https:\/\/semmelweis.hu\/oktatasmodszertan\/files\/2020\/05\/spinning_wheel-753x511.png 753w\" sizes=\"auto, (max-width: 299px) 100vw, 299px\" \/><\/a>B) Be\u00edrjuk a webes keres\u0151be, hogy &#8222;spin wheel&#8221; vagy &#8222;picker wheel&#8221; \u00e9s kiv\u00e1lasztunk egy szimpatikusat, pl. <a href=\"https:\/\/tools-unite.com\/tools\/random-picker-wheel\" target=\"_blank\" rel=\"noopener noreferrer\">https:\/\/tools-unite.com\/tools\/random-picker-wheel<\/a> . T\u00f6bb is van, ami konfigur\u00e1lhat\u00f3. A hallgat\u00f3nak a Zoomon megmutatjuk a t\u00e1rcs\u00e1t, \u00e9s azzal v\u00e1lasztjuk ki a t\u00e9telt.<\/div>\n<div>\u00a0<\/div>\n<div style=\"text-align: left\">Ha t\u00fal sok t\u00e9tel van, akkor 0-t\u00f3l 9-ig \u00edrjunk sz\u00e1mokat a t\u00e1rcs\u00e1ra \u00e9s k\u00e9t forgat\u00e1st csin\u00e1ljunk: az els\u0151 adja a t\u00e9tel els\u0151 sz\u00e1mjegy\u00e9t, a m\u00e1sodik forgat\u00e1s pedig a m\u00e1sodik sz\u00e1mjegyet. Ha t\u00fal nagy sz\u00e1mot kapunk, akkor vagy \u00fajra forgatunk, vagy levonunk annyit, hogy beleker\u00fclj\u00fcnk a k\u00edv\u00e1nt tartom\u00e1nyba.<\/div>\n<div>\n<hr \/>\n<p>C) Tov\u00e1bb\u00e1 sz\u00e1mtalan random gener\u00e1tor van az interneten, elegend\u0151 csak a Google-be be\u00edrnunk azt, hogy &#8222;random number generator&#8221;, \u00e9s m\u00e1ris haszn\u00e1lhatjuk a Google saj\u00e1t programj\u00e1t (m\u00e1sik hasonl\u00f3 oldal: https:\/\/www.random.org\/). Miut\u00e1n be\u00edrtuk a sz\u00e1mtartom\u00e1nyt (pl. 1-36), kattintsunk a &#8222;generate&#8221; gombra \u00e9s ki is ad egy sz\u00e1mot. A t\u00e9telh\u00faz\u00e1st megosztott k\u00e9perny\u0151n itt is megtekintheti a hallgat\u00f3.<\/p><\/div>\n<p><img loading=\"lazy\" decoding=\"async\" class=\"alignleft  wp-image-1957\" src=\"https:\/\/semmelweis.hu\/oktatasmodszertan\/files\/2020\/05\/number_generator.png\" alt=\"\" width=\"682\" height=\"219\" srcset=\"https:\/\/semmelweis.hu\/oktatasmodszertan\/files\/2020\/05\/number_generator.png 986w, https:\/\/semmelweis.hu\/oktatasmodszertan\/files\/2020\/05\/number_generator-400x129.png 400w, https:\/\/semmelweis.hu\/oktatasmodszertan\/files\/2020\/05\/number_generator-768x247.png 768w, https:\/\/semmelweis.hu\/oktatasmodszertan\/files\/2020\/05\/number_generator-753x242.png 753w\" sizes=\"auto, (max-width: 682px) 100vw, 682px\" \/><\/p>\n<div>\u00a0<\/div>\n<div>\u00a0<\/div>\n<div>\u00a0<\/div>\n<div>\u00a0<\/div>\n<div>\u00a0<\/div>\n<div>\u00a0<\/div>\n<div>\u00a0<\/div>\n<div>\u00a0<\/div>\n<div>\n<hr \/>\n<\/div>\n<div>D) Ha T db t\u00e9tel van \u00e9s V db vizsg\u00e1z\u00f3, a vizsg\u00e1ztat\u00f3 a vizsga megkezd\u00e9se el\u0151tt le\u00edr egy pap\u00edrra mag\u00e1nak sorban V db eg\u00e9sz sz\u00e1mot, melyek mindegyike -T \u00e9s +T k\u00f6z\u00e9 esik (0 is lehet). Amikor j\u00f6n a k\u00f6vetkez\u0151 hallgat\u00f3 vizsg\u00e1zni, akkor a vizsg\u00e1ztat\u00f3 megk\u00e9ri \u0151t, hogy mondjon egy sz\u00e1mot 1 \u00e9s T k\u00f6z\u00f6tt. Ehhez a vizsg\u00e1ztat\u00f3 hozz\u00e1adja a pap\u00edrj\u00e1n sorban k\u00f6vetkez\u0151 sz\u00e1mot. Ha T-n\u00e9l nagyobb j\u00f6tt ki, akkor levon bel\u0151le T-t, ha 1-n\u00e9l kisebb j\u00f6tt ki, akkor hozz\u00e1ad T-t.<\/div>\n<div>\n<hr \/>\n<\/div>\n<div>E) Egyik koll\u00e9g\u00e1nk, Laufer Rudolf (Gy\u00f3gyszerhat\u00e1stani Int\u00e9zet) k\u00e9sz\u00edtett egy igaz\u00e1n eleg\u00e1ns megold\u00e1st, amit k\u00f6zkinccs\u00e9 tett: <strong><a href=\"https:\/\/exam.pharm.academy\/index.php\" target=\"_blank\" rel=\"noopener noreferrer\">https:\/\/exam.pharm.academy\/index.php<\/a><\/strong><\/div>\n<div>\u00a0<\/div>\n<div><a href=\"https:\/\/exam.pharm.academy\/index.php\"><img loading=\"lazy\" decoding=\"async\" class=\"alignleft size-full wp-image-1954\" src=\"https:\/\/semmelweis.hu\/oktatasmodszertan\/files\/2020\/05\/tetelhuzo_program.png\" alt=\"\" width=\"1763\" height=\"718\" srcset=\"https:\/\/semmelweis.hu\/oktatasmodszertan\/files\/2020\/05\/tetelhuzo_program.png 1763w, https:\/\/semmelweis.hu\/oktatasmodszertan\/files\/2020\/05\/tetelhuzo_program-400x163.png 400w, https:\/\/semmelweis.hu\/oktatasmodszertan\/files\/2020\/05\/tetelhuzo_program-1024x417.png 1024w, https:\/\/semmelweis.hu\/oktatasmodszertan\/files\/2020\/05\/tetelhuzo_program-768x313.png 768w, https:\/\/semmelweis.hu\/oktatasmodszertan\/files\/2020\/05\/tetelhuzo_program-1536x626.png 1536w, https:\/\/semmelweis.hu\/oktatasmodszertan\/files\/2020\/05\/tetelhuzo_program-753x307.png 753w\" sizes=\"auto, (max-width: 1763px) 100vw, 1763px\" \/><\/a><\/div>\n<div>\u00a0<\/div>\n<div><strong>\u00daTMUTAT\u00d3<\/strong><\/div>\n<div>\u00a0<\/div>\n<div>\n<div><strong>1. Random sz\u00e1mgener\u00e1tor<\/strong><br \/>\nAz oldal a random sz\u00e1mgener\u00e1torral indul, itt egyszer\u0171en a .php ut\u00e1n megadhat\u00f3, hogy h\u00e1ny k\u00e1rtya legyen, amit random sorsz\u00e1mh\u00faz\u00f3k\u00e9nt lehet haszn\u00e1lni. Pl. 15 k\u00e9rd\u00e9shez: <a href=\"https:\/\/exam.pharm.academy\/index.php?p=15\" target=\"_blank\" rel=\"noopener noreferrer\">https:\/\/exam.pharm.academy\/index.php?p=15<\/a><\/div>\n<div>\u00a0<\/div>\n<div>A 15 b\u00e1rmely sz\u00e1mra cser\u00e9lhet\u0151 126-ig. Itt a k\u00e1rty\u00e1kat kattint\u00e1ssal lehet oda-vissza forgatni. A program minden friss\u00edt\u00e9s ut\u00e1n \u00fajrakeveri a k\u00e1rty\u00e1kat \u00e9s eredeti helyzetbe \u00e1ll\u00edtja az \u00f6sszeset.<\/div>\n<div>\u00a0<\/div>\n<div><strong>2. T\u00e9telek<\/strong><\/div>\n<div>K\u00e9sz\u00fclt n\u00e9h\u00e1ny neves\u00edtett t\u00e9telsorozat, melyeket a leg\u00f6rd\u00fcl\u0151 men\u00fcben lehet kiv\u00e1lasztani, \u00e9s amelyek elk\u00e9sz\u00edt\u00e9s\u00e9t a rudolf.laufer@pharm.academy c\u00edmen lehet k\u00e9relmezni. Jelenleg SE mint Semmelweis Egyetem szerepel csak, de a lehet\u0151s\u00e9g megvan a b\u0151v\u00edt\u00e9sre. A kar kiv\u00e1laszt\u00e1sa ut\u00e1n a t\u00e1rgyak list\u00e1j\u00e1b\u00f3l kell kiv\u00e1lasztani a megfelel\u0151t.<\/div>\n<\/div>\n<div>\n<div>\u00a0<\/div>\n<div>Ha nagyon hossz\u00fa a sz\u00f6veg, akkor a k\u00e1rtya csak sz\u00e1mot tartalmaz ford\u00edt\u00e1s ut\u00e1n, majd a k\u00f6vetkez\u0151 kattint\u00e1ssal a k\u00e1tya az oldal k\u00f6zep\u00e9re ker\u00fcl, imm\u00e1ron a sz\u00f6veggel (l\u00e1sd: SE &#8211; GYTK &#8211; Gy\u00f3gyszer\u00e9szi k\u00e9mia).<\/div>\n<div>\u00a0<\/div>\n<div><strong>3. T\u00e9telek ellen\u0151rz\u00e9se<\/strong><\/div>\n<div>Az oldal alj\u00e1n leny\u00edl\u00f3 panelben megtal\u00e1lhat\u00f3 a teljes t\u00e9tellista. Itt ellen\u0151rizhet\u0151ek az el\u00edr\u00e1sok, el\u00fct\u00e9sek vagy ha a m\u00e1sol\u00e1s k\u00f6zben valami hiba cs\u00faszott be.<\/div>\n<div>\u00a0<\/div>\n<div><strong>4. Be\u00e1ll\u00edt\u00e1sok<\/strong><\/div>\n<div>Ha van az int\u00e9zetnek saj\u00e1t log\u00f3ja, akkor r\u00e1tessz\u00fck a k\u00e1rty\u00e1ra. Egy t\u00e1rgyon bel\u00fcli k\u00fcl\u00f6nb\u00f6z\u0151 t\u00e9telsorok jel\u00f6l\u00e9se is sz\u00fcks\u00e9ges; van, aki r\u00f3mai sz\u00e1mokkal, van, aki bet\u0171kkel k\u00fcl\u00f6nb\u00f6zteti meg \u0151ket. R\u00f6vid t\u00e9telek eset\u00e9n is be tudjuk \u00e1ll\u00edtani, hogy csak k\u00f6z\u00e9pre ugr\u00e1sn\u00e1l mutassa a sz\u00f6veget.<\/div>\n<div>\u00a0<\/div>\n<div><strong>5. A felt\u00f6lt\u00e9s menete<\/strong><\/div>\n<div>A t\u00e9teleket .txt, .csv, .xls(x) form\u00e1tumban k\u00fcldj\u00e9k el a rudolf.laufer@pharm.academy c\u00edmre.<\/div>\n<div>\u00a0<\/div>\n<div><strong>6. K\u00e1rty\u00e1k elt\u00fcntet\u00e9se<\/strong><\/div>\n<div>Van m\u00e9g egy f\u00e9lig rejtett funkci\u00f3ja az oldalnak. A felford\u00edtott k\u00e1rty\u00e1kat nem csak vissza lehet forgatni, hanem el is lehet t\u00fcntetni. Ezt k\u00e9t m\u00f3don lehet megtenni. Vagy az eg\u00e9r jobb gombj\u00e1val kell r\u00e1kattintani vagy a bal gomb seg\u00edts\u00e9g\u00e9vel a sima kattint\u00e1s helyett elh\u00fazni valamilyen ir\u00e1nyba a k\u00e1rty\u00e1t. A kiindul\u00e1si \u00e1llapotban, tov\u00e1bb\u00e1 ha a k\u00e1rty\u00e1k vissza vannak ford\u00edtva, ez a funkci\u00f3 nem el\u00e9rhet\u0151.<\/div>\n<div>\n<hr \/>\n<p>F) Dr. R\u00f3nai Zsolt (Orvosi Vegytani, Molekul\u00e1ris Biol\u00f3giai \u00e9s Patobiok\u00e9miai Int\u00e9zet) szint\u00e9n k\u00e9sz\u00edtett egy Excel-alap\u00fa t\u00e9telh\u00faz\u00f3 programot, melyet az al\u00e1bbi linkekre kattintva t\u00f6lhet\u00fcnk le:<\/p>\n<\/div>\n<\/div>\n<div><a class=\"btn btn-secondary\" href=\"https:\/\/semmelweis.hu\/oktatasmodszertan\/files\/2021\/06\/tetelhuzo_v2_m.xlsx\" target=\"_blank\" rel=\"noopener noreferrer\">EXCEL-T\u00c9TELH\u00daZ\u00d3 &#8211; PROGRAM\u00a0<\/a><\/div>\n<div>\u00a0<\/div>\n<div>\nHa haszn\u00e1lni szeretn\u00e9 az Excel file-t, \u00e9s seg\u00edts\u00e9gre van sz\u00fcks\u00e9ge a t\u00e9telek bem\u00e1sol\u00e1s\u00e1hoz, k\u00e9rj\u00fck, \u00edrjon az al\u00e1bbi c\u00edmre: ronai.zsolt@semmelweis.hu<\/p>\n<\/div>\n<div>\u00a0<\/div>\n<div><img loading=\"lazy\" decoding=\"async\" class=\"alignleft size-full wp-image-1962\" src=\"https:\/\/semmelweis.hu\/oktatasmodszertan\/files\/2020\/05\/excel_tetelhuzas.png\" alt=\"\" width=\"1660\" height=\"395\" srcset=\"https:\/\/semmelweis.hu\/oktatasmodszertan\/files\/2020\/05\/excel_tetelhuzas.png 1660w, https:\/\/semmelweis.hu\/oktatasmodszertan\/files\/2020\/05\/excel_tetelhuzas-400x95.png 400w, https:\/\/semmelweis.hu\/oktatasmodszertan\/files\/2020\/05\/excel_tetelhuzas-1024x244.png 1024w, https:\/\/semmelweis.hu\/oktatasmodszertan\/files\/2020\/05\/excel_tetelhuzas-768x183.png 768w, https:\/\/semmelweis.hu\/oktatasmodszertan\/files\/2020\/05\/excel_tetelhuzas-1536x365.png 1536w, https:\/\/semmelweis.hu\/oktatasmodszertan\/files\/2020\/05\/excel_tetelhuzas-753x179.png 753w\" sizes=\"auto, (max-width: 1660px) 100vw, 1660px\" \/><\/div>\n<p>&nbsp;<\/p>\n","protected":false},"excerpt":{"rendered":"<p>T\u00f6bben is k\u00e9rdezt\u00e9k, hogy a szem\u00e9lyes, illetve <a href=\"https:\/\/semmelweis.hu\/oktatasmodszertan\/tavoktatas\/zoom-utmutato\/\" target=\"_blank\" rel=\"noopener noreferrer\">Zoomos<\/a> sz\u00f3beli vizsg\u00e1kon hogyan lehet megoldani a pap\u00edr n\u00e9lk\u00fcli t\u00e9telh\u00faz\u00e1st. Sz\u00e1mos megold\u00e1si javaslat futott be hozz\u00e1nk, ezeket igyeksz\u00fcnk most \u00f6sszefoglalni.\u00a0 \u00a0 A) Zoomos vizsga eset\u00e9n: A vizsg\u00e1ztat\u00f3 elk\u00e9sz\u00edti a t\u00e9teleket, amiket \u00fagy fogja sz\u00e9tter\u00edtve az egyik kez\u00e9ben, ahogy a k\u00e1rty\u00e1kat szok\u00e1s. A t\u00e9telek h\u00e1toldal\u00e1t mutatja a kamera fel\u00e9, a &hellip;<\/p>\n","protected":false},"author":101470,"featured_media":0,"parent":1515,"menu_order":4,"comment_status":"closed","ping_status":"closed","template":"","meta":{"_acf_changed":false,"footnotes":""},"categories":[],"tags":[],"class_list":["post-1939","page","type-page","status-publish","hentry"],"acf":[],"_links":{"self":[{"href":"https:\/\/semmelweis.hu\/oktatasmodszertan\/wp-json\/wp\/v2\/pages\/1939","targetHints":{"allow":["GET"]}}],"collection":[{"href":"https:\/\/semmelweis.hu\/oktatasmodszertan\/wp-json\/wp\/v2\/pages"}],"about":[{"href":"https:\/\/semmelweis.hu\/oktatasmodszertan\/wp-json\/wp\/v2\/types\/page"}],"author":[{"embeddable":true,"href":"https:\/\/semmelweis.hu\/oktatasmodszertan\/wp-json\/wp\/v2\/users\/101470"}],"replies":[{"embeddable":true,"href":"https:\/\/semmelweis.hu\/oktatasmodszertan\/wp-json\/wp\/v2\/comments?post=1939"}],"version-history":[{"count":10,"href":"https:\/\/semmelweis.hu\/oktatasmodszertan\/wp-json\/wp\/v2\/pages\/1939\/revisions"}],"predecessor-version":[{"id":4354,"href":"https:\/\/semmelweis.hu\/oktatasmodszertan\/wp-json\/wp\/v2\/pages\/1939\/revisions\/4354"}],"up":[{"embeddable":true,"href":"https:\/\/semmelweis.hu\/oktatasmodszertan\/wp-json\/wp\/v2\/pages\/1515"}],"wp:attachment":[{"href":"https:\/\/semmelweis.hu\/oktatasmodszertan\/wp-json\/wp\/v2\/media?parent=1939"}],"wp:term":[{"taxonomy":"category","embeddable":true,"href":"https:\/\/semmelweis.hu\/oktatasmodszertan\/wp-json\/wp\/v2\/categories?post=1939"},{"taxonomy":"post_tag","embeddable":true,"href":"https:\/\/semmelweis.hu\/oktatasmodszertan\/wp-json\/wp\/v2\/tags?post=1939"}],"curies":[{"name":"wp","href":"https:\/\/api.w.org\/{rel}","templated":true}]}}