{"id":1881,"date":"2020-04-22T14:27:43","date_gmt":"2020-04-22T12:27:43","guid":{"rendered":"http:\/\/semmelweis.hu\/oktatasmodszertan\/?page_id=1881"},"modified":"2022-09-06T15:22:38","modified_gmt":"2022-09-06T13:22:38","slug":"hasznos-funkciok","status":"publish","type":"page","link":"https:\/\/semmelweis.hu\/oktatasmodszertan\/e-learning\/zoom-utmutato\/hasznos-funkciok\/","title":{"rendered":"Hasznos funkci\u00f3k"},"content":{"rendered":"<div class=\"responsive-tabs\">\n<h2 class=\"tabtitle\">Whiteboard<\/h2>\n<div class=\"tabcontent\">\n\n<p><strong>A Zoom online kollaborat\u00edv t\u00e1bl\u00e1ja lehet\u0151v\u00e9 teszi, hogy a tulajdonosa \u00e9s a t\u00f6bbi r\u00e9sztvev\u0151 k\u00f6z\u00f6sen alak\u00edts\u00e1k annak tartalm\u00e1t. A t\u00e1bla k\u00e9tf\u00e9lek\u00e9ppen szerkeszthet\u0151: egyr\u00e9szt a Zoom-meetingen bel\u00fcl, m\u00e1sr\u00e9szt azon k\u00edv\u00fcl.<\/strong><\/p>\n<p><img loading=\"lazy\" decoding=\"async\" class=\"alignleft  wp-image-3714\" src=\"https:\/\/semmelweis.hu\/oktatasmodszertan\/files\/2022\/08\/zoom_whiteboard.png\" alt=\"\" width=\"615\" height=\"272\" srcset=\"https:\/\/semmelweis.hu\/oktatasmodszertan\/files\/2022\/08\/zoom_whiteboard.png 1908w, https:\/\/semmelweis.hu\/oktatasmodszertan\/files\/2022\/08\/zoom_whiteboard-400x177.png 400w, https:\/\/semmelweis.hu\/oktatasmodszertan\/files\/2022\/08\/zoom_whiteboard-1024x452.png 1024w, https:\/\/semmelweis.hu\/oktatasmodszertan\/files\/2022\/08\/zoom_whiteboard-768x339.png 768w, https:\/\/semmelweis.hu\/oktatasmodszertan\/files\/2022\/08\/zoom_whiteboard-1536x679.png 1536w, https:\/\/semmelweis.hu\/oktatasmodszertan\/files\/2022\/08\/zoom_whiteboard-753x333.png 753w\" sizes=\"auto, (max-width: 615px) 100vw, 615px\" \/><\/p>\n<h6>\u00a0<\/h6>\n<h6>\u00a0<\/h6>\n<p>&nbsp;<\/p>\n<p>&nbsp;<\/p>\n<p>&nbsp;<\/p>\n<p>&nbsp;<\/p>\n<h6>\u00a0<\/h6>\n<h6><strong>Whiteboard a Zoom-meetingen bel\u00fcl<\/strong><\/h6>\n<p>Fontos, hogy a megbesz\u00e9l\u00e9s minden r\u00e9sztvev\u0151je friss\u00edtse a programot az el\u00e9rhet\u0151 legfrissebb verzi\u00f3ra, mely az al\u00e1bbi oldalr\u00f3l t\u00f6lthet\u0151 le: <a href=\"https:\/\/zoom.us\/download\" target=\"_blank\" rel=\"noopener\">https:\/\/zoom.us\/download<\/a><\/p>\n<p>Ezut\u00e1n az als\u00f3 fekete s\u00e1von l\u00e9v\u0151 <strong>Whiteboards<\/strong> gombra kattintva tudjuk l\u00e9trehozni a k\u00f6z\u00f6sen szerkeszthet\u0151 t\u00e1bl\u00e1t. A felugr\u00f3 ablak bal als\u00f3 sark\u00e1ban l\u00e9v\u0151 <em>&#8222;Allow participants to access after the meeting&#8221;<\/em> opci\u00f3t bepip\u00e1lva a t\u00e1bla a megbesz\u00e9l\u00e9s ut\u00e1n is nyitva marad a r\u00e9sztvev\u0151k sz\u00e1m\u00e1ra.<\/p>\n<h6><strong>Whiteboard a Zoom-meetingen k\u00edv\u00fcl<\/strong><\/h6>\n<p>A t\u00e1bl\u00e1kat megbesz\u00e9l\u00e9s n\u00e9lk\u00fcl is lehet alak\u00edtani. \u00daj t\u00e1bla l\u00e9trehoz\u00e1s\u00e1hoz jelentkezz\u00fcnk be a <a href=\"https:\/\/semmelweis.zoom.us\/\" target=\"_blank\" rel=\"noopener\">semmelweis.zoom.us<\/a> honlapon, majd a bal oldali men\u00fcben v\u00e1lasszuk a <strong>Whiteboards<\/strong> gombot. Az elk\u00e9sz\u00fclt t\u00e1bl\u00e1t ezut\u00e1n szabadon megoszthatjuk m\u00e1sokkal szerkeszt\u00e9sre.<\/p>\n<p>&nbsp;<\/p>\n<h6><strong>R\u00e9szletes \u00fatmutat\u00f3k<\/strong><\/h6>\n<p><em><a href=\"https:\/\/support.zoom.us\/hc\/en-us\/articles\/5304058491405\" target=\"_blank\" rel=\"noopener\">R\u00e9szletes technikai \u00fatmutat\u00f3<\/a><\/em><\/p>\n<p><a href=\"https:\/\/learning.zoom.us\/learn\/course\/internal\/view\/elearning\/665\/welcome-to-zoom-whiteboard\" target=\"_blank\" rel=\"noopener\"><em>Welcome to Zoom Whiteboard \u2013 r\u00f6vid kurzus a Zoom Learning Centerben<\/em><\/a><\/p>\n<p>A Zoom Learning Center haszn\u00e1lat\u00e1hoz kattintsunk a <em>Sign In<\/em>\u00a0gombra a jobb fels\u0151 sarokban. Fontos, hogy ne az e-mail\/password ablakkal, hanem az als\u00f3 ikonok k\u00f6z\u00fcl az\u00a0SSO gombbal l\u00e9pj\u00fcnk be fi\u00f3kunkba. A Company Domainbe a semmelweis(.zoom.us) sz\u00f3t sz\u00fcks\u00e9ges be\u00edrni, ezut\u00e1n m\u00e1r be tudunk jelentkezni a <a href=\"https:\/\/semmelweis.hu\/oktatasmodszertan\/e-learning\/a-seka-azonositorol\/\" target=\"_blank\" rel=\"noopener\">SeKA-hozz\u00e1f\u00e9r\u00e9s\u00fcnkkel.<\/a><\/p>\n<p>&nbsp;<\/p>\n<h6><strong>\u00d6tletek oktat\u00e1si c\u00e9l\u00fa felhaszn\u00e1l\u00e1sra<\/strong><\/h6>\n<ul>\n<li>brainstorming, majd az \u00f6tletek t\u00e9m\u00e1nk\u00e9nti csoportos\u00edt\u00e1sa<\/li>\n<li>\u00e1br\u00e1k k\u00f6z\u00f6s vagy egy\u00e9ni rajzol\u00e1sa<\/li>\n<li>az \u00f3r\u00e1n szerepl\u0151 inform\u00e1ci\u00f3k csoportos\u00edt\u00e1sa (pl. M\u00e1r ismertem \u2013 \u00daj inform\u00e1ci\u00f3) (<a href=\"https:\/\/semmelweis.hu\/oktatasmodszertan\/2020\/07\/22\/tukrozott-osztalyterem-es-interaktiv-eloadasok-zoomban\/\" target=\"_blank\" rel=\"noopener\">kapcsol\u00f3d\u00f3 j\u00f3gyakorlat<\/a>)<\/li>\n<li>t\u00e1rsasj\u00e1t\u00e9k oktat\u00e1si t\u00e9m\u00e1ban \u2013 a t\u00e1bla k\u00e9p\u00e9t beillesztj\u00fck, b\u00e1bukk\u00e9nt k\u00fcl\u00f6nb\u00f6z\u0151 sz\u00edn\u0171 alakzatokat, dob\u00f3kockak\u00e9nt pedig egy alkalmaz\u00e1st haszn\u00e1lunk (pl. <a href=\"https:\/\/www.rolldicewithfriends.com\/\" target=\"_blank\" rel=\"noopener\">Rolldicewithfriends<\/a>)<\/li>\n<li>a hallgat\u00f3k k\u00fcl\u00f6nb\u00f6z\u0151 fogalmakat t\u0171znek fel a t\u00e1bl\u00e1ra, majd sorban mindenki elvesz vagy megjel\u00f6l egyet, amir\u0151l r\u00f6viden besz\u00e9lnie kell<\/li>\n<li>a hallgat\u00f3k k\u00fcl\u00f6nb\u00f6z\u0151 fogalmakat t\u0171znek fel a t\u00e1bl\u00e1ra, majd sorban elvesznek vagy megjel\u00f6lnek kett\u0151t-kett\u0151t, amelyet \u00f6ssze kell hasonl\u00edtaniuk (azonoss\u00e1gok \u00e9s k\u00fcl\u00f6nbs\u00e9gek)<\/li>\n<li><a href=\"https:\/\/blog.zoom.us\/zoom-whiteboard-education-tips\/\" target=\"_blank\" rel=\"noopener\">tov\u00e1bbi \u00f6tletek<\/a><\/li>\n<\/ul>\n<p>&nbsp;<\/p>\n<h6><strong>Felhaszn\u00e1lhat\u00f3 sablonok<\/strong><\/h6>\n<p>A Whiteboard l\u00e9trehoz\u00e1sa sor\u00e1n sz\u00e1mos el\u0151re elk\u00e9sz\u00edtett sablonb\u00f3l v\u00e1laszthatunk, melyek t\u00f6bb c\u00e9lt szolg\u00e1lnak.<\/p>\n<p><img loading=\"lazy\" decoding=\"async\" class=\"alignleft  wp-image-3719\" src=\"https:\/\/semmelweis.hu\/oktatasmodszertan\/files\/2022\/08\/templates.png\" alt=\"\" width=\"574\" height=\"354\" srcset=\"https:\/\/semmelweis.hu\/oktatasmodszertan\/files\/2022\/08\/templates.png 1054w, https:\/\/semmelweis.hu\/oktatasmodszertan\/files\/2022\/08\/templates-400x246.png 400w, https:\/\/semmelweis.hu\/oktatasmodszertan\/files\/2022\/08\/templates-1024x631.png 1024w, https:\/\/semmelweis.hu\/oktatasmodszertan\/files\/2022\/08\/templates-768x473.png 768w, https:\/\/semmelweis.hu\/oktatasmodszertan\/files\/2022\/08\/templates-753x464.png 753w\" sizes=\"auto, (max-width: 574px) 100vw, 574px\" \/><\/p>\n<p>&nbsp;<\/p>\n<p>&nbsp;<\/p>\n<p>&nbsp;<\/p>\n<p>&nbsp;<\/p>\n<p>&nbsp;<\/p>\n<p>&nbsp;<\/p>\n<p>&nbsp;<\/p>\n<p>&nbsp;<\/p>\n<p><strong><u>Oktat\u00e1s<\/u><\/strong><\/p>\n<ul>\n<li><strong>Know, Wonder, Learn<\/strong> \u2013 az \u00f3r\u00e1n tanult inform\u00e1ci\u00f3k csoportos\u00edt\u00e1sa<\/li>\n<li><strong>Venn Diagram<\/strong> \u2013 k\u00e9t dolog megegyez\u0151 \u00e9s k\u00fcl\u00f6nb\u00f6z\u0151 tulajdons\u00e1gainak \u00f6sszegy\u0171jt\u00e9se<\/li>\n<li><strong>XY Plot<\/strong> \u2013 elemek elhelyez\u00e9se k\u00e9t szempont alapj\u00e1n<\/li>\n<li><strong>8 Seed Bracket<\/strong> \u2013 kv\u00edzj\u00e1t\u00e9k sor\u00e1n a versenyz\u0151 csapatok sz\u00e1montart\u00e1sa<\/li>\n<li><strong>2&#215;2 Grid<\/strong> \u2013 dolgok jellemz\u0151inek \u00f6sszegy\u0171jt\u00e9se<\/li>\n<\/ul>\n<p><strong><u>J\u00e9gt\u00f6r\u0151 feladatok<\/u><\/strong><\/p>\n<ul>\n<li><strong>Rose, Bud, Thorn<\/strong> \u2013 a r\u00e9sztvev\u0151k 1-1 elemet helyeznek el az al\u00e1bbi kateg\u00f3ri\u00e1kban: <em>nemr\u00e9g t\u00f6rt\u00e9nt pozit\u00edv dolgok \/ dolgok, melyek aggasztanak \/ dolgok, melyek el\u00e9 v\u00e1rakoz\u00e1ssal n\u00e9z\u00fcnk<\/em><\/li>\n<li><strong>2 Truths and a Lie<\/strong> \u2013 a r\u00e9sztvev\u0151k k\u00e9t igaz \u00e9s egy hamis \u00e1ll\u00edt\u00e1st \u00edrnak fel magukr\u00f3l a t\u00e1bl\u00e1ra, majd mindenki piros p\u00f6tty\u00f6kkel jel\u00f6li, szerinte melyik a hamis<\/li>\n<\/ul>\n<p><strong><u>Munkahelyi megbesz\u00e9l\u00e9sek<\/u><\/strong><\/p>\n<ul>\n<li><strong>2&#215;2 Grid<\/strong> \u2013 az egyes cell\u00e1kba fel\u00edrjuk a munkat\u00e1rsak nev\u00e9t (sz\u00fcks\u00e9g eset\u00e9n b\u0151v\u00edthet\u0151), majd a megbesz\u00e9l\u00e9s sor\u00e1n elhangzott, szem\u00e9lyhez k\u00f6t\u00f6tt feladatokat \u00f6sszegy\u0171jtj\u00fck a Post-iteken<\/li>\n<li><strong>Team Retrospective<\/strong> \u2013 egy k\u00f6z\u00f6sen megval\u00f3s\u00edtott projekt ut\u00e1n annak elemz\u00e9se, mi ment j\u00f3l, hol van sz\u00fcks\u00e9g fejleszt\u00e9sre, \u00e9s melyek a k\u00f6vetkez\u0151 l\u00e9p\u00e9sek<\/li>\n<li><strong>SWOT<\/strong> \u2013 er\u0151ss\u00e9gek, gyenges\u00e9gek, lehet\u0151s\u00e9gek \u00e9s vesz\u00e9lyek k\u00f6z\u00f6s \u00f6sszegy\u0171jt\u00e9se<\/li>\n<\/ul>\n<p>&nbsp;<\/p>\n\n<\/div><h2 class=\"tabtitle\">Diamegoszt\u00e1s<\/h2>\n<div class=\"tabcontent\">\n\n<p><strong>A Zoom-megbesz\u00e9l\u00e9s sor\u00e1n lehet\u0151s\u00e9g van el\u0151re elk\u00e9sz\u00edtett PowerPoint-prezent\u00e1ci\u00f3k lej\u00e1tsz\u00e1s\u00e1ra, valamint ezek jegyzetekkel val\u00f3 ell\u00e1t\u00e1s\u00e1ra \u00e9s a k\u00e9perny\u0151 bizonyos r\u00e9szeinek kiemel\u00e9s\u00e9re is.<\/strong><\/p>\n<p>1. Nyissuk meg a sz\u00e1m\u00edt\u00f3g\u00e9p\u00fcnk\u00f6n a PowerPoint-bemutat\u00f3t. Ezut\u00e1n ind\u00edtsuk el a Zoom-megbesz\u00e9l\u00e9s\u00fcnket, \u00e9s kattintsunk a <strong>Share Screen<\/strong> gombra a k\u00e9perny\u0151 alj\u00e1n.<\/p>\n<p><img loading=\"lazy\" decoding=\"async\" class=\"alignleft  wp-image-1883\" src=\"https:\/\/semmelweis.hu\/oktatasmodszertan\/files\/2020\/04\/share_screen.png\" alt=\"\" width=\"676\" height=\"57\" srcset=\"https:\/\/semmelweis.hu\/oktatasmodszertan\/files\/2020\/04\/share_screen.png 1054w, https:\/\/semmelweis.hu\/oktatasmodszertan\/files\/2020\/04\/share_screen-400x34.png 400w, https:\/\/semmelweis.hu\/oktatasmodszertan\/files\/2020\/04\/share_screen-1024x86.png 1024w, https:\/\/semmelweis.hu\/oktatasmodszertan\/files\/2020\/04\/share_screen-768x65.png 768w, https:\/\/semmelweis.hu\/oktatasmodszertan\/files\/2020\/04\/share_screen-753x64.png 753w\" sizes=\"auto, (max-width: 676px) 100vw, 676px\" \/><\/p>\n<p>&nbsp;<\/p>\n<p>&nbsp;<\/p>\n<p>2. A megjelen\u0151 ablakban kiv\u00e1laszthatjuk, pontosan melyik programot szeretn\u00e9nk megosztani a hallgat\u00f3kkal. Kattintsunk a PowerPointra, majd v\u00e1lasszuk a <strong>Share<\/strong> gombot.<\/p>\n<p><img loading=\"lazy\" decoding=\"async\" class=\"alignleft  wp-image-1884\" src=\"https:\/\/semmelweis.hu\/oktatasmodszertan\/files\/2020\/04\/choose_application.png\" alt=\"\" width=\"704\" height=\"322\" srcset=\"https:\/\/semmelweis.hu\/oktatasmodszertan\/files\/2020\/04\/choose_application.png 1465w, https:\/\/semmelweis.hu\/oktatasmodszertan\/files\/2020\/04\/choose_application-400x183.png 400w, https:\/\/semmelweis.hu\/oktatasmodszertan\/files\/2020\/04\/choose_application-1024x468.png 1024w, https:\/\/semmelweis.hu\/oktatasmodszertan\/files\/2020\/04\/choose_application-768x351.png 768w, https:\/\/semmelweis.hu\/oktatasmodszertan\/files\/2020\/04\/choose_application-753x344.png 753w\" sizes=\"auto, (max-width: 704px) 100vw, 704px\" \/><\/p>\n<p>&nbsp;<\/p>\n<p>&nbsp;<\/p>\n<p>&nbsp;<\/p>\n<p>&nbsp;<\/p>\n<p>&nbsp;<\/p>\n<p>&nbsp;<\/p>\n<p>&nbsp;<\/p>\n<p>3. Ezut\u00e1n a k\u00f6vetkez\u0151 k\u00e9pet fogjuk l\u00e1tni, fel\u00fcl a fekete ir\u00e1ny\u00edt\u00f3panellel:<\/p>\n<p><img loading=\"lazy\" decoding=\"async\" class=\"alignleft  wp-image-1885\" src=\"https:\/\/semmelweis.hu\/oktatasmodszertan\/files\/2020\/04\/dia_megnyitas.png\" alt=\"\" width=\"680\" height=\"382\" srcset=\"https:\/\/semmelweis.hu\/oktatasmodszertan\/files\/2020\/04\/dia_megnyitas.png 1920w, https:\/\/semmelweis.hu\/oktatasmodszertan\/files\/2020\/04\/dia_megnyitas-400x225.png 400w, https:\/\/semmelweis.hu\/oktatasmodszertan\/files\/2020\/04\/dia_megnyitas-1024x576.png 1024w, https:\/\/semmelweis.hu\/oktatasmodszertan\/files\/2020\/04\/dia_megnyitas-768x432.png 768w, https:\/\/semmelweis.hu\/oktatasmodszertan\/files\/2020\/04\/dia_megnyitas-1536x864.png 1536w, https:\/\/semmelweis.hu\/oktatasmodszertan\/files\/2020\/04\/dia_megnyitas-753x424.png 753w\" sizes=\"auto, (max-width: 680px) 100vw, 680px\" \/><\/p>\n<p>&nbsp;<\/p>\n<p>&nbsp;<\/p>\n<p>&nbsp;<\/p>\n<p>&nbsp;<\/p>\n<p>&nbsp;<\/p>\n<p>&nbsp;<\/p>\n<p>&nbsp;<\/p>\n<p>&nbsp;<\/p>\n<p><strong>A PowerPoint-prezent\u00e1ci\u00f3 megoszt\u00e1sra ker\u00fcl a hallgat\u00f3kkal,<\/strong> azaz a saj\u00e1t k\u00e9perny\u0151j\u00fck\u00f6n \u0151k is a mi di\u00e1inkat fogj\u00e1k l\u00e1tni.<\/p>\n<p>4. Ha elind\u00edtjuk a PowerPoint-programban a prezent\u00e1ci\u00f3 lej\u00e1tsz\u00e1s\u00e1t, a hagyom\u00e1nyos oszt\u00e1lytermi oktat\u00e1shoz hasonl\u00f3 m\u00f3don lej\u00e1tszhatjuk a hallgat\u00f3knak a diasort, sz\u00f3ban magyar\u00e1zatot f\u0171zve hozz\u00e1.<\/p>\n<p><img loading=\"lazy\" decoding=\"async\" class=\"alignleft  wp-image-1886\" src=\"https:\/\/semmelweis.hu\/oktatasmodszertan\/files\/2020\/04\/dia_lejatszas.png\" alt=\"\" width=\"682\" height=\"384\" srcset=\"https:\/\/semmelweis.hu\/oktatasmodszertan\/files\/2020\/04\/dia_lejatszas.png 1920w, https:\/\/semmelweis.hu\/oktatasmodszertan\/files\/2020\/04\/dia_lejatszas-400x225.png 400w, https:\/\/semmelweis.hu\/oktatasmodszertan\/files\/2020\/04\/dia_lejatszas-1024x576.png 1024w, https:\/\/semmelweis.hu\/oktatasmodszertan\/files\/2020\/04\/dia_lejatszas-768x432.png 768w, https:\/\/semmelweis.hu\/oktatasmodszertan\/files\/2020\/04\/dia_lejatszas-1536x864.png 1536w, https:\/\/semmelweis.hu\/oktatasmodszertan\/files\/2020\/04\/dia_lejatszas-753x424.png 753w\" sizes=\"auto, (max-width: 682px) 100vw, 682px\" \/><\/p>\n<p>&nbsp;<\/p>\n<p>&nbsp;<\/p>\n<p>&nbsp;<\/p>\n<p>&nbsp;<\/p>\n<p>&nbsp;<\/p>\n<p>&nbsp;<\/p>\n<p>&nbsp;<\/p>\n<p>&nbsp;<\/p>\n<p>5. A fekete vez\u00e9rl\u0151panelt elhelyezhetj\u00fck a k\u00e9perny\u0151 alj\u00e1n is, ha a fels\u0151 r\u00e9szen zavar minket. Ehhez kattintsunk a kis ny\u00edlra a z\u00f6ld t\u00e9glalap sark\u00e1ban.<\/p>\n<p><img loading=\"lazy\" decoding=\"async\" class=\"alignleft size-full wp-image-1887\" src=\"https:\/\/semmelweis.hu\/oktatasmodszertan\/files\/2020\/04\/dock_mozgatas.png\" alt=\"\" width=\"1221\" height=\"111\" srcset=\"https:\/\/semmelweis.hu\/oktatasmodszertan\/files\/2020\/04\/dock_mozgatas.png 1221w, https:\/\/semmelweis.hu\/oktatasmodszertan\/files\/2020\/04\/dock_mozgatas-400x36.png 400w, https:\/\/semmelweis.hu\/oktatasmodszertan\/files\/2020\/04\/dock_mozgatas-1024x93.png 1024w, https:\/\/semmelweis.hu\/oktatasmodszertan\/files\/2020\/04\/dock_mozgatas-768x70.png 768w, https:\/\/semmelweis.hu\/oktatasmodszertan\/files\/2020\/04\/dock_mozgatas-753x68.png 753w\" sizes=\"auto, (max-width: 1221px) 100vw, 1221px\" \/><\/p>\n<p>&nbsp;<\/p>\n<p>6. Ha szeretn\u00e9nk le\u00e1ll\u00edtani a di\u00e1k megoszt\u00e1s\u00e1t, kattintsunk a <strong>Pause Share<\/strong> vagy a <strong>Stop Share\u00a0<\/strong>gombokra. A Stop Share v\u00e9glegesen, m\u00edg a Pause Share ideiglenesen \u00e1ll\u00edtja le a megoszt\u00e1st, azaz ut\u00f3bbin\u00e1l nem kell \u00fajra kiv\u00e1lasztanunk, melyik programot szeretn\u00e9nk megosztani.<img loading=\"lazy\" decoding=\"async\" class=\"alignleft size-full wp-image-1888\" src=\"https:\/\/semmelweis.hu\/oktatasmodszertan\/files\/2020\/04\/stop_share_pause_share.png\" alt=\"\" width=\"1226\" height=\"114\" srcset=\"https:\/\/semmelweis.hu\/oktatasmodszertan\/files\/2020\/04\/stop_share_pause_share.png 1226w, https:\/\/semmelweis.hu\/oktatasmodszertan\/files\/2020\/04\/stop_share_pause_share-400x37.png 400w, https:\/\/semmelweis.hu\/oktatasmodszertan\/files\/2020\/04\/stop_share_pause_share-1024x95.png 1024w, https:\/\/semmelweis.hu\/oktatasmodszertan\/files\/2020\/04\/stop_share_pause_share-768x71.png 768w, https:\/\/semmelweis.hu\/oktatasmodszertan\/files\/2020\/04\/stop_share_pause_share-753x70.png 753w\" sizes=\"auto, (max-width: 1226px) 100vw, 1226px\" \/><\/p>\n<p>&nbsp;<\/p>\n<h4>Jegyzetek k\u00e9sz\u00edt\u00e9se<\/h4>\n<p>7. Az\u00a0<strong>Annotate\u00a0<\/strong>gombra kattintva bekapcsolhatjuk a jegyzet-m\u00f3dot, \u00edgy megjelenik egy \u00fajabb fekete panel a k\u00e9perny\u0151nk\u00f6n.<\/p>\n<p><img loading=\"lazy\" decoding=\"async\" class=\"alignleft  wp-image-1890\" src=\"https:\/\/semmelweis.hu\/oktatasmodszertan\/files\/2020\/04\/annotate.png\" alt=\"\" width=\"668\" height=\"420\" srcset=\"https:\/\/semmelweis.hu\/oktatasmodszertan\/files\/2020\/04\/annotate.png 1272w, https:\/\/semmelweis.hu\/oktatasmodszertan\/files\/2020\/04\/annotate-400x252.png 400w, https:\/\/semmelweis.hu\/oktatasmodszertan\/files\/2020\/04\/annotate-1024x644.png 1024w, https:\/\/semmelweis.hu\/oktatasmodszertan\/files\/2020\/04\/annotate-768x483.png 768w, https:\/\/semmelweis.hu\/oktatasmodszertan\/files\/2020\/04\/annotate-753x474.png 753w\" sizes=\"auto, (max-width: 668px) 100vw, 668px\" \/><\/p>\n<p>&nbsp;<\/p>\n<p>&nbsp;<\/p>\n<p>&nbsp;<\/p>\n<p>&nbsp;<\/p>\n<p>&nbsp;<\/p>\n<p>&nbsp;<\/p>\n<p>&nbsp;<\/p>\n<p>&nbsp;<\/p>\n<p>&nbsp;<\/p>\n<p>8. A jegyzet-m\u00f3dban sz\u00e1mos dolgot tehet\u00fcnk: sz\u00f6veget \u00edrhatunk a k\u00e9perny\u0151nkre, kiemelhet\u00fcnk egyes dolgokat vagy alakzatokat rajzolhatunk, hogy r\u00e1ir\u00e1ny\u00edtsuk a hallgat\u00f3k figyelm\u00e9t egyes dolgokra.<\/p>\n<p><img loading=\"lazy\" decoding=\"async\" class=\"alignleft size-full wp-image-1892\" src=\"https:\/\/semmelweis.hu\/oktatasmodszertan\/files\/2020\/04\/annotated_screen.png\" alt=\"\" width=\"1322\" height=\"687\" srcset=\"https:\/\/semmelweis.hu\/oktatasmodszertan\/files\/2020\/04\/annotated_screen.png 1322w, https:\/\/semmelweis.hu\/oktatasmodszertan\/files\/2020\/04\/annotated_screen-400x208.png 400w, https:\/\/semmelweis.hu\/oktatasmodszertan\/files\/2020\/04\/annotated_screen-1024x532.png 1024w, https:\/\/semmelweis.hu\/oktatasmodszertan\/files\/2020\/04\/annotated_screen-768x399.png 768w, https:\/\/semmelweis.hu\/oktatasmodszertan\/files\/2020\/04\/annotated_screen-753x391.png 753w\" sizes=\"auto, (max-width: 1322px) 100vw, 1322px\" \/><\/p>\n<p>9. A jegyzet-m\u00f3ddal \u00e9rdemes vigy\u00e1zni: nem az aktu\u00e1lis di\u00e1nkon, hanem a k\u00e9perny\u0151nk\u00f6n k\u00e9sz\u00fclnek a m\u00f3dos\u00edt\u00e1sok &#8211; mintha egy plusz r\u00e9teg lenne a k\u00e9perny\u0151nk\u00f6n, amire rajzolhatunk. Ha elkattintunk egy m\u00e1sik di\u00e1ra, m\u00e1r nem biztos, hogy a megfelel\u0151 helyre ker\u00fclnek az \u00e1br\u00e1k.<\/p>\n<p><img loading=\"lazy\" decoding=\"async\" class=\"alignleft  wp-image-1893\" src=\"https:\/\/semmelweis.hu\/oktatasmodszertan\/files\/2020\/04\/annotations_everywhere.png\" alt=\"\" width=\"629\" height=\"316\" srcset=\"https:\/\/semmelweis.hu\/oktatasmodszertan\/files\/2020\/04\/annotations_everywhere.png 1259w, https:\/\/semmelweis.hu\/oktatasmodszertan\/files\/2020\/04\/annotations_everywhere-400x201.png 400w, https:\/\/semmelweis.hu\/oktatasmodszertan\/files\/2020\/04\/annotations_everywhere-1024x514.png 1024w, https:\/\/semmelweis.hu\/oktatasmodszertan\/files\/2020\/04\/annotations_everywhere-768x386.png 768w, https:\/\/semmelweis.hu\/oktatasmodszertan\/files\/2020\/04\/annotations_everywhere-753x378.png 753w\" sizes=\"auto, (max-width: 629px) 100vw, 629px\" \/><\/p>\n<p>&nbsp;<\/p>\n<p>&nbsp;<\/p>\n<p>&nbsp;<\/p>\n<p>&nbsp;<\/p>\n<p>&nbsp;<\/p>\n<p>&nbsp;<\/p>\n<p>&nbsp;<\/p>\n<p>10. Ha el szeretn\u00e9nk t\u00fcntetni az \u00f6sszes jegyzetet a k\u00e9perny\u0151nkr\u0151l, kattintsunk a <strong>Clear -&gt; Clear All Drawings<\/strong> gombra.<\/p>\n<p><img loading=\"lazy\" decoding=\"async\" class=\"alignleft  wp-image-1894\" src=\"https:\/\/semmelweis.hu\/oktatasmodszertan\/files\/2020\/04\/clear_all_drawings.png\" alt=\"\" width=\"662\" height=\"135\" srcset=\"https:\/\/semmelweis.hu\/oktatasmodszertan\/files\/2020\/04\/clear_all_drawings.png 1139w, https:\/\/semmelweis.hu\/oktatasmodszertan\/files\/2020\/04\/clear_all_drawings-400x82.png 400w, https:\/\/semmelweis.hu\/oktatasmodszertan\/files\/2020\/04\/clear_all_drawings-1024x209.png 1024w, https:\/\/semmelweis.hu\/oktatasmodszertan\/files\/2020\/04\/clear_all_drawings-768x157.png 768w, https:\/\/semmelweis.hu\/oktatasmodszertan\/files\/2020\/04\/clear_all_drawings-753x154.png 753w\" sizes=\"auto, (max-width: 662px) 100vw, 662px\" \/><\/p>\n<p>&nbsp;<\/p>\n<p>&nbsp;<\/p>\n<p>&nbsp;<\/p>\n<p>&nbsp;<\/p>\n<p>11. Alapesetben jegyzet-m\u00f3dban a hallgat\u00f3k is rajzolhatnak a k\u00e9perny\u0151nkre az oktat\u00f3n k\u00edv\u00fcl, ez\u00e9rt ha ezt nem szeretn\u00e9nk, kattintsunk a <strong>More -&gt; Disable participants annotation<\/strong> gombra.<\/p>\n<p><img loading=\"lazy\" decoding=\"async\" class=\"alignleft  wp-image-1895\" src=\"https:\/\/semmelweis.hu\/oktatasmodszertan\/files\/2020\/04\/disable_annotations.png\" alt=\"\" width=\"391\" height=\"450\" srcset=\"https:\/\/semmelweis.hu\/oktatasmodszertan\/files\/2020\/04\/disable_annotations.png 545w, https:\/\/semmelweis.hu\/oktatasmodszertan\/files\/2020\/04\/disable_annotations-347x400.png 347w\" sizes=\"auto, (max-width: 391px) 100vw, 391px\" \/><\/p>\n<p>&nbsp;<\/p>\n<p>&nbsp;<\/p>\n<p>&nbsp;<\/p>\n<p>&nbsp;<\/p>\n<p>&nbsp;<\/p>\n<p>&nbsp;<\/p>\n<p>&nbsp;<\/p>\n<p>&nbsp;<\/p>\n<p>&nbsp;<\/p>\n<p>&nbsp;<\/p>\n<p><em><strong>Ha tov\u00e1bbi k\u00e9rd\u00e9se van a PowerPoint-di\u00e1k Zoomban val\u00f3 megoszt\u00e1s\u00e1val kapcsolatban, l\u00e9pjen kapcsolatba bizalommal <a href=\"https:\/\/semmelweis.hu\/oktatasmodszertan\/tavoktatas\/ugyfelszolgalat\/\" target=\"_blank\" rel=\"noopener noreferrer\">\u00fcgyf\u00e9lszolg\u00e1latunkkal.<\/a><\/strong><\/em><\/p>\n<\/div><\/div>\n","protected":false},"excerpt":{"rendered":"<p>A Zoom online kollaborat\u00edv t\u00e1bl\u00e1ja lehet\u0151v\u00e9 teszi, hogy a tulajdonosa \u00e9s a t\u00f6bbi r\u00e9sztvev\u0151 k\u00f6z\u00f6sen alak\u00edts\u00e1k annak tartalm\u00e1t. A t\u00e1bla k\u00e9tf\u00e9lek\u00e9ppen szerkeszthet\u0151: egyr\u00e9szt a Zoom-meetingen bel\u00fcl, m\u00e1sr\u00e9szt azon k\u00edv\u00fcl. \u00a0 \u00a0 &nbsp; &nbsp; &nbsp; &nbsp; \u00a0 Whiteboard a Zoom-meetingen bel\u00fcl Fontos, hogy a megbesz\u00e9l\u00e9s minden r\u00e9sztvev\u0151je friss\u00edtse a programot az el\u00e9rhet\u0151 legfrissebb verzi\u00f3ra, mely az &hellip;<\/p>\n","protected":false},"author":101470,"featured_media":0,"parent":1542,"menu_order":4,"comment_status":"closed","ping_status":"closed","template":"","meta":{"_acf_changed":false,"footnotes":""},"categories":[],"tags":[],"class_list":["post-1881","page","type-page","status-publish","hentry"],"acf":[],"_links":{"self":[{"href":"https:\/\/semmelweis.hu\/oktatasmodszertan\/wp-json\/wp\/v2\/pages\/1881","targetHints":{"allow":["GET"]}}],"collection":[{"href":"https:\/\/semmelweis.hu\/oktatasmodszertan\/wp-json\/wp\/v2\/pages"}],"about":[{"href":"https:\/\/semmelweis.hu\/oktatasmodszertan\/wp-json\/wp\/v2\/types\/page"}],"author":[{"embeddable":true,"href":"https:\/\/semmelweis.hu\/oktatasmodszertan\/wp-json\/wp\/v2\/users\/101470"}],"replies":[{"embeddable":true,"href":"https:\/\/semmelweis.hu\/oktatasmodszertan\/wp-json\/wp\/v2\/comments?post=1881"}],"version-history":[{"count":10,"href":"https:\/\/semmelweis.hu\/oktatasmodszertan\/wp-json\/wp\/v2\/pages\/1881\/revisions"}],"predecessor-version":[{"id":3744,"href":"https:\/\/semmelweis.hu\/oktatasmodszertan\/wp-json\/wp\/v2\/pages\/1881\/revisions\/3744"}],"up":[{"embeddable":true,"href":"https:\/\/semmelweis.hu\/oktatasmodszertan\/wp-json\/wp\/v2\/pages\/1542"}],"wp:attachment":[{"href":"https:\/\/semmelweis.hu\/oktatasmodszertan\/wp-json\/wp\/v2\/media?parent=1881"}],"wp:term":[{"taxonomy":"category","embeddable":true,"href":"https:\/\/semmelweis.hu\/oktatasmodszertan\/wp-json\/wp\/v2\/categories?post=1881"},{"taxonomy":"post_tag","embeddable":true,"href":"https:\/\/semmelweis.hu\/oktatasmodszertan\/wp-json\/wp\/v2\/tags?post=1881"}],"curies":[{"name":"wp","href":"https:\/\/api.w.org\/{rel}","templated":true}]}}