{"id":1773,"date":"2020-03-31T11:20:20","date_gmt":"2020-03-31T09:20:20","guid":{"rendered":"http:\/\/semmelweis.hu\/oktatasmodszertan\/?page_id=1773"},"modified":"2024-08-30T10:31:32","modified_gmt":"2024-08-30T08:31:32","slug":"utmutato-oktatoknak","status":"publish","type":"page","link":"https:\/\/semmelweis.hu\/oktatasmodszertan\/e-learning\/utmutato-oktatoknak\/","title":{"rendered":"\u00datmutat\u00f3 oktat\u00f3knak"},"content":{"rendered":"<p><strong>Az egyetemi e-learning rendszer sikeres haszn\u00e1lat\u00e1hoz a k\u00f6vetkez\u0151 l\u00e9p\u00e9seket aj\u00e1nljuk kedves oktat\u00f3inknak. <\/strong><\/p>\n<p>&nbsp;<\/p>\n<p><em><strong>1. SeKA-hozz\u00e1f\u00e9r\u00e9s<\/strong><\/em><\/p>\n<p><strong>A <a href=\"https:\/\/itc.semmelweis.hu\/moodle\/\" target=\"_blank\" rel=\"noopener noreferrer\">Moodle<\/a>-be val\u00f3 bel\u00e9p\u00e9shez <a href=\"https:\/\/semmelweis.hu\/oktatasmodszertan\/e-learning\/a-seka-azonositorol\/\" target=\"_blank\" rel=\"noopener\">SeKA-hozz\u00e1f\u00e9r\u00e9s<\/a> (Semmelweis Egyetem K\u00f6zponti Azonos\u00edt\u00f3) sz\u00fcks\u00e9ges. <\/strong>2022 nyara \u00f3ta a SeKA rendszerben az azonos\u00edt\u00f3k\u00a0automatikusan j\u00f6nnek l\u00e9tre\u00a0az Informatikai F\u0151igazgat\u00f3s\u00e1g \u00e1ltal \u00fczemeltetett\u00a0<a href=\"https:\/\/o365portal.semmelweis.hu\/\" target=\"_blank\" rel=\"noopener\">O365 rendszer<\/a> alapj\u00e1n, nincs a tov\u00e1bbiakban sz\u00fcks\u00e9g k\u00fcl\u00f6n ig\u00e9nyl\u00e9sre, illetve a jelszavak is az O365 rendszerb\u0151l szinkroniz\u00e1l\u00f3dnak, azokat csak ott kell be\u00e1ll\u00edtani. A SeKA-bel\u00e9p\u00e9sr\u0151l az al\u00e1bbi <strong><a href=\"https:\/\/semmelweis.hu\/oktatasmodszertan\/e-learning\/a-seka-azonositorol\/\" target=\"_blank\" rel=\"noopener\">\u00fatmutat\u00f3ban<\/a><\/strong> olvashat r\u00e9szletesen.<\/p>\n<p>&nbsp;<\/p>\n<p><strong>2. <em>Bel\u00e9p\u00e9s a Moodle-be<\/em><\/strong><\/p>\n<p>A <strong><a href=\"https:\/\/itc.semmelweis.hu\/moodle\/\" target=\"_blank\" rel=\"noopener noreferrer\">Moodle<\/a> <\/strong>az egyetem e-learning rendszere, ahol az oktat\u00f3k minden egyes tant\u00e1rgynak k\u00fcl\u00f6n fel\u00fcletet hozhatnak l\u00e9tre. A kurzusokon bel\u00fcl tananyagokat \u00e9s feladatokat oszthatnak meg a hallgat\u00f3kkal, Zoom-megbesz\u00e9l\u00e9seket ind\u00edthatnak \u00e9s egy\u00e9b interakt\u00edv, j\u00e1t\u00e9kos tartalmakat tehetnek k\u00f6zz\u00e9. A Moodle-rendszer az <strong><a href=\"https:\/\/itc.semmelweis.hu\/moodle\/\" target=\"_blank\" rel=\"noopener noreferrer\">itc.semmelweis.hu<\/a> <\/strong>honlapon \u00e9rhet\u0151 el SeKA-bejelentkez\u00e9ssel. K\u00e9rj\u00fck, l\u00e9pjen be a rendszerbe a k\u00f6z\u00e9pen l\u00e1that\u00f3, lakatot \u00e1br\u00e1zol\u00f3 SeKA-gombra kattintva, majd a felugr\u00f3 ablakban adja meg SeKA bel\u00e9p\u00e9si adatait.<\/p>\n<p>A Moodle-rendszer haszn\u00e1lat\u00e1r\u00f3l <a href=\"https:\/\/itc.semmelweis.hu\/moodle\/course\/view.php?id=2010\" target=\"_blank\" rel=\"noopener noreferrer\">ebbe a kurzusba<\/a> bel\u00e9pve (&#8222;Iratkoztasson be&#8221; gombra kattintva) tudhat meg t\u00f6bbet.<\/p>\n<p>Ha szeretn\u00e9 kipr\u00f3b\u00e1lni a Moodle funkci\u00f3it, megteheti az al\u00e1bbi oktat\u00f3i <strong><a href=\"https:\/\/itc.semmelweis.hu\/moodle\/course\/view.php?id=991\" target=\"_blank\" rel=\"noopener noreferrer\">gyakorl\u00f3fel\u00fcleten,<\/a> <\/strong>tov\u00e1bbi halad\u00f3 oktat\u00f3anyagokat pedig <a href=\"https:\/\/kaltura.semmelweis.hu\/channel\/OFMSZK\/292714362\" target=\"_blank\" rel=\"noopener\">Kaltura-csatorn\u00e1nkon<\/a> tal\u00e1l.<\/p>\n<p>&nbsp;<\/p>\n<p><em><strong>3. Hozz\u00e1f\u00e9r\u00e9s a saj\u00e1t kurzusunkhoz a Moodle-ben<\/strong><\/em><\/p>\n<ol>\n<li>Az aktu\u00e1lis f\u00e9l\u00e9vben indul\u00f3 t\u00e1rgyakhoz \u00faj Moodle-fel\u00fcletet kell l\u00e9trehoznunk, melyet a <a href=\"https:\/\/seka.semmelweis.hu\/shib\/user\/create_course\" target=\"_blank\" rel=\"noopener\">Kurzusl\u00e9trehoz\u00f3 fel\u00fcleten<\/a>\u00a0tudunk megtenni. A fel\u00fclet haszn\u00e1lat\u00e1hoz\u00a0<a href=\"https:\/\/seka.semmelweis.hu\/shib\/user\/create_course?help\" target=\"_blank\" rel=\"noopener\">itt<\/a>\u00a0\u00e9rhet\u0151 el \u00fatmutat\u00f3nk.\n<\/li>\n<li>A fel\u00fclet l\u00e9trehoz\u00e1sa ut\u00e1n\u00a0<a href=\"https:\/\/itc.semmelweis.hu\/moodle\/mod\/page\/view.php?id=127420\" target=\"_blank\" rel=\"noopener\">szerkeszt\u0151 tan\u00e1ri ill. nem szerkeszt\u0151 tan\u00e1ri hozz\u00e1f\u00e9r\u00e9st<\/a>\u00a0kell adnunk azoknak a koll\u00e9g\u00e1inknak, akiknek erre sz\u00fcks\u00e9g\u00fck van. A hallgat\u00f3k hozz\u00e1rendel\u00e9se a kurzus l\u00e9trehoz\u00e1sakor megt\u00f6rt\u00e9nik, a hallgat\u00f3k t\u00e9nyleges megjelen\u00e9s\u00e9re azonban p\u00e1r \u00f3r\u00e1t v\u00e1rnunk kell.\n<\/li>\n<li>Ha sz\u00fcks\u00e9g\u00fcnk van arra, hogy a\u00a0<strong>Neptun-csoportok<\/strong> lek\u00e9pez\u0151djenek a kurzusunkba,\u00a0akkor a Kurzusbe\u00e1ll\u00edt\u00e1sok alj\u00e1n a \u201eCsoportk\u00e9pz\u00e9s a Neptun adatai alapj\u00e1n\u201d r\u00e9szben tegy\u00fcnk pip\u00e1t a \u201eK\u00e9rem a csoportok Neptunb\u00f3l t\u00f6rt\u00e9n\u0151 szinkroniz\u00e1ci\u00f3j\u00e1t\u201d be\u00e1ll\u00edt\u00e1shoz. Ha t\u00f6bb Neptun-k\u00f3dot akarunk a kurzusunkhoz rendelni, akkor azt \u201eA hallgat\u00f3i hozz\u00e1f\u00e9r\u00e9s be\u00e1ll\u00edt\u00e1sai\u201d r\u00e9szen tehetj\u00fck meg.\n<\/li>\n<li>A kurzusunk tartalm\u00e1t nem kell \u00fajra elk\u00e9sz\u00edten\u00fcnk, azt bem\u00e1solhatjuk az el\u0151z\u0151 \u00e9vekben l\u00e9trehozott kurzusokb\u00f3l az\u00a0<a href=\"https:\/\/itc.semmelweis.hu\/moodle\/mod\/page\/view.php?id=122228\" target=\"_blank\" rel=\"noopener\">al\u00e1bbi \u00fatmutat\u00f3<\/a>\u00a0seg\u00edts\u00e9g\u00e9vel.<\/li>\n<\/ol>\n<p>&nbsp;<\/p>\n<p><strong><em>4. Az egyetemi Zoom haszn\u00e1lata<\/em><\/strong><\/p>\n<p>Ha megvan a SeKA-hozz\u00e1f\u00e9r\u00e9se, a <a href=\"https:\/\/semmelweis.zoom.us\/\" target=\"_blank\" rel=\"noopener noreferrer\"><strong>semmelweis.zoom.us<\/strong><\/a><span style=\"font-size: 1rem\"> honlapon be tud jelentkezni, ezzel l\u00e9trej\u00f6n az egyetemi Zoom-fi\u00f3kja. Ellen\u0151rizze, hogy alapszint\u0171 vagy pr\u00e9mium licence van (jobb fels\u0151 sarokban profilk\u00e9pre kattintva -&gt; Basic or Licensed). A pr\u00e9mium licenccel maximum 300 f\u0151 r\u00e9sz\u00e9re korl\u00e1tlan idej\u0171 megbesz\u00e9l\u00e9seket tarthat, <\/span>m\u00edg az alapszint\u0171 jogosults\u00e1ggal is k\u00e9pes maximum 40 perces megbesz\u00e9l\u00e9seket szervezni ugyan\u00fagy 300 f\u0151 r\u00e9sz\u00e9re.<\/p>\n<p><strong>A pr\u00e9mium licencek ig\u00e9nyl\u00e9s\u00e9hez k\u00e9rj\u00fck, forduljon <a href=\"https:\/\/semmelweis.hu\/oktatasmodszertan\/ugyfelszolgalat\/\" target=\"_blank\" rel=\"noopener\">\u00fcgyf\u00e9lszolg\u00e1latunkhoz.\u00a0<\/a><\/strong>Ha van olyan munkat\u00e1rsa, akinek m\u00e1r nem sz\u00fcks\u00e9ges a pr\u00e9mium fi\u00f3k, k\u00e9rj\u00fck, jelezze ezt is k\u00e9relm\u00e9ben, hogy \u00e1t tudjuk \u00d6nnek adni a hozz\u00e1f\u00e9r\u00e9st.<\/p>\n<p>A Zoom-felh\u0151be mentett 60 napn\u00e1l r\u00e9gebbi felv\u00e9telek tov\u00e1bbra is t\u00f6rl\u00e9sre ker\u00fclnek. A let\u00f6r\u00f6lt felv\u00e9telek a t\u00f6rl\u00e9s id\u0151pontj\u00e1t\u00f3l sz\u00e1m\u00edtva 30 napig vissza\u00e1ll\u00edthat\u00f3ak, ezt k\u00f6vet\u0151en azonban elvesznek, ez\u00e9rt ezeket a Kaltura-vide\u00f3t\u00e1rhelyre sz\u00fcks\u00e9ges felt\u00f6lteni. Az egyes teend\u0151kr\u0151l r\u00f6vid t\u00e1j\u00e9koztat\u00f3 vide\u00f3t k\u00e9sz\u00edtett\u00fcnk, mely\u00a0<a href=\"https:\/\/itc.semmelweis.hu\/moodle\/mod\/page\/view.php?id=127423&amp;forceview=1\" target=\"_blank\" rel=\"noopener\">itt<\/a>\u00a0\u00e9rhet\u0151 el.<\/p>\n<p>K\u00e9rem, b\u00f6ng\u00e9ssze \u00e1t <a href=\"https:\/\/semmelweis.hu\/oktatasmodszertan\/tavoktatas\/zoom-utmutato\/\" target=\"_blank\" rel=\"noopener noreferrer\"><strong>Zoom-\u00fatmutat\u00f3nkat <\/strong><\/a>a rendszer megismer\u00e9s\u00e9hez.<\/p>\n<p>&nbsp;<\/p>\n<p><strong><em>5. Az egyetemi Kaltura haszn\u00e1lata<\/em> <\/p>\n<p><\/strong>A Moodle e-learning rendszer \u00e9s a Zoom videokonferencia-szoftver mellett oktat\u00e1stechnol\u00f3giai szolg\u00e1ltat\u00e1sunk harmadik eleme a <a href=\"https:\/\/kaltura.semmelweis.hu\/\" target=\"_blank\" rel=\"noopener noreferrer\"><strong>Kaltura<\/strong><\/a>, mely egyszerre vide\u00f3t\u00e1rhely \u00e9s interakt\u00edv vide\u00f3k k\u00e9sz\u00edt\u00e9s\u00e9nek eszk\u00f6ze.<\/p>\n<p>A Kaltur\u00e1val az\u00e9rt is \u00e9rdemes megismerkedni, mert a Zoom-t\u00e1rhely tehermentes\u00edt\u00e9se \u00e9rdek\u00e9ben az elk\u00e9sz\u00fclt vide\u00f3kat (el\u0151ad\u00e1sok, gyakorlatok, oktat\u00f3vide\u00f3k) a Kaltur\u00e1ba minden esetben sz\u00fcks\u00e9ges <a href=\"https:\/\/itc.semmelweis.hu\/moodle\/mod\/page\/view.php?id=127423&amp;forceview=1\" target=\"_blank\" rel=\"noopener noreferrer\">felt\u00f6lteni.<\/a><\/p>\n<p>A SeKA-hozz\u00e1f\u00e9r\u00e9ssel el\u00e9rhet\u0151 <a href=\"https:\/\/kaltura.semmelweis.hu\/channel\/OFMSZK\/292714362\" target=\"_blank\" rel=\"noopener noreferrer\">honlapon<\/a> sz\u00e1mos oktat\u00f3vide\u00f3t tett\u00fcnk k\u00f6zz\u00e9 a Moodle, a Zoom, a Kaltura, valamint a <a href=\"https:\/\/semmelweis.hu\/oktatasmodszertan\/oktatasertekeles\/feedback\/\" target=\"_blank\" rel=\"noopener noreferrer\">QR-k\u00f3dos OMHV<\/a> m\u0171k\u00f6d\u00e9s\u00e9r\u0151l.<\/p>\n<p>&nbsp;<\/p>\n<p><em><strong>6. Tov\u00e1bbi seg\u00e9danyagok<\/strong><\/em><\/p>\n<ul>\n<li>Rendszeresen szervez\u00fcnk <strong><a href=\"https:\/\/semmelweis.hu\/oktatasmodszertan\/oktatasi-segedanyagok\/oktatastamogatas-esemenyek\/\" target=\"_blank\" rel=\"noopener noreferrer\">oktat\u00e1st\u00e1mogat\u00e1si programokat<\/a><\/strong>, ahol t\u00f6bbek k\u00f6z\u00f6tt a Moodle \u00e9s a Zoom rendszer m\u0171k\u00f6d\u00e9s\u00e9t is bemutatjuk oktat\u00f3inknak.<\/li>\n<li>Ha szeretne \u00e9rtes\u00fclni esem\u00e9nyeinkr\u0151l, pedag\u00f3giai t\u00e9m\u00e1j\u00fa konferenci\u00e1kr\u00f3l vagy a Moodle \u00fajdons\u00e1gair\u00f3l, k\u00e9rj\u00fck, iratkozzon fel <strong><a href=\"https:\/\/semmelweis.hu\/oktatasmodszertan\/feliratkozas-hirlevelre\/\" target=\"_blank\" rel=\"noopener noreferrer\">h\u00edrlevel\u00fcnkre.<\/a><\/strong><\/li>\n<li>Honlapunkon tov\u00e1bbi seg\u00e9danyagokat tal\u00e1l az E-learning men\u00fcpontban, p\u00e9ld\u00e1ul a k\u00fcl\u00f6nb\u00f6z\u0151 <a href=\"https:\/\/semmelweis.hu\/oktatasmodszertan\/oktatasi-segedanyagok\/online-oktatasi-eszkozok\/\" target=\"_blank\" rel=\"noopener noreferrer\">online alkalmaz\u00e1sokkal<\/a> kapcsolatban.<\/li>\n<li><strong><a href=\"https:\/\/www.facebook.com\/oktatasfejlesztesikozpont\/\" target=\"_blank\" rel=\"noopener noreferrer\">Facebook-oldalunkon<\/a> <\/strong>szint\u00e9n folyamatosan tesz\u00fcnk k\u00f6zz\u00e9 oktat\u00e1sm\u00f3dszertani anyagokat, esem\u00e9nyeket.\n<\/li>\n<\/ul>\n<p>&nbsp;<\/p>\n<div class=\"keretes w-100\">\n<p>Ha b\u00e1rmikor elakad a folyamatban vagy technikai k\u00e9rd\u00e9sei lenn\u00e9nek, k\u00e9rem, l\u00e9pjen kapcsolatba\u00a0<a href=\"https:\/\/semmelweis.hu\/oktatasmodszertan\/ugyfelszolgalat\/\" target=\"_blank\" rel=\"noopener\">\u00fcgyf\u00e9lszolg\u00e1latunkkal.<\/a><\/p>\n<\/div>\n","protected":false},"excerpt":{"rendered":"<p>Az egyetemi e-learning rendszer sikeres haszn\u00e1lat\u00e1hoz a k\u00f6vetkez\u0151 l\u00e9p\u00e9seket aj\u00e1nljuk kedves oktat\u00f3inknak. &nbsp; 1. SeKA-hozz\u00e1f\u00e9r\u00e9s A <a href=\"https:\/\/itc.semmelweis.hu\/moodle\/\" target=\"_blank\" rel=\"noopener noreferrer\">Moodle<\/a> -be val\u00f3 bel\u00e9p\u00e9shez <a href=\"https:\/\/semmelweis.hu\/oktatasmodszertan\/e-learning\/a-seka-azonositorol\/\" target=\"_blank\" rel=\"noopener\">SeKA-hozz\u00e1f\u00e9r\u00e9s<\/a> (Semmelweis Egyetem K\u00f6zponti Azonos\u00edt\u00f3) sz\u00fcks\u00e9ges. 2022 nyara \u00f3ta a SeKA rendszerben az azonos\u00edt\u00f3k\u00a0automatikusan j\u00f6nnek l\u00e9tre\u00a0az Informatikai F\u0151igazgat\u00f3s\u00e1g \u00e1ltal \u00fczemeltetett\u00a0 <a href=\"https:\/\/o365portal.semmelweis.hu\/\" target=\"_blank\" rel=\"noopener\">O365 rendszer<\/a> alapj\u00e1n, nincs a tov\u00e1bbiakban sz\u00fcks\u00e9g k\u00fcl\u00f6n ig\u00e9nyl\u00e9sre, illetve a jelszavak is az O365 rendszerb\u0151l szinkroniz\u00e1l\u00f3dnak, azokat csak &hellip;<\/p>\n","protected":false},"author":101470,"featured_media":0,"parent":1515,"menu_order":1,"comment_status":"closed","ping_status":"closed","template":"","meta":{"_acf_changed":false,"footnotes":""},"categories":[],"tags":[],"class_list":["post-1773","page","type-page","status-publish","hentry"],"acf":[],"_links":{"self":[{"href":"https:\/\/semmelweis.hu\/oktatasmodszertan\/wp-json\/wp\/v2\/pages\/1773","targetHints":{"allow":["GET"]}}],"collection":[{"href":"https:\/\/semmelweis.hu\/oktatasmodszertan\/wp-json\/wp\/v2\/pages"}],"about":[{"href":"https:\/\/semmelweis.hu\/oktatasmodszertan\/wp-json\/wp\/v2\/types\/page"}],"author":[{"embeddable":true,"href":"https:\/\/semmelweis.hu\/oktatasmodszertan\/wp-json\/wp\/v2\/users\/101470"}],"replies":[{"embeddable":true,"href":"https:\/\/semmelweis.hu\/oktatasmodszertan\/wp-json\/wp\/v2\/comments?post=1773"}],"version-history":[{"count":10,"href":"https:\/\/semmelweis.hu\/oktatasmodszertan\/wp-json\/wp\/v2\/pages\/1773\/revisions"}],"predecessor-version":[{"id":5095,"href":"https:\/\/semmelweis.hu\/oktatasmodszertan\/wp-json\/wp\/v2\/pages\/1773\/revisions\/5095"}],"up":[{"embeddable":true,"href":"https:\/\/semmelweis.hu\/oktatasmodszertan\/wp-json\/wp\/v2\/pages\/1515"}],"wp:attachment":[{"href":"https:\/\/semmelweis.hu\/oktatasmodszertan\/wp-json\/wp\/v2\/media?parent=1773"}],"wp:term":[{"taxonomy":"category","embeddable":true,"href":"https:\/\/semmelweis.hu\/oktatasmodszertan\/wp-json\/wp\/v2\/categories?post=1773"},{"taxonomy":"post_tag","embeddable":true,"href":"https:\/\/semmelweis.hu\/oktatasmodszertan\/wp-json\/wp\/v2\/tags?post=1773"}],"curies":[{"name":"wp","href":"https:\/\/api.w.org\/{rel}","templated":true}]}}