{"id":1754,"date":"2020-03-28T09:52:28","date_gmt":"2020-03-28T08:52:28","guid":{"rendered":"http:\/\/semmelweis.hu\/oktatasmodszertan\/?page_id=1754"},"modified":"2024-11-28T10:57:26","modified_gmt":"2024-11-28T09:57:26","slug":"kundenbetreuung","status":"publish","type":"page","link":"https:\/\/semmelweis.hu\/oktatasmodszertan\/de\/kundenbetreuung\/","title":{"rendered":"Kundenbetreuung"},"content":{"rendered":"<p><strong>Bei Fragen und Problemen bez\u00fcglich Fernunterrichtes stehen wir Ihnen wie folgt zur Verf\u00fcgung:<\/strong><\/p>\n<p class=\"Normal\"><strong>PRIM\u00c4RE KONTAKT:<\/strong><\/p>\n<p class=\"Normal\">helpdesk@e-learning.semmelweis.hu\u00a0<\/p>\n<p class=\"Normal\"><strong>WEITERE M\u00d6GLICHKEITEN:<\/strong><\/p>\n<table style=\"width: 101.768%;height: 282px\">\n<tbody>\n<tr style=\"height: 56px\">\n<td style=\"width: 23.9456%;height: 56px\"><strong>Csilla Fekete<\/strong><\/td>\n<td style=\"width: 45.3061%;height: 56px\">+36-20-666-3385<br \/>\nfekete.csilla@semmelweis.hu<\/td>\n<td style=\"width: 32.381%;height: 56px\">OMHV,<a href=\"https:\/\/itc.semmelweis.hu\/moodle\/?lang=de\" target=\"_blank\" rel=\"noopener noreferrer\"> Moodle<\/a>,\u00a0<a href=\"https:\/\/seka.semmelweis.hu\/en\" target=\"_blank\" rel=\"noopener noreferrer\">SeKA<\/a><\/td>\n<\/tr>\n<tr style=\"height: 56px\">\n<td style=\"width: 23.9456%;height: 56px\"><strong>Andrea Moln\u00e1rn\u00e9 Sz\u00e1nt\u00f3<\/strong><\/td>\n<td style=\"width: 45.3061%;height: 56px\">molnarne.szanto.andrea@semmelweis.hu<\/td>\n<td style=\"width: 32.381%;height: 56px\"><a href=\"https:\/\/itc.semmelweis.hu\/moodle\/?lang=de\" target=\"_blank\" rel=\"noopener noreferrer\">Moodle<\/a>,\u00a0<a href=\"https:\/\/seka.semmelweis.hu\/en\" target=\"_blank\" rel=\"noopener noreferrer\">SeKA<\/a><\/td>\n<\/tr>\n<tr style=\"height: 56px\">\n<td style=\"width: 23.9456%;height: 56px\"><strong>Tam\u00e1s Anders<\/strong><\/td>\n<td style=\"width: 45.3061%;height: 56px\">+36-30-016-4346<br \/>\nanders.tamas@semmelweis.hu<\/td>\n<td style=\"width: 32.381%;height: 56px\"><a href=\"https:\/\/kaltura.semmelweis.hu\/\" target=\"_blank\" rel=\"noopener noreferrer\">Kaltura,<\/a> <a href=\"https:\/\/seka.semmelweis.hu\/en\/info\/eduroam\" target=\"_blank\" rel=\"noopener noreferrer\">eduroam<\/a><\/td>\n<\/tr>\n<tr style=\"height: 29px\">\n<td style=\"width: 23.9456%;height: 29px\"><strong>Borb\u00e1la Kozma<\/strong><\/td>\n<td style=\"width: 45.3061%;height: 29px\">kozma.borbala@semmelweis.hu<\/td>\n<td style=\"width: 32.381%;height: 29px\">Kurse f\u00fcr Lehrer<\/td>\n<\/tr>\n<tr style=\"height: 56px\">\n<td style=\"width: 23.9456%;height: 56px\"><strong>Katalin Monz\u00e9ger, J. D.<\/strong><\/td>\n<td style=\"width: 45.3061%;height: 56px\">+36-20-670-1746<br \/>\nmonzeger.katalin@semmelweis.hu<\/td>\n<td style=\"width: 32.381%;height: 56px\"><a href=\"https:\/\/semmelweis.hu\/oktatasmodszertan\/de\/anleitung-zum-zoom\/\" target=\"_blank\" rel=\"noopener noreferrer\">Zoom<\/a><\/td>\n<\/tr>\n<tr style=\"height: 29px\">\n<td style=\"width: 23.9456%;height: 29px\"><strong>Andr\u00e1s L\u00e1szl\u00f3 Sz\u00f6gi<\/strong><\/td>\n<td style=\"width: 45.3061%;height: 29px\">\n<div id=\"GroupWiseSection_1669370502000_monzeger.katalin@semmelweis-univ.hu_568D13811EB50000B4706F6437386235_\" class=\"GroupWiseMessageBody active\">\n<div id=\"GroupWiseSection_1669370500000_monzeger.katalin@semmelweis-univ.hu_568D13811EB50000B4706F6437386235_\" class=\"GroupWiseMessageBody\"><span class=\"GroupwiseReplyHeader\">szogi.andras@semmelweis.hu<\/span><\/div>\n<\/div>\n<\/td>\n<td style=\"width: 32.381%;height: 29px\"><a href=\"https:\/\/feedback.semmelweis.hu\/\" target=\"_blank\" rel=\"noopener noreferrer\">QR Feedbacksystem<\/a><\/td>\n<\/tr>\n<\/tbody>\n<\/table>\n","protected":false},"excerpt":{"rendered":"<p>Bei Fragen und Problemen bez\u00fcglich Fernunterrichtes stehen wir Ihnen wie folgt zur Verf\u00fcgung: PRIM\u00c4RE KONTAKT: helpdesk@e-learning.semmelweis.hu\u00a0 WEITERE M\u00d6GLICHKEITEN: Csilla Fekete +36-20-666-3385 fekete.csilla@semmelweis.hu OMHV, <a href=\"https:\/\/itc.semmelweis.hu\/moodle\/?lang=de\" target=\"_blank\" rel=\"noopener noreferrer\"> Moodle<\/a> ,\u00a0 <a href=\"https:\/\/seka.semmelweis.hu\/en\" target=\"_blank\" rel=\"noopener noreferrer\">SeKA<\/a> Andrea Moln\u00e1rn\u00e9 Sz\u00e1nt\u00f3 molnarne.szanto.andrea@semmelweis.hu <a href=\"https:\/\/itc.semmelweis.hu\/moodle\/?lang=de\" target=\"_blank\" rel=\"noopener noreferrer\">Moodle<\/a> ,\u00a0 <a href=\"https:\/\/seka.semmelweis.hu\/en\" target=\"_blank\" rel=\"noopener noreferrer\">SeKA<\/a> Tam\u00e1s Anders +36-30-016-4346 anders.tamas@semmelweis.hu <a href=\"https:\/\/kaltura.semmelweis.hu\/\" target=\"_blank\" rel=\"noopener noreferrer\">Kaltura,<\/a> <a href=\"https:\/\/seka.semmelweis.hu\/en\/info\/eduroam\" target=\"_blank\" rel=\"noopener noreferrer\">eduroam<\/a> Borb\u00e1la Kozma kozma.borbala@semmelweis.hu Kurse f\u00fcr Lehrer Katalin Monz\u00e9ger, J. D. +36-20-670-1746 monzeger.katalin@semmelweis.hu <a href=\"https:\/\/semmelweis.hu\/oktatasmodszertan\/de\/anleitung-zum-zoom\/\" target=\"_blank\" rel=\"noopener noreferrer\">Zoom<\/a> Andr\u00e1s L\u00e1szl\u00f3 Sz\u00f6gi szogi.andras@semmelweis.hu &hellip;<\/p>\n","protected":false},"author":101470,"featured_media":0,"parent":0,"menu_order":0,"comment_status":"closed","ping_status":"closed","template":"template-fullwidth.php","meta":{"_acf_changed":false,"footnotes":""},"categories":[],"tags":[],"class_list":["post-1754","page","type-page","status-publish","hentry"],"acf":[],"_links":{"self":[{"href":"https:\/\/semmelweis.hu\/oktatasmodszertan\/wp-json\/wp\/v2\/pages\/1754","targetHints":{"allow":["GET"]}}],"collection":[{"href":"https:\/\/semmelweis.hu\/oktatasmodszertan\/wp-json\/wp\/v2\/pages"}],"about":[{"href":"https:\/\/semmelweis.hu\/oktatasmodszertan\/wp-json\/wp\/v2\/types\/page"}],"author":[{"embeddable":true,"href":"https:\/\/semmelweis.hu\/oktatasmodszertan\/wp-json\/wp\/v2\/users\/101470"}],"replies":[{"embeddable":true,"href":"https:\/\/semmelweis.hu\/oktatasmodszertan\/wp-json\/wp\/v2\/comments?post=1754"}],"version-history":[{"count":11,"href":"https:\/\/semmelweis.hu\/oktatasmodszertan\/wp-json\/wp\/v2\/pages\/1754\/revisions"}],"predecessor-version":[{"id":5366,"href":"https:\/\/semmelweis.hu\/oktatasmodszertan\/wp-json\/wp\/v2\/pages\/1754\/revisions\/5366"}],"wp:attachment":[{"href":"https:\/\/semmelweis.hu\/oktatasmodszertan\/wp-json\/wp\/v2\/media?parent=1754"}],"wp:term":[{"taxonomy":"category","embeddable":true,"href":"https:\/\/semmelweis.hu\/oktatasmodszertan\/wp-json\/wp\/v2\/categories?post=1754"},{"taxonomy":"post_tag","embeddable":true,"href":"https:\/\/semmelweis.hu\/oktatasmodszertan\/wp-json\/wp\/v2\/tags?post=1754"}],"curies":[{"name":"wp","href":"https:\/\/api.w.org\/{rel}","templated":true}]}}