{"id":1740,"date":"2020-03-27T10:48:02","date_gmt":"2020-03-27T09:48:02","guid":{"rendered":"http:\/\/semmelweis.hu\/oktatasmodszertan\/?page_id=1740"},"modified":"2024-11-28T10:56:50","modified_gmt":"2024-11-28T09:56:50","slug":"support","status":"publish","type":"page","link":"https:\/\/semmelweis.hu\/oktatasmodszertan\/en\/support\/","title":{"rendered":"Support"},"content":{"rendered":"<p><strong>If you have any questions or problems about distance learning, you can contact us via the following methods:<\/strong><\/p>\n<p><strong>PRIMARY HELPDESK E-MAIL ADDRESS:<\/strong><br \/>\nhelpdesk@e-learning.semmelweis.hu<\/p>\n<div class=\"fontos_div w-100\">\n<p>Please, always include your <strong>Neptun ID<\/strong>\u00a0in your e-mail.<\/p>\n<\/div>\n<p><strong><br \/>\nOTHER OPTIONS:<\/strong><\/p>\n<table style=\"width: 100.318%;height: 282px\">\n<tbody>\n<tr style=\"height: 56px\">\n<td style=\"width: 167px;height: 56px\"><strong>Csilla Fekete<\/strong><\/td>\n<td style=\"width: 329px;height: 56px\">+36-20-666-3385<br \/>\nfekete.csilla@semmelweis.hu<\/td>\n<td style=\"width: 237px;height: 56px\"><a href=\"https:\/\/semmelweis.hu\/oktatasmodszertan\/en\/teaching-evaluation\/omhv-student-evaluation-of-teaching-work\/\" target=\"_blank\" rel=\"noopener\">OMHV,<\/a><a href=\"https:\/\/itc.semmelweis.hu\/moodle\/?lang=en\" target=\"_blank\" rel=\"noopener noreferrer\"> Moodle<\/a>,\u00a0<a href=\"https:\/\/seka.semmelweis.hu\/en\" target=\"_blank\" rel=\"noopener noreferrer\">SeKA<\/a><\/td>\n<\/tr>\n<tr style=\"height: 56px\">\n<td style=\"width: 167px;height: 56px\"><strong>Andrea Moln\u00e1rn\u00e9 Sz\u00e1nt\u00f3<\/strong><\/td>\n<td style=\"width: 329px;height: 56px\">\n<div class=\"elementToProof\">molnarne.szanto.andrea@semmelweis.hu<\/div>\n<\/td>\n<td style=\"width: 237px;height: 56px\"><a href=\"https:\/\/itc.semmelweis.hu\/moodle\/?lang=en\" target=\"_blank\" rel=\"noopener noreferrer\">Moodle<\/a>,\u00a0<a href=\"https:\/\/seka.semmelweis.hu\/en\" target=\"_blank\" rel=\"noopener noreferrer\">SeKA<\/a><\/td>\n<\/tr>\n<tr style=\"height: 56px\">\n<td style=\"width: 167px;height: 56px\"><strong>Tam\u00e1s Anders<\/strong><\/td>\n<td style=\"width: 329px;height: 56px\">+36-30-016-4346<br \/>\nanders.tamas@semmelweis.hu<\/td>\n<td style=\"width: 237px;height: 56px\"><a href=\"https:\/\/kaltura.semmelweis.hu\/\" target=\"_blank\" rel=\"noopener noreferrer\">Kaltura,<\/a> <a href=\"https:\/\/seka.semmelweis.hu\/en\/info\/eduroam\" target=\"_blank\" rel=\"noopener noreferrer\">eduroam<\/a><\/td>\n<\/tr>\n<tr style=\"height: 29px\">\n<td style=\"width: 167px;height: 29px\"><strong>Borb\u00e1la Kozma<\/strong><\/td>\n<td style=\"width: 329px;height: 29px\">kozma.borbala@semmelweis.hu<\/td>\n<td style=\"width: 237px;height: 29px\"><a href=\"https:\/\/semmelweis.hu\/oktatasmodszertan\/en\/teaching-support\/events\/\" target=\"_blank\" rel=\"noopener noreferrer\">courses for teachers<\/a><\/td>\n<\/tr>\n<tr style=\"height: 56px\">\n<td style=\"width: 167px;height: 56px\"><strong>Katalin Monz\u00e9ger, J. D.<\/strong><\/td>\n<td style=\"width: 329px;height: 56px\">+36-20-670-1746<br \/>\nmonzeger.katalin@semmelweis.hu<\/td>\n<td style=\"width: 237px;height: 56px\"><a href=\"https:\/\/semmelweis.hu\/oktatasmodszertan\/en\/zoom-guide\/\" target=\"_blank\" rel=\"noopener noreferrer\">Zoom,<\/a> <a href=\"https:\/\/semmelweis.hu\/oktatasmodszertan\/en\/teaching-support\/online-educational-tools\/\">online educational tools<\/a><\/td>\n<\/tr>\n<tr style=\"height: 29px\">\n<td style=\"width: 167px;height: 29px\"><strong>Andr\u00e1s L\u00e1szl\u00f3 Sz\u00f6gi<\/strong><\/td>\n<td style=\"width: 329px;height: 29px\">\n<div id=\"GroupWiseSection_1669370502000_monzeger.katalin@semmelweis-univ.hu_568D13811EB50000B4706F6437386235_\" class=\"GroupWiseMessageBody active\">\n<div id=\"GroupWiseSection_1669370500000_monzeger.katalin@semmelweis-univ.hu_568D13811EB50000B4706F6437386235_\" class=\"GroupWiseMessageBody\"><span class=\"GroupwiseReplyHeader\">szogi.andras@semmelweis.hu<\/span><\/div>\n<\/div>\n<\/td>\n<td style=\"width: 237px;height: 29px\"><a href=\"https:\/\/feedback.semmelweis.hu\/\" target=\"_blank\" rel=\"noopener noreferrer\">QR feedback system<\/a><\/td>\n<\/tr>\n<\/tbody>\n<\/table>\n","protected":false},"excerpt":{"rendered":"<p>If you have any questions or problems about distance learning, you can contact us via the following methods: PRIMARY HELPDESK E-MAIL ADDRESS: helpdesk@e-learning.semmelweis.hu Please, always include your Neptun ID\u00a0in your e-mail. OTHER OPTIONS: Csilla Fekete +36-20-666-3385 fekete.csilla@semmelweis.hu <a href=\"https:\/\/semmelweis.hu\/oktatasmodszertan\/en\/teaching-evaluation\/omhv-student-evaluation-of-teaching-work\/\" target=\"_blank\" rel=\"noopener\">OMHV,<\/a> <a href=\"https:\/\/itc.semmelweis.hu\/moodle\/?lang=en\" target=\"_blank\" rel=\"noopener noreferrer\"> Moodle<\/a> ,\u00a0 <a href=\"https:\/\/seka.semmelweis.hu\/en\" target=\"_blank\" rel=\"noopener noreferrer\">SeKA<\/a> Andrea Moln\u00e1rn\u00e9 Sz\u00e1nt\u00f3 molnarne.szanto.andrea@semmelweis.hu <a href=\"https:\/\/itc.semmelweis.hu\/moodle\/?lang=en\" target=\"_blank\" rel=\"noopener noreferrer\">Moodle<\/a> ,\u00a0 <a href=\"https:\/\/seka.semmelweis.hu\/en\" target=\"_blank\" rel=\"noopener noreferrer\">SeKA<\/a> Tam\u00e1s Anders +36-30-016-4346 anders.tamas@semmelweis.hu <a href=\"https:\/\/kaltura.semmelweis.hu\/\" target=\"_blank\" rel=\"noopener noreferrer\">Kaltura,<\/a> <a href=\"https:\/\/seka.semmelweis.hu\/en\/info\/eduroam\" target=\"_blank\" rel=\"noopener noreferrer\">eduroam<\/a> Borb\u00e1la Kozma kozma.borbala@semmelweis.hu <a href=\"https:\/\/semmelweis.hu\/oktatasmodszertan\/en\/teaching-support\/events\/\" target=\"_blank\" rel=\"noopener noreferrer\">courses for teachers<\/a> Katalin Monz\u00e9ger, J. D. +36-20-670-1746 &hellip;<\/p>\n","protected":false},"author":101470,"featured_media":0,"parent":0,"menu_order":0,"comment_status":"closed","ping_status":"closed","template":"template-fullwidth.php","meta":{"_acf_changed":false,"footnotes":""},"categories":[],"tags":[],"class_list":["post-1740","page","type-page","status-publish","hentry"],"acf":[],"_links":{"self":[{"href":"https:\/\/semmelweis.hu\/oktatasmodszertan\/wp-json\/wp\/v2\/pages\/1740","targetHints":{"allow":["GET"]}}],"collection":[{"href":"https:\/\/semmelweis.hu\/oktatasmodszertan\/wp-json\/wp\/v2\/pages"}],"about":[{"href":"https:\/\/semmelweis.hu\/oktatasmodszertan\/wp-json\/wp\/v2\/types\/page"}],"author":[{"embeddable":true,"href":"https:\/\/semmelweis.hu\/oktatasmodszertan\/wp-json\/wp\/v2\/users\/101470"}],"replies":[{"embeddable":true,"href":"https:\/\/semmelweis.hu\/oktatasmodszertan\/wp-json\/wp\/v2\/comments?post=1740"}],"version-history":[{"count":10,"href":"https:\/\/semmelweis.hu\/oktatasmodszertan\/wp-json\/wp\/v2\/pages\/1740\/revisions"}],"predecessor-version":[{"id":5365,"href":"https:\/\/semmelweis.hu\/oktatasmodszertan\/wp-json\/wp\/v2\/pages\/1740\/revisions\/5365"}],"wp:attachment":[{"href":"https:\/\/semmelweis.hu\/oktatasmodszertan\/wp-json\/wp\/v2\/media?parent=1740"}],"wp:term":[{"taxonomy":"category","embeddable":true,"href":"https:\/\/semmelweis.hu\/oktatasmodszertan\/wp-json\/wp\/v2\/categories?post=1740"},{"taxonomy":"post_tag","embeddable":true,"href":"https:\/\/semmelweis.hu\/oktatasmodszertan\/wp-json\/wp\/v2\/tags?post=1740"}],"curies":[{"name":"wp","href":"https:\/\/api.w.org\/{rel}","templated":true}]}}