{"id":1700,"date":"2020-03-25T09:39:57","date_gmt":"2020-03-25T08:39:57","guid":{"rendered":"http:\/\/semmelweis.hu\/oktatasmodszertan\/?page_id=1700"},"modified":"2023-08-01T14:29:31","modified_gmt":"2023-08-01T12:29:31","slug":"ueber-das-zentrum","status":"publish","type":"page","link":"https:\/\/semmelweis.hu\/oktatasmodszertan\/de\/ueber-uns\/ueber-das-zentrum\/","title":{"rendered":"\u00dcber das Zentrum"},"content":{"rendered":"<p>Das Zentrum f\u00fcr Unterrichtsentwicklung, -methodologie und Organisation ist eine zentrale Organisationseinheit, deren Ziel es ist, <strong>durch Dienstleistungen f\u00fcr Dozentinnen die Lehrt\u00e4tigkeit der universit\u00e4ren Organisationseinheiten zu unterst\u00fctzen.<\/strong><\/p>\n<p><strong>Aufbau des Zentrums:<\/strong><\/p>\n<ul>\n<li>Direktorat f\u00fcr E-Learning und die Entwicklung digitaler Inhalte<\/li>\n<li>Abteilung f\u00fcr Unterrichtsentwicklung- und Organisation<\/li>\n<\/ul>\n<p><strong>Die wichtigsten Aufgaben des Zentrums:<\/strong><\/p>\n<table>\n<tbody>\n<tr>\n<td>\n<p><strong>UNTERRICHTSMETHODOLOGIE<\/strong><\/p>\n<\/td>\n<\/tr>\n<tr>\n<td>\n<ul>\n<li>Organisation von Fortbildungen im Bereich Unterrichtsmethodologie<\/li>\n<li>Methodisch-didaktische Unterst\u00fctzung f\u00fcr die DozentInnen der Organisationseinheiten<\/li>\n<li>Organisation von Foren f\u00fcr DozentInnen im Themenbereich der P\u00e4dagogik<\/li>\n<li>Regelm\u00e4\u00dfige Vermittlung von p\u00e4dagoischen und infokommunkationstechnischen Neuigkeiten<\/li>\n<\/ul>\n<\/td>\n<\/tr>\n<tr>\n<td>\n<p><strong>E-LEARNING<\/strong><\/p>\n<\/td>\n<\/tr>\n<tr>\n<td>\n<ul>\n<li>Organisation von E-learning-Fortbildungen<\/li>\n<li>Betreiben des Moodle E-learning Rahmensystems und des Zentralen Identifikationssystems (SeKA) der Semmelweis Universit\u00e4t<\/li>\n<li>Betreiben des Lehrmaterial-Repositoriums<\/li>\n<li>Ausarbeitung von Bild- und Videoelementen f\u00fcr Lehrmaterialien<\/li>\n<li>Koordination und Unterst\u00fctzung der Erstellung von elektronischen Lehrmaterialien<\/li>\n<li>Fachliche Koordination der Anschaffung und Verwendung der bei der Lehre eingesetzten technischen Instrumente<\/li>\n<li>Vorbereitung und Aktualisierung der digitalen Lernstrategie der Universit\u00e4t<\/li>\n<\/ul>\n<\/td>\n<\/tr>\n<tr>\n<td>\n<p><strong>WEITERE AUFGABEN<\/strong><\/p>\n<\/td>\n<\/tr>\n<tr>\n<td>\n<ul>\n<li>Mitwirkung bei der Abwicklung der studentischen Feed-backs und der Leistungsbewertung der Lehrt\u00e4tigkeit<\/li>\n<li>Koordination der Verwaltung und Ver\u00f6ffentlichung von Studienpl\u00e4nen<\/li>\n<li>Koordination der Entwicklung neuer Studienf\u00e4cher und deren Kursprogramme<\/li>\n<li>Absprache studienf\u00e4cher\u00fcbergreifender Inhalte<\/li>\n<li>Kontrolle und Bewertung der Lehr- und Lehrorganisationst\u00e4tigkeit von Bildungsorgansiationseinheiten<\/li>\n<li>Unterrichtsorganisationst\u00e4tigkeit in vom Rektor bestimmten Bereichen<\/li>\n<\/ul>\n<\/td>\n<\/tr>\n<\/tbody>\n<\/table>\n","protected":false},"excerpt":{"rendered":"<p>Das wichtigste Ziel des Zentrums f\u00fcr Unterrichtsentwicklung, -methodologie und Organisation besteht in der Entwickung der Lehre durch die Unterst\u00fctzung der Lehrt\u00e4tigkeit der einzelnen Organisationseinheiten. Um dieses Ziel zu erreichen, f\u00fchren wir folgende Aufgaben aus:<\/p>\n<p><p>&#8211; Organisation von Fortbildungen f\u00fcr DozentInnen im Bereich der Unterrichtsmethodologie des E-Learning<\/p>\n<p><p>&#8211; Betreiben des Moodle-E-Learning Rahmensystems und des Zentralen Identifikationssystems (SeKA) der Semmelweis Universit\u00e4t<\/p>\n<p><p>&#8211; Methodisch-didaktische Unterst\u00fctzung f\u00fcr die Organisationseinheiten<\/p>\n<p><p>&#8211; Koordination und Unterst\u00fctzung der Erstellung von elektronischen Lehrmaterialien <\/p>\n<p><p>&#8211; Koordination der Verwaltung und Ver\u00f6ffentlichung von Studienpl\u00e4nen.<\/p>\n<p>\n","protected":false},"author":101470,"featured_media":1216,"parent":1714,"menu_order":0,"comment_status":"closed","ping_status":"closed","template":"","meta":{"_acf_changed":false,"footnotes":""},"categories":[],"tags":[],"class_list":["post-1700","page","type-page","status-publish","has-post-thumbnail","hentry"],"acf":[],"_links":{"self":[{"href":"https:\/\/semmelweis.hu\/oktatasmodszertan\/wp-json\/wp\/v2\/pages\/1700","targetHints":{"allow":["GET"]}}],"collection":[{"href":"https:\/\/semmelweis.hu\/oktatasmodszertan\/wp-json\/wp\/v2\/pages"}],"about":[{"href":"https:\/\/semmelweis.hu\/oktatasmodszertan\/wp-json\/wp\/v2\/types\/page"}],"author":[{"embeddable":true,"href":"https:\/\/semmelweis.hu\/oktatasmodszertan\/wp-json\/wp\/v2\/users\/101470"}],"replies":[{"embeddable":true,"href":"https:\/\/semmelweis.hu\/oktatasmodszertan\/wp-json\/wp\/v2\/comments?post=1700"}],"version-history":[{"count":6,"href":"https:\/\/semmelweis.hu\/oktatasmodszertan\/wp-json\/wp\/v2\/pages\/1700\/revisions"}],"predecessor-version":[{"id":4362,"href":"https:\/\/semmelweis.hu\/oktatasmodszertan\/wp-json\/wp\/v2\/pages\/1700\/revisions\/4362"}],"up":[{"embeddable":true,"href":"https:\/\/semmelweis.hu\/oktatasmodszertan\/wp-json\/wp\/v2\/pages\/1714"}],"wp:featuredmedia":[{"embeddable":true,"href":"https:\/\/semmelweis.hu\/oktatasmodszertan\/wp-json\/wp\/v2\/media\/1216"}],"wp:attachment":[{"href":"https:\/\/semmelweis.hu\/oktatasmodszertan\/wp-json\/wp\/v2\/media?parent=1700"}],"wp:term":[{"taxonomy":"category","embeddable":true,"href":"https:\/\/semmelweis.hu\/oktatasmodszertan\/wp-json\/wp\/v2\/categories?post=1700"},{"taxonomy":"post_tag","embeddable":true,"href":"https:\/\/semmelweis.hu\/oktatasmodszertan\/wp-json\/wp\/v2\/tags?post=1700"}],"curies":[{"name":"wp","href":"https:\/\/api.w.org\/{rel}","templated":true}]}}