{"id":1675,"date":"2020-03-22T14:07:42","date_gmt":"2020-03-22T13:07:42","guid":{"rendered":"http:\/\/semmelweis.hu\/oktatasmodszertan\/?page_id=1675"},"modified":"2023-08-10T16:26:54","modified_gmt":"2023-08-10T14:26:54","slug":"kontakt","status":"publish","type":"page","link":"https:\/\/semmelweis.hu\/oktatasmodszertan\/de\/kontakt\/","title":{"rendered":"Kontakt"},"content":{"rendered":"<p><strong>Methodisches und organisatorisches Zentrum f\u00fcr Bildungsentwicklung<\/strong><br \/>\nSemmelweis Universit\u00e4t<br \/>\n<a href=\"mailto:oktatasmodszertan@semmelweis.hu\">oktatasmodszertan@semmelweis.hu<\/a><\/p>\n<p><strong>Anschrift:<\/strong> H-1089 Budapest, Nagyv\u00e1rad t\u00e9r 4.<br \/>\n<strong style=\"font-size: 1rem\">Postadresse:<\/strong><span style=\"font-size: 1rem\"> H-1085 Budapest, \u00dcll\u0151i \u00fat 26. (H-1428 Budapest, Pf. 2.)<br \/>\n<strong>Zentrale Telefonnummer: Katalin Monz\u00e9ger &#8211; +36-20-670-1746<\/strong><\/span><\/p>\n<table style=\"border-collapse: collapse;width: 100%;height: 533px\">\n<tbody>\n<tr style=\"height: 28px\">\n<td style=\"width: 20%;height: 28px\"><strong>NAME<\/strong><\/td>\n<td style=\"width: 10%;height: 28px\"><strong>FUNKTION<\/strong><\/td>\n<td style=\"width: 30%;height: 28px\"><strong>TELEFON<\/strong><\/td>\n<td style=\"width: 20%;height: 28px\"><strong>E-MAIL<\/strong><\/td>\n<td style=\"width: 20%;height: 28px\"><strong>B\u00dcRO<\/strong><\/td>\n<\/tr>\n<tr style=\"height: 162px\">\n<td style=\"width: 20%;height: 162px\"><strong>Dr. Kiss Levente<\/strong><\/td>\n<td style=\"width: 10%;height: 162px\">Direktor, Dozent<\/td>\n<td style=\"width: 30%;height: 162px\">+36-20-384-5753<\/td>\n<td style=\"width: 20%;height: 162px\">kiss.levente@semmelweis.hu; oktatasmodszertan@semmelweis.hu<\/td>\n<td style=\"width: 20%;height: 162px\"><em>Zentrum f\u00fcr Vorklinik &#8211; 1094 Budapest, T\u0171zolt\u00f3 u. 37-47. 3.337\/2<\/em><\/td>\n<\/tr>\n<tr>\n<td style=\"width: 20%\"><strong>Andrea Moln\u00e1rn\u00e9 Sz\u00e1nt\u00f3<\/strong><\/td>\n<td style=\"width: 10%\">Sachbearbeiterin<\/td>\n<td style=\"width: 30%\">+36-20-670-1747<\/td>\n<td style=\"width: 20%\">molnarne_szanto.andrea@semmelweis.hu<\/td>\n<td style=\"width: 20%\"><em>Nagyv\u00e1rad t\u00e9r Theoretical Building, second floor (222)<\/em><\/td>\n<\/tr>\n<tr>\n<td style=\"width: 20%\"><strong>Csilla Fekete<\/strong><\/td>\n<td style=\"width: 10%\">Sachbearbeiterin<\/td>\n<td style=\"width: 30%\">\u00a0<\/td>\n<td style=\"width: 20%\">fekete.csilla@semmelweis.hu<\/td>\n<td style=\"width: 20%\"><em>Nagyv\u00e1rad t\u00e9r Theoretical Building, second floor (222)<\/em><\/td>\n<\/tr>\n<tr style=\"height: 28px\">\n<td style=\"width: 80%;height: 28px\" colspan=\"4\"><strong><em>Direktorat f\u00fcr E-Learning und Digitale Inhaltsentwicklung<\/em><\/strong><\/td>\n<td style=\"width: 20%;height: 28px\">\u00a0<\/td>\n<\/tr>\n<tr style=\"height: 28px\">\n<td style=\"width: 20%;height: 28px\"><strong>Dr. Torn\u00f3ci L\u00e1szl\u00f3<\/strong><\/td>\n<td style=\"width: 10%;height: 28px\">Abteilungsleiter, IT Manager<\/td>\n<td style=\"width: 30%;height: 28px\">+36-1-459-1500 \/ 56145<\/td>\n<td style=\"width: 20%;height: 28px\">tornoci.laszlo@semmelweis.hu<\/td>\n<td style=\"width: 20%;height: 28px\">\u00a0<\/td>\n<\/tr>\n<tr style=\"height: 28px\">\n<td style=\"width: 20%;height: 28px\"><strong>Anders Tam\u00e1s <\/strong><\/td>\n<td style=\"width: 10%;height: 28px\">Informatiker<\/td>\n<td style=\"width: 30%;height: 28px\">+36 1 459-1500 \/ 56581<\/td>\n<td style=\"width: 20%;height: 28px\">anders.tamas@semmelweis.hu<\/td>\n<td style=\"width: 20%;height: 28px\">\u00a0<\/td>\n<\/tr>\n<tr>\n<td style=\"width: 20%\"><strong>Sz\u00f6gi Andr\u00e1s<\/strong><\/td>\n<td style=\"width: 10%\">Informatiker<\/td>\n<td style=\"width: 30%\">+36-20-663-2475<\/td>\n<td style=\"width: 20%\">szogi.andras@semmelweis.hu<\/td>\n<td style=\"width: 20%\">\u00a0<\/td>\n<\/tr>\n<tr style=\"height: 28px\">\n<td style=\"width: 80%;height: 28px\" colspan=\"4\"><em><strong>Abteilung f\u00fcr Bildungsentwicklung und -Organisation<\/strong><\/em><\/td>\n<td style=\"width: 20%;height: 28px\">\u00a0<\/td>\n<\/tr>\n<tr style=\"height: 28px\">\n<td style=\"width: 20%;height: 28px\"><strong>Dr. Kiss Levente<\/strong><\/td>\n<td style=\"width: 10%;height: 28px\">Abteilungsleiter<\/td>\n<td style=\"width: 30%;height: 28px\">+36-20-384-5753<\/td>\n<td style=\"width: 20%;height: 28px\">kiss.levente@semmelweis.hu; oktatasmodszertan@semmelweis.hu<\/td>\n<td style=\"width: 20%;height: 28px\"><em>Zentrum f\u00fcr Vorklinik &#8211; 1094 Budapest, T\u0171zolt\u00f3 u. 37-47. 3.337\/2<\/em><\/td>\n<\/tr>\n<tr style=\"height: 121px\">\n<td style=\"width: 20%;height: 121px\"><strong>Dr. Monz\u00e9ger Katalin<\/strong><\/td>\n<td style=\"width: 10%;height: 121px\">Sachbearbeiterin<\/td>\n<td style=\"width: 30%;height: 121px\">+36-20-670-1746<\/td>\n<td style=\"width: 20%;height: 121px\">monzeger.katalin@semmelweis.hu; oktatasmodszertan@semmelweis.hu<\/td>\n<td style=\"width: 20%;height: 121px\"><em>Block am Nagyv\u00e1rad Platz, II. Stock (222)<\/em><\/td>\n<\/tr>\n<tr>\n<td style=\"width: 20%\"><strong>Kozma Borb\u00e1la<\/strong><\/td>\n<td style=\"width: 10%\">Sachbearbeiterin<\/td>\n<td style=\"width: 30%\">+36-20-825-0838<\/td>\n<td style=\"width: 20%\">kozma.borbala@semmelweis.hu<\/td>\n<td style=\"width: 20%\"><em>\u00a0<\/em><\/td>\n<\/tr>\n<\/tbody>\n<\/table>\n<p>&nbsp;<\/p>\n\n<!-- iframe plugin v.4.9 wordpress.org\/plugins\/iframe\/ -->\n<iframe loading=\"lazy\" src=\"https:\/\/www.google.com\/maps\/embed?pb=!1m18!1m12!1m3!1d2696.547848548168!2d19.089390114984035!3d47.479239879176426!2m3!1f0!2f0!3f0!3m2!1i1024!2i768!4f13.1!3m3!1m2!1s0x4741dce663d65943%3A0xf5391fc3337d063b!2zQnVkYXBlc3QsIE5hZ3l2w6FyYWQgdMOpciA0LCAxMDg5!5e0!3m2!1shu!2shu!4v1569585153326!5m2!1shu!2shu\" width=\"600\" height=\"450\" scrolling=\"yes\" class=\"iframe-class\" frameborder=\"0\"><\/iframe>\n\n<p>&nbsp;<\/p>\n","protected":false},"excerpt":{"rendered":"<p>Methodisches und organisatorisches Zentrum f\u00fcr Bildungsentwicklung Semmelweis Universit\u00e4t <a href=\"mailto:oktatasmodszertan@semmelweis.hu\">oktatasmodszertan@semmelweis.hu<\/a> Anschrift: H-1089 Budapest, Nagyv\u00e1rad t\u00e9r 4. Postadresse: H-1085 Budapest, \u00dcll\u0151i \u00fat 26. (H-1428 Budapest, Pf. 2.) Zentrale Telefonnummer: Katalin Monz\u00e9ger &#8211; +36-20-670-1746 NAME FUNKTION TELEFON E-MAIL B\u00dcRO Dr. Kiss Levente Direktor, Dozent +36-20-384-5753 kiss.levente@semmelweis.hu; oktatasmodszertan@semmelweis.hu Zentrum f\u00fcr Vorklinik &#8211; 1094 Budapest, T\u0171zolt\u00f3 u. 37-47. 3.337\/2 Andrea Moln\u00e1rn\u00e9 &hellip;<\/p>\n","protected":false},"author":101640,"featured_media":0,"parent":0,"menu_order":0,"comment_status":"closed","ping_status":"closed","template":"template-fullwidth.php","meta":{"_acf_changed":false,"footnotes":""},"categories":[],"tags":[],"class_list":["post-1675","page","type-page","status-publish","hentry"],"acf":[],"_links":{"self":[{"href":"https:\/\/semmelweis.hu\/oktatasmodszertan\/wp-json\/wp\/v2\/pages\/1675","targetHints":{"allow":["GET"]}}],"collection":[{"href":"https:\/\/semmelweis.hu\/oktatasmodszertan\/wp-json\/wp\/v2\/pages"}],"about":[{"href":"https:\/\/semmelweis.hu\/oktatasmodszertan\/wp-json\/wp\/v2\/types\/page"}],"author":[{"embeddable":true,"href":"https:\/\/semmelweis.hu\/oktatasmodszertan\/wp-json\/wp\/v2\/users\/101640"}],"replies":[{"embeddable":true,"href":"https:\/\/semmelweis.hu\/oktatasmodszertan\/wp-json\/wp\/v2\/comments?post=1675"}],"version-history":[{"count":11,"href":"https:\/\/semmelweis.hu\/oktatasmodszertan\/wp-json\/wp\/v2\/pages\/1675\/revisions"}],"predecessor-version":[{"id":4385,"href":"https:\/\/semmelweis.hu\/oktatasmodszertan\/wp-json\/wp\/v2\/pages\/1675\/revisions\/4385"}],"wp:attachment":[{"href":"https:\/\/semmelweis.hu\/oktatasmodszertan\/wp-json\/wp\/v2\/media?parent=1675"}],"wp:term":[{"taxonomy":"category","embeddable":true,"href":"https:\/\/semmelweis.hu\/oktatasmodszertan\/wp-json\/wp\/v2\/categories?post=1675"},{"taxonomy":"post_tag","embeddable":true,"href":"https:\/\/semmelweis.hu\/oktatasmodszertan\/wp-json\/wp\/v2\/tags?post=1675"}],"curies":[{"name":"wp","href":"https:\/\/api.w.org\/{rel}","templated":true}]}}