{"id":1660,"date":"2020-03-22T13:40:48","date_gmt":"2020-03-22T12:40:48","guid":{"rendered":"http:\/\/semmelweis.hu\/oktatasmodszertan\/?page_id=1660"},"modified":"2020-03-22T14:11:45","modified_gmt":"2020-03-22T13:11:45","slug":"fernstudium","status":"publish","type":"page","link":"https:\/\/semmelweis.hu\/oktatasmodszertan\/de\/fernstudium\/","title":{"rendered":"Fernstudium"},"content":{"rendered":"<h2><strong>Informationen \u00fcber den Verlauf des Fernunterrichts<\/strong><\/h2>\n<p><span style=\"font-size: 1rem;\">Hiermit m\u00f6chten wir Ihnen folgende Informationen \u00fcber den am 23. M\u00e4rz beginnenden Fernunterricht mitteilen:<\/span><\/p>\n<ul>\n<li><strong>\u00a0<\/strong><span style=\"font-size: 1rem;\">Gem\u00e4\u00df der Verordnung des Rektors beginnt <\/span><strong style=\"font-size: 1rem;\">am 23. M\u00e4rz der Unterricht mit der 7. Unterrichtswoche in Form von Fernunterricht<\/strong><span style=\"font-size: 1rem;\">.<\/span><\/li>\n<li>An jeder Fakult\u00e4t und in jedem Jahrgang gilt der urspr\u00fcngliche Stundenplan (nach mitteleurop\u00e4ischer Zeit).<\/li>\n<li>Es ist die Aufgabe der Bildungsorganisationseinheiten, alles daf\u00fcr zu tun, dass die restlichen Unterrichtseinheiten des II. Semesters des Studienjahres 2019\/20 auf h\u00f6chstem Niveau an die Studierenden bez\u00fcglich der theoretischen Ausbildung w\u00e4hrend der Gef\u00e4hrdungszeit, und bez\u00fcglich eines deutlichen Teiles der praktischen Ausbildung in der darauffolgenden Zeit vermittelt werden k\u00f6nnen.<\/li>\n<li><span style=\"font-size: 1rem;\">Die Bildungsorganisationseinheiten stellen ihre Kursprogramme bis 20. M\u00e4rz, 18.00 Uhr zusammen, die sie sowohl <\/span><strong style=\"font-size: 1rem;\">auf ihrer eigenen Webseite<\/strong><span style=\"font-size: 1rem;\"> als auch <em>\u2013<\/em> nach M\u00f6glichkeit \u2013 <\/span><strong style=\"font-size: 1rem;\">im E-Learning System der Universit\u00e4t ver\u00f6ffentlichen.<\/strong><\/li>\n<li><span style=\"font-size: 1rem;\">Es ist die Aufgabe der Bildungsorganisationseinheiten, den gesamten restlichen Unterrichtsstoff, der sich im Fernunterricht vermitteln l\u00e4sst, zu vermitteln, und alle geplanten obligatorischen Leistungsnachweise stattfinden. Nat\u00fcrlich m\u00fcssen <\/span><strong style=\"font-size: 1rem;\">praktische Unterrichtsstunden<\/strong><span style=\"font-size: 1rem;\">, die auf diese Weise nicht stattfinden k\u00f6nnen, nach der Aufhebung der Gef\u00e4hrdungszeit <\/span><strong style=\"font-size: 1rem;\">nachgeholt werden<\/strong><span style=\"font-size: 1rem;\">. Die Nachholung der mit den Praktika verbundenen <\/span><strong style=\"font-size: 1rem;\">praktischen Pr\u00fcfungen <\/strong><span style=\"font-size: 1rem;\">erfolgt ebenfalls <\/span><strong style=\"font-size: 1rem;\">nach Aufhebung der Gef\u00e4hrdungszeit<\/strong><span style=\"font-size: 1rem;\">, was zur Verl\u00e4ngerung des Semesters f\u00fchren kann.\u00a0<\/span><\/li>\n<li>Die Durchf\u00fchrung der im Laufe des Semesters stattfindenden Leistungsnachweise und Pr\u00fcfungen sowie Verteidigungen erfolgt \u00fcber das\u00a0 <strong>\u201eZoom\u201d System, <\/strong>das fortlaufend in das E-Learning System der Universit\u00e4t integriert wird. In Bezug auf die technischen Details erhalten Sie gesondert Informationen.<strong>\u00a0 <\/strong><\/li>\n<\/ul>\n<p>Bei eventuellen weiteren Fragen wenden Sie sich bitte an die zust\u00e4ndigen Personen wie folgend:<\/p>\n<ul style=\"list-style-type: circle;\">\n<li><strong>Unterrichtsangelegenheiten:<\/strong> Studienbeauftragte der jeweiligen Bildungsorganisationseinheiten<\/li>\n<li><strong style=\"font-size: 1rem;\">Studienangelegenheiten:<\/strong><span style=\"font-size: 1rem;\"> Sachbearbeiter des Studienreferates, die f\u00fcr Ihren Jahrgang zust\u00e4ndig sind, in Form von E-Mail.<\/span><\/li>\n<li><strong style=\"font-size: 1rem;\">Unterrichtsmethodologische Angelegenheiten:<\/strong><\/li>\n<\/ul>\n<ul style=\"list-style-type: square;\">\n<li>f\u00fcr Dozenten: segitseg@e-learning.semmelweis.hu<\/li>\n<li>f\u00fcr Studierende<span style=\"font-size: 1rem;\">: E-Learning Webseite f\u00fcr Studierende: <\/span><a href=\"https:\/\/itc.semmelweis.hu\/moodle\/course\/view.php?id=1559\">https:\/\/itc.semmelweis.hu\/moodle\/course\/view.php?id=1559<\/a><\/li>\n<\/ul>\n<p>Es ist unser gemeinsames Ziel, den Unterricht im folgenden Zeitraum so reibungslos wie m\u00f6glich durchzuf\u00fchren. Dazu bitte ich Sie um Ihre Geduld und unterst\u00fctzende Kooperation.<\/p>\n<p><strong><a href=\"https:\/\/semmelweis.hu\/oktatasmodszertan\/files\/2020\/03\/Informationen-%C3%BCber-den-Verlauf-des-Fernunterrichts.pdf\" target=\"_blank\" rel=\"noopener noreferrer\">(S. Dokument als PDF-Datei)<\/a><\/strong><\/p>\n<hr \/>\n<h2><strong>Informationen zum Fernunterricht an der Semmelweis Universit\u00e4t <\/strong><\/h2>\n<p>An der Semmelweis-Universit\u00e4t wird ab dem 23. M\u00e4rz 2020 die Ausbildung folgenderma\u00dfen durch Fernunterricht fortgesetzt:<\/p>\n<ul>\n<li>Der Fernunterricht soll \u00fcber das Moodle-E-Learning-System der Universit\u00e4t (<strong><a href=\"https:\/\/itc.semmelweis.hu\/moodle\/\">https:\/\/itc.semmelweis.hu\/moodle\/<\/a><\/strong>) durchgef\u00fchrt werden, wobei das Programm Zoom integriert wird, f\u00fcr das keine VPN-Verbindung erforderlich ist. Bitte haben Sie etwas Geduld, bis das System voll funktionsf\u00e4hig ist. Bis die Moodle-Integration abgeschlossen ist, k\u00f6nnen Stunden (Vorlesungen, Tutorials, Praktika) auch \u00fcber den direkten Link &#8222;Zoom&#8221; gel\u00f6st werden, der den Studierenden zur Verf\u00fcgung gestellt wird.<\/li>\n<li>Das \u201eZoom\u201c -System f\u00fcr interaktive Online-Meetings (Vorlesungen, Konsultationen, Verteidigung von Abschlussarbeiten, Pr\u00fcfungen) ist dauerhaft in das Moodle-E-Learning-System der Universit\u00e4t integriert. <strong>Wir empfehlen, dass Sie das System unter <a href=\"https:\/\/semmelweis.zoom.us\">https:\/\/semmelweis.zoom.us<\/a> testen<\/strong>, auf das <em>\u2013<\/em> wie bei Moodle <em>\u2013<\/em> mit der SeKA-ID (<a href=\"https:\/\/seka.semmelweis.hu\/en\/info\/faq\">https:\/\/seka.semmelweis.hu\/en\/info\/faq<\/a>) zugegriffen werden kann. So nehmen Sie automatisch unter Ihrem eigenen Namen an den angek\u00fcndigten Lehrveranstaltungen teil. Alle Studierende der Universit\u00e4t haben einen SeKA-Ausweis, und bei Dozenten werden Zuweisung und Berechtigungen kontinuierlich festgelegt.<\/li>\n<li>Wenn der Link &#8222;Zoom&#8221; f\u00fcr ein bestimmtes Thema in Moodle noch nicht integriert wurde, k\u00f6nnen die Studierenden an der Lehrveranstaltung aufgrund eines Links teilnehmen, der den Studierenden von ihren Organisationseinheiten auf ihrer Website per E-Mail oder Neptun angek\u00fcndigt \/ zugestellt wird, oder Sie k\u00f6nnen an der Veranstaltung teilnehmen, wie es im Video im Men\u00fcpunkt <a href=\"https:\/\/semmelweis.hu\/oktatasmodszertan\/de\/?page_id=1654&amp;preview=true\" target=\"_blank\" rel=\"noopener noreferrer\"><strong>Anleitung zum Zoom<\/strong><\/a> erkl\u00e4rt wird. Dies erfordert keine Vorregistrierung.<\/li>\n<\/ul>\n<p>So stellen Sie eine Verbindung \u00fcber einen nicht in Moodle integrierten &#8222;Zoom&#8221; her:<\/p>\n<ol>\n<li>Der Veranstalter der Vorlesung schickt Ihnen z. B. eine E-Mail mit einem Link zum &#8222;Zoom&#8221;-Meeting und mit der ID-Nummer zu (die nur in besonderen F\u00e4llen, bei bestimmten Operationssystemen oder telefonisch erforderlich ist).<\/li>\n<li>Wenn Sie auf den Link klicken, wird die Verbindung automatisch gestartet. Im ersten Fall m\u00fcssen Sie m\u00f6glicherweise ein Unterst\u00fctzungsprogramm herunterladen und installieren, was sehr einfach ist (wie im Video gezeigt).<\/li>\n<li>Danach m\u00fcssen die Berechtigungen an das &#8222;Zoom&#8221; -System (Kamera, Mikrofon) erteilt werden, und dann nimmt die eingeladene Person an der Stunde teil.<\/li>\n<\/ol>\n<ul>\n<li>Weitere Informationen zur Installation des Systems finden Sie in der beigelegten Anleitung. Weitere Informationen zur Funktionsweise finden Sie unter dem folgenden Link: <a href=\"https:\/\/support.zoom.us\/hc\/en-us\">https:\/\/support.zoom.us\/hc\/en-us<\/a><span style=\"font-size: 1rem;\">\u00a0\u00a0<\/span><\/li>\n<li>Bitte nutzen Sie die kostenlosen Datendienste Ihres Internetdienstanbieters und verwenden Sie w\u00e4hrend Zoom-Meetings die Videofunktion nur bei Bedarf, um einen reibungslosen Betrieb des Systems zu gew\u00e4hrleisten.<\/li>\n<li>Wir haben eng mit dem von der Selbstverwaltung der Studierenden organisierten E-Learning-Team zusammengearbeitet und auf der Homepage des E-Learning-Systems der Universit\u00e4t (<a href=\"https:\/\/itc.semmelweis.hu\/moodle\/course\/view.php?id=579\">https:\/\/itc.semmelweis.hu\/moodle\/course\/view.php?id=579<\/a>) eine Seite zur Unterst\u00fctzung von Studierenden erstellt, damit die Studierenden bei Fragen, technischen Problemen oder Vorschl\u00e4gen zum System das Lehrpersonal, das an der Entwicklung des Fernunterrichts arbeitet, informieren und m\u00f6glicherweise entlasten k\u00f6nnen.<\/li>\n<\/ul>\n<p>Wir verlassen uns auf Ihre Mitarbeit und Geduld f\u00fcr den erfolgreichen Betrieb des studierendenzentrierten und qualitativ hochwertigen Fernunterrichtssystems.<\/p>\n<p><strong><a href=\"https:\/\/semmelweis.hu\/oktatasmodszertan\/files\/2020\/03\/INFORMATIONEN-ZUM-FERNUNTERRICHT-AN-DER-SEMMELWEIS-UNIVERSIT%C3%84T.pdf\" target=\"_blank\" rel=\"noopener noreferrer\">(S. Dokument als PDF-Datei)<\/a><\/strong><\/p>\n","protected":false},"excerpt":{"rendered":"<p>Informationen \u00fcber den Verlauf des Fernunterrichts Hiermit m\u00f6chten wir Ihnen folgende Informationen \u00fcber den am 23. M\u00e4rz beginnenden Fernunterricht mitteilen: \u00a0Gem\u00e4\u00df der Verordnung des Rektors beginnt am 23. M\u00e4rz der Unterricht mit der 7. Unterrichtswoche in Form von Fernunterricht. An jeder Fakult\u00e4t und in jedem Jahrgang gilt der urspr\u00fcngliche Stundenplan (nach mitteleurop\u00e4ischer Zeit). Es ist &hellip;<\/p>\n","protected":false},"author":101640,"featured_media":0,"parent":0,"menu_order":0,"comment_status":"closed","ping_status":"closed","template":"","meta":{"_acf_changed":false,"footnotes":""},"categories":[],"tags":[],"class_list":["post-1660","page","type-page","status-publish","hentry"],"acf":[],"_links":{"self":[{"href":"https:\/\/semmelweis.hu\/oktatasmodszertan\/wp-json\/wp\/v2\/pages\/1660","targetHints":{"allow":["GET"]}}],"collection":[{"href":"https:\/\/semmelweis.hu\/oktatasmodszertan\/wp-json\/wp\/v2\/pages"}],"about":[{"href":"https:\/\/semmelweis.hu\/oktatasmodszertan\/wp-json\/wp\/v2\/types\/page"}],"author":[{"embeddable":true,"href":"https:\/\/semmelweis.hu\/oktatasmodszertan\/wp-json\/wp\/v2\/users\/101640"}],"replies":[{"embeddable":true,"href":"https:\/\/semmelweis.hu\/oktatasmodszertan\/wp-json\/wp\/v2\/comments?post=1660"}],"version-history":[{"count":6,"href":"https:\/\/semmelweis.hu\/oktatasmodszertan\/wp-json\/wp\/v2\/pages\/1660\/revisions"}],"predecessor-version":[{"id":1686,"href":"https:\/\/semmelweis.hu\/oktatasmodszertan\/wp-json\/wp\/v2\/pages\/1660\/revisions\/1686"}],"wp:attachment":[{"href":"https:\/\/semmelweis.hu\/oktatasmodszertan\/wp-json\/wp\/v2\/media?parent=1660"}],"wp:term":[{"taxonomy":"category","embeddable":true,"href":"https:\/\/semmelweis.hu\/oktatasmodszertan\/wp-json\/wp\/v2\/categories?post=1660"},{"taxonomy":"post_tag","embeddable":true,"href":"https:\/\/semmelweis.hu\/oktatasmodszertan\/wp-json\/wp\/v2\/tags?post=1660"}],"curies":[{"name":"wp","href":"https:\/\/api.w.org\/{rel}","templated":true}]}}