{"id":1639,"date":"2020-03-22T13:40:49","date_gmt":"2020-03-22T12:40:49","guid":{"rendered":"http:\/\/semmelweis.hu\/oktatasmodszertan\/?page_id=1639"},"modified":"2025-03-31T11:42:01","modified_gmt":"2025-03-31T09:42:01","slug":"seka-id","status":"publish","type":"page","link":"https:\/\/semmelweis.hu\/oktatasmodszertan\/de\/seka-id\/","title":{"rendered":"SeKA ID"},"content":{"rendered":"<p><strong>Im Zusammenhang mit der Einf\u00fchrung des Fernstudiums hat sich die Anzahl der an uns gesendeten Anfragen bez\u00fcglich der SeKA-Identifikation deutlich erh\u00f6ht, deshalb bitten wir Sie um Ihre Geduld und Kooperation.\u00a0 Wichtig ist, dass eine VPN-Verbindung weder zum Einloggen durch SeKA noch zur Verwendung von Moodle und Zoom erforderlich ist. <em>(Wenn Sie aus sonstigen Gr\u00fcnden trotzdem eine VPN-Verbindung ben\u00f6tigen, finden Sie dazu Informationen auf der Webseite des Direktorats f\u00fcr Informatik).<\/em><\/strong><\/p>\n<p><strong>F\u00fcr Dozenten und sonstige Mitarbeiter der Universit\u00e4t<\/strong> ist der SeKA Log-in Name mit dem im zentralen E-Mail-System (GroupWise) verwendeten Log-in Namen identisch, aber das Passwort wird von jedem Benutzer bei der Aktivierung individuell erstellt. Wenn Sie sich noch nie mit SeKA angemeldet haben, bitten wir Sie, als ersten Schritt die Aktivierung durchzuf\u00fchren. Falls die Aktivierung nicht gelingen sollte, studieren Sie die Fehlermeldungen auf Seite 5 <a href=\"https:\/\/seka.semmelweis.hu\/sites\/seka.semmelweis.hu\/files\/Activation_of_your_SeKA_account_0.pdf\" target=\"_blank\" rel=\"noopener noreferrer\">dieses Dokuments<\/a> und gehen Sie wie dort aufgef\u00fchrt vor. \u00a0<\/p>\n<p><strong>F\u00fcr Studierende <\/strong>ist der SeKA Log-in Name mit dem 6-stelligen Neptun-Identifikationscode identisch, aber das Passwort wird von jedem Studierenden bei der Aktivierung individuell erstellt. Wenn Sie sich noch nie mit SeKA angemeldet haben, bitten wir Sie, als ersten Schritt die Aktivierung durchzuf\u00fchren. Falls die Aktivierung nicht gelingen sollte, studieren Sie die Fehlermeldungen auf Seite 6\u00a0<a href=\"https:\/\/seka.semmelweis.hu\/sites\/seka.semmelweis.hu\/files\/Activation_of_your_SeKA_account_0.pdf\" target=\"_blank\" rel=\"noopener noreferrer\">dieses Dokuments<\/a> und gehen Sie wie dort aufgef\u00fchrt vor. \u00a0<\/p>\n<p><strong>Wir bitten Sie folgende Hilfsmaterialien im Zusammenhang mit der SeKA-Anmeldung durchzulesen.<\/strong><\/p>\n<p>&nbsp;<\/p>\n<div class=\"exp-col-content-holder\"><a class=\"expand-cnt-link\" href=\"#\">Aktivierung<\/a><\/p>\n<div class=\"hidden-content\">\n<p><strong>Aktivierung des SeKA Logins<\/strong><\/p>\n<p>Zusammenfassung:<\/p>\n<p>Die Aktivierung des SeKA-Logins bedeutet, dass der Benutzer ein Passwort f\u00fcr sich erstellt und mehrere Fragen zur Personenidentifikation ausw\u00e4hlt und beantwortet, falls er an einem k\u00fcnftigen Zeitpunkt sein Passwort vergessen sollte. Das unter folgendem Link abzurufende Dokument beschreibt die Schritte dieses Prozesses. Um eventuellen Problemen vorzubeugen bitten wir Sie, die Schritte genau zu befolgen.<\/p>\n<p>Die Aktivierung kann hier gestartet werden: Bitte auf &#8222;Aktivierung der Zugangsberechtigung\u201c klicken.<\/p>\n<p><a href=\"https:\/\/seka.semmelweis.hu\/sites\/seka.semmelweis.hu\/files\/Activation_of_your_SeKA_account_0.pdf\" target=\"_blank\" rel=\"noopener noreferrer\">Das Dokument ist hier herunterzuladen auf Englisch (pdf)<\/a><\/p>\n<\/div>\n<\/div>\n<div class=\"exp-col-content-holder\"><a class=\"expand-cnt-link\" href=\"#\">Passwort<\/a><\/p>\n<div class=\"hidden-content\">\n<p><strong>Wenn Sie das SeKA-System noch nie benutzt haben<\/strong><\/p>\n<p>Wenn Sie das SeKA-System noch nie benutzt haben, m\u00fcssen Sie zuerst Ihre Zugangsberechtigung aktivieren. Dies dauert 5-10 Minuten. Bei diesem Prozess m\u00fcssen Sie ein individuelles Passwort erstellen, das Sie in Zukunft benutzen werden. Es ist auf jeden Fall empfehlenswert, die Informationen \u00fcber den Prozess der Aktivierung (s. oben) durchzulesen, bevor Sie die Aktivierung starten.<\/p>\n<p><strong>Wenn Sie das SeKA-System bereits benutzt, aber Ihr Passwort vergessen haben <\/strong><\/p>\n<p>Wenn Sie Ihr Passwort vergessen haben, k\u00f6nnen Sie ein neues Passwort erstellen. Dazu m\u00fcssen Sie sich an die Antworten auf die bei der Aktivierung eingestellten Fragen erinnern. Die Antworten m\u00fcssen Sie in genau der gleichen Form eingeben, wie bei der Aktivierung, allerdings spielen Gro\u00df- und Kleinbuchstaben keine Rolle.<a href=\"https:\/\/seka.semmelweis.hu\/en\/help\/no_password\" target=\"_blank\" rel=\"noopener noreferrer\"><span style=\"color: #000000\"> Hier <\/span><\/a>k\u00f6nnen Sie Ihr Passwort verwalten, Sie m\u00fcssen \u201eIch habe mein Passwort vergessen\u201c anklicken. Wenn Sie sich an die Antworten auf die bei der Aktivierung eingestellten Fragen nicht mehr erinnern, k\u00f6nnen Sie die Dienststelle telefonisch kontaktieren, wie unter \u201eHilfe\u201c beschrieben ist oder schreiben Sie eine E-Mail an Helpdesk.<\/p>\n<\/div>\n<\/div>\n<p>&nbsp;<\/p>\n<p style=\"text-align: center\"><a class=\"button\" href=\"https:\/\/seka.semmelweis.hu\/en\/info\/faq\" target=\"_blank\" rel=\"noopener noreferrer\">Frequently asked questions<\/a><strong><br \/>\n<\/strong><\/p>\n<p><strong>Log-in Webseite:\u00a0<\/strong><a href=\"https:\/\/seka.semmelweis.hu\/\" target=\"_blank\" rel=\"noopener noreferrer\"><strong><em>https:\/\/seka.semmelweis.hu\/<\/em><\/strong><\/a><\/p>\n<p><strong><em>Beantragung von SeKA-Identifikation f\u00fcr Dozenten:<\/em><\/strong><\/p>\n<p><strong>Wenn Sie keinen SeKA-Zugang und keine Groupwise E-Mail-Adresse haben,<\/strong>\u00a0brauchen Sie zuerst einen Groupwise Log-in Namen (keine E-Mail Adresse nur Log-in Namen) im zentralen eDirectory System. Falls Sie diesen noch nicht besitzen, muss ihn der Leiter Ihrer Organisationseinheit oder der Systemadministrator unter <strong>novell_it@semmelweis-univ.hu<\/strong> beantragen.<\/p>\n<p><strong>Wenn Sie keinen SeKA-Zugang haben aber \u00fcber eine Groupwise-Mail-Adresse oder einen Log-in Namen verf\u00fcgen, k\u00f6nnen Sie die Zugangsberechtigung unter<\/strong>\u00a0<strong>segitseg@e-learning.semmelweis.hu<\/strong>\u00a0beantragen. Bitte, senden Sie uns<strong> Ihre Universit\u00e4ts-E-Mail-Adresse und den dazu geh\u00f6renden Benutzernamen <\/strong>(Groupwise user name) unbedingt zu. Geben Sie in der E-Mail auch Ihre Organisationseinheit und Fakult\u00e4t an.<\/p>\n<p>&nbsp;<\/p>\n<p><strong>Bei weiteren Fragen und Problemen nutzen Sie bitte <a href=\"https:\/\/semmelweis.hu\/oktatasmodszertan\/de\/kundenbetreuung\/\" target=\"_blank\" rel=\"noopener noreferrer\">folgende Kontakte.<\/a><\/strong><\/p>\n","protected":false},"excerpt":{"rendered":"<p>Im Zusammenhang mit der Einf\u00fchrung des Fernstudiums hat sich die Anzahl der an uns gesendeten Anfragen bez\u00fcglich der SeKA-Identifikation deutlich erh\u00f6ht, deshalb bitten wir Sie um Ihre Geduld und Kooperation.\u00a0 Wichtig ist, dass eine VPN-Verbindung weder zum Einloggen durch SeKA noch zur Verwendung von Moodle und Zoom erforderlich ist. (Wenn Sie aus sonstigen Gr\u00fcnden trotzdem &hellip;<\/p>\n","protected":false},"author":12,"featured_media":0,"parent":0,"menu_order":1,"comment_status":"closed","ping_status":"closed","template":"","meta":{"_acf_changed":false,"footnotes":""},"categories":[],"tags":[],"class_list":["post-1639","page","type-page","status-publish","hentry"],"acf":[],"_links":{"self":[{"href":"https:\/\/semmelweis.hu\/oktatasmodszertan\/wp-json\/wp\/v2\/pages\/1639","targetHints":{"allow":["GET"]}}],"collection":[{"href":"https:\/\/semmelweis.hu\/oktatasmodszertan\/wp-json\/wp\/v2\/pages"}],"about":[{"href":"https:\/\/semmelweis.hu\/oktatasmodszertan\/wp-json\/wp\/v2\/types\/page"}],"author":[{"embeddable":true,"href":"https:\/\/semmelweis.hu\/oktatasmodszertan\/wp-json\/wp\/v2\/users\/12"}],"replies":[{"embeddable":true,"href":"https:\/\/semmelweis.hu\/oktatasmodszertan\/wp-json\/wp\/v2\/comments?post=1639"}],"version-history":[{"count":8,"href":"https:\/\/semmelweis.hu\/oktatasmodszertan\/wp-json\/wp\/v2\/pages\/1639\/revisions"}],"predecessor-version":[{"id":5710,"href":"https:\/\/semmelweis.hu\/oktatasmodszertan\/wp-json\/wp\/v2\/pages\/1639\/revisions\/5710"}],"wp:attachment":[{"href":"https:\/\/semmelweis.hu\/oktatasmodszertan\/wp-json\/wp\/v2\/media?parent=1639"}],"wp:term":[{"taxonomy":"category","embeddable":true,"href":"https:\/\/semmelweis.hu\/oktatasmodszertan\/wp-json\/wp\/v2\/categories?post=1639"},{"taxonomy":"post_tag","embeddable":true,"href":"https:\/\/semmelweis.hu\/oktatasmodszertan\/wp-json\/wp\/v2\/tags?post=1639"}],"curies":[{"name":"wp","href":"https:\/\/api.w.org\/{rel}","templated":true}]}}