{"id":1569,"date":"2020-03-19T16:50:44","date_gmt":"2020-03-19T15:50:44","guid":{"rendered":"http:\/\/semmelweis.hu\/oktatasmodszertan\/?page_id=1569"},"modified":"2020-04-15T10:56:36","modified_gmt":"2020-04-15T08:56:36","slug":"zoom-a-moodle-ben","status":"publish","type":"page","link":"https:\/\/semmelweis.hu\/oktatasmodszertan\/e-learning\/zoom-utmutato\/zoom-a-moodle-ben\/","title":{"rendered":"Zoom a Moodle-ben"},"content":{"rendered":"<div class=\"responsive-tabs\">\n<h2 class=\"tabtitle\">Tudnival\u00f3k<\/h2>\n<div class=\"tabcontent\">\n\n<p><strong>A Zoom-megbesz\u00e9l\u00e9seket f\u0151szab\u00e1ly szerint a <a href=\"https:\/\/semmelweis.hu\/oktatasmodszertan\/tavoktatas\/moodle-e-learning-rendszer\/\" target=\"_blank\" rel=\"noopener noreferrer\">Moodle<\/a>-b\u0151l kell ind\u00edtani, mely t\u00f6bb szempontb\u00f3l is el\u0151ny\u00f6s a r\u00e9sztvev\u0151k sz\u00e1m\u00e1ra.<\/strong><\/p>\n<p><strong>EGYSZER\u0170S\u00c9G<\/strong><\/p>\n<p>Az oktat\u00f3knak nem sz\u00fcks\u00e9ges k\u00fcl\u00f6n linket kik\u00fcldeni az el\u0151ad\u00e1sokr\u00f3l vagy konzult\u00e1ci\u00f3kr\u00f3l a hallgat\u00f3knak, mivel a di\u00e1kok a tant\u00e1rgy kurzus\u00e1ba bejelentkezve, egy kattint\u00e1ssal tudnak csatlakozni a megbesz\u00e9l\u00e9sekhez.<\/p>\n<p><img loading=\"lazy\" decoding=\"async\" class=\"alignleft  wp-image-1864\" src=\"https:\/\/semmelweis.hu\/oktatasmodszertan\/files\/2020\/04\/start_a_meeting.png\" alt=\"\" width=\"601\" height=\"210\" srcset=\"https:\/\/semmelweis.hu\/oktatasmodszertan\/files\/2020\/04\/start_a_meeting.png 1018w, https:\/\/semmelweis.hu\/oktatasmodszertan\/files\/2020\/04\/start_a_meeting-400x140.png 400w, https:\/\/semmelweis.hu\/oktatasmodszertan\/files\/2020\/04\/start_a_meeting-768x269.png 768w, https:\/\/semmelweis.hu\/oktatasmodszertan\/files\/2020\/04\/start_a_meeting-753x264.png 753w\" sizes=\"auto, (max-width: 601px) 100vw, 601px\" \/><\/p>\n<p>&nbsp;<\/p>\n<p>&nbsp;<\/p>\n<p>&nbsp;<\/p>\n<p>&nbsp;<\/p>\n<p>&nbsp;<\/p>\n<p><strong>BIZTONS\u00c1G<\/strong><\/p>\n<div id=\"GroupWiseSection_1586933986000_monzeger.katalin@semmelweis-univ.hu_568D13811EB50000B4706F6437386235_\" class=\"GroupWiseMessageBody active\">\n<div>A Zoom-el\u0151ad\u00e1sokr\u00f3l k\u00e9sz\u00fclt felv\u00e9telek (melyek betegekr\u0151l k\u00e9sz\u00fclt k\u00e9peket is tartalmazhatnak) akkor vannak a legnagyobb biztons\u00e1gban, ha a Zoom-el\u0151ad\u00e1st az adott tant\u00e1rgy Moodle-fel\u00fclet\u00e9r\u0151l ind\u00edtjuk. Mivel a hallgat\u00f3k a Moodle-be egyetemi, SeKA-hozz\u00e1f\u00e9r\u00e9ssel jelentkeznek be, az itt elind\u00edtott el\u0151ad\u00e1sok felv\u00e9telei szint\u00e9n csak SeKA-hozz\u00e1f\u00e9r\u00e9ssel tekinthet\u0151ek meg. A hallgat\u00f3k \u00e9s minden m\u00e1s egyetemi polg\u00e1r pedig hivatalos jogi nyilatkozatra k\u00f6telezett a tartalmak szakszer\u0171 kezel\u00e9s\u00e9t illet\u0151en.<\/div>\n<\/div>\n<div>\u00a0<\/div>\n<p><strong><em>Fontos: <\/em><\/strong>A<span style=\"font-size: 1rem\"><a href=\"https:\/\/semmelweis.zoom.us\/\" target=\"_blank\" rel=\"noopener noreferrer\"> semmelweis.zoom.us<\/a> honlapon \u00e9rdemes bekapcsolni a <strong>Settings<\/strong> (bal oldali men\u00fc), majd a <strong>Recordings<\/strong> men\u00fcben az <\/span><strong><em style=\"font-size: 1rem\">Only authenticated users can view cloud recordings <\/em><\/strong><span style=\"font-size: 1rem\">funkci\u00f3t. Ezzel biztos\u00edtjuk, hogy m\u00e9g ha a link megoszt\u00e1s \u00fatj\u00e1n ki is ker\u00fcl a Moodle-rendszerb\u0151l, minden esetben sz\u00fcks\u00e9ges lesz SeKA-hozz\u00e1f\u00e9r\u00e9s az el\u00e9r\u00e9s\u00e9hez.<\/span><\/p>\n<p><img loading=\"lazy\" decoding=\"async\" class=\"alignleft  wp-image-1858\" src=\"https:\/\/semmelweis.hu\/oktatasmodszertan\/files\/2020\/04\/authentication_only.png\" alt=\"\" width=\"488\" height=\"199\" srcset=\"https:\/\/semmelweis.hu\/oktatasmodszertan\/files\/2020\/04\/authentication_only.png 895w, https:\/\/semmelweis.hu\/oktatasmodszertan\/files\/2020\/04\/authentication_only-400x163.png 400w, https:\/\/semmelweis.hu\/oktatasmodszertan\/files\/2020\/04\/authentication_only-768x313.png 768w, https:\/\/semmelweis.hu\/oktatasmodszertan\/files\/2020\/04\/authentication_only-753x307.png 753w\" sizes=\"auto, (max-width: 488px) 100vw, 488px\" \/><\/p>\n<div>\u00a0<\/div>\n<div>\u00a0<\/div>\n<div>\u00a0<\/div>\n<div>\u00a0<\/div>\n<div>\u00a0<\/div>\n<div>\u00a0<\/div>\n<div>\u00a0<\/div>\n<div>\u00a0<\/div>\n<div><strong style=\"font-size: 1rem\">JELENL\u00c9TI ADATOK<\/strong><\/div>\n<div>\u00a0<\/div>\n<div>A Moodle-beli Zoom-aktivit\u00e1sban a <em>Previous meetingsre\u00a0<\/em>kattintva el\u00e9rhetj\u00fck a m\u00e1r lezajlott megbesz\u00e9l\u00e9sek jelenl\u00e9ti adatait (melyik hallgat\u00f3 jelentkezett be \u00e9s mennyi id\u0151re).<\/div>\n<div>\u00a0<\/div>\n<div><img loading=\"lazy\" decoding=\"async\" class=\"alignleft  wp-image-1860\" src=\"https:\/\/semmelweis.hu\/oktatasmodszertan\/files\/2020\/04\/reports.png\" alt=\"\" width=\"659\" height=\"295\" srcset=\"https:\/\/semmelweis.hu\/oktatasmodszertan\/files\/2020\/04\/reports.png 1405w, https:\/\/semmelweis.hu\/oktatasmodszertan\/files\/2020\/04\/reports-400x179.png 400w, https:\/\/semmelweis.hu\/oktatasmodszertan\/files\/2020\/04\/reports-1024x458.png 1024w, https:\/\/semmelweis.hu\/oktatasmodszertan\/files\/2020\/04\/reports-768x343.png 768w, https:\/\/semmelweis.hu\/oktatasmodszertan\/files\/2020\/04\/reports-753x337.png 753w\" sizes=\"auto, (max-width: 659px) 100vw, 659px\" \/><\/div>\n\n<\/div><h2 class=\"tabtitle\">Zoom-integr\u00e1l\u00e1s a Moodle-be<\/h2>\n<div class=\"tabcontent\">\n\n<p><strong>Vide\u00f3n itt tekinthet\u0151 meg: <a href=\"https:\/\/youtu.be\/v_8tK4jmXRI\" target=\"_blank\" rel=\"noopener noreferrer\">https:\/\/youtu.be\/v_8tK4jmXRI<\/a><\/strong><\/p>\n<p>L\u00e9pjen be a Moodle fel\u00fcletre a <a href=\"https:\/\/itc.semmelweis.hu\/moodle\/\">https:\/\/itc.semmelweis.hu\/moodle\/<\/a> oldalon, majd v\u00e1lassza ki \u00e9s kattintson r\u00e1 arra a kurzusra, amelyiket szerkeszteni szeretn\u00e9.<\/p>\n<p>A pink fogasker\u00e9kre kattintva kapcsolja be a szerkeszt\u00e9s funkci\u00f3t.<\/p>\n<p><img loading=\"lazy\" decoding=\"async\" class=\"alignleft size-full wp-image-1603\" src=\"https:\/\/semmelweis.hu\/oktatasmodszertan\/files\/2020\/03\/moodle_zoom_1.png\" alt=\"\" width=\"1220\" height=\"563\" srcset=\"https:\/\/semmelweis.hu\/oktatasmodszertan\/files\/2020\/03\/moodle_zoom_1.png 1220w, https:\/\/semmelweis.hu\/oktatasmodszertan\/files\/2020\/03\/moodle_zoom_1-400x185.png 400w, https:\/\/semmelweis.hu\/oktatasmodszertan\/files\/2020\/03\/moodle_zoom_1-1024x473.png 1024w, https:\/\/semmelweis.hu\/oktatasmodszertan\/files\/2020\/03\/moodle_zoom_1-768x354.png 768w, https:\/\/semmelweis.hu\/oktatasmodszertan\/files\/2020\/03\/moodle_zoom_1-753x347.png 753w\" sizes=\"auto, (max-width: 1220px) 100vw, 1220px\" \/><\/p>\n<p>Ahhoz a t\u00e9m\u00e1hoz, ahova szeretne Zoom konzult\u00e1ci\u00f3s lehet\u0151s\u00e9get megadni, v\u00e9gezze el a k\u00f6vetkez\u0151 l\u00e9p\u00e9seket.<\/p>\n<p>Ezt p\u00e9ld\u00e1ul az el\u0151ad\u00e1sok \u00e9s az egyes gyakorlati csoportok szekci\u00f3j\u00e1hoz \u00e9rdemes hozz\u00e1adni.<\/p>\n<p>Kattintson a \u201eTev\u00e9kenys\u00e9g vagy tananyag hozz\u00e1ad\u00e1sa\u201d sz\u00f6vegre, majd a felugr\u00f3 ablakban g\u00f6rgessen kb. a lista k\u00f6zep\u00e9ig. Itt lesz egy z\u00f6ld puzzle ikonnal ell\u00e1tott \u201ek\u00fcls\u0151 eszk\u00f6z\u201d opci\u00f3. Kattintson r\u00e1, majd a k\u00e9k \u201ehozz\u00e1ad\u00e1s\u201d gombra<\/p>\n<p><img loading=\"lazy\" decoding=\"async\" class=\"alignleft size-full wp-image-1604\" src=\"https:\/\/semmelweis.hu\/oktatasmodszertan\/files\/2020\/03\/moodle_zoom_2.png\" alt=\"\" width=\"1375\" height=\"798\" srcset=\"https:\/\/semmelweis.hu\/oktatasmodszertan\/files\/2020\/03\/moodle_zoom_2.png 1375w, https:\/\/semmelweis.hu\/oktatasmodszertan\/files\/2020\/03\/moodle_zoom_2-400x232.png 400w, https:\/\/semmelweis.hu\/oktatasmodszertan\/files\/2020\/03\/moodle_zoom_2-1024x594.png 1024w, https:\/\/semmelweis.hu\/oktatasmodszertan\/files\/2020\/03\/moodle_zoom_2-768x446.png 768w, https:\/\/semmelweis.hu\/oktatasmodszertan\/files\/2020\/03\/moodle_zoom_2-753x437.png 753w\" sizes=\"auto, (max-width: 1375px) 100vw, 1375px\" \/><\/p>\n<p>Az \u00fajonnan megjelen\u0151 k\u00e9perny\u0151n az els\u0151 rubrik\u00e1ba adjon nevet. Itt \u00e9rdemes a vide\u00f3h\u00edv\u00e1s t\u00edpus\u00e1ra utal\u00f3 sz\u00f6veget, p\u00e9ld\u00e1ul: Anat\u00f3mia el\u0151ad\u00e1sok \/ konzult\u00e1ci\u00f3k, esetleg amennyiben k\u00fcl\u00f6n szeretn\u00e9 bontani oktat\u00f3nk\u00e9nt: XY konzult\u00e1ci\u00f3i.<\/p>\n<p>A m\u00e1sodik sorban a leny\u00edl\u00f3 list\u00e1ban a m\u00e1sodik lehet\u0151s\u00e9get, a \u201eZoom meeting\/tal\u00e1lkoz\u00f3\u201d-t v\u00e1lassza ki.<\/p>\n<p><img loading=\"lazy\" decoding=\"async\" class=\"alignleft size-full wp-image-1605\" src=\"https:\/\/semmelweis.hu\/oktatasmodszertan\/files\/2020\/03\/moodle_zoom_3.png\" alt=\"\" width=\"1237\" height=\"814\" srcset=\"https:\/\/semmelweis.hu\/oktatasmodszertan\/files\/2020\/03\/moodle_zoom_3.png 1237w, https:\/\/semmelweis.hu\/oktatasmodszertan\/files\/2020\/03\/moodle_zoom_3-400x263.png 400w, https:\/\/semmelweis.hu\/oktatasmodszertan\/files\/2020\/03\/moodle_zoom_3-1024x674.png 1024w, https:\/\/semmelweis.hu\/oktatasmodszertan\/files\/2020\/03\/moodle_zoom_3-768x505.png 768w, https:\/\/semmelweis.hu\/oktatasmodszertan\/files\/2020\/03\/moodle_zoom_3-753x496.png 753w, https:\/\/semmelweis.hu\/oktatasmodszertan\/files\/2020\/03\/moodle_zoom_3-203x135.png 203w\" sizes=\"auto, (max-width: 1237px) 100vw, 1237px\" \/><\/p>\n<p>Ezut\u00e1n kattintson a <strong>&#8222;M\u00f3dos\u00edt\u00e1sok ment\u00e9se \u00e9s visszat\u00e9r\u00e9s a kurzushoz&#8221;\u00a0<\/strong>gombra. A kurzusfel\u00fcleten a k\u00f6vetkez\u0151k\u00e9ppen fog megjelenni a Zoom-tev\u00e9kenys\u00e9g:<\/p>\n<p><img loading=\"lazy\" decoding=\"async\" class=\"alignleft  wp-image-1607\" src=\"https:\/\/semmelweis.hu\/oktatasmodszertan\/files\/2020\/03\/moodle_zoom_5.png\" alt=\"\" width=\"723\" height=\"249\" srcset=\"https:\/\/semmelweis.hu\/oktatasmodszertan\/files\/2020\/03\/moodle_zoom_5.png 1816w, https:\/\/semmelweis.hu\/oktatasmodszertan\/files\/2020\/03\/moodle_zoom_5-400x138.png 400w, https:\/\/semmelweis.hu\/oktatasmodszertan\/files\/2020\/03\/moodle_zoom_5-1024x352.png 1024w, https:\/\/semmelweis.hu\/oktatasmodszertan\/files\/2020\/03\/moodle_zoom_5-768x264.png 768w, https:\/\/semmelweis.hu\/oktatasmodszertan\/files\/2020\/03\/moodle_zoom_5-1536x529.png 1536w, https:\/\/semmelweis.hu\/oktatasmodszertan\/files\/2020\/03\/moodle_zoom_5-753x259.png 753w\" sizes=\"auto, (max-width: 723px) 100vw, 723px\" \/><\/p>\n<p>Innen fogj\u00e1k a hallgat\u00f3k el\u00e9rni az aktu\u00e1lis megbesz\u00e9l\u00e9seket, ilyenkor m\u00e1r nincs sz\u00fcks\u00e9g link kik\u00fcld\u00e9s\u00e9re. Tov\u00e1bb\u00e1 innen aj\u00e1nlott az oktat\u00f3knak megbesz\u00e9l\u00e9seket szervezni.<\/p>\n<p>Fontos, hogy ha m\u00e1r megszervezt\u00fck a megbesz\u00e9l\u00e9st ak\u00e1r a semmelweis.zoom.us fel\u00fcleten vagy az asztali szoftver seg\u00edts\u00e9g\u00e9vel, ne szervezz\u00fck meg a Moodle-ben megint a konzult\u00e1ci\u00f3t, mert a rendszer ugyanazon id\u0151pontban zajl\u00f3 k\u00e9t k\u00fcl\u00f6n megbesz\u00e9l\u00e9sk\u00e9nt fogja \u00e9rtelmezni, \u00e9s a <em>Host has another meeting in progress\u00a0<\/em>hiba\u00fczenetet fogja kijelezni.\u00a0Helyette import\u00e1ljuk a megbesz\u00e9l\u00e9st a Schedule a New Meeting melletti <strong>Import Meeting<\/strong> gombra kattintva (ehhez az import\u00e1land\u00f3 megbesz\u00e9l\u00e9s ID-sz\u00e1m\u00e1ra lesz sz\u00fcks\u00e9g\u00fcnk.)<\/p>\n<p><img loading=\"lazy\" decoding=\"async\" class=\"alignleft size-full wp-image-1724\" src=\"https:\/\/semmelweis.hu\/oktatasmodszertan\/files\/2020\/03\/importalas.png\" alt=\"\" width=\"1382\" height=\"578\" srcset=\"https:\/\/semmelweis.hu\/oktatasmodszertan\/files\/2020\/03\/importalas.png 1382w, https:\/\/semmelweis.hu\/oktatasmodszertan\/files\/2020\/03\/importalas-400x167.png 400w, https:\/\/semmelweis.hu\/oktatasmodszertan\/files\/2020\/03\/importalas-1024x428.png 1024w, https:\/\/semmelweis.hu\/oktatasmodszertan\/files\/2020\/03\/importalas-768x321.png 768w, https:\/\/semmelweis.hu\/oktatasmodszertan\/files\/2020\/03\/importalas-753x315.png 753w\" sizes=\"auto, (max-width: 1382px) 100vw, 1382px\" \/><\/p>\n<\/div><\/div>\n","protected":false},"excerpt":{"rendered":"<p>A Zoom-megbesz\u00e9l\u00e9seket f\u0151szab\u00e1ly szerint a <a href=\"https:\/\/semmelweis.hu\/oktatasmodszertan\/tavoktatas\/moodle-e-learning-rendszer\/\" target=\"_blank\" rel=\"noopener noreferrer\">Moodle<\/a> -b\u0151l kell ind\u00edtani, mely t\u00f6bb szempontb\u00f3l is el\u0151ny\u00f6s a r\u00e9sztvev\u0151k sz\u00e1m\u00e1ra. EGYSZER\u0170S\u00c9G Az oktat\u00f3knak nem sz\u00fcks\u00e9ges k\u00fcl\u00f6n linket kik\u00fcldeni az el\u0151ad\u00e1sokr\u00f3l vagy konzult\u00e1ci\u00f3kr\u00f3l a hallgat\u00f3knak, mivel a di\u00e1kok a tant\u00e1rgy kurzus\u00e1ba bejelentkezve, egy kattint\u00e1ssal tudnak csatlakozni a megbesz\u00e9l\u00e9sekhez. &nbsp; &nbsp; &nbsp; &nbsp; &nbsp; BIZTONS\u00c1G A Zoom-el\u0151ad\u00e1sokr\u00f3l k\u00e9sz\u00fclt felv\u00e9telek (melyek betegekr\u0151l &hellip;<\/p>\n","protected":false},"author":101470,"featured_media":0,"parent":1542,"menu_order":3,"comment_status":"closed","ping_status":"closed","template":"","meta":{"_acf_changed":false,"footnotes":""},"categories":[],"tags":[],"class_list":["post-1569","page","type-page","status-publish","hentry"],"acf":[],"_links":{"self":[{"href":"https:\/\/semmelweis.hu\/oktatasmodszertan\/wp-json\/wp\/v2\/pages\/1569","targetHints":{"allow":["GET"]}}],"collection":[{"href":"https:\/\/semmelweis.hu\/oktatasmodszertan\/wp-json\/wp\/v2\/pages"}],"about":[{"href":"https:\/\/semmelweis.hu\/oktatasmodszertan\/wp-json\/wp\/v2\/types\/page"}],"author":[{"embeddable":true,"href":"https:\/\/semmelweis.hu\/oktatasmodszertan\/wp-json\/wp\/v2\/users\/101470"}],"replies":[{"embeddable":true,"href":"https:\/\/semmelweis.hu\/oktatasmodszertan\/wp-json\/wp\/v2\/comments?post=1569"}],"version-history":[{"count":10,"href":"https:\/\/semmelweis.hu\/oktatasmodszertan\/wp-json\/wp\/v2\/pages\/1569\/revisions"}],"predecessor-version":[{"id":1866,"href":"https:\/\/semmelweis.hu\/oktatasmodszertan\/wp-json\/wp\/v2\/pages\/1569\/revisions\/1866"}],"up":[{"embeddable":true,"href":"https:\/\/semmelweis.hu\/oktatasmodszertan\/wp-json\/wp\/v2\/pages\/1542"}],"wp:attachment":[{"href":"https:\/\/semmelweis.hu\/oktatasmodszertan\/wp-json\/wp\/v2\/media?parent=1569"}],"wp:term":[{"taxonomy":"category","embeddable":true,"href":"https:\/\/semmelweis.hu\/oktatasmodszertan\/wp-json\/wp\/v2\/categories?post=1569"},{"taxonomy":"post_tag","embeddable":true,"href":"https:\/\/semmelweis.hu\/oktatasmodszertan\/wp-json\/wp\/v2\/tags?post=1569"}],"curies":[{"name":"wp","href":"https:\/\/api.w.org\/{rel}","templated":true}]}}