{"id":1567,"date":"2020-03-19T16:49:19","date_gmt":"2020-03-19T15:49:19","guid":{"rendered":"http:\/\/semmelweis.hu\/oktatasmodszertan\/?page_id=1567"},"modified":"2020-04-21T11:11:06","modified_gmt":"2020-04-21T09:11:06","slug":"semmelweis-zoom-us","status":"publish","type":"page","link":"https:\/\/semmelweis.hu\/oktatasmodszertan\/e-learning\/zoom-utmutato\/semmelweis-zoom-us\/","title":{"rendered":"Semmelweis.zoom.us"},"content":{"rendered":"<p><strong>EGYETEMI HOZZ\u00c1F\u00c9R\u00c9S L\u00c9TREHOZ\u00c1SA<\/strong><\/p>\n<p><strong>Az egyetemi hozz\u00e1f\u00e9r\u00e9s az els\u0151 bel\u00e9p\u00e9st k\u00f6vet\u0151en j\u00f6n l\u00e9tre<\/strong>\u00a0(a k\u00fcl\u00f6nb\u00f6z\u0151 programjogosults\u00e1gokra \u00e9s szab\u00e1lyzatokra vonatkoz\u00f3 k\u00e9rd\u00e9sek megv\u00e1laszol\u00e1sa ut\u00e1n).\u00a0Nagyon fontos teh\u00e1t, hogy itt bejelentkezz\u00fcnk, mert ha nem tessz\u00fck meg, k\u00e9s\u0151bb a Moodle-b\u0151l sem tudjuk haszn\u00e1lni a Zoom funkci\u00f3t.<\/p>\n<p><strong>MEGBESZ\u00c9L\u00c9S L\u00c9TREHOZ\u00c1SA<\/strong><\/p>\n<p>Bel\u00e9p\u00e9st k\u00f6vet\u0151en megjelenik a Zoom fel\u00fclete, melyben sz\u00e1mos lehet\u0151s\u00e9g l\u00e1that\u00f3, de a legfontosabb a bal oldalon l\u00e9v\u0151 \u201eMeetings\u201d ikon, mert itt lehet az \u00e9rtekezleteket\/megbesz\u00e9l\u00e9seket l\u00e9trehozni. <strong>Err\u0151l r\u00e9szletes vide\u00f3 tal\u00e1lhat\u00f3 itt<\/strong>:<\/p>\n<p><a href=\"https:\/\/support.zoom.us\/hc\/en-us\/articles\/201362413-Scheduling-meetings\">https:\/\/support.zoom.us\/hc\/en-us\/articles\/201362413-Scheduling-meetings<\/a><\/p>\n<p>Az elk\u00e9sz\u00fclt tal\u00e1lkoz\u00f3ban megtal\u00e1lhat\u00f3 az a link \u00e9s azonos\u00edt\u00f3sz\u00e1m (Meeting ID), melyeket emailben megosztva a megh\u00edvottakkal l\u00e9trehozhat\u00f3 a videoh\u00edv\u00e1s. A tal\u00e1lkoz\u00f3t a jobb oldalon l\u00e9v\u0151 \u201eSTART\u201d gombbal lehet elind\u00edtani.<\/p>\n<p><strong>F\u0151szab\u00e1ly szerint azonban minden oktat\u00f3nak a Moodle-ben kell l\u00e9trehoznia a Zoom-megbesz\u00e9l\u00e9seket, melynek el\u0151nyeir\u0151l \u00e9s mik\u00e9ntj\u00e9r\u0151l <a href=\"https:\/\/semmelweis.hu\/oktatasmodszertan\/tavoktatas\/zoom-utmutato\/zoom-a-moodle-ben\/\" target=\"_blank\" rel=\"noopener noreferrer\">itt<\/a> t\u00e1j\u00e9koz\u00f3dhat.<\/strong><\/p>\n<p><a class=\"button\" href=\"https:\/\/support.zoom.us\/hc\/en-us\/articles\/206618765-Zoom-Video-Tutorials?_ga=2.261493837.1730234776.1587459631-2135118416.1586023175\" target=\"_blank\" rel=\"noopener noreferrer\"><strong>Tov\u00e1bbi oktat\u00f3vide\u00f3k angol nyelven<\/strong><\/a><\/p>\n","protected":false},"excerpt":{"rendered":"<p>EGYETEMI HOZZ\u00c1F\u00c9R\u00c9S L\u00c9TREHOZ\u00c1SA Az egyetemi hozz\u00e1f\u00e9r\u00e9s az els\u0151 bel\u00e9p\u00e9st k\u00f6vet\u0151en j\u00f6n l\u00e9tre\u00a0(a k\u00fcl\u00f6nb\u00f6z\u0151 programjogosults\u00e1gokra \u00e9s szab\u00e1lyzatokra vonatkoz\u00f3 k\u00e9rd\u00e9sek megv\u00e1laszol\u00e1sa ut\u00e1n).\u00a0Nagyon fontos teh\u00e1t, hogy itt bejelentkezz\u00fcnk, mert ha nem tessz\u00fck meg, k\u00e9s\u0151bb a Moodle-b\u0151l sem tudjuk haszn\u00e1lni a Zoom funkci\u00f3t. MEGBESZ\u00c9L\u00c9S L\u00c9TREHOZ\u00c1SA Bel\u00e9p\u00e9st k\u00f6vet\u0151en megjelenik a Zoom fel\u00fclete, melyben sz\u00e1mos lehet\u0151s\u00e9g l\u00e1that\u00f3, de a legfontosabb a &hellip;<\/p>\n","protected":false},"author":101470,"featured_media":0,"parent":1542,"menu_order":2,"comment_status":"closed","ping_status":"closed","template":"","meta":{"_acf_changed":false,"footnotes":""},"categories":[],"tags":[],"class_list":["post-1567","page","type-page","status-publish","hentry"],"acf":[],"_links":{"self":[{"href":"https:\/\/semmelweis.hu\/oktatasmodszertan\/wp-json\/wp\/v2\/pages\/1567","targetHints":{"allow":["GET"]}}],"collection":[{"href":"https:\/\/semmelweis.hu\/oktatasmodszertan\/wp-json\/wp\/v2\/pages"}],"about":[{"href":"https:\/\/semmelweis.hu\/oktatasmodszertan\/wp-json\/wp\/v2\/types\/page"}],"author":[{"embeddable":true,"href":"https:\/\/semmelweis.hu\/oktatasmodszertan\/wp-json\/wp\/v2\/users\/101470"}],"replies":[{"embeddable":true,"href":"https:\/\/semmelweis.hu\/oktatasmodszertan\/wp-json\/wp\/v2\/comments?post=1567"}],"version-history":[{"count":4,"href":"https:\/\/semmelweis.hu\/oktatasmodszertan\/wp-json\/wp\/v2\/pages\/1567\/revisions"}],"predecessor-version":[{"id":1879,"href":"https:\/\/semmelweis.hu\/oktatasmodszertan\/wp-json\/wp\/v2\/pages\/1567\/revisions\/1879"}],"up":[{"embeddable":true,"href":"https:\/\/semmelweis.hu\/oktatasmodszertan\/wp-json\/wp\/v2\/pages\/1542"}],"wp:attachment":[{"href":"https:\/\/semmelweis.hu\/oktatasmodszertan\/wp-json\/wp\/v2\/media?parent=1567"}],"wp:term":[{"taxonomy":"category","embeddable":true,"href":"https:\/\/semmelweis.hu\/oktatasmodszertan\/wp-json\/wp\/v2\/categories?post=1567"},{"taxonomy":"post_tag","embeddable":true,"href":"https:\/\/semmelweis.hu\/oktatasmodszertan\/wp-json\/wp\/v2\/tags?post=1567"}],"curies":[{"name":"wp","href":"https:\/\/api.w.org\/{rel}","templated":true}]}}