{"id":1565,"date":"2020-03-19T16:48:14","date_gmt":"2020-03-19T15:48:14","guid":{"rendered":"http:\/\/semmelweis.hu\/oktatasmodszertan\/?page_id=1565"},"modified":"2022-09-19T15:23:58","modified_gmt":"2022-09-19T13:23:58","slug":"asztali-verzio","status":"publish","type":"page","link":"https:\/\/semmelweis.hu\/oktatasmodszertan\/e-learning\/zoom-utmutato\/asztali-verzio\/","title":{"rendered":"Asztali verzi\u00f3"},"content":{"rendered":"<div class=\"responsive-tabs\">\n<h2 class=\"tabtitle\">A Zoom telep\u00edt\u00e9se<\/h2>\n<div class=\"tabcontent\">\n\n<ol>\n<li><strong> Automatikus telep\u00edt\u00e9s<\/strong><\/li>\n<\/ol>\n<p>Nem sz\u00fcks\u00e9ges a Zoom programot el\u0151re telep\u00edteni a g\u00e9p\u00e9re, ha r\u00e9szt k\u00edv\u00e1n venni egy \u00e9rtekezleten, mivel a megh\u00edv\u00f3ban kapott linkre kattintva, az els\u0151 haszn\u00e1lat alkalm\u00e1val automatikusan megindul a seg\u00e9dprogram let\u00f6lt\u00e9se is.<\/p>\n<p>A mentett zoomuslauncher.zip f\u00e1jlra k\u00e9tszer r\u00e1kattintva elindul a ZoomusLauncher program telep\u00edt\u00e9se.<\/p>\n<p>A telep\u00edt\u00e9s teljesen automatikus, melynek v\u00e9g\u00e9n egyb\u0151l megjelenik az adott tal\u00e1lkoz\u00f3hoz val\u00f3 csatlakoz\u00e1s ablaka.<\/p>\n<p>Ha a szervez\u0151 m\u00e9g nem kezdte el a tal\u00e1lkoz\u00f3t, egy felh\u00edv\u00e1st fog l\u00e1tni, hogy v\u00e1rjon a megbesz\u00e9l\u00e9s elindul\u00e1s\u00e1ra. Ha a tal\u00e1lkoz\u00f3t elind\u00edtotta a szervez\u0151, csatlakozzon a megbesz\u00e9l\u00e9shez a \u201cJoin audio conference by Computer\u201d gombra kattint\u00e1ssal.<\/p>\n<p>&nbsp;<\/p>\n<ol start=\"2\">\n<li><strong> A Zoom el\u0151zetes telep\u00edt\u00e9se<\/strong><\/li>\n<\/ol>\n<p>A Zoom programot el\u0151zetesen is telep\u00edtheti a g\u00e9p\u00e9re, \u00edgy az els\u0151 megbesz\u00e9l\u00e9sre kapott megh\u00edv\u00e1skor m\u00e1r nem kell v\u00e1rni a program telep\u00edt\u00e9s\u00e9re. Ha nem r\u00e9szt venni, hanem szervezni szeretne egy megbesz\u00e9l\u00e9st, akkor mindenk\u00e9ppen sz\u00fcks\u00e9ges a programot el\u0151re telep\u00edteni \u00e9s ezut\u00e1n elind\u00edtani, majd bel\u00e9pni a fi\u00f3kj\u00e1ba. Ha nem rendelkezik egyetemi azonos\u00edt\u00f3val, akkor egyszer\u0171en regisztr\u00e1lhat a Zoom-ba Google vagy Facebook azonos\u00edt\u00e1ssal is. Ilyenkor az ingyenes verzi\u00f3t tudja haszn\u00e1lni, ami 40 perc hossz\u00fa megbesz\u00e9l\u00e9sek tart\u00e1s\u00e1t engedi ingyenesen.<\/p>\n<p>A Zoom programot az al\u00e1bbi helyekr\u0151l tudja let\u00f6lteni:<\/p>\n<p>K\u00f6zvetlen link:<\/p>\n<p><a href=\"https:\/\/zoom.us\/support\/download\">https:\/\/zoom.us\/support\/download<\/a><\/p>\n<p><a href=\"https:\/\/zoom.us\/client\/latest\/ZoomInstaller.exe\">https:\/\/zoom.us\/client\/latest\/ZoomInstaller.exe<\/a><\/p>\n<p>Vagy a Zoom let\u00f6lt\u00e9s oldalr\u00f3l:<\/p>\n<p><a href=\"https:\/\/zoom.us\/download\">https:\/\/zoom.us\/download<\/a> (Cloudfront.net)<\/p>\n<p><a href=\"https:\/\/zoom.us\/download2\">https:\/\/zoom.us\/download2<\/a> (Zoom.us)<\/p>\n<p>Zoom appot is haszn\u00e1lhat, az al\u00e1bbi linkekr\u0151l let\u00f6lthet\u0151 a megfelel\u0151 alkalmaz\u00e1s:<\/p>\n<p>Android, Google Play \u00c1ruh\u00e1z: <a href=\"https:\/\/play.google.com\/store\/apps\/details?id=us.zoom.videomeetings\">https:\/\/play.google.com\/store\/apps\/details?id=us.zoom.videomeetings<\/a><\/p>\n<p>iOS, AppStore: <a href=\"https:\/\/itunes.apple.com\/us\/app\/id546505307\">https:\/\/itunes.apple.com\/us\/app\/id546505307<\/a><\/p>\n<p>A k\u00f6zvetlen linkekre kattint\u00e1s ut\u00e1n a g\u00e9p megkezdi a ZoomInstaller.exe program let\u00f6lt\u00e9s\u00e9t, melyet a felugr\u00f3 ablakban a Futtat\u00e1s gombra kattint\u00e1ssal kell j\u00f3v\u00e1hagyni. Enged\u00e9lyezze a Windows sz\u00e1m\u00e1ra, hogy a Zoom program elv\u00e9gezze a telep\u00edt\u00e9st. Ha a telep\u00edt\u00e9s megt\u00f6rt\u00e9nt, megjelenik a Zoom bel\u00e9p\u00e9si ablaka, ahol v\u00e1laszthat, hogy csatlakozni szeretni egy \u00e9rtekezlethez (Join a Meeting), vagy bel\u00e9pni a saj\u00e1t fi\u00f3kj\u00e1ba (Sign In).<\/p>\n<table style=\"border-collapse: collapse;width: 100%\">\n<tbody>\n<tr>\n<td style=\"width: 100%\">\n<div><strong>FIGYELEM!<\/strong><\/div>\n<div>K\u00e9rj\u00fck, hogy rendszeresen friss\u00edts\u00e9k a Zoom-szoftver\u00fcket a leg\u00fajabb verzi\u00f3ra, mely az al\u00e1bbi oldalr\u00f3l t\u00f6lthet\u0151 le: <a href=\"https:\/\/zoom.us\/download\">https:\/\/zoom.us\/download<\/a><\/div>\n<\/td>\n<\/tr>\n<\/tbody>\n<\/table>\n<p>&nbsp;<\/p>\n\n<\/div><h2 class=\"tabtitle\">Megbesz\u00e9l\u00e9s szervez\u00e9se<\/h2>\n<div class=\"tabcontent\">\n\n<p><strong>Al<\/strong><strong>\u00e1<\/strong><strong>bb r<\/strong><strong>\u00e9<\/strong><strong>szletezz<\/strong><strong>\u00fc<\/strong><strong>k az <\/strong><strong>\u00e9<\/strong><strong>rtekezlet szervez<\/strong><strong>\u00e9<\/strong><strong>s m<\/strong><strong>\u00f3<\/strong><strong>dj<\/strong><strong>\u00e1<\/strong><strong>t Windows, illetve Mac g<\/strong><strong>\u00e9<\/strong><strong>pekre let\u00f6lthet\u0151 kliensprogram seg<\/strong><strong>\u00ed<\/strong><strong>ts<\/strong><strong>\u00e9<\/strong><strong>g<\/strong><strong>\u00e9<\/strong><strong>vel.<\/strong><\/p>\n<ol>\n<li>Ind\u00edtsa el a g\u00e9p\u00e9re telep\u00edtett Zoom kliensprogramot \u00e9s l\u00e9pjen be a fi\u00f3kj\u00e1ba. Fontos, hogy ne a bal oldali e-mail\/password ablakkal, hanem a jobb oldali oszlop tetej\u00e9n szerepl\u0151\u00a0<strong>Sign In with SSO<\/strong>\u00a0gombbal l\u00e9pj\u00fcnk be fi\u00f3kunkba. A Company Domainbe a semmelweis(.zoom.us) sz\u00f3t \u00edrjuk, ezut\u00e1n m\u00e1r be tudunk jelentkezni a SeKA-hozz\u00e1f\u00e9r\u00e9s\u00fcnkkel.<\/li>\n<li>Kattintson a \u201cSchedule\u201d (Szervez\u00e9s) ikonra. Ezut\u00e1n meg fog ny\u00edlni egy k\u00fcl\u00f6n szervez\u00e9si ablak.<\/li>\n<li>V\u00e1lassza ki, adja meg a szervezett megbesz\u00e9l\u00e9s be\u00e1ll\u00edt\u00e1sait.<img loading=\"lazy\" decoding=\"async\" class=\"alignleft size-full wp-image-1617\" src=\"https:\/\/semmelweis.hu\/oktatasmodszertan\/files\/2020\/03\/schedule_meeting.png\" alt=\"\" width=\"588\" height=\"704\" srcset=\"https:\/\/semmelweis.hu\/oktatasmodszertan\/files\/2020\/03\/schedule_meeting.png 588w, https:\/\/semmelweis.hu\/oktatasmodszertan\/files\/2020\/03\/schedule_meeting-334x400.png 334w\" sizes=\"auto, (max-width: 588px) 100vw, 588px\" \/><\/li>\n<\/ol>\n<p>&nbsp;<\/p>\n<p>&nbsp;<\/p>\n<p>&nbsp;<\/p>\n<p>&nbsp;<\/p>\n<p>&nbsp;<\/p>\n<p>&nbsp;<\/p>\n<p>&nbsp;<\/p>\n<p>&nbsp;<\/p>\n<p>&nbsp;<\/p>\n<p>&nbsp;<\/p>\n<p>&nbsp;<\/p>\n<p>&nbsp;<\/p>\n<p>&nbsp;<\/p>\n<p>&nbsp;<\/p>\n<p><strong>Topic <\/strong><strong>\u2013<\/strong><strong> T<\/strong><strong>\u00e1<\/strong><strong>rgy<\/strong>: Adja meg a konferencia \/ megbesz\u00e9l\u00e9s \/ el\u0151ad\u00e1s t\u00e1rgy\u00e1t \u2013 \u00e9rdemes j\u00f3l beazonos\u00edthat\u00f3, egyedi elnevez\u00e9st haszn\u00e1lni (k\u00fcl\u00f6n\u00f6sen, ha felv\u00e9tel is k\u00e9sz\u00fcl, amit k\u00e9s\u0151bb be kell tudni azonos\u00edtani)<\/p>\n<p><strong>Start<\/strong>: Adja meg az \u00e9rtekezlet kezd\u00e9si id\u0151pontj\u00e1t. Az \u00e9rtekezletet a be\u00e1ll\u00edtott id\u0151pont el\u0151tt is b\u00e1rmikor el lehet kezdeni.<\/p>\n<p><strong>Duration <\/strong><strong>\u2013<\/strong><strong> Hossz<\/strong>: Adja meg az \u00e9rtekezlet v\u00e1rhat\u00f3 hossz\u00e1t. Ennek csak a tervez\u00e9s szempontj\u00e1b\u00f3l van jelent\u0151s\u00e9ge, a megbesz\u00e9l\u00e9s nem fog v\u00e9get \u00e9rni a megadott id\u0151 letelt\u00e9vel.<\/p>\n<p><strong>Time Zone &#8211; Id\u0151z<\/strong><strong>\u00f3<\/strong><strong>na<\/strong>: Alapbe\u00e1ll\u00edt\u00e1sk\u00e9nt a Zoom a sz\u00e1m\u00edt\u00f3g\u00e9p\u00e9n be\u00e1ll\u00edtott id\u0151z\u00f3n\u00e1t fogja haszn\u00e1lni, de a leg\u00f6rd\u00fcl\u0151 men\u00fcb\u0151l kiv\u00e1laszthat egy m\u00e1sik id\u0151z\u00f3n\u00e1t is.<\/p>\n<p><strong>Recurring meeting <\/strong><strong>\u2013<\/strong> <strong>Ism<\/strong><strong>\u00e9<\/strong><strong>tl\u0151d\u0151 <\/strong><strong>\u00e9<\/strong><strong>rtekezlet<\/strong>: Pip\u00e1lja be ezt a n\u00e9gyzetet, ha ism\u00e9tl\u0151d\u0151 \u00e9rtekezletet szeretne be\u00e1ll\u00edtani, azaz pl. minden h\u00e9tf\u0151 10 \u00f3r\u00e1ra ugyanazt az \u00e9rtekezletet h\u00edvn\u00e1 \u00f6ssze (a megbesz\u00e9l\u00e9s ID k\u00f3dja \u00edgy ugyanaz marad)<\/p>\n<p><strong>Video \u2013 Vide<\/strong><strong>\u00f3<\/strong><strong> opci\u00f3k: <\/strong><\/p>\n<p>\u00a0\u00a0\u00a0\u00a0\u00a0\u00a0\u00a0\u00a0\u00a0\u00a0\u00a0 <strong>Host <\/strong><strong>\u2013<\/strong> <strong>Szervez\u0151<\/strong>: Adja meg, hogy szeretn\u00e9-e, hogy az \u00e9rtekezlet indul\u00e1sakor a szervez\u0151 webkamer\u00e1ja be (On) vagy kikapcsolva (Off) legyen. Ha a kikapcsol\u00e1st v\u00e1lasztja, akkor is a megb\u00e9sz\u00e9l\u00e9s k\u00f6zben b\u00e1rmikor be, illetve ki tudja kapcsolni a kamer\u00e1t.<\/p>\n<p>\u00a0\u00a0\u00a0\u00a0\u00a0\u00a0\u00a0\u00a0\u00a0\u00a0\u00a0 <strong>Participant &#8211; R<\/strong><strong>\u00e9<\/strong><strong>sztvev\u0151<\/strong>: Adja meg, hogy szeretn\u00e9-e, hogy az \u00e9rtekezlethez val\u00f3 csatlakoz\u00e1skor a r\u00e9sztvev\u0151k webkamer\u00e1ja be (On) vagy kikapcsolva (Off) legyen. Ha a kikapcsol\u00e1st v\u00e1lasztja, a r\u00e9sztvev\u0151knek akkor is lehet\u0151s\u00e9g\u00fck lesz a megbesz\u00e9l\u00e9s k\u00f6zben b\u00e1rmikor be-, illetve kikapcsolni a kamer\u00e1jukat.<\/p>\n<p><strong>Audio <\/strong><strong>\u2013<\/strong><strong> Hang opci\u00f3k<\/strong>: Adja meg, hogy az \u00e9rtekezlet r\u00e9sztvev\u0151i hogyan tudnak csatlakozni \u2013 hagyom\u00e1nyos, azaz vezet\u00e9kes vagy mobil telefonvonalon (Telephone), sz\u00e1m\u00edt\u00f3g\u00e9pes internetes, online hangvonalon (Computer Audio), vagy mindkett\u0151n (Telephone and Computer Audio).<\/p>\n<p><strong>Advanced Options <\/strong><strong>\u2013<\/strong><strong> Speci<\/strong><strong>\u00e1<\/strong><strong>lis Be<\/strong><strong>\u00e1<\/strong><strong>ll<\/strong><strong>\u00ed<\/strong><strong>t<\/strong><strong>\u00e1<\/strong><strong>sok<\/strong>: Ha a ny\u00edlra kattint, l\u00e1that\u00f3v\u00e1 v\u00e1lnak tov\u00e1bbi be\u00e1ll\u00edt\u00e1sok is a megbesz\u00e9l\u00e9ssel kapcsolatban:<\/p>\n<p>\u00a0\u00a0\u00a0\u00a0\u00a0\u00a0\u00a0\u00a0\u00a0\u00a0\u00a0 <strong>Require meeting password<\/strong> <strong>\u2013<\/strong><strong> Jelsz<\/strong><strong>\u00f3<\/strong><strong>val v<\/strong><strong>\u00e9<\/strong><strong>dett megbesz<\/strong><strong>\u00e9<\/strong><strong>l<\/strong><strong>\u00e9<\/strong><strong>s<\/strong>: Itt tudja be\u00e1ll\u00edtani, hogy a megbesz\u00e9l\u00e9s jelsz\u00f3val v\u00e9dett legyen, valamint mag\u00e1t a sz\u00fcks\u00e9ges jelsz\u00f3t is. Az \u00e9rtekezlet r\u00e9sztvev\u0151inek meg kell majd adni ezt a jelsz\u00f3t ahhoz, hogy csatlakozni tudjanak. Megjegyz\u00e9s: a jelsz\u00f3nak a k\u00f6vetkez\u0151 k\u00f6vetelm\u00e9nyeknek kell megfelelni\u00fck:<\/p>\n<ul>\n<li>minimum 10 karakter<\/li>\n<li>a jelszavak kis\/nagybet\u0171re \u00e9rz\u00e9kenyek<\/li>\n<li>azt javasoljuk, haszn\u00e1ljon alfanumerikus karaktereket is, illetve a k\u00f6vetkez\u0151 speci\u00e1lis karakterek k\u00f6z\u00fcl is egyet vagy t\u00f6bbet: @ * _ &#8211;<\/li>\n<li>a Zoom weblapon kereszt\u00fcl b\u00e1rmely karakter megad\u00e1sa lehets\u00e9ges, a k\u00f6vetkez\u0151k kiv\u00e9tel\u00e9vel: &amp; &lt;&gt;<\/li>\n<\/ul>\n<p>\u00a0\u00a0\u00a0\u00a0\u00a0\u00a0\u00a0\u00a0\u00a0\u00a0\u00a0 <strong>Enable join before host <\/strong><strong>\u2013<\/strong> <strong>Szervez\u0151 el\u0151tti csatlakoz<\/strong><strong>\u00e1<\/strong><strong>s<\/strong>: Ez a be\u00e1ll\u00edt\u00e1s lehet\u0151v\u00e9 teszi, hogy a r\u00e9sztvev\u0151k azel\u0151tt csatlakozzanak a megbesz\u00e9l\u00e9shez, miel\u0151tt annak szervez\u0151je bel\u00e9pett. <em>Az ingyenes alapcsomagban (Basic) a megbesz<\/em><em>\u00e9<\/em><em>l<\/em><em>\u00e9<\/em><em>snek 40 perc ut<\/em><em>\u00e1<\/em><em>n v<\/em><em>\u00e9<\/em><em>ge szakad, ha 3 vagy t\u00f6bb ember csatlakozik hozz<\/em><em>\u00e1<\/em><em>.<\/em><\/p>\n<p>\u00a0\u00a0\u00a0\u00a0\u00a0\u00a0\u00a0\u00a0\u00a0\u00a0\u00a0 <strong>Mute participants on entry <\/strong><strong>\u2013<\/strong><strong> Csatlakoz<\/strong><strong>\u00e1<\/strong><strong>skor a r<\/strong><strong>\u00e9<\/strong><strong>sztvev\u0151k n<\/strong><strong>\u00e9<\/strong><strong>m<\/strong><strong>\u00e1<\/strong><strong>ra <\/strong><strong>\u00e1<\/strong><strong>ll<\/strong><strong>\u00ed<\/strong><strong>t<\/strong><strong>\u00e1<\/strong><strong>sa<\/strong>: Ha az el\u0151bbi, \u201cJoin before host\u201d be\u00e1ll\u00edt\u00e1s ki van kapcsolva, akkor ennek az opci\u00f3nak a kijel\u00f6l\u00e9s\u00e9vel az \u00e9rtekezlethez csatalakoz\u00f3 r\u00e9sztvev\u0151k alapesetben n\u00e9m\u00e1ra lesznek \u00e1ll\u00edtva. A r\u00e9sztvev\u0151k csatlakoz\u00e1s ut\u00e1n b\u00e1rmikor ki- \u00e9s be tudj\u00e1k kapcsolni a saj\u00e1t hangjukat, a n\u00e9m\u00e1ra \u00e1ll\u00edt\u00e1st. <em>Megjegyz<\/em><em>\u00e9<\/em><em>s: az <\/em><em>\u00e9<\/em><em>rtekezlet szervez\u0151j<\/em><em>\u00e9<\/em><em>nek lehet\u0151s<\/em><em>\u00e9<\/em><em>ge van az <\/em><em>\u00e9<\/em><em>rtekezlet \u00f6sszes r<\/em><em>\u00e9<\/em><em>sztvev\u0151j<\/em><em>\u00e9<\/em><em>t n<\/em><em>\u00e9<\/em><em>m<\/em><em>\u00e1<\/em><em>ra <\/em><em>\u00e1<\/em><em>ll<\/em><em>\u00ed<\/em><em>tani a <\/em><em>\u201c<\/em><em>Manage Participants<\/em><em>\u201d<\/em><em> (R<\/em><em>\u00e9<\/em><em>sztvev\u0151k kezel<\/em><em>\u00e9<\/em><em>se) men<\/em><em>\u00fc<\/em><em>pont alatt. <\/em><\/p>\n<p>\u00a0\u00a0\u00a0\u00a0\u00a0\u00a0\u00a0\u00a0\u00a0\u00a0\u00a0 <strong>Use Personal Meeting ID <\/strong><strong>\u2013<\/strong><strong> Szem<\/strong><strong>\u00e9<\/strong><strong>lyes \u00c9rtekezlet Azonos<\/strong><strong>\u00ed<\/strong><strong>t<\/strong><strong>\u00f3<\/strong><strong> haszn<\/strong><strong>\u00e1<\/strong><strong>lata<\/strong>: Ennek bejel\u00f6l\u00e9s\u00e9vel lehet\u0151s\u00e9g van arra, hogy a saj\u00e1t, szem\u00e9lyes \u00e9rtekezlet azonos\u00edt\u00f3j\u00e1t (Personal Meeting ID) haszn\u00e1lja. Ha nem ezt v\u00e1lasztja, akkor a rendszer egy tetsz\u0151leges, egyedi azonos\u00edt\u00f3t fog gener\u00e1lni a megbesz\u00e9l\u00e9snek.<\/p>\n<p><strong>Record the meeting automatically <\/strong><strong>\u2013<\/strong><strong> \u00c9rtekezlet automatikus r\u00f6gz<\/strong><strong>\u00ed<\/strong><strong>t<\/strong><strong>\u00e9<\/strong><strong>se<\/strong>: Ennek bejel\u00f6l\u00e9s\u00e9vel lehet\u0151s\u00e9g van az \u00e9rtekezlet automatikus r\u00f6gz\u00edt\u00e9s\u00e9re, amelyet \u00edgy ut\u00f3lag is meg lehet tekinteni. V\u00e1lassza ki, hogy a felv\u00e9telt a saj\u00e1t sz\u00e1m\u00edt\u00f3g\u00e9p\u00e9re vagy a <strong>Zoom felh\u0151j\u00e9be<\/strong> (aj\u00e1nlott) \u00e9rdemes menteni (zoom.us\/recording &#8211; itt meg is lehet osztani az elk\u00e9sz\u00fclt felv\u00e9teleket m\u00e1ssal).<\/p>\n<p>\u00a0\u00a0\u00a0\u00a0\u00a0\u00a0\u00a0\u00a0\u00a0\u00a0\u00a0 <strong>List on Public Event List <\/strong><strong>\u2013<\/strong><strong> Hozz<\/strong><strong>\u00e1<\/strong><strong>ad<\/strong><strong>\u00e1<\/strong><strong>s Nyilv<\/strong><strong>\u00e1<\/strong><strong>nos esem<\/strong><strong>\u00e9<\/strong><strong>nyekhez<\/strong>: Lehet\u0151s\u00e9g van arra, hogy a megbesz\u00e9l\u00e9st hozz\u00e1adja a nyilv\u00e1nos esem\u00e9nyek\/online szemin\u00e1riumok list\u00e1j\u00e1hoz, hogy Zoom el\u0151fizet\u00e9s\u00e9nek b\u00e1rmelyik tagja megtekinthesse. Azt javasoljuk, hogy ez esetben v\u00e9dje le a megbesz\u00e9l\u00e9st egy jelsz\u00f3val.<\/p>\n<p>\u00a0\u00a0\u00a0\u00a0\u00a0\u00a0\u00a0\u00a0\u00a0\u00a0\u00a0 <strong>Schedule For <\/strong><strong>\u2013<\/strong><strong> Szervez<\/strong><strong>\u00e9<\/strong><strong>s m<\/strong><strong>\u00e1<\/strong><strong>s szem<\/strong><strong>\u00e9<\/strong><strong>ly r<\/strong><strong>\u00e9<\/strong><strong>sz<\/strong><strong>\u00e9<\/strong><strong>re<\/strong>: Ha rendelkezik szervez\u00e9si jogosults\u00e1ggal m\u00e1s felhaszn\u00e1l\u00f3 r\u00e9sz\u00e9re, itt tudja kiv\u00e1lasztani a leg\u00f6rd\u00fcl\u0151 men\u00fcb\u0151l, hogy mely szem\u00e9ly r\u00e9sz\u00e9re szervezi az \u00e9rtekezletet.<\/p>\n<p>\u00a0\u00a0\u00a0\u00a0\u00a0\u00a0\u00a0\u00a0\u00a0\u00a0\u00a0 <strong>Alternative hosts <\/strong><strong>\u2013<\/strong><strong> Alternat<\/strong><strong>\u00ed<\/strong><strong>v szervez\u0151k<\/strong>: Adja meg b\u00e1rmely m\u00e1sik, licensszel rendelkez\u0151 Zoom felhaszn\u00e1l\u00f3 email c\u00edm\u00e9t, mellyel lehet\u0151v\u00e9 teszi, hogy az \u00d6n hely\u00e9ben ez a szem\u00e9ly ind\u00edtsa el a megbesz\u00e9l\u00e9st.<\/p>\n<p>\u00a0\u00a0\u00a0\u00a0\u00a0\u00a0\u00a0\u00a0\u00a0\u00a0\u00a0 <strong>Calendar &#8211; Napt\u00e1r: <\/strong>V\u00e1lasszon egy napt\u00e1rszolg\u00e1ltat\u00e1st, amihez a megbesz\u00e9l\u00e9st hozz\u00e1adja, \u00e9s amin kereszt\u00fcl a r\u00e9sztvev\u0151k megh\u00edv\u00f3t kapnak. \u00c9rdemes az Other Calendars opci\u00f3t v\u00e1lasztani, mert ekkor a Schedule gomb megnyom\u00e1sa ut\u00e1n lehet\u0151s\u00e9ge van a szervezett megbesz\u00e9l\u00e9s r\u00e9szletes inform\u00e1ci\u00f3it \u2013 \u00fagy mint nap, id\u0151pont, <strong>a megbesz\u00e9l\u00e9s URL linkje \u2013 kim\u00e1solni \u00e9s beilleszteni b\u00e1rhov\u00e1, p\u00e9ld\u00e1ul emailbe vagy egy cset\u00fczenetbe, \u00e9s \u00edgy elk\u00fcldeni a r\u00e9sztvev\u0151knek.<\/strong><\/p>\n<ol start=\"4\">\n<li>Nyomja meg a \u201cSchedule\u201d (Szervez\u00e9s) gombot a megbesz\u00e9l\u00e9s \/ konferencia \/ el\u0151ad\u00e1s v\u00e9gleges\u00edt\u00e9s\u00e9hez, \u00e9s hogy a kiv\u00e1lasztott napt\u00e1rszolg\u00e1ltat\u00e1shoz hozz\u00e1ad\u00f3djon az \u00e9rtekezlet.<\/li>\n<\/ol>\n<p>\u00a0\u00a0\u00a0\u00a0\u00a0\u00a0\u00a0\u00a0\u00a0\u00a0\u00a0 <em>Megjegyz<\/em><em>\u00e9<\/em><em>s: <\/em><\/p>\n<ul>\n<li><em>Ha ism\u00e9tl\u0151d\u0151 megbesz\u00e9l\u00e9st szervez, akkor az ism\u00e9tl\u0151d\u00e9s id\u0151k\u00f6z\u00e9t a kiv\u00e1lasztott napt\u00e1rprogramban kell megadnia. <\/em><\/li>\n<\/ul>\n<p><img loading=\"lazy\" decoding=\"async\" class=\"alignleft size-full wp-image-1619\" src=\"https:\/\/semmelweis.hu\/oktatasmodszertan\/files\/2020\/03\/copy_invitation-1.png\" alt=\"\" width=\"1171\" height=\"592\" srcset=\"https:\/\/semmelweis.hu\/oktatasmodszertan\/files\/2020\/03\/copy_invitation-1.png 1171w, https:\/\/semmelweis.hu\/oktatasmodszertan\/files\/2020\/03\/copy_invitation-1-400x202.png 400w, https:\/\/semmelweis.hu\/oktatasmodszertan\/files\/2020\/03\/copy_invitation-1-1024x518.png 1024w, https:\/\/semmelweis.hu\/oktatasmodszertan\/files\/2020\/03\/copy_invitation-1-768x388.png 768w, https:\/\/semmelweis.hu\/oktatasmodszertan\/files\/2020\/03\/copy_invitation-1-753x381.png 753w\" sizes=\"auto, (max-width: 1171px) 100vw, 1171px\" \/><\/p>\n<p>&nbsp;<\/p>\n<p>Ezut\u00e1n a megszervezett megbesz\u00e9l\u00e9s megjelenik jobb oldalt, az aktu\u00e1lis d\u00e1tum \u00e9s id\u0151 alatt. Ha m\u00e9g nem m\u00e1soltuk ki a megh\u00edv\u00f3 linkj\u00e9t, a nev\u00fcnk melletti h\u00e1rom pontra kattintva v\u00e1lasszuk ki a <strong>Copy Invitation<\/strong> gombot, mellyel a v\u00e1g\u00f3lapra m\u00e1sol\u00f3dik a megh\u00edv\u00f3 linkje.<\/p>\n<p>Ezut\u00e1n ha megnyitunk egy \u00faj e-mailt\/\u00fczenetet \u00e9s a Beilleszt\u00e9s (Ctrl+V) gombra kattintunk, be fog m\u00e1sol\u00f3dni a megh\u00edv\u00f3 sz\u00f6vege \u00e9s vele egy\u00fctt a link is, \u00edgy a r\u00e9sztvev\u0151k a megbesz\u00e9l\u00e9s id\u0151pontj\u00e1ban csatlakozhatnak majd hozz\u00e1nk.<\/p>\n<\/div><\/div>\n","protected":false},"excerpt":{"rendered":"<p>Automatikus telep\u00edt\u00e9s Nem sz\u00fcks\u00e9ges a Zoom programot el\u0151re telep\u00edteni a g\u00e9p\u00e9re, ha r\u00e9szt k\u00edv\u00e1n venni egy \u00e9rtekezleten, mivel a megh\u00edv\u00f3ban kapott linkre kattintva, az els\u0151 haszn\u00e1lat alkalm\u00e1val automatikusan megindul a seg\u00e9dprogram let\u00f6lt\u00e9se is. A mentett zoomuslauncher.zip f\u00e1jlra k\u00e9tszer r\u00e1kattintva elindul a ZoomusLauncher program telep\u00edt\u00e9se. A telep\u00edt\u00e9s teljesen automatikus, melynek v\u00e9g\u00e9n egyb\u0151l megjelenik az adott tal\u00e1lkoz\u00f3hoz &hellip;<\/p>\n","protected":false},"author":101470,"featured_media":0,"parent":1542,"menu_order":1,"comment_status":"closed","ping_status":"closed","template":"","meta":{"_acf_changed":false,"footnotes":""},"categories":[],"tags":[],"class_list":["post-1565","page","type-page","status-publish","hentry"],"acf":[],"_links":{"self":[{"href":"https:\/\/semmelweis.hu\/oktatasmodszertan\/wp-json\/wp\/v2\/pages\/1565","targetHints":{"allow":["GET"]}}],"collection":[{"href":"https:\/\/semmelweis.hu\/oktatasmodszertan\/wp-json\/wp\/v2\/pages"}],"about":[{"href":"https:\/\/semmelweis.hu\/oktatasmodszertan\/wp-json\/wp\/v2\/types\/page"}],"author":[{"embeddable":true,"href":"https:\/\/semmelweis.hu\/oktatasmodszertan\/wp-json\/wp\/v2\/users\/101470"}],"replies":[{"embeddable":true,"href":"https:\/\/semmelweis.hu\/oktatasmodszertan\/wp-json\/wp\/v2\/comments?post=1565"}],"version-history":[{"count":9,"href":"https:\/\/semmelweis.hu\/oktatasmodszertan\/wp-json\/wp\/v2\/pages\/1565\/revisions"}],"predecessor-version":[{"id":3778,"href":"https:\/\/semmelweis.hu\/oktatasmodszertan\/wp-json\/wp\/v2\/pages\/1565\/revisions\/3778"}],"up":[{"embeddable":true,"href":"https:\/\/semmelweis.hu\/oktatasmodszertan\/wp-json\/wp\/v2\/pages\/1542"}],"wp:attachment":[{"href":"https:\/\/semmelweis.hu\/oktatasmodszertan\/wp-json\/wp\/v2\/media?parent=1565"}],"wp:term":[{"taxonomy":"category","embeddable":true,"href":"https:\/\/semmelweis.hu\/oktatasmodszertan\/wp-json\/wp\/v2\/categories?post=1565"},{"taxonomy":"post_tag","embeddable":true,"href":"https:\/\/semmelweis.hu\/oktatasmodszertan\/wp-json\/wp\/v2\/tags?post=1565"}],"curies":[{"name":"wp","href":"https:\/\/api.w.org\/{rel}","templated":true}]}}