{"id":1520,"date":"2020-03-18T17:02:38","date_gmt":"2020-03-18T16:02:38","guid":{"rendered":"http:\/\/semmelweis.hu\/oktatasmodszertan\/?page_id=1520"},"modified":"2024-09-27T11:10:23","modified_gmt":"2024-09-27T09:10:23","slug":"moodle-e-learning-rendszer","status":"publish","type":"page","link":"https:\/\/semmelweis.hu\/oktatasmodszertan\/e-learning\/moodle-e-learning-rendszer\/","title":{"rendered":"Moodle &#8211; e-learning rendszer"},"content":{"rendered":"<p><strong>A\u00a0<a href=\"https:\/\/itc.semmelweis.hu\/moodle\/\" target=\"_blank\" rel=\"noopener noreferrer\">Moodle<\/a>\u00a0az egyetem e-learning rendszere, ahol minden egyes tant\u00e1rgyhoz k\u00fcl\u00f6n fel\u00fclet tartozik az oktat\u00f3k \u00e1ltal felt\u00f6lt\u00f6tt tov\u00e1bbi tartalmakkal (pl. jegyzetek, feladatok). A Moodle-rendszer az\u00a0<a href=\"https:\/\/itc.semmelweis.hu\/moodle\/\" target=\"_blank\" rel=\"noopener noreferrer\">itc.semmelweis.hu<\/a>\u00a0honlapon \u00e9rhet\u0151 el <a href=\"https:\/\/semmelweis.hu\/oktatasmodszertan\/e-learning\/a-seka-azonositorol\/\" target=\"_blank\" rel=\"noopener\">SeKA-bejelentkez\u00e9ssel.<\/a><\/strong><\/p>\n<p><a class=\"btn btn-secondary\" href=\"https:\/\/itc.semmelweis.hu\/\" target=\"_blank\" rel=\"noopener noreferrer\">TOV\u00c1BB A MOODLEHOZ<\/a><\/p>\n<p>A Moodle a Neptunb\u00f3l veszi \u00e1t a kurzusadatokat, \u00edgy a <strong>hallgat\u00f3k<\/strong> a bel\u00e9p\u00e9s ut\u00e1n a saj\u00e1t, Neptunban felvett kurzusaikat l\u00e1thatj\u00e1k a fel\u00fcleten. A tananyagok magyar, angol \u00e9s n\u00e9met nyelven \u00e1llnak a hallgat\u00f3k rendelkez\u00e9s\u00e9re. Minden hallgat\u00f3 a k\u00e9pz\u00e9si nyelv\u00e9nek megfelel\u0151 kurzusokhoz kap hozz\u00e1f\u00e9r\u00e9st. A hozz\u00e1f\u00e9r\u00e9s felt\u00e9tele az Egyetem hallgat\u00f3i sz\u00e1m\u00e1ra az adott tant\u00e1rgy\/kurzus NEPTUN tanulm\u00e1nyi rendszerben t\u00f6rt\u00e9n\u0151 felv\u00e9tele. K\u00fcls\u0151 felhaszn\u00e1l\u00f3k egy\u00e9ni elb\u00edr\u00e1l\u00e1s alapj\u00e1n kaphatnak jogosults\u00e1got.<\/p>\n<p>Az <strong>oktat\u00f3knak<\/strong> lehet\u0151s\u00e9ge van a tananyagok megoszt\u00e1s\u00e1ra, kurzusf\u00f3rum m\u0171k\u00f6dtet\u00e9s\u00e9re, ak\u00e1r online teszt kit\u00f6ltet\u00e9s\u00e9re, vizsg\u00e1ztat\u00e1sra is. A Moodle alapfunkci\u00f3in t\u00fal sz\u00e1mos, az oktat\u00f3i munk\u00e1t seg\u00edt\u0151 elemmel is rendelkezik, \u00edgy el\u00e9rhet\u0151 benne az egy\u00e9ni \u00f3rarend kialak\u00edt\u00e1s\u00e1nak a lehet\u0151s\u00e9ge vagy az e-lecke funkci\u00f3 is, ahol a statikus tartalmakhoz k\u00e9rd\u00e9seket, feladatokat is lehet rendelni. Vide\u00f3konferenci\u00e1kat, webin\u00e1riumokat a Zoom be\u00e9p\u00fcl\u0151 megold\u00e1ssal ind\u00edthatnak az oktat\u00f3k az elektronikus t\u00e9rben l\u00e9v\u0151 kurzusaikban.<\/p>\n<p style=\"text-align: left\"><a class=\"button\" href=\"https:\/\/semmelweis.hu\/oktatasmodszertan\/e-learning\/utmutato-oktatoknak\/\" target=\"_blank\" rel=\"noopener noreferrer\">\u00datmutat\u00f3 az els\u0151 l\u00e9p\u00e9sekhez &#8211; oktat\u00f3knak<\/a><\/p>\n<p style=\"text-align: left\"><a class=\"button\" href=\"https:\/\/semmelweis.hu\/oktatasmodszertan\/e-learning\/utmutato-hallgatoknak\/\" target=\"_blank\" rel=\"noopener noreferrer\">\u00datmutat\u00f3 az els\u0151 l\u00e9p\u00e9sekhez &#8211; hallgat\u00f3knak<\/a><\/p>\n<p>A Moodle haszn\u00e1lat\u00e1r\u00f3l r\u00e9szletes \u00fatmutat\u00f3 olvashat\u00f3 az egyetemi e-learning rendszerben (bel\u00e9p\u00e9s ut\u00e1n) <a href=\"https:\/\/itc.semmelweis.hu\/moodle\/course\/view.php?id=995\" target=\"_blank\" rel=\"noopener noreferrer\">oktat\u00f3knak<\/a> \u00e9s <a href=\"https:\/\/itc.semmelweis.hu\/moodle\/course\/view.php?id=662\" target=\"_blank\" rel=\"noopener noreferrer\">hallgat\u00f3knak<\/a>, illetve <a href=\"https:\/\/semmelweis.hu\/oktatasmodszertan\/oktatasi-segedanyagok\/oktatastamogatas-esemenyek\/alapkepzesek\/bevezetes-az-egyetemi-oktatasba\/\" target=\"_blank\" rel=\"noopener noreferrer\">online tanfolyamon<\/a> val\u00f3 r\u00e9szv\u00e9telre \u00e9s konzult\u00e1ci\u00f3ra is lehet\u0151s\u00e9g ny\u00edlik.<\/p>\n<p><a class=\"button\" href=\"https:\/\/itc.semmelweis.hu\/moodle\/course\/view.php?id=2010\" target=\"_blank\" rel=\"noopener\">Moodle alapismeretek kurzus oktat\u00f3knak<\/a><\/p>\n<p><a class=\"button\" href=\"https:\/\/kaltura.semmelweis.hu\/playlist\/details\/1_wasmkrfm\/categoryId\/292714362\" target=\"_blank\" rel=\"noopener\">Moodle oktat\u00f3vide\u00f3k oktat\u00f3knak<\/a><\/p>\n<p><iframe loading=\"lazy\" src=\"https:\/\/www.kaltura.com\/p\/2714041\/sp\/271404100\/embedIframeJs\/uiconf_id\/45220361\/partner_id\/2714041\/widget_id\/1_f3zg6e11?iframeembed=true&amp;playerId=kaltura_player_&amp;flashvars[playlistAPI.kpl0Id]=1_wasmkrfm&amp;flashvars[ks]=&amp;&amp;flashvars[imageDefaultDuration]=30&amp;flashvars[localizationCode]=en&amp;flashvars[forceMobileHTML5]=true&amp;flashvars[scrubber.sliderPreview]=false&amp;flashvars[nextPrevBtn.plugin]=true&amp;flashvars[hotspots.plugin]=true&amp;flashvars[sideBarContainer.plugin]=true&amp;flashvars[sideBarContainer.position]=left&amp;flashvars[sideBarContainer.clickToClose]=true&amp;flashvars[chapters.plugin]=true&amp;flashvars[chapters.layout]=vertical&amp;flashvars[chapters.thumbnailRotator]=false&amp;flashvars[streamSelector.plugin]=true&amp;flashvars[EmbedPlayer.SpinnerTarget]=videoHolder&amp;flashvars[dualScreen.plugin]=true&amp;flashvars[playlistAPI.playlistUrl]=https:\/\/kaltura.semmelweis.hu\/playlist\/details\/{playlistAPI.kpl0Id}\/categoryid\/292714362\" width=\"400\" height=\"620\"><\/iframe><\/p>\n<div class=\"exp-col-content-holder\"><a class=\"expand-cnt-link\" href=\"#\">Jogosults\u00e1gi szintek<\/a><\/p>\n<div class=\"hidden-content\">\n<p><strong>Alapvet\u0151 jogosults\u00e1gi szintek<\/strong><\/p>\n<p>A rendszerben t\u00f6bbf\u00e9le jogosults\u00e1gi szint l\u00e9tezik. A felhaszn\u00e1l\u00f3k szemsz\u00f6g\u00e9b\u0151l n\u00e9zve alapvet\u0151en h\u00e1rmat k\u00fcl\u00f6nb\u00f6ztet\u00fcnk meg:<\/p>\n<ul>\n<li>\n<p><em><strong>Hallgat\u00f3i jogosults\u00e1g:<\/strong><\/em>\u00a0A Semmelweis Egyetemmel hallgat\u00f3i jogviszonyban \u00e1ll\u00f3 felhaszn\u00e1l\u00f3, aki a SeKA azonos\u00edt\u00e1ssal tudja ig\u00e9nybe venni a szolg\u00e1ltat\u00e1st.<\/p>\n<\/li>\n<li>\n<p><em><strong>Oktat\u00f3i (nem szerkeszt\u0151 tan\u00e1r) jogosults\u00e1g:<\/strong><\/em>\u00a0Az adott kurzus\/tant\u00e1rgy NEPTUN rendszerben felt\u00fcntetett oktat\u00f3ja \u2013 SeKA azonos\u00edt\u00e1ssal.<\/p>\n<\/li>\n<li>\n<p><em><strong>Szerkeszt\u0151 tan\u00e1ri jogosults\u00e1g:<\/strong><\/em>\u00a0Az adott kurzus\/tant\u00e1rgy felel\u0151se, aki a tartalom fejleszt\u00e9s\u00e9nek felel\u0151se\/\u00f6sszefog\u00f3ja. Neki van joga a fel\u00fcleten l\u00e9v\u0151 ismeretek szerkeszt\u00e9s\u00e9re\/v\u00e1ltoztat\u00e1s\u00e1ra \u2013 SeKA azonos\u00edt\u00e1ssal.<\/p>\n<\/li>\n<\/ul>\n<p>Ezeken k\u00edv\u00fcl besz\u00e9lhet\u00fcnk \u00fagynevezett\u00a0<em><strong>\u201evend\u00e9g oktat\u00f3r\u00f3l\u201d<\/strong><\/em>\u00a0\u00e9s\u00a0<em><strong>\u201evend\u00e9g hallgat\u00f3r\u00f3l\u201d<\/strong><\/em>. Az \u0151 jogosults\u00e1gaik megegyeznek az el\u0151z\u0151ekben felsoroltak\u00e9val, azzal a k\u00fcl\u00f6nbs\u00e9ggel, hogy \u0151k vagy nem tartoznak az egyetem polg\u00e1rai k\u00f6z\u00e9, vagy pedig az adott kurzust nem vett\u00e9k fel a NEPTUN tanulm\u00e1nyi rendszerben.\u00a0<em><strong>Az ilyen jogosults\u00e1g elk\u00e9sz\u00edt\u00e9s\u00e9hez sz\u00fcks\u00e9ges a tant\u00e1rgyat\/kurzust meghirdet\u0151 tansz\u00e9k vezet\u0151j\u00e9nek \u00edr\u00e1sos enged\u00e9lye.<\/strong><\/em><\/p>\n<\/div>\n<\/div>\n<div class=\"exp-col-content-holder\"><a class=\"expand-cnt-link\" href=\"#\">Hozz\u00e1f\u00e9r\u00e9s id\u0151tartama<\/a><\/p>\n<div class=\"hidden-content\">\n<p>A\u00a0<strong>hallgat\u00f3<\/strong> mindaddig hozz\u00e1f\u00e9r a NEPTUN rendszerben felvett tant\u00e1rgyakhoz tartoz\u00f3 e-learning fel\u00fcletekhez\/kurzusokhoz, am\u00edg a hallgat\u00f3i jogviszonya fenn\u00e1ll. A megsz\u0171n\u00e9st k\u00f6vet\u0151en, illetve a diploma megszerz\u00e9s\u00e9t k\u00f6vet\u0151en az adatok t\u00f6rl\u00e9sre, illetve archiv\u00e1l\u00e1sra ker\u00fclnek.<\/p>\n<p>A\u00a0<strong>szerkeszt\u0151 \u00e9s nem szerkeszt\u0151 tan\u00e1ri<\/strong>\u00a0funkci\u00f3 mindaddig fenn\u00e1ll, am\u00edg az oktat\u00f3 a Semmelweis Egyetem munkav\u00e1llal\u00f3ja, illetve am\u00edg az adott tant\u00e1rgy\u00e9rt felel\u0151s szervezeti egys\u00e9g vezet\u0151je err\u0151l m\u00e1sk\u00e9pp nem d\u00f6nt.<\/p>\n<p><strong>K\u00fcls\u0151 felhaszn\u00e1l\u00f3k<\/strong>\u00a0eset\u00e9ben egy\u00e9ni d\u00f6nt\u00e9s alapj\u00e1n t\u00f6rt\u00e9nik a megnyit\u00e1s \u00e9s a jogosults\u00e1g megsz\u00fcntet\u00e9se.<\/p>\n<\/div>\n<\/div>\n<div class=\"fontos_div w-100\">\n<p>Ha b\u00e1rmikor technikai k\u00e9rd\u00e9sei lenn\u00e9nek, k\u00e9rem, l\u00e9pjen kapcsolatba <a href=\"https:\/\/semmelweis.hu\/oktatasmodszertan\/ugyfelszolgalat\/\" target=\"_blank\" rel=\"noopener\">\u00fcgyf\u00e9lszolg\u00e1latunkkal.<\/a><\/p>\n<\/div>\n","protected":false},"excerpt":{"rendered":"<p>A\u00a0 <a href=\"https:\/\/itc.semmelweis.hu\/moodle\/\" target=\"_blank\" rel=\"noopener noreferrer\">Moodle<\/a> \u00a0az egyetem e-learning rendszere, ahol minden egyes tant\u00e1rgyhoz k\u00fcl\u00f6n fel\u00fclet tartozik az oktat\u00f3k \u00e1ltal felt\u00f6lt\u00f6tt tov\u00e1bbi tartalmakkal (pl. jegyzetek, feladatok). A Moodle-rendszer az\u00a0 <a href=\"https:\/\/itc.semmelweis.hu\/moodle\/\" target=\"_blank\" rel=\"noopener noreferrer\">itc.semmelweis.hu<\/a> \u00a0honlapon \u00e9rhet\u0151 el <a href=\"https:\/\/semmelweis.hu\/oktatasmodszertan\/e-learning\/a-seka-azonositorol\/\" target=\"_blank\" rel=\"noopener\">SeKA-bejelentkez\u00e9ssel.<\/a> <a class=\"btn btn-secondary\" href=\"https:\/\/itc.semmelweis.hu\/\" target=\"_blank\" rel=\"noopener noreferrer\">TOV\u00c1BB A MOODLEHOZ<\/a> A Moodle a Neptunb\u00f3l veszi \u00e1t a kurzusadatokat, \u00edgy a hallgat\u00f3k a bel\u00e9p\u00e9s ut\u00e1n a saj\u00e1t, Neptunban felvett kurzusaikat l\u00e1thatj\u00e1k a fel\u00fcleten. A tananyagok magyar, angol \u00e9s n\u00e9met &hellip;<\/p>\n","protected":false},"author":12,"featured_media":0,"parent":1515,"menu_order":4,"comment_status":"closed","ping_status":"closed","template":"","meta":{"_acf_changed":false,"footnotes":""},"categories":[],"tags":[],"class_list":["post-1520","page","type-page","status-publish","hentry"],"acf":[],"_links":{"self":[{"href":"https:\/\/semmelweis.hu\/oktatasmodszertan\/wp-json\/wp\/v2\/pages\/1520","targetHints":{"allow":["GET"]}}],"collection":[{"href":"https:\/\/semmelweis.hu\/oktatasmodszertan\/wp-json\/wp\/v2\/pages"}],"about":[{"href":"https:\/\/semmelweis.hu\/oktatasmodszertan\/wp-json\/wp\/v2\/types\/page"}],"author":[{"embeddable":true,"href":"https:\/\/semmelweis.hu\/oktatasmodszertan\/wp-json\/wp\/v2\/users\/12"}],"replies":[{"embeddable":true,"href":"https:\/\/semmelweis.hu\/oktatasmodszertan\/wp-json\/wp\/v2\/comments?post=1520"}],"version-history":[{"count":10,"href":"https:\/\/semmelweis.hu\/oktatasmodszertan\/wp-json\/wp\/v2\/pages\/1520\/revisions"}],"predecessor-version":[{"id":5183,"href":"https:\/\/semmelweis.hu\/oktatasmodszertan\/wp-json\/wp\/v2\/pages\/1520\/revisions\/5183"}],"up":[{"embeddable":true,"href":"https:\/\/semmelweis.hu\/oktatasmodszertan\/wp-json\/wp\/v2\/pages\/1515"}],"wp:attachment":[{"href":"https:\/\/semmelweis.hu\/oktatasmodszertan\/wp-json\/wp\/v2\/media?parent=1520"}],"wp:term":[{"taxonomy":"category","embeddable":true,"href":"https:\/\/semmelweis.hu\/oktatasmodszertan\/wp-json\/wp\/v2\/categories?post=1520"},{"taxonomy":"post_tag","embeddable":true,"href":"https:\/\/semmelweis.hu\/oktatasmodszertan\/wp-json\/wp\/v2\/tags?post=1520"}],"curies":[{"name":"wp","href":"https:\/\/api.w.org\/{rel}","templated":true}]}}