{"id":1517,"date":"2020-03-18T16:37:25","date_gmt":"2020-03-18T15:37:25","guid":{"rendered":"http:\/\/semmelweis.hu\/oktatasmodszertan\/?page_id=1517"},"modified":"2026-03-17T13:32:44","modified_gmt":"2026-03-17T12:32:44","slug":"a-seka-azonositorol","status":"publish","type":"page","link":"https:\/\/semmelweis.hu\/oktatasmodszertan\/e-learning\/a-seka-azonositorol\/","title":{"rendered":"A SeKA-azonos\u00edt\u00f3r\u00f3l"},"content":{"rendered":"<p><img loading=\"lazy\" decoding=\"async\" class=\"alignleft wp-image-5080\" src=\"https:\/\/semmelweis.hu\/oktatasmodszertan\/files\/2024\/08\/seka-lockonly-2022.png\" alt=\"\" width=\"132\" height=\"126\" \/>A\u00a0<strong>SeKA<\/strong>\u00a0egy bet\u0171sz\u00f3:\u00a0a\u00a0<em>Semmelweis Egyetem K\u00f6zponti Azonos\u00edt\u00f3rendszere<\/em>. Ez a rendszer azzal a c\u00e9llal j\u00f6tt l\u00e9tre, hogy\u00a0<strong>az egyetem k\u00fcl\u00f6nb\u00f6z\u0151, felhaszn\u00e1l\u00f3azonos\u00edt\u00e1st k\u00edv\u00e1n\u00f3 sz\u00e1m\u00edt\u00e1stechnikai szolg\u00e1ltat\u00e1sait <\/strong>a felhaszn\u00e1l\u00f3k biztons\u00e1gos m\u00f3don,<strong> egyetlen bejelentkez\u00e9si n\u00e9vvel \u00e9s jelsz\u00f3val <\/strong>\u00e9rj\u00e9k el. A<span style=\"font-size: 1rem\">z \u00fan.\u00a0<\/span><strong style=\"font-size: 1rem\">egyszeri bejelentkez\u00e9s<\/strong><span style=\"font-size: 1rem\"> (SSO: single sign-on) azt is jelenti, hogy ha bejelentkezem egy szolg\u00e1ltat\u00e1sba, akkor a tov\u00e1bbi szolg\u00e1ltat\u00e1sokat m\u00e1r a jelszavam ism\u00e9telt megad\u00e1sa n\u00e9lk\u00fcl el tudom \u00e9rni.<\/span><\/p>\n<p><strong>A SeKA-azonos\u00edt\u00f3<\/strong>\u00a0egyben\u00a0<strong>EduID-azonos\u00edt\u00f3k\u00e9nt<\/strong> (l\u00e1sd <a href=\"http:\/\/eduid.hu\/\" target=\"_blank\" rel=\"noopener\">eduid.hu<\/a>)<strong>\u00a0is m\u0171k\u00f6dik<\/strong>, teh\u00e1t arra is alkalmas, hogy olyan, <strong>egyetemen k\u00edv\u00fcli szolg\u00e1ltat\u00e1sokat<\/strong> haszn\u00e1ljunk vele, melyekhez EduID-bel\u00e9p\u00e9s sz\u00fcks\u00e9ges. <a href=\"https:\/\/semmelweis.hu\/oktatasmodszertan\/e-learning\/a-seka-azonositorol\/a-seka-val-elerheto-szolgaltatasok\/\">Tov\u00e1bb az el\u00e9rhet\u0151 szolg\u00e1ltat\u00e1sok list\u00e1j\u00e1hoz \u2192<\/a><\/p>\n<p data-pm-slice=\"1 1 []\">2022 nyara \u00f3ta a SeKA rendszerben az azonos\u00edt\u00f3k <strong>automatikusan j\u00f6nnek l\u00e9tre<\/strong> az Informatikai F\u0151igazgat\u00f3s\u00e1g \u00e1ltal \u00fczemeltetett <strong><a href=\"https:\/\/o365portal.semmelweis.hu\/\" target=\"_blank\" rel=\"noopener\">O365 rendszer<\/a> alapj\u00e1n<\/strong>, nincs a tov\u00e1bbiakban sz\u00fcks\u00e9g k\u00fcl\u00f6n ig\u00e9nyl\u00e9sre, illetve a jelszavak is az O365 rendszerb\u0151l szinkroniz\u00e1l\u00f3dnak, azokat csak ott kell be\u00e1ll\u00edtani.<\/p>\n<div class=\"keretes w-100\">\n<p id=\"yui_3_18_1_1_1738318596834_497\">A SeKA bel\u00e9p\u00e9si adatok megoszt\u00e1sa m\u00e1sokkal <strong>nem enged\u00e9lyezett,<\/strong> minden ezzel kapcsolatos k\u00f6vetkezm\u00e9ny az \u00e9rintett hallgat\u00f3 \/ munkat\u00e1rs felel\u0151ss\u00e9ge!\u00a0<\/p>\n<\/div>\n<div class=\"responsive-tabs\">\n<h2 class=\"tabtitle\">Hallgat\u00f3k<\/h2>\n<div class=\"tabcontent\">\n\n<p><strong>Hallgat\u00f3k eset\u00e9n<\/strong> a SeKA-login n\u00e9v azonos a 6 karakterb\u0151l \u00e1ll\u00f3 Neptun-azonos\u00edt\u00f3val, a jelsz\u00f3 pedig megegyezik azzal a jelsz\u00f3val, amivel az Outlook-levelez\u00e9sbe bel\u00e9pnek.\u00a0<\/p>\n<div class=\"fontos_div\">\n<p><strong>FONTOS\u00a0<\/strong>Els\u0151 haszn\u00e1lat el\u0151tt a hallgat\u00f3knak aktiv\u00e1lni sz\u00fcks\u00e9ges az egyetemi e-mail-c\u00edm\u00fcket az al\u00e1bbi <a href=\"https:\/\/semmelweis.hu\/informatika\/o365\/tutorial-anyagok\/utmutato-hallgatoi-o365-fiok-aktivalasahoz\/\" target=\"_blank\" rel=\"noopener\">\u00fatmutat\u00f3<\/a> szerint.<\/p>\n<\/div>\n<p><strong>VPN-kapcsolatra<\/strong> nincs sz\u00fcks\u00e9g a SeKA-bejelentkez\u00e9s haszn\u00e1lat\u00e1hoz (\u00edgy a Moodle-hez \u00e9s a Zoomhoz sem).<\/p>\n<p>A hallgat\u00f3knak sz\u00f3l\u00f3, az egyetemi k\u00f6nyvt\u00e1r \u00e1ltal \u00fczemeltetett VPN szolg\u00e1ltat\u00e1st az <a href=\"https:\/\/lib.semmelweis.hu\/se_kk_vpn\" target=\"_blank\" rel=\"noopener\">al\u00e1bbi linken<\/a> kereszt\u00fcl lehet ig\u00e9nybe venni.<\/p>\n\n<\/div><h2 class=\"tabtitle\">PhD-hallgat\u00f3k<\/h2>\n<div class=\"tabcontent\">\n\n<p>A <strong>PhD-hallgat\u00f3kat <\/strong>k\u00e9t csoportba sorolhatjuk SeKA-hozz\u00e1f\u00e9r\u00e9s szempontj\u00e1b\u00f3l:<\/p>\n<p><strong>A.)<\/strong> Amennyiben a hallgat\u00f3 kor\u00e1bban <strong>rendelkezett hallgat\u00f3i jogviszonnyal a Semmelweis Egyetemen,<\/strong> a SeKA bejelentkez\u00e9si n\u00e9v azonos marad a kor\u00e1bbi Neptun-k\u00f3ddal, a jelsz\u00f3 pedig megegyezik azzal a jelsz\u00f3val, amivel az Outlook-levelez\u00e9sbe bel\u00e9p.<\/p>\n<div class=\"fontos_div w-100\">\n<p><strong>FONTOS <\/strong><strong>Ebben az esetben sz\u00fcks\u00e9ges lehet<\/strong> aktiv\u00e1lni az egyetemi e-mail-c\u00edmet az al\u00e1bbi\u00a0<a href=\"https:\/\/semmelweis.hu\/informatika\/o365\/tutorial-anyagok\/utmutato-hallgatoi-o365-fiok-aktivalasahoz\/\" target=\"_blank\" rel=\"noopener\">\u00fatmutat\u00f3<\/a>\u00a0szerint.<\/p>\n<\/div>\n<p>Az egyetemi e-mail-c\u00edme szint\u00e9n ugyanaz marad, de k\u00e9relmezheti az <a href=\"https:\/\/o365portal.semmelweis.hu\/Home\/Signin\" target=\"_blank\" rel=\"noopener\">O365 Helpdeskt\u0151l<\/a> az e-mail-c\u00edmben szerepl\u0151 <em>stud<\/em> sz\u00f3 <em>phd<\/em>-ra t\u00f6rt\u00e9n\u0151 megv\u00e1ltoztat\u00e1s\u00e1t.<\/p>\n<p><strong>B.) <\/strong>Amennyiben a hallgat\u00f3 kor\u00e1bban <u><strong>nem<\/strong><\/u> <strong>rendelkezett hallgat\u00f3i jogviszonnyal a Semmelweis Egyetemen,<\/strong> a SeKA-login n\u00e9v azonos a 6 karakterb\u0151l \u00e1ll\u00f3 Neptun-azonos\u00edt\u00f3val, a jelsz\u00f3 pedig megegyezik azzal a jelsz\u00f3val, amivel az Outlook-levelez\u00e9sbe bel\u00e9pnek.<\/p>\n<div class=\"fontos_div w-100\">\n<p><strong>FONTOS<\/strong> <strong>Els\u0151 haszn\u00e1lat el\u0151tt<\/strong> a hallgat\u00f3knak aktiv\u00e1lni sz\u00fcks\u00e9ges az egyetemi e-mail-c\u00edm\u00fcket az al\u00e1bbi\u00a0<a href=\"https:\/\/semmelweis.hu\/informatika\/o365\/tutorial-anyagok\/utmutato-hallgatoi-o365-fiok-aktivalasahoz\/\" target=\"_blank\" rel=\"noopener\">\u00fatmutat\u00f3<\/a>\u00a0szerint.<\/p>\n<\/div>\n<p><strong>VPN-kapcsolatra<\/strong>\u00a0nincs sz\u00fcks\u00e9g a SeKA-bejelentkez\u00e9s haszn\u00e1lat\u00e1hoz (\u00edgy a Moodle-hez \u00e9s a Zoomhoz sem).<\/p>\n<p>A hallgat\u00f3knak sz\u00f3l\u00f3, az egyetemi k\u00f6nyvt\u00e1r \u00e1ltal \u00fczemeltetett VPN szolg\u00e1ltat\u00e1st az\u00a0<a href=\"https:\/\/lib.semmelweis.hu\/se_kk_vpn\" target=\"_blank\" rel=\"noopener\">al\u00e1bbi linken<\/a>\u00a0kereszt\u00fcl lehet ig\u00e9nybe venni.<\/p>\n\n<\/div><h2 class=\"tabtitle\">Oktat\u00f3k \u00e9s munkat\u00e1rsak<\/h2>\n<div class=\"tabcontent\">\n\n<p><strong>Oktat\u00f3k \u00e9s az egyetem m\u00e1s dolgoz\u00f3i eset\u00e9n<\/strong> a SeKA bejelentkez\u00e9si n\u00e9v azonos az egyetemi e-mail-c\u00edm\u00fckkel (@semmelweis.hu v\u00e9gz\u0151d\u00e9s\u0171), a jelsz\u00f3 pedig megegyezik azzal a jelsz\u00f3val, amivel az Outlook-levelez\u00e9sbe bel\u00e9pnek.<\/p>\n<div class=\"fontos_div\">\n<p><strong>FONTOS\u00a0<\/strong>Els\u0151 haszn\u00e1lat el\u0151tt a munkat\u00e1rsaknak aktiv\u00e1lni sz\u00fcks\u00e9ges az egyetemi e-mail-c\u00edm\u00fcket az al\u00e1bbi <a href=\"https:\/\/semmelweis.hu\/human\/files\/2020\/11\/Munkavallaloi-azonosito-aktivalasa_V2.pdf\" target=\"_blank\" rel=\"noopener\">\u00fatmutat\u00f3<\/a> szerint.<\/p>\n<\/div>\n<p><strong>VPN-kapcsolatra<\/strong> nincs sz\u00fcks\u00e9g a SeKA-bejelentkez\u00e9s haszn\u00e1lat\u00e1hoz (\u00edgy a Moodle-hez \u00e9s a Zoomhoz sem). <em>(Ha egy\u00e9b okokb\u00f3l m\u00e9gis sz\u00fcks\u00e9g\u00fck van VPN kapcsolatra, azzal kapcsolatban\u00a0<a href=\"https:\/\/semmelweis.hu\/informatika\/egyeb-szolgaltatasok\/eroforrasok-tavoli-elerese\/\" target=\"_blank\" rel=\"noopener\">az Informatikai F\u0151igazgat\u00f3s\u00e1g honlapj\u00e1n<\/a> t\u00e1j\u00e9koz\u00f3dhatnak.<\/em><em>)<\/em><\/p>\n\n<\/div><h2 class=\"tabtitle\">K\u00fcls\u0151s oktat\u00f3k<\/h2>\n<div class=\"tabcontent\">\n\n<p><b>K\u00fcls\u0151s oktat\u00f3k sz\u00e1m\u00e1ra <\/b>a felhaszn\u00e1l\u00f3ig\u00e9nyl\u00e9st az al\u00e1bbi <a href=\"https:\/\/o365portal.semmelweis.hu\/Home\/requestexternalaccess\" target=\"_blank\" rel=\"noopener\">honlapon<\/a> kell kezdem\u00e9nyeznie egy egyetemi munkat\u00e1rsnak (pl. vezet\u0151, HR-es, koll\u00e9ga).<\/p>\n<\/div><\/div>\n<div class=\"keretes w-100\">\n<p>Az aktiv\u00e1l\u00e1ssal, illetve a bel\u00e9p\u00e9ssel kapcsolatos probl\u00e9m\u00e1kkal k\u00e9rj\u00fck, az O365 Helpdesket keress\u00e9k:<\/p>\n<p><strong>Email:<\/strong> o365helpdesk@semmelweis.hu<br \/>\n<strong>Telefon:<\/strong> +36 30 016 4702<\/p>\n<\/div>\n","protected":false},"excerpt":{"rendered":"<p>A\u00a0SeKA\u00a0egy bet\u0171sz\u00f3:\u00a0a\u00a0Semmelweis Egyetem K\u00f6zponti Azonos\u00edt\u00f3rendszere. Ez a rendszer azzal a c\u00e9llal j\u00f6tt l\u00e9tre, hogy\u00a0az egyetem k\u00fcl\u00f6nb\u00f6z\u0151, felhaszn\u00e1l\u00f3azonos\u00edt\u00e1st k\u00edv\u00e1n\u00f3 sz\u00e1m\u00edt\u00e1stechnikai szolg\u00e1ltat\u00e1sait a felhaszn\u00e1l\u00f3k biztons\u00e1gos m\u00f3don, egyetlen bejelentkez\u00e9si n\u00e9vvel \u00e9s jelsz\u00f3val \u00e9rj\u00e9k el. Az \u00fan.\u00a0egyszeri bejelentkez\u00e9s (SSO: single sign-on) azt is jelenti, hogy ha bejelentkezem egy szolg\u00e1ltat\u00e1sba, akkor a tov\u00e1bbi szolg\u00e1ltat\u00e1sokat m\u00e1r a jelszavam ism\u00e9telt megad\u00e1sa n\u00e9lk\u00fcl &hellip;<\/p>\n","protected":false},"author":12,"featured_media":0,"parent":1515,"menu_order":3,"comment_status":"closed","ping_status":"closed","template":"","meta":{"_acf_changed":false,"footnotes":""},"categories":[],"tags":[],"class_list":["post-1517","page","type-page","status-publish","hentry"],"acf":[],"_links":{"self":[{"href":"https:\/\/semmelweis.hu\/oktatasmodszertan\/wp-json\/wp\/v2\/pages\/1517","targetHints":{"allow":["GET"]}}],"collection":[{"href":"https:\/\/semmelweis.hu\/oktatasmodszertan\/wp-json\/wp\/v2\/pages"}],"about":[{"href":"https:\/\/semmelweis.hu\/oktatasmodszertan\/wp-json\/wp\/v2\/types\/page"}],"author":[{"embeddable":true,"href":"https:\/\/semmelweis.hu\/oktatasmodszertan\/wp-json\/wp\/v2\/users\/12"}],"replies":[{"embeddable":true,"href":"https:\/\/semmelweis.hu\/oktatasmodszertan\/wp-json\/wp\/v2\/comments?post=1517"}],"version-history":[{"count":10,"href":"https:\/\/semmelweis.hu\/oktatasmodszertan\/wp-json\/wp\/v2\/pages\/1517\/revisions"}],"predecessor-version":[{"id":6311,"href":"https:\/\/semmelweis.hu\/oktatasmodszertan\/wp-json\/wp\/v2\/pages\/1517\/revisions\/6311"}],"up":[{"embeddable":true,"href":"https:\/\/semmelweis.hu\/oktatasmodszertan\/wp-json\/wp\/v2\/pages\/1515"}],"wp:attachment":[{"href":"https:\/\/semmelweis.hu\/oktatasmodszertan\/wp-json\/wp\/v2\/media?parent=1517"}],"wp:term":[{"taxonomy":"category","embeddable":true,"href":"https:\/\/semmelweis.hu\/oktatasmodszertan\/wp-json\/wp\/v2\/categories?post=1517"},{"taxonomy":"post_tag","embeddable":true,"href":"https:\/\/semmelweis.hu\/oktatasmodszertan\/wp-json\/wp\/v2\/tags?post=1517"}],"curies":[{"name":"wp","href":"https:\/\/api.w.org\/{rel}","templated":true}]}}