{"id":1326,"date":"2019-12-12T12:50:33","date_gmt":"2019-12-12T11:50:33","guid":{"rendered":"http:\/\/semmelweis.hu\/oktatasmodszertan\/?page_id=1326"},"modified":"2021-12-02T14:37:09","modified_gmt":"2021-12-02T13:37:09","slug":"jogyakorlatok","status":"publish","type":"page","link":"https:\/\/semmelweis.hu\/oktatasmodszertan\/oktatasi-segedanyagok\/jogyakorlatok\/","title":{"rendered":"Oktat\u00e1si j\u00f3 gyakorlatok"},"content":{"rendered":"<p><strong>Az egyetemi j\u00f3gyakorlatok megismer\u00e9se igen hasznos az oktat\u00f3k sz\u00e1m\u00e1ra, hiszen egy adott int\u00e9zetben alkalmazott innov\u00e1ci\u00f3, megold\u00e1s m\u00e1s szervezeti egys\u00e9gn\u00e9l is adapt\u00e1lhat\u00f3.<\/strong> <\/p>\n<p><strong>Emiatt arra k\u00e9rj\u00fck \u00d6nt \u00e9s koll\u00e9g\u00e1it, hogy amennyiben \u00fagy v\u00e9lik, oktat\u00e1sm\u00f3dszertani \u00e9s -szervez\u00e9si gyakorlatuk m\u00e1sok sz\u00e1m\u00e1ra is tanuls\u00e1gos, \u00e9s szeretn\u00e9k ezt az Egyetem t\u00f6bbi oktat\u00f3j\u00e1val is megosztani, <a href=\"https:\/\/bit.ly\/se-jogyakorlat\" target=\"_blank\" rel=\"noopener noreferrer\">t\u00f6lts\u00e9k ki az al\u00e1bbi \u0171rlapot.<\/a><\/strong><\/p>\n<p>Az <a href=\"https:\/\/bit.ly\/se-jogyakorlat\" target=\"_blank\" rel=\"noopener noreferrer\">\u0171rlap<\/a> kit\u00f6lt\u00e9s\u00e9vel arra is lehet\u0151s\u00e9ge van, hogy <strong>\u00d6n (legyen ak\u00e1r hallgat\u00f3, oktat\u00f3 vagy tov\u00e1bbi egyetemi dolgoz\u00f3) aj\u00e1nlja az egyik oktat\u00f3 \u00e1ltal alkalmazott j\u00f3gyakorlatot,<\/strong> ezzel is seg\u00edtve a m\u00f3dszer megismertet\u00e9s\u00e9t a t\u00f6bbi szervezeti egys\u00e9ggel.<\/p>\n<p><strong>Bek\u00fcld\u00f6tt j\u00f3 gyakorlatok:<\/strong><\/p>\n<ul>\n<li><em><a href=\"https:\/\/itc.semmelweis.hu\/moodle\/course\/view.php?id=686\" target=\"_blank\" rel=\"noopener\">EduIdea vide\u00f3k <\/a>(bel\u00e9p\u00e9s SeK\u00c1-val)<\/em><\/li>\n<li><em><a href=\"https:\/\/semmelweis.hu\/oktatasmodszertan\/category\/jogyakorlatok\/\" target=\"_blank\" rel=\"noopener\">Cikkek j\u00f3 gyakorlatokr\u00f3l<\/a><\/em><\/li>\n<\/ul>\n<p><strong>J\u00f3gyakorlat p\u00e9ld\u00e1k:<\/strong><\/p>\n<ol>\n<li>hogyan motiv\u00e1lj\u00e1k a tanul\u00e1st a szorgalmi id\u0151szakban,<\/li>\n<li>hogyan jelentkeztetik a hallgat\u00f3kat a gyakorlatokra \u00e9s hogy megy a p\u00f3tl\u00e1s,<\/li>\n<li>milyen IKT eszk\u00f6z\u00f6ket haszn\u00e1lnak,<\/li>\n<li>hogyan j\u00e1t\u00e9kos\u00edtanak a kontakt \u00f3r\u00e1n \u00e9s a kurzus eg\u00e9sze sor\u00e1n,<\/li>\n<li>hogyan haszn\u00e1lj\u00e1k a Moodle e-learning rendszert,<\/li>\n<li>hogyan k\u00e9pzik az \u00faj oktat\u00f3kat,<\/li>\n<li>hogyan t\u00f6rt\u00e9nik egy innov\u00e1ci\u00f3 bevezet\u00e9se,<\/li>\n<li>hogyan t\u00e1mogatj\u00e1k a klinikusok oktat\u00f3i tev\u00e9kenys\u00e9g\u00e9t (munkaszervez\u00e9s, elismer\u00e9s stb ),<\/li>\n<li>milyen csatorn\u00e1kon kommunik\u00e1lnak a hallgat\u00f3kkal,<\/li>\n<li>hogyan gondoskodnak a standardiz\u00e1lt oktat\u00e1sr\u00f3l (min\u0151s\u00e9gbiztos\u00edt\u00e1s),<\/li>\n<li>hogyan gy\u0171jtik be \u00e9s haszn\u00e1lj\u00e1k fel a hallgat\u00f3i visszajelz\u00e9seket<\/li>\n<li>Egy\u00e9b\u2026<\/li>\n<\/ol>\n<div id=\"GroupWiseSection_1586176088000_monzeger.katalin@semmelweis-univ.hu_568D13811EB50000B4706F6437386235_\" class=\"GroupWiseMessageBody active\">\n<div>\n<div>A j\u00f3gyakorlatokat el\u0151zetes egyeztet\u00e9s ut\u00e1n honlapunkon \u00e9s h\u00edrlevel\u00fcnk\u00f6n tervezz\u00fck k\u00f6zz\u00e9tenni.<\/div>\n<div>\u00a0<\/div>\n<\/div>\n<\/div>\n<p><strong><a class=\"button\" href=\"https:\/\/bit.ly\/se-jogyakorlat\" target=\"_blank\" rel=\"noopener noreferrer\">J\u00d3GYAKORLAT BEK\u00dcLD\u00c9SE<\/a><\/strong><\/p>\n<p>&nbsp;<\/p>\n","protected":false},"excerpt":{"rendered":"<p>Az egyetemi j\u00f3gyakorlatok megismer\u00e9se igen hasznos az oktat\u00f3k sz\u00e1m\u00e1ra, hiszen egy adott int\u00e9zetben alkalmazott innov\u00e1ci\u00f3, megold\u00e1s m\u00e1s szervezeti egys\u00e9gn\u00e9l is adapt\u00e1lhat\u00f3. Emiatt arra k\u00e9rj\u00fck \u00d6nt \u00e9s koll\u00e9g\u00e1it, hogy amennyiben \u00fagy v\u00e9lik, oktat\u00e1sm\u00f3dszertani \u00e9s -szervez\u00e9si gyakorlatuk m\u00e1sok sz\u00e1m\u00e1ra is tanuls\u00e1gos, \u00e9s szeretn\u00e9k ezt az Egyetem t\u00f6bbi oktat\u00f3j\u00e1val is megosztani, <a href=\"https:\/\/bit.ly\/se-jogyakorlat\" target=\"_blank\" rel=\"noopener noreferrer\">t\u00f6lts\u00e9k ki az al\u00e1bbi \u0171rlapot.<\/a> Az <a href=\"https:\/\/bit.ly\/se-jogyakorlat\" target=\"_blank\" rel=\"noopener noreferrer\">\u0171rlap<\/a> kit\u00f6lt\u00e9s\u00e9vel arra is lehet\u0151s\u00e9ge van, hogy &hellip;<\/p>\n","protected":false},"author":101470,"featured_media":0,"parent":462,"menu_order":11,"comment_status":"closed","ping_status":"closed","template":"","meta":{"_acf_changed":false,"footnotes":""},"categories":[],"tags":[],"class_list":["post-1326","page","type-page","status-publish","hentry"],"acf":[],"_links":{"self":[{"href":"https:\/\/semmelweis.hu\/oktatasmodszertan\/wp-json\/wp\/v2\/pages\/1326","targetHints":{"allow":["GET"]}}],"collection":[{"href":"https:\/\/semmelweis.hu\/oktatasmodszertan\/wp-json\/wp\/v2\/pages"}],"about":[{"href":"https:\/\/semmelweis.hu\/oktatasmodszertan\/wp-json\/wp\/v2\/types\/page"}],"author":[{"embeddable":true,"href":"https:\/\/semmelweis.hu\/oktatasmodszertan\/wp-json\/wp\/v2\/users\/101470"}],"replies":[{"embeddable":true,"href":"https:\/\/semmelweis.hu\/oktatasmodszertan\/wp-json\/wp\/v2\/comments?post=1326"}],"version-history":[{"count":10,"href":"https:\/\/semmelweis.hu\/oktatasmodszertan\/wp-json\/wp\/v2\/pages\/1326\/revisions"}],"predecessor-version":[{"id":3252,"href":"https:\/\/semmelweis.hu\/oktatasmodszertan\/wp-json\/wp\/v2\/pages\/1326\/revisions\/3252"}],"up":[{"embeddable":true,"href":"https:\/\/semmelweis.hu\/oktatasmodszertan\/wp-json\/wp\/v2\/pages\/462"}],"wp:attachment":[{"href":"https:\/\/semmelweis.hu\/oktatasmodszertan\/wp-json\/wp\/v2\/media?parent=1326"}],"wp:term":[{"taxonomy":"category","embeddable":true,"href":"https:\/\/semmelweis.hu\/oktatasmodszertan\/wp-json\/wp\/v2\/categories?post=1326"},{"taxonomy":"post_tag","embeddable":true,"href":"https:\/\/semmelweis.hu\/oktatasmodszertan\/wp-json\/wp\/v2\/tags?post=1326"}],"curies":[{"name":"wp","href":"https:\/\/api.w.org\/{rel}","templated":true}]}}