{"id":92,"date":"2015-09-10T12:46:12","date_gmt":"2015-09-10T10:46:12","guid":{"rendered":"http:\/\/semmelweis.hu\/oktatasigazgatas\/?page_id=92"},"modified":"2026-01-15T09:21:01","modified_gmt":"2026-01-15T08:21:01","slug":"felveteli-elokeszito-kurzusok","status":"publish","type":"page","link":"https:\/\/semmelweis.hu\/oktatasigazgatas\/felveteli-elokeszito-kurzusok\/","title":{"rendered":"Felv\u00e9teli el\u0151k\u00e9sz\u00edt\u0151 kurzusok"},"content":{"rendered":"<h2 style=\"text-align: center\">T\u00c1J\u00c9KOZTAT\u00d3<\/h2>\n<p style=\"text-align: center\"><strong>2025\/2026. tan\u00e9v emelt szint\u0171 \u00e9retts\u00e9gi vizsg\u00e1ra felk\u00e9sz\u00edt\u0151 tanfolyamr\u00f3l<\/strong><\/p>\n<p style=\"text-align: justify\">A Semmelweis Egyetem a 2025\/26. tan\u00e9vben <em>BIOL\u00d3GIA, K\u00c9MIA, K\u00c9MIA (CSAK SZ\u00c1MOL\u00c1SOS<strong>)<\/strong><\/em> tant\u00e1rgyakb\u00f3l emelt szint\u0171 \u00e9retts\u00e9gi vizsg\u00e1ra felk\u00e9sz\u00edt\u0151 tanfolyamot szervez <strong>online \u00e9s jelenl\u00e9ti k\u00e9pz\u00e9si<\/strong> form\u00e1ban els\u0151dlegesen k\u00f6z\u00e9piskola utols\u00f3 \u00e9vfolyam\u00e1ba j\u00e1r\u00f3k, illetve \u00e9retts\u00e9gizettek sz\u00e1m\u00e1ra.<\/p>\n<div class=\"keretes w-100\">\n<p><strong>A tanfolyam id\u0151tartama: tant\u00e1rgyank\u00e9nt 130 \u00f3ra (+ pr\u00f3ba\u00e9retts\u00e9gi dolgozat)<\/strong><\/p>\n<p><strong>Tanfolyamra jelentkez\u00e9s: 2025. augusztus 18- szeptember 5.<\/strong><strong><br \/>\n<\/strong><strong><span style=\"color: #ff0000\">A jelentkez\u00e9si id\u0151szakon k\u00edv\u00fcl nem tudunk jelentkez\u00e9st fogadni!<\/span><\/strong><\/p>\n<p><strong>A tanfolyami d\u00edj befizet\u00e9si id\u0151szaka: 2025. szeptember 10 &#8211; szeptember 19.<\/strong><\/p>\n<p><strong>A tanfolyam kezdete: 2025. szeptember 29.<\/strong><strong>\u00a0<br \/>\n<\/strong><strong>A tanfolyam v\u00e1rhat\u00f3 befejez\u00e9se: 2026. \u00e1prilis 25.<\/strong><\/p>\n<p><span style=\"color: #ff0000\"><strong>A tanfolyam kiz\u00e1r\u00f3lag megfelel\u0151 sz\u00e1m\u00fa jelentkez\u00e9s eset\u00e9n indul el!<\/strong><\/span><\/p>\n<\/div>\n<p style=\"text-align: justify\">Az el\u0151k\u00e9sz\u00edt\u0151 alkalm\u00e1val \u00e1tism\u00e9tl\u00e9sre ker\u00fcl a gimn\u00e1ziumi tananyag, ami felt\u00e9telezi az el\u0151zetes ismereteket, tov\u00e1bb\u00e1 c\u00e9lir\u00e1nyosan az emelt szint\u0171 \u00e9retts\u00e9gire k\u00e9sz\u00edti fel a di\u00e1kokat. Az \u00f3r\u00e1kon sz\u00e1mol\u00e1si p\u00e9ld\u00e1kkal, h\u00e1zi feladatokkal, interakt\u00edv probl\u00e9mafelt\u00e1r\u00e1ssal igyekeznek tan\u00e1raink megk\u00f6nny\u00edteni a felk\u00e9sz\u00fcl\u00e9st. A k\u00e9mia \u00e9retts\u00e9ginek a legnehezebb r\u00e9sz\u00e9t a sz\u00e1mol\u00e1si feladatok k\u00e9pezik, ez\u00e9rt lehet\u0151s\u00e9g van 130 \u00f3r\u00e1s csak sz\u00e1m\u00edt\u00e1si p\u00e9ldamegold\u00f3 el\u0151k\u00e9sz\u00edt\u0151n val\u00f3 r\u00e9szv\u00e9telre is.<\/p>\n<p>A tan\u00edt\u00e1s 20-25 f\u0151s csoportokban zajlik.<\/p>\n<p>Az \u00f3r\u00e1kon val\u00f3 r\u00e9szv\u00e9telre csak a tand\u00edj megadott id\u0151szakon bel\u00fcli befizet\u00e9s\u00e9t k\u00f6vet\u0151en ker\u00fclhet sor.<\/p>\n<p style=\"text-align: justify\">Az online oktat\u00e1shoz az egyetemi ZOOM rendszer biztos\u00edtja a sz\u00fcks\u00e9ges fel\u00fcletet. A befizet\u00e9s igazol\u00e1s\u00e1t k\u00f6vet\u0151en kapja meg a hallgat\u00f3 az online r\u00e9szv\u00e9telhez sz\u00fcks\u00e9ges tanfolyami hivatkoz\u00e1st az \u00f3r\u00e1k nyomon k\u00f6vet\u00e9s\u00e9hez.<\/p>\n<p style=\"text-align: justify\">Az el\u0151k\u00e9sz\u00edt\u0151 tan\u00f3r\u00e1ir\u00f3l val\u00f3 esetleges hi\u00e1nyz\u00e1s (betegs\u00e9g, csal\u00e1di okok stb.) nem von maga ut\u00e1n k\u00f6vetkezm\u00e9nyeket. Az online tanfolyamra j\u00e1r\u00f3 hi\u00e1nyz\u00f3k az \u00f3r\u00e1t korl\u00e1tozott ideig visszan\u00e9zhetik.<\/p>\n<h4><strong>A foglalkoz\u00e1sok tervezett beoszt\u00e1sa:<\/strong><\/h4>\n<p style=\"text-align: justify\">Tant\u00e1rgyank\u00e9nt heti 2 alkalommal, \u00f6sszesen 5 tan\u00edt\u00e1si \u00f3ra: h\u00e9tf\u0151 \u2013 szerda, h\u00e9tf\u0151 &#8211; cs\u00fct\u00f6rt\u00f6k, kedd \u2013 cs\u00fct\u00f6rt\u00f6k (2,5-2,5 \u00f3ra), cs\u00fct\u00f6rt\u00f6k \u2013 szombat p\u00e1ros\u00edt\u00e1sban (cs\u00fct\u00f6rt\u00f6k\u00f6n 2,5 \u00f3ra, minden m\u00e1sodik szombaton 5 \u00f3ra). A tan\u00f3r\u00e1k 45 percesek, az egyes \u00f3r\u00e1k k\u00f6z\u00f6tt sz\u00fcnetekkel k\u00f6zbe\u00e9kelve. Az oktat\u00e1s h\u00e9tk\u00f6znap (csoportbeoszt\u00e1st\u00f3l f\u00fcgg\u0151en) 16:30 vagy 16:45 \u00f3rakor, illetve 18:30 vagy 18:45 \u00f3rakor, szombaton 9:00 \u00f3rakor kezd\u0151dik.<\/p>\n<table style=\"width: 92.1763%;border-color: #000000;border-style: solid\" width=\"92.1763%\">\n<tbody>\n<tr>\n<td style=\"width: 15.9642%;text-align: center\" width=\"127\"><strong>Tant\u00e1rgy<\/strong><\/td>\n<td style=\"width: 10.3448%\" width=\"82\"><strong>H\u00e9tf\u0151<\/strong><\/td>\n<td style=\"width: 9.57854%\" width=\"76\"><strong>Kedd<\/strong><\/td>\n<td style=\"width: 10.4725%\" width=\"83\"><strong>Szerda<\/strong><\/td>\n<td style=\"width: 10.4725%\" width=\"79\"><strong>Cs\u00fct\u00f6rt\u00f6k<\/strong><\/td>\n<td style=\"width: 10.6003%\" width=\"84\"><strong>P\u00e9ntek<\/strong><\/td>\n<td style=\"width: 10.6003%\" width=\"83\"><strong>szombat (p\u00e1ratlan)<\/strong><\/td>\n<td style=\"width: 10.9834%\" width=\"87\"><strong>szombat (p\u00e1ros)<\/strong><\/td>\n<td style=\"width: 53.2567%\" width=\"85\"><strong>Jelenl\u00e9ti\/ Online<\/strong><\/td>\n<\/tr>\n<tr>\n<td style=\"width: 15.9642%\"><strong>biol\u00f3gia<\/strong><\/td>\n<td style=\"width: 10.3448%\">16:45-18:45<\/td>\n<td style=\"width: 9.57854%\">\u00a0<\/td>\n<td style=\"width: 10.4725%\">16:45-18:45<\/td>\n<td style=\"width: 10.4725%\">\u00a0<\/td>\n<td style=\"width: 10.6003%\">\u00a0<\/td>\n<td style=\"width: 10.6003%\" width=\"83\">\u00a0<\/td>\n<td style=\"width: 10.9834%\">\u00a0<\/td>\n<td style=\"width: 53.2567%\" width=\"85\">Jelenl\u00e9ti<\/td>\n<\/tr>\n<tr>\n<td style=\"width: 15.9642%\"><strong>biol\u00f3gia<\/strong><\/td>\n<td style=\"width: 10.3448%\">18:45-20:45<\/td>\n<td style=\"width: 9.57854%\">\u00a0<\/td>\n<td style=\"width: 10.4725%\">18:45-20:45<\/td>\n<td style=\"width: 10.4725%\">\u00a0<\/td>\n<td style=\"width: 10.6003%\">\u00a0<\/td>\n<td style=\"width: 10.6003%\" width=\"83\">\u00a0<\/td>\n<td style=\"width: 10.9834%\">\u00a0<\/td>\n<td style=\"width: 53.2567%\" width=\"85\">Jelenl\u00e9ti<\/td>\n<\/tr>\n<tr>\n<td style=\"width: 15.9642%\" width=\"127\"><strong>k\u00e9mia<\/strong><\/td>\n<td style=\"width: 10.3448%\">\u00a0<\/td>\n<td style=\"width: 9.57854%\">\u00a0<\/td>\n<td style=\"width: 10.4725%\">\u00a0<\/td>\n<td style=\"width: 10.4725%\">16:30-18:30<\/td>\n<td style=\"width: 10.6003%\">\u00a0<\/td>\n<td style=\"width: 10.6003%\" width=\"83\">9:00-13:00<\/td>\n<td style=\"width: 10.9834%\">\u00a0<\/td>\n<td style=\"width: 53.2567%\">Jelenl\u00e9ti<\/td>\n<\/tr>\n<tr>\n<td style=\"width: 15.9642%\" width=\"127\"><strong>k\u00e9mia sz\u00e1m\u00edt\u00e1sos<\/strong><\/td>\n<td style=\"width: 10.3448%\">\u00a0<\/td>\n<td style=\"width: 9.57854%\">\u00a0<\/td>\n<td style=\"width: 10.4725%\">\u00a0<\/td>\n<td style=\"width: 10.4725%\">18:30-20:30<\/td>\n<td style=\"width: 10.6003%\">\u00a0<\/td>\n<td style=\"width: 10.6003%\" width=\"83\">\u00a0<\/td>\n<td style=\"width: 10.9834%\">9:00-13:00<\/td>\n<td style=\"width: 53.2567%\">Jelenl\u00e9ti<\/td>\n<\/tr>\n<tr>\n<td style=\"width: 15.9642%\"><strong>biol\u00f3gia<\/strong><\/td>\n<td style=\"width: 10.3448%\">\u00a0<\/td>\n<td style=\"width: 9.57854%\">16:30-18:30<\/td>\n<td style=\"width: 10.4725%\">\u00a0<\/td>\n<td style=\"width: 10.4725%\">16:30-18:30<\/td>\n<td style=\"width: 10.6003%\">\u00a0<\/td>\n<td style=\"width: 10.6003%\" width=\"83\">\u00a0<\/td>\n<td style=\"width: 10.9834%\">\u00a0<\/td>\n<td style=\"width: 53.2567%\">Online<\/td>\n<\/tr>\n<tr>\n<td style=\"width: 15.9642%\" width=\"127\"><strong>k\u00e9mia<\/strong><\/td>\n<td style=\"width: 10.3448%\">\u00a0<\/td>\n<td style=\"width: 9.57854%\">16:30-18:30<\/td>\n<td style=\"width: 10.4725%\">\u00a0<\/td>\n<td style=\"width: 10.4725%\">16:30-18:30<\/td>\n<td style=\"width: 10.6003%\">\u00a0<\/td>\n<td style=\"width: 10.6003%\" width=\"83\">\u00a0<\/td>\n<td style=\"width: 10.9834%\">\u00a0<\/td>\n<td style=\"width: 53.2567%\">Online<\/td>\n<\/tr>\n<tr>\n<td style=\"width: 15.9642%\" width=\"127\"><strong>k\u00e9mia<\/strong><\/td>\n<td style=\"width: 10.3448%\">\u00a0<\/td>\n<td style=\"width: 9.57854%\">18:30-20:30<\/td>\n<td style=\"width: 10.4725%\">\u00a0<\/td>\n<td style=\"width: 10.4725%\">18:30-20:30<\/td>\n<td style=\"width: 10.6003%\">\u00a0<\/td>\n<td style=\"width: 10.6003%\" width=\"83\">\u00a0<\/td>\n<td style=\"width: 10.9834%\">\u00a0<\/td>\n<td style=\"width: 53.2567%\">Online<\/td>\n<\/tr>\n<tr>\n<td style=\"width: 15.9642%\"><strong>biol\u00f3gia<\/strong><\/td>\n<td style=\"width: 10.3448%\">18:30-20:30<\/td>\n<td style=\"width: 9.57854%\">\u00a0<\/td>\n<td style=\"width: 10.4725%\">18:30-20:30<\/td>\n<td style=\"width: 10.4725%\">\u00a0<\/td>\n<td style=\"width: 10.6003%\">\u00a0<\/td>\n<td style=\"width: 10.6003%\" width=\"83\">\u00a0<\/td>\n<td style=\"width: 10.9834%\">\u00a0<\/td>\n<td style=\"width: 53.2567%\">Online<\/td>\n<\/tr>\n<tr>\n<td style=\"width: 15.9642%\"><strong>biol\u00f3gia<\/strong><\/td>\n<td style=\"width: 10.3448%\">18:30-20:30<\/td>\n<td style=\"width: 9.57854%\">\u00a0<\/td>\n<td style=\"width: 10.4725%\">\u00a0<\/td>\n<td style=\"width: 10.4725%\">18:30-20:30<\/td>\n<td style=\"width: 10.6003%\">\u00a0<\/td>\n<td style=\"width: 10.6003%\">\u00a0<\/td>\n<td style=\"width: 10.9834%\">\u00a0<\/td>\n<td style=\"width: 53.2567%\">Online<\/td>\n<\/tr>\n<tr>\n<td style=\"width: 15.9642%\" width=\"127\"><strong>k\u00e9mia<\/strong><\/td>\n<td style=\"width: 10.3448%\">16:30-18:30<\/td>\n<td style=\"width: 9.57854%\">\u00a0<\/td>\n<td style=\"width: 10.4725%\">16:30-18:30<\/td>\n<td style=\"width: 10.4725%\">\u00a0<\/td>\n<td style=\"width: 10.6003%\">\u00a0<\/td>\n<td style=\"width: 10.6003%\" width=\"83\">\u00a0<\/td>\n<td style=\"width: 10.9834%\">\u00a0<\/td>\n<td style=\"width: 53.2567%\">Online<\/td>\n<\/tr>\n<\/tbody>\n<\/table>\n<h4>\u00a0<\/h4>\n<h4><strong>R\u00e9szv\u00e9teli d\u00edj tant\u00e1rgyank\u00e9nt:<\/strong><\/h4>\n<p style=\"text-align: left\"><strong>R\u00e9szv\u00e9teli d\u00edj tant\u00e1rgyank\u00e9nt<\/strong>:<strong> 170.000 Ft.<\/strong><\/p>\n<p style=\"text-align: justify\">A tant\u00e1rgyank\u00e9nt 170.000 Ft-ot egy \u00f6sszegben, \u00e1tutal\u00e1ssal kell befizetni a megadott befizet\u00e9si id\u0151szakban (r\u00e9szletfizet\u00e9sre nincs lehet\u0151s\u00e9g).<\/p>\n<p style=\"text-align: justify\">Az el\u0151k\u00e9sz\u00edt\u0151 tanfolyamon 20% kedvezm\u00e9nnyel, 136.000 Ft\/tanfolyam d\u00edj megfizet\u00e9s\u00e9vel vehetnek r\u00e9szt a munkat\u00e1rsak k\u00f6z\u00e9piskol\u00e1s gyermekei. A kedvezm\u00e9ny ig\u00e9nybev\u00e9tel\u00e9hez t\u00f6ltse ki a jogosults\u00e1g ellen\u0151rz\u00e9s\u00e9re szolg\u00e1l\u00f3 <strong>el\u0151regisztr\u00e1ci\u00f3s \u0171rlapot<\/strong>.<\/p>\n<p style=\"text-align: center\"><strong>\u00a0<\/strong><strong><a href=\"https:\/\/forms.office.com\/Pages\/ResponsePage.aspx?id=uJCuuvE5TUOrpmTr1YljV56zS1wlR4lPsPYkpj2lxyBUM0M5UThYRVhMS1dJMDZWN1NJRVRQT0g1WCQlQCN0PWcu\">\u0170RLAP<\/a><\/strong><\/p>\n<p style=\"text-align: justify\"><strong style=\"font-size: 1rem\">A tanfolyamon val\u00f3 r\u00e9szv\u00e9tel munkaid\u0151-kedvezm\u00e9ny, di\u00e1kigazolv\u00e1ny, ad\u00f3kedvezm\u00e9ny \u00e9s int\u00e9zm\u00e9nyi t\u00f6bbletpontsz\u00e1m ig\u00e9nybev\u00e9tel\u00e9re nem jogos\u00edt.<\/strong><\/p>\n<h4><strong>jELENTKEZ\u00c9S, TAND\u00cdJ BEFIZET\u00c9S\u00c9NEK MENETE:<\/strong><\/h4>\n<p><strong>Jelentkez\u00e9s online form\u00e1ban<\/strong> t\u00f6rt\u00e9nik, a 2025. augusztus 18. napj\u00e1t\u00f3l akt\u00edv \u201eJELENTKEZ\u00c9S\u201d gombra kattintva:<\/p>\n<p style=\"text-align: center\"><strong>\u00a0<\/strong><strong><a href=\"https:\/\/semmelweis.hu\/wp-content\/machform\/view.php?id=505398\">JELENTKEZ\u00c9S<\/a><\/strong><\/p>\n<p style=\"text-align: justify\">A leend\u0151 hallgat\u00f3 a sikeres online jelentkez\u00e9s ut\u00e1n <strong>visszaigazol\u00f3 e-mailt kap<\/strong>. Ha sz\u00fcks\u00e9ges (pl. betelt csoport) az oktat\u00e1sszervez\u0151 koll\u00e9ga sz\u00f3ban \u00e9s\/vagy \u00edr\u00e1sban egyezteti, hogy mely csoportba \u00e9s id\u0151pontra tudja beosztani.<\/p>\n<p style=\"text-align: justify\"><strong>A tanfolyami d\u00edj befizet\u00e9si id\u0151szaka: 2025. szeptember 10 &#8211; szeptember 19. k\u00f6z\u00f6tt.<\/strong> A tanfolyami d\u00edjnak a megadott id\u0151szakon bel\u00fcl be kell \u00e9rkeznie az Egyetem megadott banksz\u00e1mlasz\u00e1m\u00e1ra. <strong>Az utal\u00e1shoz sz\u00fcks\u00e9ges adatokat \u00e9s az al\u00e1\u00edrand\u00f3 titoktart\u00e1si nyilatkozatot a befizet\u00e9si id\u0151szak el\u0151tt minden leend\u0151 hallgat\u00f3 megkapja e-mailben az \u00e1ltala megadott e-mail c\u00edmre.<\/strong> A tanfolyam megkezd\u00e9se ut\u00e1n a<strong> r\u00e9szv\u00e9teli d\u00edj b\u00e1rmilyen jogc\u00edmen t\u00f6rt\u00e9n\u0151 visszafizet\u00e9s\u00e9re nincs lehet\u0151s\u00e9g. <\/strong>A tanfolyam csak a befizet\u00e9s teljes\u00edt\u00e9se ut\u00e1n kezdhet\u0151 meg.<\/p>\n<p style=\"text-align: justify\">A leend\u0151 hallgat\u00f3nak a banki \u00e1tutal\u00e1st igazol\u00f3 <strong>utal\u00e1si bizonylatot <\/strong>a befizet\u00e9st k\u00f6vet\u0151en halad\u00e9ktalanul, az al\u00e1\u00edrt <strong>titoktart\u00e1si nyilatkozattal<\/strong> egy\u00fctt el kell juttatnia szkennelve az <a href=\"mailto:oih.elokeszito@semmelweis.hu\">oih.elokeszito@semmelweis.hu<\/a> e-mail c\u00edmre.<\/p>\n<p style=\"text-align: justify\">A csatolt f\u00e1jlokat k\u00e9rj\u00fck az al\u00e1bbi m\u00f3don sz\u00edveskedjen elnevezni: \u201ejelentkez\u0151 neve_utal\u00e1si bizonylat\u201d \u00e9s \u201ejelentkez\u0151 neve_titoktart\u00e1si nyilatkozat\u201d.<\/p>\n<p>A tanfolyammal kapcsolatban tov\u00e1bbi t\u00e1j\u00e9koztat\u00e1st ad:<br \/>\n<em>D\u00f3s\u00e1n\u00e9 Sz\u00e9csi Gabriella oktat\u00e1sszervez\u0151<br \/>\n<\/em>Telefon: +36 1 459-1500 \/62703<br \/>\nE-mail: oih.elokeszito@semmelweis.hu<\/p>\n","protected":false},"excerpt":{"rendered":"<p>T\u00c1J\u00c9KOZTAT\u00d3 2025\/2026. tan\u00e9v emelt szint\u0171 \u00e9retts\u00e9gi vizsg\u00e1ra felk\u00e9sz\u00edt\u0151 tanfolyamr\u00f3l A Semmelweis Egyetem a 2025\/26. tan\u00e9vben BIOL\u00d3GIA, K\u00c9MIA, K\u00c9MIA (CSAK SZ\u00c1MOL\u00c1SOS) tant\u00e1rgyakb\u00f3l emelt szint\u0171 \u00e9retts\u00e9gi vizsg\u00e1ra felk\u00e9sz\u00edt\u0151 tanfolyamot szervez online \u00e9s jelenl\u00e9ti k\u00e9pz\u00e9si form\u00e1ban els\u0151dlegesen k\u00f6z\u00e9piskola utols\u00f3 \u00e9vfolyam\u00e1ba j\u00e1r\u00f3k, illetve \u00e9retts\u00e9gizettek sz\u00e1m\u00e1ra. A tanfolyam id\u0151tartama: tant\u00e1rgyank\u00e9nt 130 \u00f3ra (+ pr\u00f3ba\u00e9retts\u00e9gi dolgozat) Tanfolyamra jelentkez\u00e9s: 2025. augusztus 18- &hellip;<\/p>\n","protected":false},"author":12,"featured_media":0,"parent":0,"menu_order":3,"comment_status":"closed","ping_status":"closed","template":"template-fullwidth.php","meta":{"_acf_changed":false,"footnotes":""},"categories":[],"tags":[],"class_list":["post-92","page","type-page","status-publish","hentry"],"acf":[],"_links":{"self":[{"href":"https:\/\/semmelweis.hu\/oktatasigazgatas\/wp-json\/wp\/v2\/pages\/92","targetHints":{"allow":["GET"]}}],"collection":[{"href":"https:\/\/semmelweis.hu\/oktatasigazgatas\/wp-json\/wp\/v2\/pages"}],"about":[{"href":"https:\/\/semmelweis.hu\/oktatasigazgatas\/wp-json\/wp\/v2\/types\/page"}],"author":[{"embeddable":true,"href":"https:\/\/semmelweis.hu\/oktatasigazgatas\/wp-json\/wp\/v2\/users\/12"}],"replies":[{"embeddable":true,"href":"https:\/\/semmelweis.hu\/oktatasigazgatas\/wp-json\/wp\/v2\/comments?post=92"}],"version-history":[{"count":11,"href":"https:\/\/semmelweis.hu\/oktatasigazgatas\/wp-json\/wp\/v2\/pages\/92\/revisions"}],"predecessor-version":[{"id":969,"href":"https:\/\/semmelweis.hu\/oktatasigazgatas\/wp-json\/wp\/v2\/pages\/92\/revisions\/969"}],"wp:attachment":[{"href":"https:\/\/semmelweis.hu\/oktatasigazgatas\/wp-json\/wp\/v2\/media?parent=92"}],"wp:term":[{"taxonomy":"category","embeddable":true,"href":"https:\/\/semmelweis.hu\/oktatasigazgatas\/wp-json\/wp\/v2\/categories?post=92"},{"taxonomy":"post_tag","embeddable":true,"href":"https:\/\/semmelweis.hu\/oktatasigazgatas\/wp-json\/wp\/v2\/tags?post=92"}],"curies":[{"name":"wp","href":"https:\/\/api.w.org\/{rel}","templated":true}]}}