{"id":499,"date":"2021-10-14T13:08:56","date_gmt":"2021-10-14T11:08:56","guid":{"rendered":"https:\/\/semmelweis.hu\/oktatasigazgatas\/?page_id=499"},"modified":"2026-01-12T12:05:14","modified_gmt":"2026-01-12T11:05:14","slug":"adatvedelem","status":"publish","type":"page","link":"https:\/\/semmelweis.hu\/oktatasigazgatas\/adatvedelem\/","title":{"rendered":"Adatv\u00e9delem"},"content":{"rendered":"<p><strong>AZ OKTAT\u00c1SIGAZGAT\u00c1SI HIVATAL \u00c1LTAL V\u00c9GZETT SZEM\u00c9LYES ADATKEZEL\u00c9SSEL KAPCSOLATOS INFORM\u00c1CI\u00d3K EL\u00c9RHET\u0150S\u00c9GE<\/strong><\/p>\n<p>&nbsp;<\/p>\n<p><strong>OKTAT\u00c1SIGAZGAT\u00c1SI HIVATAL<\/strong> \u2013 adatkezel\u00e9si t\u00e1j\u00e9koztat\u00f3ja:<\/p>\n<p><a href=\"https:\/\/semmelweis.hu\/oktatasigazgatas\/files\/2026\/01\/Adatkezelesi-tajekoztato_2026.pdf\">Adatkezel\u00e9si t\u00e1j\u00e9koztat\u00f3_2026<\/a><\/p>\n<p>Az adatkezel\u0151 <strong>fels\u0151oktat\u00e1si tev\u00e9kenys\u00e9g\u00e9vel<\/strong> \u00f6sszef\u00fcgg\u0151 adatkezel\u00e9sekkel kapcsolatos inform\u00e1ci\u00f3k el\u00e9rhet\u0151s\u00e9ge:<\/p>\n<p><a href=\"https:\/\/semmelweis.hu\/oktatasigazgatas\/files\/2026\/01\/felsooktatasi-tevekenyseg-adatkezeles_2025-December.xlsx\">felsooktatasi-tevekenyseg-adatkezeles_2025 December<\/a><\/p>\n<p>Az adatkezel\u0151 <strong>munkav\u00e1llal\u00f3i adatkezel\u00e9si<\/strong> <strong>tev\u00e9kenys\u00e9g\u00e9vel<\/strong> \u00f6sszef\u00fcgg\u0151 adatkezel\u00e9sekkel kapcsolatos inform\u00e1ci\u00f3k el\u00e9rhet\u0151s\u00e9ge:<\/p>\n<p><a href=\"https:\/\/semmelweis.hu\/oktatasigazgatas\/files\/2026\/01\/munkavallaloi-tevekenyseg-adatkezeles_2025-December.xlsx\">munkavallaloi-tevekenyseg-adatkezeles_2025 December<\/a><\/p>\n<p>Az adatkezel\u0151 <strong>adminisztr\u00e1ci\u00f3s tev\u00e9kenys\u00e9g\u00e9vel\u00a0 (Titk\u00e1rs\u00e1g) <\/strong>\u00f6sszef\u00fcgg\u0151 adatkezel\u00e9sekkel kapcsolatos inform\u00e1ci\u00f3k el\u00e9rhet\u0151s\u00e9ge:<\/p>\n<p><a href=\"https:\/\/semmelweis.hu\/oktatasigazgatas\/files\/2026\/01\/adminisztracios-tevekenyseg-titkarsag_2025-December.xlsx\">adminisztracios-tevekenyseg-titkarsag_2025 December<\/a><\/p>\n<p>&nbsp;<\/p>\n<p>&nbsp;<\/p>\n<p><a href=\"https:\/\/semmelweis.hu\/oktatasigazgatas\/files\/2025\/02\/2.-Adatkezelesi-tajekoztato_2025.pdf\">2.-Adatkezelesi-tajekoztato<\/a><\/p>\n<p><a href=\"https:\/\/semmelweis.hu\/oktatasigazgatas\/files\/2025\/02\/felsooktatasi-tevekenyseg-adatkezeles_2025.xlsx\">felsooktatasi-tevekenyseg-adatkezeles_2025<\/a><\/p>\n<p><a href=\"https:\/\/semmelweis.hu\/oktatasigazgatas\/files\/2025\/02\/munkavallaloi-tevekenyseg-adatkezeles_2025.xlsx\">munkavallaloi-tevekenyseg-adatkezeles_2025<\/a><\/p>\n<p><a href=\"https:\/\/semmelweis.hu\/oktatasigazgatas\/files\/2025\/02\/adminisztracios-tevekenyseg-titkarsag_2025.xlsx\">adminisztracios-tevekenyseg-titkarsag_2025<\/a><\/p>\n<p>\u00e9rv\u00e9nyes 2026. janu\u00e1rig<\/p>\n<p><a href=\"https:\/\/semmelweis.hu\/oktatasigazgatas\/files\/2026\/01\/Adatkezelesi-tajekoztato_2023.pdf\">Adatkezel\u00e9si-t\u00e1j\u00e9koztat\u00f3_2023<\/a><\/p>\n<p><a href=\"https:\/\/semmelweis.hu\/oktatasigazgatas\/files\/2026\/01\/felsooktatasi-tevekenyseg_2023.xlsx\">felsooktatasi-tevekenyseg_2023<\/a><\/p>\n<p><a href=\"https:\/\/semmelweis.hu\/oktatasigazgatas\/files\/2026\/01\/munkavallaloi-tevekenyseg-_2023.xlsx\">munkavallaloi-tevekenyseg _2023<\/a><\/p>\n<p><a href=\"https:\/\/semmelweis.hu\/oktatasigazgatas\/files\/2026\/01\/adminisztracios-tevekenyseg-titkarsag_2023.xlsx\">adminisztracios-tevekenyseg-titkarsag_2023<\/a><\/p>\n<p>\u00e9rv\u00e9nyes 2025. janu\u00e1rig<\/p>\n<p><a href=\"https:\/\/semmelweis.hu\/oktatasigazgatas\/files\/2026\/01\/2.-Adatkezelesi-tajekoztato_OIH_2022.pdf\">2.-Adatkezelesi-tajekoztato_OIH_2022<\/a><\/p>\n<p><a href=\"https:\/\/semmelweis.hu\/oktatasigazgatas\/files\/2026\/01\/felsooktatasi-tevekenyseg_2022.xlsx\">felsooktatasi-tevekenyseg_2022<\/a><\/p>\n<p><a href=\"https:\/\/semmelweis.hu\/oktatasigazgatas\/files\/2026\/01\/munkavallaloi-tevekenyseg_2022.xlsx\">munkavallaloi-tevekenyseg_2022<\/a><\/p>\n<p><a href=\"https:\/\/semmelweis.hu\/oktatasigazgatas\/files\/2026\/01\/adminisztracios-tevekenyseg-titkarsag_2022.xlsx\">adminisztracios-tevekenyseg-titkarsag_2022<\/a><\/p>\n<p>\u00e9rv\u00e9nyes 2024. janu\u00e1rig<\/p>\n<p>&nbsp;<\/p>\n<p>&nbsp;<\/p>\n","protected":false},"excerpt":{"rendered":"<p>AZ OKTAT\u00c1SIGAZGAT\u00c1SI HIVATAL \u00c1LTAL V\u00c9GZETT SZEM\u00c9LYES ADATKEZEL\u00c9SSEL KAPCSOLATOS INFORM\u00c1CI\u00d3K EL\u00c9RHET\u0150S\u00c9GE &nbsp; OKTAT\u00c1SIGAZGAT\u00c1SI HIVATAL \u2013 adatkezel\u00e9si t\u00e1j\u00e9koztat\u00f3ja: <a href=\"https:\/\/semmelweis.hu\/oktatasigazgatas\/files\/2026\/01\/Adatkezelesi-tajekoztato_2026.pdf\">Adatkezel\u00e9si t\u00e1j\u00e9koztat\u00f3_2026<\/a> Az adatkezel\u0151 fels\u0151oktat\u00e1si tev\u00e9kenys\u00e9g\u00e9vel \u00f6sszef\u00fcgg\u0151 adatkezel\u00e9sekkel kapcsolatos inform\u00e1ci\u00f3k el\u00e9rhet\u0151s\u00e9ge: <a href=\"https:\/\/semmelweis.hu\/oktatasigazgatas\/files\/2026\/01\/felsooktatasi-tevekenyseg-adatkezeles_2025-December.xlsx\">felsooktatasi-tevekenyseg-adatkezeles_2025 December<\/a> Az adatkezel\u0151 munkav\u00e1llal\u00f3i adatkezel\u00e9si tev\u00e9kenys\u00e9g\u00e9vel \u00f6sszef\u00fcgg\u0151 adatkezel\u00e9sekkel kapcsolatos inform\u00e1ci\u00f3k el\u00e9rhet\u0151s\u00e9ge: <a href=\"https:\/\/semmelweis.hu\/oktatasigazgatas\/files\/2026\/01\/munkavallaloi-tevekenyseg-adatkezeles_2025-December.xlsx\">munkavallaloi-tevekenyseg-adatkezeles_2025 December<\/a> Az adatkezel\u0151 adminisztr\u00e1ci\u00f3s tev\u00e9kenys\u00e9g\u00e9vel\u00a0 (Titk\u00e1rs\u00e1g) \u00f6sszef\u00fcgg\u0151 adatkezel\u00e9sekkel kapcsolatos inform\u00e1ci\u00f3k el\u00e9rhet\u0151s\u00e9ge: <a href=\"https:\/\/semmelweis.hu\/oktatasigazgatas\/files\/2026\/01\/adminisztracios-tevekenyseg-titkarsag_2025-December.xlsx\">adminisztracios-tevekenyseg-titkarsag_2025 December<\/a> &nbsp; &nbsp; <a href=\"https:\/\/semmelweis.hu\/oktatasigazgatas\/files\/2025\/02\/2.-Adatkezelesi-tajekoztato_2025.pdf\">2.-Adatkezelesi-tajekoztato<\/a> <a href=\"https:\/\/semmelweis.hu\/oktatasigazgatas\/files\/2025\/02\/felsooktatasi-tevekenyseg-adatkezeles_2025.xlsx\">felsooktatasi-tevekenyseg-adatkezeles_2025<\/a> <a href=\"https:\/\/semmelweis.hu\/oktatasigazgatas\/files\/2025\/02\/munkavallaloi-tevekenyseg-adatkezeles_2025.xlsx\">munkavallaloi-tevekenyseg-adatkezeles_2025<\/a> <a href=\"https:\/\/semmelweis.hu\/oktatasigazgatas\/files\/2025\/02\/adminisztracios-tevekenyseg-titkarsag_2025.xlsx\">adminisztracios-tevekenyseg-titkarsag_2025<\/a> \u00e9rv\u00e9nyes 2026. janu\u00e1rig <a href=\"https:\/\/semmelweis.hu\/oktatasigazgatas\/files\/2026\/01\/Adatkezelesi-tajekoztato_2023.pdf\">Adatkezel\u00e9si-t\u00e1j\u00e9koztat\u00f3_2023<\/a> <a href=\"https:\/\/semmelweis.hu\/oktatasigazgatas\/files\/2026\/01\/felsooktatasi-tevekenyseg_2023.xlsx\">felsooktatasi-tevekenyseg_2023<\/a> <a href=\"https:\/\/semmelweis.hu\/oktatasigazgatas\/files\/2026\/01\/munkavallaloi-tevekenyseg-_2023.xlsx\">munkavallaloi-tevekenyseg _2023<\/a> <a href=\"https:\/\/semmelweis.hu\/oktatasigazgatas\/files\/2026\/01\/adminisztracios-tevekenyseg-titkarsag_2023.xlsx\">adminisztracios-tevekenyseg-titkarsag_2023<\/a> \u00e9rv\u00e9nyes 2025. janu\u00e1rig <a href=\"https:\/\/semmelweis.hu\/oktatasigazgatas\/files\/2026\/01\/2.-Adatkezelesi-tajekoztato_OIH_2022.pdf\">2.-Adatkezelesi-tajekoztato_OIH_2022<\/a> <a href=\"https:\/\/semmelweis.hu\/oktatasigazgatas\/files\/2026\/01\/felsooktatasi-tevekenyseg_2022.xlsx\">felsooktatasi-tevekenyseg_2022<\/a> <a href=\"https:\/\/semmelweis.hu\/oktatasigazgatas\/files\/2026\/01\/munkavallaloi-tevekenyseg_2022.xlsx\">munkavallaloi-tevekenyseg_2022<\/a> <a href=\"https:\/\/semmelweis.hu\/oktatasigazgatas\/files\/2026\/01\/adminisztracios-tevekenyseg-titkarsag_2022.xlsx\">adminisztracios-tevekenyseg-titkarsag_2022<\/a> \u00e9rv\u00e9nyes 2024. &hellip;<\/p>\n","protected":false},"author":101900,"featured_media":0,"parent":0,"menu_order":0,"comment_status":"closed","ping_status":"closed","template":"","meta":{"_acf_changed":false,"footnotes":""},"categories":[],"tags":[],"class_list":["post-499","page","type-page","status-publish","hentry"],"acf":[],"_links":{"self":[{"href":"https:\/\/semmelweis.hu\/oktatasigazgatas\/wp-json\/wp\/v2\/pages\/499","targetHints":{"allow":["GET"]}}],"collection":[{"href":"https:\/\/semmelweis.hu\/oktatasigazgatas\/wp-json\/wp\/v2\/pages"}],"about":[{"href":"https:\/\/semmelweis.hu\/oktatasigazgatas\/wp-json\/wp\/v2\/types\/page"}],"author":[{"embeddable":true,"href":"https:\/\/semmelweis.hu\/oktatasigazgatas\/wp-json\/wp\/v2\/users\/101900"}],"replies":[{"embeddable":true,"href":"https:\/\/semmelweis.hu\/oktatasigazgatas\/wp-json\/wp\/v2\/comments?post=499"}],"version-history":[{"count":10,"href":"https:\/\/semmelweis.hu\/oktatasigazgatas\/wp-json\/wp\/v2\/pages\/499\/revisions"}],"predecessor-version":[{"id":1016,"href":"https:\/\/semmelweis.hu\/oktatasigazgatas\/wp-json\/wp\/v2\/pages\/499\/revisions\/1016"}],"wp:attachment":[{"href":"https:\/\/semmelweis.hu\/oktatasigazgatas\/wp-json\/wp\/v2\/media?parent=499"}],"wp:term":[{"taxonomy":"category","embeddable":true,"href":"https:\/\/semmelweis.hu\/oktatasigazgatas\/wp-json\/wp\/v2\/categories?post=499"},{"taxonomy":"post_tag","embeddable":true,"href":"https:\/\/semmelweis.hu\/oktatasigazgatas\/wp-json\/wp\/v2\/tags?post=499"}],"curies":[{"name":"wp","href":"https:\/\/api.w.org\/{rel}","templated":true}]}}