{"id":2,"date":"2012-06-20T08:14:41","date_gmt":"2012-06-20T06:14:41","guid":{"rendered":"http:\/\/semmelweis-egyetem.hu\/humanmorfologia\/?page_id=2"},"modified":"2026-03-10T10:10:15","modified_gmt":"2026-03-10T09:10:15","slug":"elerhetoseg","status":"publish","type":"page","link":"https:\/\/semmelweis.hu\/oktatasigazgatas\/elerhetoseg\/","title":{"rendered":"El\u00e9rhet\u0151s\u00e9g"},"content":{"rendered":"<p>C\u00edm: 1085 Budapest, Baross u. 22. V. em. <br \/>\nPostac\u00edm: 1085 Budapest, \u00dcll\u0151i \u00fat 26.; 1428 Budapest, Pf.2.<\/p>\n<p>E-mail: <a href=\"mailto:oktatasi.rektorhelyettes@semmelweis.hu\">oktatasi.rektorhelyettes@semmelweis.hu<\/a><\/p>\n<h4><strong>Hivatalvezet\u0151<\/strong><\/h4>\n<p><strong>Dr. D\u00f3zsa-Sedl\u00e1k Rita<\/strong><br \/>\n+36 20 825 9827<br \/>\n<a href=\"mailto:sedlak.rita@semmelweis.hu\">sedlak.rita@semmelweis.hu<\/a><\/p>\n<h4><strong>Munkat\u00e1rsak<\/strong><\/h4>\n<p><strong>Titk\u00e1rs\u00e1g<\/strong><\/p>\n<ul>\n<li><strong>Olajosn\u00e9 Kov\u00e1cs Eszter<br \/>\n<\/strong>igazgat\u00e1si szak\u00e9rt\u0151<br \/>\n+36 1 459 1500 \/62712, +36 20 666 3367<br \/>\n<a href=\"mailto:dosane.szecsi.gabriella@semmelweis.hu\">kovacs.eszter1@semmelweis.hu<\/a><\/li>\n<\/ul>\n<p><strong>Oktat\u00e1sigazgat\u00e1si \u00e9s Oktat\u00e1sszervez\u00e9si Oszt\u00e1ly<\/strong><\/p>\n<ul>\n<li>\n<p><strong>D\u00f3s\u00e1n\u00e9 Sz\u00e9csi Gabriella<br \/>\n<\/strong>oktat\u00e1sszervez\u0151<br \/>\n+36 1 459-1500 \/62703<br \/>\n<a href=\"mailto:dosane.szecsi.gabriella@semmelweis.hu\">dosane.szecsi.gabriella@semmelweis.hu<\/a><\/p>\n<\/li>\n<li>\n<p><strong>N\u00e9meth-Bereczky Katalin<br \/>\n<\/strong>igazgat\u00e1si szak\u00e9rt\u0151\u00a0<br \/>\n+36 30 877 1129<br \/>\n<a href=\"mailto:bereczky.katalin@semmelweis.hu\">bereczky.katalin@semmelweis.hu<\/a><\/p>\n<\/li>\n<li>\n<p><strong>Gyulai Orsolya Z\u00f3ra<br \/>\n<\/strong>igazgat\u00e1si szak\u00e9rt\u0151 &#8211; tart\u00f3san t\u00e1vol<\/p>\n<\/li>\n<\/ul>\n<ul>\n<li><strong>S\u00e1rk\u00f6zin\u00e9 dr. Stark Claudia<br \/>\n<\/strong>igazgat\u00e1si szak\u00e9rt\u0151 &#8211; tart\u00f3san t\u00e1vol<\/li>\n<\/ul>\n<p><strong>Oktat\u00e1s-Adminisztr\u00e1ci\u00f3s, Folyamatszervez\u00e9si \u00e9s Fejleszt\u00e9si Oszt\u00e1ly<\/strong><\/p>\n<ul>\n<li><strong>Maracsk\u00f3 Zsuzsanna<\/strong><br \/>\noszt\u00e1lyvezet\u0151\u00a0<br \/>\n+36 30 877 6476<\/p>\n<p><a href=\"mailto:maracsko_zsuzsanna@semmelweis.hu\">maracsko_zsuzsanna@semmelweis.hu<\/a><\/p>\n<\/li>\n<li>\n<p><strong>Horv\u00e1th Ildik\u00f3<br \/>\n<\/strong>csoportvezet\u0151, kiemelt tanulm\u00e1nyi szak\u00e9rt\u0151\u00a0<br \/>\n+36 1 459 1500 \/61519, +36 20 663 2910 <br \/>\n<a href=\"mailto:horvath.ildiko@semmelweis.hu\">horvath.ildiko@semmelweis.hu<\/a><\/p>\n<\/li>\n<li><strong>Decsin\u00e9 Feh\u00e9r Andrea<\/strong><br \/>\np\u00e9nz\u00fcgyi szak\u00e9rt\u0151\u00a0<br \/>\n+36 30 877 1134<\/p>\n<p><a href=\"mailto:feher.andrea2@semmelweis.hu\">feher.andrea2@semmelweis.hu<\/a><\/p>\n<\/li>\n<li><strong>Kov\u00e1cs Di\u00e1na<br \/>\n<\/strong>oktat\u00e1sszervez\u0151<br \/>\n+36 20 666 3650<\/p>\n<p><a href=\"balazs.diana@semmelweis.hu\">balazs.diana@semmelweis.hu<\/a><\/p>\n<\/li>\n<li><strong>M\u00e1ty\u00f3k Anita<br \/>\n<\/strong>oktat\u00e1sszervez\u0151<br \/>\n+36 20 670 1184<\/p>\n<p><a href=\"matyok.anita@semmelweis.hu\">matyok.anita@semmelweis.hu<\/a><\/p>\n<\/li>\n<li><strong>P\u00e9kli Andrea<br \/>\n<\/strong>oktat\u00e1sszervez\u0151\u00a0<br \/>\n+36 1 459 1500 \/61518, +36 20 825 8435 <\/p>\n<p><a href=\"mailto:pekli.andrea@semmelweis.hu\">pekli.andrea@semmelweis.hu<\/a><\/p>\n<\/li>\n<li><strong>Pusztai P\u00e9ter L\u00e1szl\u00f3<\/strong><br \/>\nrendszergazda\u00a0<br \/>\n+36 20 825 0566<\/p>\n<p><a href=\"mailto:pusztai.peter.laszlo@semmelweis.hu\">pusztai.peter.laszlo@semmelweis.hu<\/a><\/p>\n<\/li>\n<li><strong>V\u00e1mos Tam\u00e1s<\/strong><br \/>\noktat\u00e1sszervez\u0151\u00a0<br \/>\n+36 20 670 1159<\/p>\n<p><a href=\"mailto:vamos.tamas@semmelweis.hu\">vamos.tamas@semmelweis.hu<\/a><\/p>\n<\/li>\n<li><strong>Scheicher Judit<br \/>\n<\/strong>oktat\u00e1sszervez\u0151 &#8211; tart\u00f3san t\u00e1vol <\/p>\n<\/li>\n<\/ul>\n<p><strong>Felv\u00e9teli Oszt\u00e1ly<\/strong><\/p>\n<ul style=\"list-style-type: disc\">\n<li><strong>Dr. Hafiek Andrea<\/strong><br \/>\noszt\u00e1lyvezet\u0151\u00a0<br \/>\n+36\u00a0 30 016 4922<\/p>\n<p><a href=\"mailto:felveteli.iroda@semmelweis.hu\">felveteli.iroda@semmelweis.hu<\/a><\/p>\n<\/li>\n<li><strong>Zibrinyin\u00e9 Vendel-Mohay Luca<\/strong><br \/>\nkiemelt oktat\u00e1sszervez\u00e9si szak\u00e9rt\u0151\u00a0<br \/>\n+36 1 459 1500 \/62314, +36\u00a0 20 825 0368\u00a0<\/p>\n<p><a href=\"mailto:felveteli.iroda@semmelweis.hu\">felveteli.iroda@semmelweis.hu<\/a><\/p>\n<\/li>\n<li><strong>Doszt\u00e1n Korn\u00e9lia<\/strong><br \/>\nigazgat\u00e1si szak\u00e9rt\u0151\u00a0<br \/>\n+36 1 459 1500 \/62310, +36 30 878 2005<\/p>\n<p><a href=\"mailto:felveteli.iroda@semmelweis.hu\">felveteli.iroda@semmelweis.hu<\/a><\/p>\n<\/li>\n<\/ul>\n<p>&nbsp;<\/p>\n","protected":false},"excerpt":{"rendered":"<p>C\u00edm: 1085 Budapest, Baross u. 22. V. em. Postac\u00edm: 1085 Budapest, \u00dcll\u0151i \u00fat 26.; 1428 Budapest, Pf.2. E-mail: <a href=\"mailto:oktatasi.rektorhelyettes@semmelweis.hu\">oktatasi.rektorhelyettes@semmelweis.hu<\/a> Hivatalvezet\u0151 Dr. D\u00f3zsa-Sedl\u00e1k Rita +36 20 825 9827 <a href=\"mailto:sedlak.rita@semmelweis.hu\">sedlak.rita@semmelweis.hu<\/a> Munkat\u00e1rsak Titk\u00e1rs\u00e1g Olajosn\u00e9 Kov\u00e1cs Eszter igazgat\u00e1si szak\u00e9rt\u0151 +36 1 459 1500 \/62712, +36 20 666 3367 <a href=\"mailto:dosane.szecsi.gabriella@semmelweis.hu\">kovacs.eszter1@semmelweis.hu<\/a> Oktat\u00e1sigazgat\u00e1si \u00e9s Oktat\u00e1sszervez\u00e9si Oszt\u00e1ly D\u00f3s\u00e1n\u00e9 Sz\u00e9csi Gabriella oktat\u00e1sszervez\u0151 +36 1 459-1500 \/62703 <a href=\"mailto:dosane.szecsi.gabriella@semmelweis.hu\">dosane.szecsi.gabriella@semmelweis.hu<\/a> N\u00e9meth-Bereczky &hellip;<\/p>\n","protected":false},"author":102196,"featured_media":0,"parent":0,"menu_order":9,"comment_status":"closed","ping_status":"closed","template":"","meta":{"_acf_changed":false,"footnotes":""},"categories":[],"tags":[],"class_list":["post-2","page","type-page","status-publish","hentry"],"acf":[],"_links":{"self":[{"href":"https:\/\/semmelweis.hu\/oktatasigazgatas\/wp-json\/wp\/v2\/pages\/2","targetHints":{"allow":["GET"]}}],"collection":[{"href":"https:\/\/semmelweis.hu\/oktatasigazgatas\/wp-json\/wp\/v2\/pages"}],"about":[{"href":"https:\/\/semmelweis.hu\/oktatasigazgatas\/wp-json\/wp\/v2\/types\/page"}],"author":[{"embeddable":true,"href":"https:\/\/semmelweis.hu\/oktatasigazgatas\/wp-json\/wp\/v2\/users\/102196"}],"replies":[{"embeddable":true,"href":"https:\/\/semmelweis.hu\/oktatasigazgatas\/wp-json\/wp\/v2\/comments?post=2"}],"version-history":[{"count":14,"href":"https:\/\/semmelweis.hu\/oktatasigazgatas\/wp-json\/wp\/v2\/pages\/2\/revisions"}],"predecessor-version":[{"id":1043,"href":"https:\/\/semmelweis.hu\/oktatasigazgatas\/wp-json\/wp\/v2\/pages\/2\/revisions\/1043"}],"wp:attachment":[{"href":"https:\/\/semmelweis.hu\/oktatasigazgatas\/wp-json\/wp\/v2\/media?parent=2"}],"wp:term":[{"taxonomy":"category","embeddable":true,"href":"https:\/\/semmelweis.hu\/oktatasigazgatas\/wp-json\/wp\/v2\/categories?post=2"},{"taxonomy":"post_tag","embeddable":true,"href":"https:\/\/semmelweis.hu\/oktatasigazgatas\/wp-json\/wp\/v2\/tags?post=2"}],"curies":[{"name":"wp","href":"https:\/\/api.w.org\/{rel}","templated":true}]}}