{"id":125,"date":"2015-09-10T12:57:46","date_gmt":"2015-09-10T10:57:46","guid":{"rendered":"http:\/\/semmelweis.hu\/oktatasigazgatas\/?page_id=125"},"modified":"2025-11-13T12:54:42","modified_gmt":"2025-11-13T11:54:42","slug":"osztatlan-egyseges-kepzesek","status":"publish","type":"page","link":"https:\/\/semmelweis.hu\/oktatasigazgatas\/felsofoku-vegzettsegi-szintet-biztosito-kepzesek\/osztatlan-egyseges-kepzesek\/","title":{"rendered":"Egys\u00e9ges osztatlan k\u00e9pz\u00e9sek"},"content":{"rendered":"<div class=\"keretes w-100\">\n<h6>Az al\u00e1bbiakban az egyetem egys\u00e9ges osztatlan k\u00e9pz\u00e9seknek adatai olvashat\u00f3ak t\u00e1bl\u00e1zatba rendezve.<\/h6>\n<h5>Felv\u00e9teli inform\u00e1ci\u00f3k:<\/h5>\n<ul style=\"list-style-type: square\">\n<li><a href=\"https:\/\/semmelweis.hu\/felvetelizoknek\/\" target=\"_blank\" rel=\"noopener\">magyar nyelv\u0171 k\u00e9pz\u00e9sek \u2192<\/a><\/li>\n<li><a href=\"https:\/\/semmelweis.hu\/admission\/programs\/\" target=\"_blank\" rel=\"noopener\">angol nyelv\u0171 k\u00e9pz\u00e9sek \u2192<\/a><\/li>\n<li><a href=\"https:\/\/semmelweis.hu\/deutsch\/studiengange\/\" target=\"_blank\" rel=\"noopener\">n\u00e9met nyelv\u0171 k\u00e9pz\u00e9sek \u2192<\/a><\/li>\n<\/ul>\n<\/div>\n<table class=\" aligncenter\" style=\"border-style: solid;width: 78.5008%\" width=\"1061\">\n<thead>\n<tr>\n<td style=\"width: 28.2051%\">\n<p><strong>Kar<\/strong><\/p>\n<\/td>\n<td style=\"width: 14.7436%\">\n<p><strong>K\u00e9pz\u00e9s neve<\/strong><\/p>\n<\/td>\n<td style=\"width: 10%\">\n<p><strong>Helye<\/strong><\/p>\n<\/td>\n<td style=\"width: 8.07692%\">\n<p><strong>Nyelve<\/strong><\/p>\n<\/td>\n<td style=\"width: 17.3077%\">\n<p><strong>Enged\u00e9ly sz\u00e1ma<\/strong><\/p>\n<\/td>\n<td style=\"width: 21.4103%\" width=\"167\">\n<p><strong>K\u00e9pz\u00e9si ter\u00fclet<\/strong><\/p>\n<\/td>\n<\/tr>\n<\/thead>\n<tbody>\n<tr>\n<td style=\"width: 28.2051%\">\n<p>\u00c1ltal\u00e1nos Orvostudom\u00e1nyi Kar<\/p>\n<\/td>\n<td style=\"width: 14.7436%\">\n<p>\u00e1ltal\u00e1nos orvos<\/p>\n<\/td>\n<td style=\"width: 10%\">\n<p>Budapest<\/p>\n<\/td>\n<td style=\"width: 8.07692%\">\n<p>magyar<\/p>\n<\/td>\n<td style=\"width: 17.3077%\">\n<p>OH-FHF\/1632-6\/2007.<\/p>\n<\/td>\n<td style=\"width: 21.4103%\" width=\"167\">\n<p>orvos- \u00e9s eg\u00e9szs\u00e9gtudom\u00e1ny<\/p>\n<\/td>\n<\/tr>\n<tr>\n<td style=\"width: 28.2051%\">\n<p>\u00a0\u00c1ltal\u00e1nos Orvostudom\u00e1nyi Kar<\/p>\n<\/td>\n<td style=\"width: 14.7436%\">\n<p>\u00e1ltal\u00e1nos orvos<\/p>\n<\/td>\n<td style=\"width: 10%\">\n<p>Budapest<\/p>\n<\/td>\n<td style=\"width: 8.07692%\">\n<p>angol<\/p>\n<\/td>\n<td style=\"width: 17.3077%\">\n<p>OH-FHF\/1632-6\/2007.<\/p>\n<\/td>\n<td style=\"width: 21.4103%\" width=\"167\">\n<p>orvos- \u00e9s eg\u00e9szs\u00e9gtudom\u00e1ny<\/p>\n<\/td>\n<\/tr>\n<tr>\n<td style=\"width: 28.2051%\">\n<p>\u00a0\u00c1ltal\u00e1nos Orvostudom\u00e1nyi Kar<\/p>\n<\/td>\n<td style=\"width: 14.7436%\">\n<p>\u00e1ltal\u00e1nos orvos<\/p>\n<\/td>\n<td style=\"width: 10%\">\n<p>Budapest<\/p>\n<\/td>\n<td style=\"width: 8.07692%\">\n<p>n\u00e9met<\/p>\n<\/td>\n<td style=\"width: 17.3077%\">\n<p>OH-FHF\/1632-6\/2007.<\/p>\n<\/td>\n<td style=\"width: 21.4103%\" width=\"167\">\n<p>orvos- \u00e9s eg\u00e9szs\u00e9gtudom\u00e1ny<\/p>\n<\/td>\n<\/tr>\n<tr>\n<td style=\"width: 28.2051%\">\n<p>\u00c1ltal\u00e1nos Orvostudom\u00e1nyi Kar<\/p>\n<\/td>\n<td style=\"width: 14.7436%\">\n<p>\u00e1ltal\u00e1nos orvos<\/p>\n<\/td>\n<td style=\"width: 10%\">\n<p>Hamburg<\/p>\n<\/td>\n<td style=\"width: 8.07692%\">\n<p>n\u00e9met<\/p>\n<\/td>\n<td style=\"width: 17.3077%\">\n<p>\u00a0OH-FHF\/2309-4\/2008.<\/p>\n<\/td>\n<td style=\"width: 21.4103%\" width=\"167\">\n<p>orvos- \u00e9s eg\u00e9szs\u00e9gtudom\u00e1ny<\/p>\n<\/td>\n<\/tr>\n<tr>\n<td style=\"width: 28.2051%\">\n<p>Fogorvostudom\u00e1nyi Kar<\/p>\n<\/td>\n<td style=\"width: 14.7436%\">\n<p>fogorvos<\/p>\n<\/td>\n<td style=\"width: 10%\">\n<p>Budapest<\/p>\n<\/td>\n<td style=\"width: 8.07692%\">\n<p>magyar<\/p>\n<\/td>\n<td style=\"width: 17.3077%\">\n<p>OH-FRKP\/1632-<br \/>\n7\/2007.<\/p>\n<\/td>\n<td style=\"width: 21.4103%\" width=\"167\">\n<p>orvos- \u00e9s eg\u00e9szs\u00e9gtudom\u00e1ny<\/p>\n<\/td>\n<\/tr>\n<tr>\n<td style=\"width: 28.2051%\">\n<p>Fogorvostudom\u00e1nyi Kar<\/p>\n<\/td>\n<td style=\"width: 14.7436%\">\n<p>fogorvos<\/p>\n<\/td>\n<td style=\"width: 10%\">\n<p>Budapest<\/p>\n<\/td>\n<td style=\"width: 8.07692%\">\n<p>angol<\/p>\n<\/td>\n<td style=\"width: 17.3077%\">\n<p>OH-FRKP\/1632-<br \/>\n7\/2007.<\/p>\n<\/td>\n<td style=\"width: 21.4103%\" width=\"167\">\n<p>orvos- \u00e9s eg\u00e9szs\u00e9gtudom\u00e1ny<\/p>\n<\/td>\n<\/tr>\n<tr>\n<td style=\"width: 28.2051%\">\n<p>Fogorvostudom\u00e1nyi Kar<\/p>\n<\/td>\n<td style=\"width: 14.7436%\">\n<p>fogorvos<\/p>\n<\/td>\n<td style=\"width: 10%\">\n<p>Budapest<\/p>\n<\/td>\n<td style=\"width: 8.07692%\">\n<p>n\u00e9met<\/p>\n<\/td>\n<td style=\"width: 17.3077%\">\n<p>OH-FRKP\/1632-<br \/>\n7\/2007.<\/p>\n<\/td>\n<td style=\"width: 21.4103%\" width=\"167\">\n<p>orvos- \u00e9s eg\u00e9szs\u00e9gtudom\u00e1ny<\/p>\n<\/td>\n<\/tr>\n<tr>\n<td style=\"width: 28.2051%\">\n<p>Gy\u00f3gyszer\u00e9sztudom\u00e1nyi Kar<\/p>\n<\/td>\n<td style=\"width: 14.7436%\">\n<p>gy\u00f3gyszer\u00e9sz<\/p>\n<\/td>\n<td style=\"width: 10%\">\n<p>Budapest<\/p>\n<\/td>\n<td style=\"width: 8.07692%\">\n<p>magyar<\/p>\n<\/td>\n<td style=\"width: 17.3077%\">\n<p>OH-FRKP\/1632-<br \/>\n9\/2007.<\/p>\n<\/td>\n<td style=\"width: 21.4103%\" width=\"167\">\n<p>orvos- \u00e9s eg\u00e9szs\u00e9gtudom\u00e1ny<\/p>\n<\/td>\n<\/tr>\n<tr>\n<td style=\"width: 28.2051%\">\n<p>Gy\u00f3gyszer\u00e9sztudom\u00e1nyi Kar<\/p>\n<\/td>\n<td style=\"width: 14.7436%\">\n<p>gy\u00f3gyszer\u00e9sz<\/p>\n<\/td>\n<td style=\"width: 10%\">\n<p>Budapest<\/p>\n<\/td>\n<td style=\"width: 8.07692%\">\n<p>angol<\/p>\n<\/td>\n<td style=\"width: 17.3077%\">\n<p>OH-FRKP\/1632-<br \/>\n9\/2007.<\/p>\n<\/td>\n<td style=\"width: 21.4103%\" width=\"167\">\n<p>orvos- \u00e9s eg\u00e9szs\u00e9gtudom\u00e1ny<\/p>\n<\/td>\n<\/tr>\n<tr>\n<td style=\"width: 28.2051%\">\n<p>Gy\u00f3gyszer\u00e9sztudom\u00e1nyi Kar<\/p>\n<\/td>\n<td style=\"width: 14.7436%\">\n<p>gy\u00f3gyszer\u00e9sz<\/p>\n<\/td>\n<td style=\"width: 10%\">\n<p>Budapest<\/p>\n<\/td>\n<td style=\"width: 8.07692%\">\n<p>n\u00e9met<\/p>\n<\/td>\n<td style=\"width: 17.3077%\">\n<p>OH-FIF\/1400-4\/2011<\/p>\n<\/td>\n<td style=\"width: 21.4103%\" width=\"167\">\n<p>orvos- \u00e9s eg\u00e9szs\u00e9gtudom\u00e1ny<\/p>\n<\/td>\n<\/tr>\n<\/tbody>\n<\/table>\n","protected":false},"excerpt":{"rendered":"<p>Az al\u00e1bbiakban az egyetem egys\u00e9ges osztatlan k\u00e9pz\u00e9seknek adatai olvashat\u00f3ak t\u00e1bl\u00e1zatba rendezve. Felv\u00e9teli inform\u00e1ci\u00f3k: <a href=\"https:\/\/semmelweis.hu\/felvetelizoknek\/\" target=\"_blank\" rel=\"noopener\">magyar nyelv\u0171 k\u00e9pz\u00e9sek \u2192<\/a> <a href=\"https:\/\/semmelweis.hu\/admission\/programs\/\" target=\"_blank\" rel=\"noopener\">angol nyelv\u0171 k\u00e9pz\u00e9sek \u2192<\/a> <a href=\"https:\/\/semmelweis.hu\/deutsch\/studiengange\/\" target=\"_blank\" rel=\"noopener\">n\u00e9met nyelv\u0171 k\u00e9pz\u00e9sek \u2192<\/a> Kar K\u00e9pz\u00e9s neve Helye Nyelve Enged\u00e9ly sz\u00e1ma K\u00e9pz\u00e9si ter\u00fclet \u00c1ltal\u00e1nos Orvostudom\u00e1nyi Kar \u00e1ltal\u00e1nos orvos Budapest magyar OH-FHF\/1632-6\/2007. orvos- \u00e9s eg\u00e9szs\u00e9gtudom\u00e1ny \u00a0\u00c1ltal\u00e1nos Orvostudom\u00e1nyi Kar \u00e1ltal\u00e1nos orvos Budapest angol OH-FHF\/1632-6\/2007. orvos- \u00e9s eg\u00e9szs\u00e9gtudom\u00e1ny \u00a0\u00c1ltal\u00e1nos Orvostudom\u00e1nyi Kar \u00e1ltal\u00e1nos orvos Budapest n\u00e9met OH-FHF\/1632-6\/2007. orvos- \u00e9s eg\u00e9szs\u00e9gtudom\u00e1ny &hellip;<\/p>\n","protected":false},"author":12,"featured_media":0,"parent":83,"menu_order":3,"comment_status":"closed","ping_status":"closed","template":"template-fullwidth.php","meta":{"_acf_changed":false,"footnotes":""},"categories":[],"tags":[],"class_list":["post-125","page","type-page","status-publish","hentry"],"acf":[],"_links":{"self":[{"href":"https:\/\/semmelweis.hu\/oktatasigazgatas\/wp-json\/wp\/v2\/pages\/125","targetHints":{"allow":["GET"]}}],"collection":[{"href":"https:\/\/semmelweis.hu\/oktatasigazgatas\/wp-json\/wp\/v2\/pages"}],"about":[{"href":"https:\/\/semmelweis.hu\/oktatasigazgatas\/wp-json\/wp\/v2\/types\/page"}],"author":[{"embeddable":true,"href":"https:\/\/semmelweis.hu\/oktatasigazgatas\/wp-json\/wp\/v2\/users\/12"}],"replies":[{"embeddable":true,"href":"https:\/\/semmelweis.hu\/oktatasigazgatas\/wp-json\/wp\/v2\/comments?post=125"}],"version-history":[{"count":11,"href":"https:\/\/semmelweis.hu\/oktatasigazgatas\/wp-json\/wp\/v2\/pages\/125\/revisions"}],"predecessor-version":[{"id":981,"href":"https:\/\/semmelweis.hu\/oktatasigazgatas\/wp-json\/wp\/v2\/pages\/125\/revisions\/981"}],"up":[{"embeddable":true,"href":"https:\/\/semmelweis.hu\/oktatasigazgatas\/wp-json\/wp\/v2\/pages\/83"}],"wp:attachment":[{"href":"https:\/\/semmelweis.hu\/oktatasigazgatas\/wp-json\/wp\/v2\/media?parent=125"}],"wp:term":[{"taxonomy":"category","embeddable":true,"href":"https:\/\/semmelweis.hu\/oktatasigazgatas\/wp-json\/wp\/v2\/categories?post=125"},{"taxonomy":"post_tag","embeddable":true,"href":"https:\/\/semmelweis.hu\/oktatasigazgatas\/wp-json\/wp\/v2\/tags?post=125"}],"curies":[{"name":"wp","href":"https:\/\/api.w.org\/{rel}","templated":true}]}}