{"id":122,"date":"2015-09-10T12:57:12","date_gmt":"2015-09-10T10:57:12","guid":{"rendered":"http:\/\/semmelweis.hu\/oktatasigazgatas\/?page_id=122"},"modified":"2026-03-12T10:50:16","modified_gmt":"2026-03-12T09:50:16","slug":"mesterkepzesek","status":"publish","type":"page","link":"https:\/\/semmelweis.hu\/oktatasigazgatas\/felsofoku-vegzettsegi-szintet-biztosito-kepzesek\/mesterkepzesek\/","title":{"rendered":"Mesterk\u00e9pz\u00e9sek"},"content":{"rendered":"<div class=\"keretes w-100\">\n<h6>Az al\u00e1bbiakban az egyetem mesterk\u00e9pz\u00e9seinek adatai olvashat\u00f3ak t\u00e1bl\u00e1zatba rendezve.<\/h6>\n<h5>Felv\u00e9teli inform\u00e1ci\u00f3k:<\/h5>\n<ul style=\"list-style-type: square\">\n<li><a href=\"https:\/\/semmelweis.hu\/felvetelizoknek\/\" target=\"_blank\" rel=\"noopener\">magyar nyelv\u0171 k\u00e9pz\u00e9sek \u2192<\/a><\/li>\n<li><a href=\"https:\/\/semmelweis.hu\/admission\/programs\/\" target=\"_blank\" rel=\"noopener\">angol nyelv\u0171 k\u00e9pz\u00e9sek \u2192<\/a><\/li>\n<\/ul>\n<\/div>\n<table class=\" aligncenter\" style=\"border-style: solid;width: 100%\" width=\"1058\">\n<thead>\n<tr>\n<td style=\"width: 16.3984%\" width=\"176\">\n<p><strong>Kar<\/strong><\/p>\n<\/td>\n<td style=\"width: 17.9074%\" width=\"164\">\n<p><strong>K\u00e9pz\u00e9s neve<\/strong><\/p>\n<\/td>\n<td style=\"width: 7.74648%\" width=\"123\">\n<p><strong>Helye<\/strong><\/p>\n<\/td>\n<td style=\"width: 6.74044%\" width=\"95\">\n<p><strong>Nyelve<\/strong><\/p>\n<\/td>\n<td style=\"width: 20.3219%\" width=\"132\">\n<p><strong>Szakir\u00e1ny<\/strong><\/p>\n<\/td>\n<td style=\"width: 16.5996%\" width=\"182\">\n<p><strong>Enged\u00e9ly sz\u00e1ma<\/strong><\/p>\n<\/td>\n<td style=\"width: 17.2032%\" width=\"187\">\n<p><strong>K\u00e9pz\u00e9si ter\u00fclet<\/strong><\/p>\n<\/td>\n<\/tr>\n<\/thead>\n<tbody>\n<tr>\n<td style=\"width: 16.3984%\" width=\"176\">\n<p>\u00c1ltal\u00e1nos Orvostudom\u00e1nyi Kar<\/p>\n<\/td>\n<td style=\"width: 17.9074%\" width=\"164\">\n<p>gy\u00f3gyszeripari innov\u00e1ci\u00f3 \u00e9s \u00fczleti menedzsment<\/p>\n<\/td>\n<td style=\"width: 7.74648%\" width=\"123\">\n<p>Budapest<\/p>\n<\/td>\n<td style=\"width: 6.74044%\" width=\"95\">\n<p>angol<\/p>\n<\/td>\n<td style=\"width: 20.3219%\" width=\"132\">\n<p>&nbsp;<\/p>\n<\/td>\n<td style=\"width: 16.5996%\" width=\"182\">\n<p>FNYF\/1525-5\/2024<\/p>\n<\/td>\n<td style=\"width: 17.2032%\" width=\"187\">\n<p>orvos- \u00e9s eg\u00e9szs\u00e9gtudom\u00e1ny<\/p>\n<\/td>\n<\/tr>\n<tr>\n<td style=\"width: 16.3984%\" width=\"176\">\n<p>\u00c1ltal\u00e1nos Orvostudom\u00e1nyi Kar<\/p>\n<\/td>\n<td style=\"width: 17.9074%\" width=\"164\">\n<p>klinikai transzl\u00e1ci\u00f3s medicina<\/p>\n<\/td>\n<td style=\"width: 7.74648%\" width=\"123\">\n<p>Budapest<\/p>\n<\/td>\n<td style=\"width: 6.74044%\" width=\"95\">\n<p>angol<\/p>\n<\/td>\n<td style=\"width: 20.3219%\" width=\"132\">\n<p>&nbsp;<\/p>\n<\/td>\n<td style=\"width: 16.5996%\" width=\"182\">\n<p>FNYF\/898-3\/2024<\/p>\n<\/td>\n<td style=\"width: 17.2032%\" width=\"187\">\n<p>orvos- \u00e9s eg\u00e9szs\u00e9gtudom\u00e1ny<\/p>\n<\/td>\n<\/tr>\n<tr>\n<td style=\"width: 16.3984%\" width=\"176\">\n<p>\u00c1ltal\u00e1nos Orvostudom\u00e1nyi Kar<\/p>\n<\/td>\n<td style=\"width: 17.9074%\" width=\"164\">\n<p>bizony\u00edt\u00e9kokon alapul\u00f3 \u00e1ltal\u00e1nos orvosi \u00e9s klinikai pszichol\u00f3gia<\/p>\n<\/td>\n<td style=\"width: 7.74648%\" width=\"123\">\n<p>Budapest<\/p>\n<\/td>\n<td style=\"width: 6.74044%\" width=\"95\">\n<p>magyar<\/p>\n<\/td>\n<td style=\"width: 20.3219%\" width=\"132\">\n<p>&nbsp;<\/p>\n<\/td>\n<td style=\"width: 16.5996%\" width=\"182\">\n<p>FIR3-K2\/00610-3\/2025<\/p>\n<\/td>\n<td style=\"width: 17.2032%\" width=\"187\">\n<p>orvos- \u00e9s eg\u00e9szs\u00e9gtudom\u00e1ny<\/p>\n<\/td>\n<\/tr>\n<tr>\n<td style=\"width: 16.3984%\" width=\"176\">\n<p>\u00c1ltal\u00e1nos Orvostudom\u00e1nyi Kar<\/p>\n<\/td>\n<td style=\"width: 17.9074%\" width=\"164\">\n<p>eg\u00e9szs\u00e9g\u00fcgyi neuropszichol\u00f3gia<\/p>\n<\/td>\n<td style=\"width: 7.74648%\" width=\"123\">\n<p>Budapest<\/p>\n<\/td>\n<td style=\"width: 6.74044%\" width=\"95\">\n<p>magyar<\/p>\n<\/td>\n<td style=\"width: 20.3219%\" width=\"132\">\n<p>&nbsp;<\/p>\n<\/td>\n<td style=\"width: 16.5996%\" width=\"182\">\n<p>FIR3-K2\/00609-3\/2025<\/p>\n<\/td>\n<td style=\"width: 17.2032%\" width=\"187\">\n<p>orvos- \u00e9s eg\u00e9szs\u00e9gtudom\u00e1ny<\/p>\n<\/td>\n<\/tr>\n<tr>\n<td style=\"width: 16.3984%\" width=\"176\">\n<p>\u00c1ltal\u00e1nos Orvostudom\u00e1nyi Kar<\/p>\n<\/td>\n<td style=\"width: 17.9074%\" width=\"164\">\n<p>pszichobiol\u00f3gia<\/p>\n<\/td>\n<td style=\"width: 7.74648%\" width=\"123\">\n<p>Budapest<\/p>\n<\/td>\n<td style=\"width: 6.74044%\" width=\"95\">\n<p>angol<\/p>\n<\/td>\n<td style=\"width: 20.3219%\" width=\"132\">\n<p>&nbsp;<\/p>\n<\/td>\n<td style=\"width: 16.5996%\" width=\"182\">\n<p>FIR3-K2\/00611-3\/2025<\/p>\n<\/td>\n<td style=\"width: 17.2032%\" width=\"187\">\n<p>orvos- \u00e9s eg\u00e9szs\u00e9gtudom\u00e1ny<\/p>\n<\/td>\n<\/tr>\n<tr>\n<td style=\"width: 16.3984%\" width=\"176\">\n<p>Eg\u00e9szs\u00e9gtudom\u00e1nyi Kar\u00a0<\/p>\n<\/td>\n<td style=\"width: 17.9074%\" width=\"164\">\n<p>kiterjesztett hat\u00e1sk\u00f6r\u0171 \u00e1pol\u00f3<\/p>\n<\/td>\n<td style=\"width: 7.74648%\" width=\"123\">\n<p>Budapest<\/p>\n<\/td>\n<td style=\"width: 6.74044%\" width=\"95\">\n<p>magyar<\/p>\n<\/td>\n<td style=\"width: 20.3219%\" width=\"132\">\n<p>geri\u00e1triai szak\u00e1pol\u00f3, k\u00f6z\u00f6ss\u00e9gi szak\u00e1pol\u00f3, s\u00fcrg\u0151ss\u00e9gi szak\u00e1pol\u00f3, intenz\u00edv szak\u00e1pol\u00e1s, perioperat\u00edv szak\u00e1pol\u00f3<\/p>\n<\/td>\n<td style=\"width: 16.5996%\" width=\"182\">\n<p>FNYF\/36-1\/2022.<\/p>\n<\/td>\n<td style=\"width: 17.2032%\" width=\"187\">\n<p>orvos- \u00e9s eg\u00e9szs\u00e9gtudom\u00e1ny<\/p>\n<\/td>\n<\/tr>\n<tr>\n<td style=\"width: 16.3984%\" width=\"176\">\n<p>Eg\u00e9szs\u00e9gtudom\u00e1nyi Kar\u00a0<\/p>\n<\/td>\n<td style=\"width: 17.9074%\" width=\"164\">\n<p>\u00e1pol\u00e1s<\/p>\n<\/td>\n<td style=\"width: 7.74648%\" width=\"123\">\n<p>Budapest<\/p>\n<\/td>\n<td style=\"width: 6.74044%\" width=\"95\">\n<p>angol<\/p>\n<\/td>\n<td style=\"width: 20.3219%\" width=\"132\">\n<p>geri\u00e1triai szak\u00e1pol\u00f3, k\u00f6z\u00f6ss\u00e9gi szak\u00e1pol\u00f3, s\u00fcrg\u0151ss\u00e9gi szak\u00e1pol\u00f3<\/p>\n<\/td>\n<td style=\"width: 16.5996%\" width=\"182\">\n<p>FNYF\/120-3\/2021.<\/p>\n<\/td>\n<td style=\"width: 17.2032%\" width=\"187\">\n<p>orvos- \u00e9s eg\u00e9szs\u00e9gtudom\u00e1ny<\/p>\n<\/td>\n<\/tr>\n<tr>\n<td style=\"width: 16.3984%\" width=\"176\">\n<p>Eg\u00e9szs\u00e9gtudom\u00e1nyi Kar<\/p>\n<\/td>\n<td style=\"width: 17.9074%\" width=\"164\">\n<p>fizioter\u00e1pia<\/p>\n<\/td>\n<td style=\"width: 7.74648%\" width=\"123\">\n<p>Budapest<\/p>\n<\/td>\n<td style=\"width: 6.74044%\" width=\"95\">\n<p>magyar<br \/>\nangol<\/p>\n<\/td>\n<td style=\"width: 20.3219%\" width=\"132\">\n<p>&nbsp;<\/p>\n<\/td>\n<td style=\"width: 16.5996%\" width=\"182\">\n<p>FF\/539-1\/2013.<br \/>\nFF\/541-1\/2013.<\/p>\n<\/td>\n<td style=\"width: 17.2032%\" width=\"187\">\n<p>orvos- \u00e9s eg\u00e9szs\u00e9gtudom\u00e1ny<\/p>\n<\/td>\n<\/tr>\n<tr>\n<td style=\"width: 16.3984%\" width=\"176\">\n<p>Eg\u00e9szs\u00e9gtudom\u00e1nyi Kar<\/p>\n<\/td>\n<td style=\"width: 17.9074%\" width=\"164\">\n<p>t\u00e1pl\u00e1lkoz\u00e1studom\u00e1nyi<\/p>\n<\/td>\n<td style=\"width: 7.74648%\" width=\"123\">\n<p>Budapest<\/p>\n<\/td>\n<td style=\"width: 6.74044%\" width=\"95\">\n<p>magyar<\/p>\n<\/td>\n<td style=\"width: 20.3219%\" width=\"132\">\n<p>&nbsp;<\/p>\n<\/td>\n<td style=\"width: 16.5996%\" width=\"182\">\n<p>OH\/FHF\/1878-4\/2010.<br \/>\nSZIE-val k\u00f6z\u00f6s k\u00e9pz\u00e9s, Semmelweis Egyetem ind\u00edtja<\/p>\n<\/td>\n<td style=\"width: 17.2032%\" width=\"187\">\n<p>orvos- \u00e9s eg\u00e9szs\u00e9gtudom\u00e1ny<\/p>\n<\/td>\n<\/tr>\n<tr>\n<td style=\"width: 16.3984%\" width=\"176\">\n<p>Eg\u00e9szs\u00e9gtudom\u00e1nyi Kar<\/p>\n<\/td>\n<td style=\"width: 17.9074%\" width=\"164\">\n<p>eg\u00e9szs\u00e9g\u00fcgyi tan\u00e1r tan\u00e1ri mesterk\u00e9pz\u00e9si szak<\/p>\n<\/td>\n<td style=\"width: 7.74648%\" width=\"123\">\n<p>Budapest<\/p>\n<\/td>\n<td style=\"width: 6.74044%\" width=\"95\">\n<p>magyar<\/p>\n<\/td>\n<td style=\"width: 20.3219%\" width=\"132\">\n<p>&nbsp;<\/p>\n<\/td>\n<td style=\"width: 16.5996%\" width=\"182\">\n<p>FNYF\/958-3\/2021.<\/p>\n<\/td>\n<td style=\"width: 17.2032%\" width=\"187\">\n<p>pedag\u00f3gusk\u00e9pz\u00e9s<\/p>\n<\/td>\n<\/tr>\n<tr>\n<td style=\"width: 16.3984%\" width=\"176\">\n<p>Eg\u00e9szs\u00e9gtudom\u00e1nyi Kar<\/p>\n<\/td>\n<td style=\"width: 17.9074%\" width=\"164\">\n<p>n\u00e9peg\u00e9szs\u00e9g\u00fcgyi mesterk\u00e9pz\u00e9s<\/p>\n<\/td>\n<td style=\"width: 7.74648%\" width=\"123\">\n<p>Budapest<\/p>\n<\/td>\n<td style=\"width: 6.74044%\" width=\"95\">\n<p>magyar<\/p>\n<\/td>\n<td style=\"width: 20.3219%\" width=\"132\">\n<p>k\u00f6rnyezet- \u00e9s foglalkoz\u00e1seg\u00e9szs\u00e9g\u00fcgyi specializ\u00e1ci\u00f3, epidemiol\u00f3gia specializ\u00e1ci\u00f3<\/p>\n<\/td>\n<td style=\"width: 16.5996%\" width=\"182\">\n<p>FNYF\/1032-3\/2023.<\/p>\n<\/td>\n<td style=\"width: 17.2032%\" width=\"187\">\n<p>orvos- \u00e9s eg\u00e9szs\u00e9gtudom\u00e1ny<\/p>\n<\/td>\n<\/tr>\n<tr>\n<td style=\"width: 16.3984%\" width=\"176\">\n<p>Eg\u00e9szs\u00e9gtudom\u00e1nyi Kar<\/p>\n<\/td>\n<td style=\"width: 17.9074%\" width=\"164\">\n<p>sz\u00fcl\u00e9szn\u0151<\/p>\n<\/td>\n<td style=\"width: 7.74648%\" width=\"123\">\n<p>Budapest<\/p>\n<\/td>\n<td style=\"width: 6.74044%\" width=\"95\">\n<p>magyar<\/p>\n<\/td>\n<td style=\"width: 20.3219%\" width=\"132\">\n<p>&nbsp;<\/p>\n<\/td>\n<td style=\"width: 16.5996%\" width=\"182\">\n<p>FNYF\/00010-1\/2025.<\/p>\n<\/td>\n<td style=\"width: 17.2032%\" width=\"187\">\n<p>orvos- \u00e9s eg\u00e9szs\u00e9gtudom\u00e1ny<\/p>\n<\/td>\n<\/tr>\n<tr>\n<td style=\"width: 16.3984%\" width=\"176\">\n<p>Eg\u00e9szs\u00e9gtudom\u00e1nyi Kar<\/p>\n<\/td>\n<td style=\"width: 17.9074%\" width=\"164\">\n<p>kardiorespiratorikus fizioter\u00e1pia<\/p>\n<\/td>\n<td style=\"width: 7.74648%\" width=\"123\">\n<p>Budapest<\/p>\n<\/td>\n<td style=\"width: 6.74044%\" width=\"95\">\n<p>magyar<\/p>\n<\/td>\n<td style=\"width: 20.3219%\" width=\"132\">\n<p>&nbsp;<\/p>\n<\/td>\n<td style=\"width: 16.5996%\" width=\"182\">\n<p>FIR3-K2\/00020-3\/2026.<\/p>\n<\/td>\n<td style=\"width: 17.2032%\" width=\"187\">\n<p>orvos- \u00e9s eg\u00e9szs\u00e9gtudom\u00e1ny<\/p>\n<\/td>\n<\/tr>\n<tr>\n<td style=\"width: 16.3984%\" width=\"176\">\n<p>Eg\u00e9szs\u00e9gtudom\u00e1nyi Kar<\/p>\n<\/td>\n<td style=\"width: 17.9074%\" width=\"164\">\n<p>sportfizioter\u00e1pia<\/p>\n<\/td>\n<td style=\"width: 7.74648%\" width=\"123\">\n<p>Budapest<\/p>\n<\/td>\n<td style=\"width: 6.74044%\" width=\"95\">\n<p>magyar<\/p>\n<\/td>\n<td style=\"width: 20.3219%\" width=\"132\">\n<p>&nbsp;<\/p>\n<\/td>\n<td style=\"width: 16.5996%\" width=\"182\">\n<p>FIR3-K2\/00018-3\/2026.<\/p>\n<\/td>\n<td style=\"width: 17.2032%\" width=\"187\">\n<p>orvos- \u00e9s eg\u00e9szs\u00e9gtudom\u00e1ny<\/p>\n<\/td>\n<\/tr>\n<tr>\n<td style=\"width: 16.3984%\" width=\"176\">\n<p>Eg\u00e9szs\u00e9gtudom\u00e1nyi Kar<\/p>\n<\/td>\n<td style=\"width: 17.9074%\" width=\"164\">\n<p>gyermek- \u00e9s csecsem\u0151gy\u00f3gy\u00e1szati fizioter\u00e1pia<\/p>\n<\/td>\n<td style=\"width: 7.74648%\" width=\"123\">\n<p>Budapest<\/p>\n<\/td>\n<td style=\"width: 6.74044%\" width=\"95\">\n<p>magyar<\/p>\n<\/td>\n<td style=\"width: 20.3219%\" width=\"132\">\n<p>&nbsp;<\/p>\n<\/td>\n<td style=\"width: 16.5996%\" width=\"182\">\n<p>FIR3-K2\/00022-3\/2026.<\/p>\n<\/td>\n<td style=\"width: 17.2032%\" width=\"187\">\n<p>orvos- \u00e9s eg\u00e9szs\u00e9gtudom\u00e1ny<\/p>\n<\/td>\n<\/tr>\n<tr>\n<td style=\"width: 16.3984%\" width=\"176\">\n<p>Eg\u00e9szs\u00e9g\u00fcgyi K\u00f6zszolg\u00e1lati Kar<\/p>\n<\/td>\n<td style=\"width: 17.9074%\" width=\"164\">\n<p>interdiszciplin\u00e1ris csal\u00e1dtudom\u00e1nyi mesterk\u00e9pz\u00e9si szak<\/p>\n<\/td>\n<td style=\"width: 7.74648%\" width=\"123\">\n<p>Budapest<\/p>\n<\/td>\n<td style=\"width: 6.74044%\" width=\"95\">\n<p>magyar<\/p>\n<\/td>\n<td style=\"width: 20.3219%\" width=\"132\">\u00a0<\/td>\n<td style=\"width: 16.5996%\" width=\"182\">\n<p>\u00a047\/2020. (XII. 10.) ITM rendelet 5. \u00a7<\/p>\n<\/td>\n<td style=\"width: 17.2032%\" width=\"187\">\n<p>t\u00e1rsadalomtudom\u00e1ny<\/p>\n<\/td>\n<\/tr>\n<tr>\n<td style=\"width: 16.3984%\" width=\"176\">\n<p>Eg\u00e9szs\u00e9g\u00fcgyi K\u00f6zszolg\u00e1lati Kar<\/p>\n<\/td>\n<td style=\"width: 17.9074%\" width=\"164\">\n<p>eg\u00e9szs\u00e9g\u00fcgyi menedzser<\/p>\n<\/td>\n<td style=\"width: 7.74648%\" width=\"123\">\n<p>Budapest<\/p>\n<\/td>\n<td style=\"width: 6.74044%\" width=\"95\">\n<p>magyar<\/p>\n<\/td>\n<td style=\"width: 20.3219%\" width=\"132\">\n<p>&nbsp;<\/p>\n<\/td>\n<td style=\"width: 16.5996%\" width=\"182\">\n<p>OH-FIF\/1380-4\/2011.szakir\u00e1nyok:<br \/>\nFF\/1235-4\/2012.; nappali munkarend\u0171 k\u00e9pz\u00e9s nyilv\u00e1ntart\u00e1sba v\u00e9tele: FNYF\/1630-4\/2020.<\/p>\n<\/td>\n<td style=\"width: 17.2032%\" width=\"187\">\n<p>orvos- \u00e9s eg\u00e9szs\u00e9gtudom\u00e1ny<\/p>\n<\/td>\n<\/tr>\n<tr>\n<td style=\"width: 16.3984%\" width=\"176\">\n<p>Eg\u00e9szs\u00e9g\u00fcgyi K\u00f6zszolg\u00e1lati Kar<\/p>\n<\/td>\n<td style=\"width: 17.9074%\" width=\"164\">\n<p>eg\u00e9szs\u00e9g\u00fcgyi adattudom\u00e1ny<\/p>\n<\/td>\n<td style=\"width: 7.74648%\" width=\"123\">\n<p>Budapest<\/p>\n<\/td>\n<td style=\"width: 6.74044%\" width=\"95\">\n<p>magyar, angol<\/p>\n<\/td>\n<td style=\"width: 20.3219%\" width=\"132\">\n<p>&#8211;<\/p>\n<\/td>\n<td style=\"width: 16.5996%\" width=\"182\">\n<p>FNYF\/1130-3\/2023.<\/p>\n<\/td>\n<td style=\"width: 17.2032%\" width=\"187\">\n<p>orvos- \u00e9s eg\u00e9szs\u00e9gtudom\u00e1ny<\/p>\n<\/td>\n<\/tr>\n<tr>\n<td style=\"width: 16.3984%\" width=\"176\">\n<p>Eg\u00e9szs\u00e9g\u00fcgyi K\u00f6zszolg\u00e1lati Kar<\/p>\n<\/td>\n<td style=\"width: 17.9074%\" width=\"164\">\n<p>eg\u00e9szs\u00e9g\u00fcgyi-min\u0151s\u00e9g\u00fcgyi \u00e9s betegbiztons\u00e1gi menedzsment<\/p>\n<\/td>\n<td style=\"width: 7.74648%\" width=\"123\">\n<p>Budapest<\/p>\n<\/td>\n<td style=\"width: 6.74044%\" width=\"95\">\n<p>magyar<\/p>\n<\/td>\n<td style=\"width: 20.3219%\" width=\"132\">\n<p>&#8211;<\/p>\n<\/td>\n<td style=\"width: 16.5996%\" width=\"182\">\n<p>FNYF\/1095-3\/2023.<\/p>\n<\/td>\n<td style=\"width: 17.2032%\" width=\"187\">\n<p>orvos- \u00e9s eg\u00e9szs\u00e9gtudom\u00e1ny<\/p>\n<\/td>\n<\/tr>\n<tr>\n<td style=\"width: 16.3984%\" width=\"176\">\n<p>Eg\u00e9szs\u00e9g\u00fcgyi K\u00f6zszolg\u00e1lati Kar<\/p>\n<\/td>\n<td style=\"width: 17.9074%\" width=\"164\">\n<p>integr\u00e1lt szoci\u00e1lis szolg\u00e1ltat\u00e1si menedzsment<\/p>\n<\/td>\n<td style=\"width: 7.74648%\" width=\"123\">\n<p>Budapest<\/p>\n<\/td>\n<td style=\"width: 6.74044%\" width=\"95\">\n<p>magyar<\/p>\n<\/td>\n<td style=\"width: 20.3219%\" width=\"132\">\n<p>&#8211;<\/p>\n<\/td>\n<td style=\"width: 16.5996%\" width=\"182\">\n<p>FNYF\/1395-3\/2024.<\/p>\n<\/td>\n<td style=\"width: 17.2032%\" width=\"187\">\n<p>orvos- \u00e9s eg\u00e9szs\u00e9gtudom\u00e1ny<\/p>\n<\/td>\n<\/tr>\n<tr>\n<td style=\"width: 16.3984%\" width=\"176\">\n<p>Eg\u00e9szs\u00e9g\u00fcgyi K\u00f6zszolg\u00e1lati Kar<\/p>\n<\/td>\n<td style=\"width: 17.9074%\" width=\"164\">\n<p>szoci\u00e1lis munka<\/p>\n<\/td>\n<td style=\"width: 7.74648%\" width=\"123\">\n<p>Budapest<\/p>\n<\/td>\n<td style=\"width: 6.74044%\" width=\"95\">\n<p>magyar<\/p>\n<\/td>\n<td style=\"width: 20.3219%\" width=\"132\">\n<p>&nbsp;<\/p>\n<\/td>\n<td style=\"width: 16.5996%\" width=\"182\">\n<p>OH FRKP\/296-8\/2007\u00a0<\/p>\n<\/td>\n<td style=\"width: 17.2032%\" width=\"187\">\n<p>t\u00e1rsadalomtudom\u00e1ny<\/p>\n<\/td>\n<\/tr>\n<tr>\n<td style=\"width: 16.3984%\" width=\"176\">\n<p>Eg\u00e9szs\u00e9g\u00fcgyi K\u00f6zszolg\u00e1lati Kar<\/p>\n<\/td>\n<td style=\"width: 17.9074%\" width=\"164\">\n<p>rendszerszeml\u00e9let\u0171 pszichol\u00f3gia<\/p>\n<\/td>\n<td style=\"width: 7.74648%\" width=\"123\">\n<p>Budapest<\/p>\n<\/td>\n<td style=\"width: 6.74044%\" width=\"95\">\n<p>angol<\/p>\n<\/td>\n<td style=\"width: 20.3219%\" width=\"132\">\n<p>&#8211;<\/p>\n<\/td>\n<td style=\"width: 16.5996%\" width=\"182\">\n<p>FIR3-K2\/00608-3\/2025<\/p>\n<\/td>\n<td style=\"width: 17.2032%\" width=\"187\">\n<p>orvos- \u00e9s eg\u00e9szs\u00e9gtudom\u00e1ny<\/p>\n<\/td>\n<\/tr>\n<tr>\n<td style=\"width: 16.3984%\" width=\"176\">\n<p>Pet\u0151 Andr\u00e1s Kar<\/p>\n<\/td>\n<td style=\"width: 17.9074%\" width=\"164\">\n<p>neurorehabilit\u00e1ci\u00f3 mesterk\u00e9pz\u00e9si szak<\/p>\n<\/td>\n<td style=\"width: 7.74648%\" width=\"123\">\n<p>Budapest<\/p>\n<\/td>\n<td style=\"width: 6.74044%\" width=\"95\">\n<p>magyar<\/p>\n<p>&nbsp;<\/p>\n<\/td>\n<td style=\"width: 20.3219%\" width=\"132\">\n<p>&nbsp;<\/p>\n<\/td>\n<td style=\"width: 16.5996%\" width=\"182\">\n<p>FNYF\/139-4\/2023<\/p>\n<\/td>\n<td style=\"width: 17.2032%\" width=\"187\">\n<p>orvos- \u00e9s eg\u00e9szs\u00e9gtudom\u00e1ny<\/p>\n<\/td>\n<\/tr>\n<tr>\n<td style=\"width: 16.3984%\" width=\"176\">\n<p>PPKE \u00e9s SE k\u00f6z\u00f6s k\u00e9pz\u00e9se,\u00a0<br \/>\na PPKE-n\u00e9l van<br \/>\nregisztr\u00e1lva<\/p>\n<\/td>\n<td style=\"width: 17.9074%\" width=\"164\">\n<p>info-bionika<\/p>\n<\/td>\n<td style=\"width: 7.74648%\" width=\"123\">\n<p>Budapest<\/p>\n<\/td>\n<td style=\"width: 6.74044%\" width=\"95\">\n<p>magyar, angol<\/p>\n<\/td>\n<td style=\"width: 20.3219%\" width=\"132\">\n<p>bionikus interf\u00e9szek; bionano m\u00e9r\u0151eszk\u00f6z\u00f6k \u00e9s k\u00e9palkot\u00f3k<\/p>\n<\/td>\n<td style=\"width: 16.5996%\" width=\"182\">\n<p>k\u00f6z\u00f6s k\u00e9pz\u00e9s a PPKE-el, a PPKE-n\u00e9l van regisztr\u00e1lva<\/p>\n<\/td>\n<td style=\"width: 17.2032%\" width=\"187\">\n<p>informatika<\/p>\n<\/td>\n<\/tr>\n<tr>\n<td style=\"width: 16.3984%\" width=\"176\">\n<p>PPKE \u00e9s SE k\u00f6z\u00f6s k\u00e9pz\u00e9se,\u00a0<br \/>\na PPKE-n\u00e9l van<br \/>\nregisztr\u00e1lva<\/p>\n<\/td>\n<td style=\"width: 17.9074%\" width=\"164\">\n<p>orvosi biotechnol\u00f3gia<\/p>\n<\/td>\n<td style=\"width: 7.74648%\" width=\"123\">\n<p>Budapest<\/p>\n<\/td>\n<td style=\"width: 6.74044%\" width=\"95\">\n<p>magyar, angol<\/p>\n<\/td>\n<td style=\"width: 20.3219%\" width=\"132\">\n<p>alkalmazott bioinformatika; molekul\u00e1ris biotechnol\u00f3gia<\/p>\n<\/td>\n<td style=\"width: 16.5996%\" width=\"182\">\n<p>k\u00f6z\u00f6s k\u00e9pz\u00e9s a PPKE-el, a PPKE-n\u00e9l van regisztr\u00e1lva<\/p>\n<\/td>\n<td style=\"width: 17.2032%\" width=\"187\">\n<p>informatika<\/p>\n<\/td>\n<\/tr>\n<tr>\n<td style=\"width: 16.3984%\" width=\"176\">\n<p>BME \u00e9s SE k\u00f6z\u00f6s k\u00e9pz\u00e9se,\u00a0<br \/>\na BME-n\u00e9l van regisztr\u00e1lva<\/p>\n<\/td>\n<td style=\"width: 17.9074%\" width=\"164\">\n<p>molekul\u00e1ris biol\u00f3gia<\/p>\n<\/td>\n<td style=\"width: 7.74648%\" width=\"123\">\n<p>Budapest<\/p>\n<\/td>\n<td style=\"width: 6.74044%\" width=\"95\">\n<p>magyar<\/p>\n<\/td>\n<td style=\"width: 20.3219%\" width=\"132\">\n<p>eg\u00e9szs\u00e9g\u00fcgyi m\u00e9rn\u00f6k<\/p>\n<\/td>\n<td style=\"width: 16.5996%\" width=\"182\">\n<p>k\u00f6z\u00f6s k\u00e9pz\u00e9s, BME-n\u00e9l van regisztr\u00e1lva<\/p>\n<\/td>\n<td style=\"width: 17.2032%\" width=\"187\">\n<p>molekul\u00e1ris biol\u00f3gia<\/p>\n<\/td>\n<\/tr>\n<\/tbody>\n<\/table>\n","protected":false},"excerpt":{"rendered":"<p>Az al\u00e1bbiakban az egyetem mesterk\u00e9pz\u00e9seinek adatai olvashat\u00f3ak t\u00e1bl\u00e1zatba rendezve. Felv\u00e9teli inform\u00e1ci\u00f3k: <a href=\"https:\/\/semmelweis.hu\/felvetelizoknek\/\" target=\"_blank\" rel=\"noopener\">magyar nyelv\u0171 k\u00e9pz\u00e9sek \u2192<\/a> <a href=\"https:\/\/semmelweis.hu\/admission\/programs\/\" target=\"_blank\" rel=\"noopener\">angol nyelv\u0171 k\u00e9pz\u00e9sek \u2192<\/a> Kar K\u00e9pz\u00e9s neve Helye Nyelve Szakir\u00e1ny Enged\u00e9ly sz\u00e1ma K\u00e9pz\u00e9si ter\u00fclet \u00c1ltal\u00e1nos Orvostudom\u00e1nyi Kar gy\u00f3gyszeripari innov\u00e1ci\u00f3 \u00e9s \u00fczleti menedzsment Budapest angol &nbsp; FNYF\/1525-5\/2024 orvos- \u00e9s eg\u00e9szs\u00e9gtudom\u00e1ny \u00c1ltal\u00e1nos Orvostudom\u00e1nyi Kar klinikai transzl\u00e1ci\u00f3s medicina Budapest angol &nbsp; FNYF\/898-3\/2024 orvos- \u00e9s eg\u00e9szs\u00e9gtudom\u00e1ny \u00c1ltal\u00e1nos Orvostudom\u00e1nyi Kar bizony\u00edt\u00e9kokon alapul\u00f3 \u00e1ltal\u00e1nos &hellip;<\/p>\n","protected":false},"author":12,"featured_media":0,"parent":83,"menu_order":2,"comment_status":"closed","ping_status":"closed","template":"template-fullwidth.php","meta":{"_acf_changed":false,"footnotes":""},"categories":[],"tags":[],"class_list":["post-122","page","type-page","status-publish","hentry"],"acf":[],"_links":{"self":[{"href":"https:\/\/semmelweis.hu\/oktatasigazgatas\/wp-json\/wp\/v2\/pages\/122","targetHints":{"allow":["GET"]}}],"collection":[{"href":"https:\/\/semmelweis.hu\/oktatasigazgatas\/wp-json\/wp\/v2\/pages"}],"about":[{"href":"https:\/\/semmelweis.hu\/oktatasigazgatas\/wp-json\/wp\/v2\/types\/page"}],"author":[{"embeddable":true,"href":"https:\/\/semmelweis.hu\/oktatasigazgatas\/wp-json\/wp\/v2\/users\/12"}],"replies":[{"embeddable":true,"href":"https:\/\/semmelweis.hu\/oktatasigazgatas\/wp-json\/wp\/v2\/comments?post=122"}],"version-history":[{"count":12,"href":"https:\/\/semmelweis.hu\/oktatasigazgatas\/wp-json\/wp\/v2\/pages\/122\/revisions"}],"predecessor-version":[{"id":1044,"href":"https:\/\/semmelweis.hu\/oktatasigazgatas\/wp-json\/wp\/v2\/pages\/122\/revisions\/1044"}],"up":[{"embeddable":true,"href":"https:\/\/semmelweis.hu\/oktatasigazgatas\/wp-json\/wp\/v2\/pages\/83"}],"wp:attachment":[{"href":"https:\/\/semmelweis.hu\/oktatasigazgatas\/wp-json\/wp\/v2\/media?parent=122"}],"wp:term":[{"taxonomy":"category","embeddable":true,"href":"https:\/\/semmelweis.hu\/oktatasigazgatas\/wp-json\/wp\/v2\/categories?post=122"},{"taxonomy":"post_tag","embeddable":true,"href":"https:\/\/semmelweis.hu\/oktatasigazgatas\/wp-json\/wp\/v2\/tags?post=122"}],"curies":[{"name":"wp","href":"https:\/\/api.w.org\/{rel}","templated":true}]}}