{"id":120,"date":"2015-09-10T12:55:10","date_gmt":"2015-09-10T10:55:10","guid":{"rendered":"http:\/\/semmelweis.hu\/oktatasigazgatas\/?page_id=120"},"modified":"2025-11-13T12:47:14","modified_gmt":"2025-11-13T11:47:14","slug":"alapkepzesek","status":"publish","type":"page","link":"https:\/\/semmelweis.hu\/oktatasigazgatas\/felsofoku-vegzettsegi-szintet-biztosito-kepzesek\/alapkepzesek\/","title":{"rendered":"Alapk\u00e9pz\u00e9sek"},"content":{"rendered":"<div class=\"keretes w-100\">\n<h6>Az al\u00e1bbiakban az egyetem alapk\u00e9pz\u00e9seinek adatai olvashat\u00f3ak t\u00e1bl\u00e1zatba rendezve.<\/h6>\n<h5>Felv\u00e9teli inform\u00e1ci\u00f3k:<\/h5>\n<ul style=\"list-style-type: square\">\n<li><a href=\"https:\/\/semmelweis.hu\/felvetelizoknek\/\" target=\"_blank\" rel=\"noopener\">magyar nyelv\u0171 k\u00e9pz\u00e9sek \u2192<\/a><\/li>\n<li><a href=\"https:\/\/semmelweis.hu\/admission\/programs\/\" target=\"_blank\" rel=\"noopener\">angol nyelv\u0171 k\u00e9pz\u00e9sek \u2192<\/a><\/li>\n<li><a href=\"https:\/\/semmelweis.hu\/nki\/kihelyezett-kepzeseink\/\" target=\"_blank\" rel=\"noopener\">nemzetk\u00f6zi kihelyezett k\u00e9pz\u00e9sek \u2192<\/a><\/li>\n<\/ul>\n<\/div>\n<table class=\" aligncenter\" style=\"border-style: solid;width: 992px\" width=\"1058\">\n<thead>\n<tr>\n<td style=\"width: 166px\" width=\"170\">\n<p><strong>Kar<\/strong><\/p>\n<\/td>\n<td style=\"width: 132px\" width=\"178\">\n<p><strong>K\u00e9pz\u00e9s neve<\/strong><\/p>\n<\/td>\n<td style=\"width: 101px\" width=\"119\">\n<p><strong>Helye<\/strong><\/p>\n<\/td>\n<td style=\"width: 71px\" width=\"87\">\n<p><strong>Nyelve<\/strong><\/p>\n<\/td>\n<td style=\"width: 198px\" width=\"135\">\n<p><strong>Szakir\u00e1ny<\/strong><\/p>\n<\/td>\n<td style=\"width: 159px\" width=\"180\">\n<p><strong>Enged\u00e9ly sz\u00e1ma<\/strong><\/p>\n<\/td>\n<td style=\"width: 165px\" width=\"189\">\n<p><strong>K\u00e9pz\u00e9si ter\u00fclet<\/strong><\/p>\n<\/td>\n<\/tr>\n<\/thead>\n<tbody>\n<tr>\n<td style=\"width: 166px\" width=\"170\">\n<p>Fogorvostudom\u00e1nyi Kar<\/p>\n<\/td>\n<td style=\"width: 132px\" width=\"178\">\n<p>digit\u00e1lis fog\u00e1szati tervez\u00e9s (k\u00f6z\u00f6s k\u00e9pz\u00e9s Neumann J\u00e1nos Egyetem)<\/p>\n<\/td>\n<td style=\"width: 101px\" width=\"119\">\n<p>Budapest<\/p>\n<p>Kecskem\u00e9t<\/p>\n<\/td>\n<td style=\"width: 71px\" width=\"87\">\n<p>magyar<\/p>\n<p>angol<\/p>\n<\/td>\n<td style=\"width: 198px\" width=\"135\">\n<p>\u2013<\/p>\n<\/td>\n<td style=\"width: 159px\" width=\"180\">\n<p>FNYF\/495-19\/2021.<\/p>\n<\/td>\n<td style=\"width: 165px\" width=\"189\">\n<p>orvos- \u00e9s eg\u00e9szs\u00e9gtudom\u00e1ny<\/p>\n<\/td>\n<\/tr>\n<tr>\n<td style=\"width: 166px\" width=\"170\">\n<p>Eg\u00e9szs\u00e9gtudom\u00e1nyi Kar<\/p>\n<\/td>\n<td style=\"width: 132px\" width=\"178\">\n<p>\u00e1pol\u00e1s \u00e9s betegell\u00e1t\u00e1s<\/p>\n<\/td>\n<td style=\"width: 101px\" width=\"119\">\n<p>Budapest<\/p>\n<\/td>\n<td style=\"width: 71px\" width=\"87\">\n<p>magyar<\/p>\n<\/td>\n<td style=\"width: 198px\" width=\"135\">\n<p>\u00e1pol\u00f3<\/p>\n<\/td>\n<td style=\"width: 159px\" width=\"180\">\n<p>OH-FRKP\/1632\/2007.<\/p>\n<\/td>\n<td style=\"width: 165px\" width=\"189\">\n<p>orvos- \u00e9s<br \/>\neg\u00e9szs\u00e9gtudom\u00e1ny<\/p>\n<\/td>\n<\/tr>\n<tr>\n<td style=\"width: 166px\" width=\"170\">\n<p>Eg\u00e9szs\u00e9gtudom\u00e1nyi Kar<\/p>\n<\/td>\n<td style=\"width: 132px\" width=\"178\">\n<p>\u00e1pol\u00e1s \u00e9s betegell\u00e1t\u00e1s<\/p>\n<\/td>\n<td style=\"width: 101px\" width=\"119\">\n<p>Budapest<\/p>\n<\/td>\n<td style=\"width: 71px\" width=\"87\">\n<p>angol<\/p>\n<\/td>\n<td style=\"width: 198px\" width=\"135\">\n<p>\u00e1pol\u00f3<\/p>\n<\/td>\n<td style=\"width: 159px\" width=\"180\">\n<p>OH-FHF\/263-4\/2010.<\/p>\n<\/td>\n<td style=\"width: 165px\" width=\"189\">\n<p>orvos- \u00e9s<br \/>\neg\u00e9szs\u00e9gtudom\u00e1ny<\/p>\n<\/td>\n<\/tr>\n<tr>\n<td style=\"width: 166px\" width=\"170\">\n<p>Eg\u00e9szs\u00e9gtudom\u00e1nyi Kar<\/p>\n<\/td>\n<td style=\"width: 132px\" width=\"178\">\n<p>\u00e1pol\u00e1s \u00e9s betegell\u00e1t\u00e1s<\/p>\n<\/td>\n<td style=\"width: 101px\" width=\"119\">\n<p>Budapest<\/p>\n<\/td>\n<td style=\"width: 71px\" width=\"87\">\n<p>magyar<\/p>\n<\/td>\n<td style=\"width: 198px\" width=\"135\">\n<p>dietetikus<\/p>\n<\/td>\n<td style=\"width: 159px\" width=\"180\">\n<p>OH-FRKP\/1632\/2007.<\/p>\n<\/td>\n<td style=\"width: 165px\" width=\"189\">\n<p>orvos- \u00e9s<br \/>\neg\u00e9szs\u00e9gtudom\u00e1ny<\/p>\n<\/td>\n<\/tr>\n<tr>\n<td style=\"width: 166px\" width=\"170\">\n<p>Eg\u00e9szs\u00e9gtudom\u00e1nyi Kar<\/p>\n<\/td>\n<td style=\"width: 132px\" width=\"178\">\n<p>\u00e1pol\u00e1s \u00e9s betegell\u00e1t\u00e1s<\/p>\n<\/td>\n<td style=\"width: 101px\" width=\"119\">\n<p>Budapest<\/p>\n<\/td>\n<td style=\"width: 71px\" width=\"87\">\n<p>angol<\/p>\n<\/td>\n<td style=\"width: 198px\" width=\"135\">\n<p>dietetikus<\/p>\n<\/td>\n<td style=\"width: 159px\" width=\"180\">\n<p>OH-FHF\/263-4\/2010.<\/p>\n<\/td>\n<td style=\"width: 165px\" width=\"189\">\n<p>orvos- \u00e9s<br \/>\neg\u00e9szs\u00e9gtudom\u00e1ny<\/p>\n<\/td>\n<\/tr>\n<tr>\n<td style=\"width: 166px\" width=\"170\">\n<p>Eg\u00e9szs\u00e9gtudom\u00e1nyi Kar<\/p>\n<\/td>\n<td style=\"width: 132px\" width=\"178\">\n<p>\u00e1pol\u00e1s \u00e9s betegell\u00e1t\u00e1s<\/p>\n<\/td>\n<td style=\"width: 101px\" width=\"119\">\n<p>Budapest<\/p>\n<\/td>\n<td style=\"width: 71px\" width=\"87\">\n<p>magyar<\/p>\n<\/td>\n<td style=\"width: 198px\" width=\"135\">\n<p>gy\u00f3gytorn\u00e1sz<\/p>\n<\/td>\n<td style=\"width: 159px\" width=\"180\">\n<p>OH-FRKP\/1632-13\/2007.<\/p>\n<\/td>\n<td style=\"width: 165px\" width=\"189\">\n<p>orvos- \u00e9s<br \/>\neg\u00e9szs\u00e9gtudom\u00e1ny<\/p>\n<\/td>\n<\/tr>\n<tr>\n<td style=\"width: 166px\" width=\"170\">\n<p>Eg\u00e9szs\u00e9gtudom\u00e1nyi Kar<\/p>\n<\/td>\n<td style=\"width: 132px\" width=\"178\">\n<p>\u00e1pol\u00e1s \u00e9s betegell\u00e1t\u00e1s<\/p>\n<\/td>\n<td style=\"width: 101px\" width=\"119\">\n<p>Budapest<\/p>\n<\/td>\n<td style=\"width: 71px\" width=\"87\">\n<p>angol<\/p>\n<\/td>\n<td style=\"width: 198px\" width=\"135\">\n<p>gy\u00f3gytorn\u00e1sz<\/p>\n<\/td>\n<td style=\"width: 159px\" width=\"180\">\n<p>OH-FHF\/263-4\/2010.<\/p>\n<\/td>\n<td style=\"width: 165px\" width=\"189\">\n<p>orvos- \u00e9s<br \/>\neg\u00e9szs\u00e9gtudom\u00e1ny<\/p>\n<\/td>\n<\/tr>\n<tr>\n<td style=\"width: 166px\" width=\"170\">\n<p>Eg\u00e9szs\u00e9gtudom\u00e1nyi Kar<\/p>\n<\/td>\n<td style=\"width: 132px\" width=\"178\">\n<p>\u00e1pol\u00e1s \u00e9s betegell\u00e1t\u00e1s<\/p>\n<\/td>\n<td style=\"width: 101px\" width=\"119\">\n<p>Lugano, Sv\u00e1jc<\/p>\n<\/td>\n<td style=\"width: 71px\" width=\"87\">\n<p>angol<\/p>\n<\/td>\n<td style=\"width: 198px\" width=\"135\">\n<p>gy\u00f3gytorn\u00e1sz-fizioterapeuta<\/p>\n<\/td>\n<td style=\"width: 159px\" width=\"180\">\n<p>OH-FHF\/99-1\/2011.<\/p>\n<\/td>\n<td style=\"width: 165px\" width=\"189\">\n<p>orvos- \u00e9s<br \/>\neg\u00e9szs\u00e9gtudom\u00e1ny<\/p>\n<\/td>\n<\/tr>\n<tr>\n<td style=\"width: 166px\" width=\"170\">\n<p>Eg\u00e9szs\u00e9gtudom\u00e1nyi Kar<\/p>\n<\/td>\n<td style=\"width: 132px\" width=\"178\">\n<p>\u00e1pol\u00e1s \u00e9s betegell\u00e1t\u00e1s<\/p>\n<\/td>\n<td style=\"width: 101px\" width=\"119\">\n<p>Lugano, Sv\u00e1jc<\/p>\n<\/td>\n<td style=\"width: 71px\" width=\"87\">\n<p>olasz<\/p>\n<\/td>\n<td style=\"width: 198px\" width=\"135\">\n<p>gy\u00f3gytorn\u00e1sz-fizioterapeuta<\/p>\n<\/td>\n<td style=\"width: 159px\" width=\"180\">\n<p>FF\/1895-4\/2012.<\/p>\n<\/td>\n<td style=\"width: 165px\" width=\"189\">\n<p>orvos- \u00e9s<br \/>\neg\u00e9szs\u00e9gtudom\u00e1ny<\/p>\n<\/td>\n<\/tr>\n<tr>\n<td style=\"width: 166px\" width=\"170\">\n<p>Eg\u00e9szs\u00e9gtudom\u00e1nyi Kar<\/p>\n<\/td>\n<td style=\"width: 132px\" width=\"178\">\n<p>\u00e1pol\u00e1s \u00e9s betegell\u00e1t\u00e1s<\/p>\n<\/td>\n<td style=\"width: 101px\" width=\"119\">\n<p>Lugano, Sv\u00e1jc<\/p>\n<\/td>\n<td style=\"width: 71px\" width=\"87\">\n<p>francia<\/p>\n<\/td>\n<td style=\"width: 198px\" width=\"135\">\n<p>gy\u00f3gytorn\u00e1sz-fizioterapeuta<\/p>\n<\/td>\n<td style=\"width: 159px\" width=\"180\">\n<p>FNYF\/1447-2\/2018.<\/p>\n<\/td>\n<td style=\"width: 165px\" width=\"189\">\n<p>orvos- \u00e9s<br \/>\neg\u00e9szs\u00e9gtudom\u00e1ny<\/p>\n<\/td>\n<\/tr>\n<tr>\n<td style=\"width: 166px\" width=\"170\">\n<p>Eg\u00e9szs\u00e9gtudom\u00e1nyi Kar<\/p>\n<\/td>\n<td style=\"width: 132px\" width=\"178\">\n<p>\u00e1pol\u00e1s \u00e9s betegell\u00e1t\u00e1s<\/p>\n<\/td>\n<td style=\"width: 101px\" width=\"119\">\n<p>Budapest<\/p>\n<\/td>\n<td style=\"width: 71px\" width=\"87\">\n<p>magyar<\/p>\n<\/td>\n<td style=\"width: 198px\" width=\"135\">\n<p>ment\u0151tiszt<\/p>\n<\/td>\n<td style=\"width: 159px\" width=\"180\">\n<p>OH-FRKP\/1632\/2007.<\/p>\n<\/td>\n<td style=\"width: 165px\" width=\"189\">\n<p>orvos- \u00e9s<br \/>\neg\u00e9szs\u00e9gtudom\u00e1ny<\/p>\n<\/td>\n<\/tr>\n<tr>\n<td style=\"width: 166px\" width=\"170\">\n<p>Eg\u00e9szs\u00e9gtudom\u00e1nyi Kar<\/p>\n<\/td>\n<td style=\"width: 132px\" width=\"178\">\n<p>\u00e1pol\u00e1s \u00e9s betegell\u00e1t\u00e1s<\/p>\n<\/td>\n<td style=\"width: 101px\" width=\"119\">\n<p>Budapest<\/p>\n<\/td>\n<td style=\"width: 71px\" width=\"87\">\n<p>magyar<\/p>\n<\/td>\n<td style=\"width: 198px\" width=\"135\">\n<p>sz\u00fcl\u00e9szn\u0151<\/p>\n<\/td>\n<td style=\"width: 159px\" width=\"180\">\n<p>OH-FRKP\/1632\/2007.<\/p>\n<\/td>\n<td style=\"width: 165px\" width=\"189\">\n<p>orvos- \u00e9s<br \/>\neg\u00e9szs\u00e9gtudom\u00e1ny<\/p>\n<\/td>\n<\/tr>\n<tr>\n<td style=\"width: 166px\" width=\"170\">\n<p>Eg\u00e9szs\u00e9gtudom\u00e1nyi Kar<\/p>\n<\/td>\n<td style=\"width: 132px\" width=\"178\">\n<p>\u00e1pol\u00e1s \u00e9s betegell\u00e1t\u00e1s<\/p>\n<\/td>\n<td style=\"width: 101px\" width=\"119\">\n<p>Budapest<\/p>\n<\/td>\n<td style=\"width: 71px\" width=\"87\">\n<p>angol<\/p>\n<\/td>\n<td style=\"width: 198px\" width=\"135\">\n<p>sz\u00fcl\u00e9szn\u0151<\/p>\n<\/td>\n<td style=\"width: 159px\" width=\"180\">\n<p>OH-FHF\/263-4\/2010.<\/p>\n<\/td>\n<td style=\"width: 165px\" width=\"189\">\n<p>orvos- \u00e9s<br \/>\neg\u00e9szs\u00e9gtudom\u00e1ny<\/p>\n<\/td>\n<\/tr>\n<tr>\n<td style=\"width: 166px\" width=\"170\">\n<p>Eg\u00e9szs\u00e9gtudom\u00e1nyi Kar<\/p>\n<\/td>\n<td style=\"width: 132px\" width=\"178\">\n<p>\u00e1pol\u00e1s \u00e9s betegell\u00e1t\u00e1s<\/p>\n<\/td>\n<td style=\"width: 101px\" width=\"119\">\n<p>Budapest<\/p>\n<\/td>\n<td style=\"width: 71px\" width=\"87\">\n<p>magyar<\/p>\n<\/td>\n<td style=\"width: 198px\" width=\"135\">\n<p>hang-, besz\u00e9d- \u00e9s nyel\u00e9sterapeuta<\/p>\n<\/td>\n<td style=\"width: 159px\" width=\"180\">\n<p>FNYF\/208-21\/2018.<\/p>\n<\/td>\n<td style=\"width: 165px\" width=\"189\">\n<p>orvos- \u00e9s<br \/>\neg\u00e9szs\u00e9gtudom\u00e1ny<\/p>\n<\/td>\n<\/tr>\n<tr>\n<td style=\"width: 166px\" width=\"170\">\n<p>Eg\u00e9szs\u00e9gtudom\u00e1nyi Kar<\/p>\n<\/td>\n<td style=\"width: 132px\" width=\"178\">\n<p>eg\u00e9szs\u00e9g\u00fcgyi gondoz\u00e1s \u00e9s prevenci\u00f3<\/p>\n<\/td>\n<td style=\"width: 101px\" width=\"119\">\n<p>Budapest<\/p>\n<\/td>\n<td style=\"width: 71px\" width=\"87\">\n<p>magyar<\/p>\n<\/td>\n<td style=\"width: 198px\" width=\"135\">\n<p>n\u00e9peg\u00e9szs\u00e9g\u00fcgyi ellen\u0151r<\/p>\n<\/td>\n<td style=\"width: 159px\" width=\"180\">\n<p>OH-FHF\/256-4\/2010.<\/p>\n<\/td>\n<td style=\"width: 165px\" width=\"189\">\n<p>orvos- \u00e9s<br \/>\neg\u00e9szs\u00e9gtudom\u00e1ny<\/p>\n<\/td>\n<\/tr>\n<tr>\n<td style=\"width: 166px\" width=\"170\">\n<p>Eg\u00e9szs\u00e9gtudom\u00e1nyi Kar<\/p>\n<\/td>\n<td style=\"width: 132px\" width=\"178\">\n<p>eg\u00e9szs\u00e9g\u00fcgyi gondoz\u00e1s \u00e9s prevenci\u00f3<\/p>\n<\/td>\n<td style=\"width: 101px\" width=\"119\">\n<p>Budapest<\/p>\n<\/td>\n<td style=\"width: 71px\" width=\"87\">\n<p>angol<\/p>\n<\/td>\n<td style=\"width: 198px\" width=\"135\">\n<p>n\u00e9peg\u00e9szs\u00e9g\u00fcgyi ellen\u0151r<\/p>\n<\/td>\n<td style=\"width: 159px\" width=\"180\">\n<p>FNYF\/956-4\/2021.<\/p>\n<\/td>\n<td style=\"width: 165px\" width=\"189\">\n<p>orvos- \u00e9s<br \/>\neg\u00e9szs\u00e9gtudom\u00e1ny<\/p>\n<\/td>\n<\/tr>\n<tr>\n<td style=\"width: 166px\" width=\"170\">\n<p>Eg\u00e9szs\u00e9gtudom\u00e1nyi Kar<\/p>\n<\/td>\n<td style=\"width: 132px\" width=\"178\">\n<p>eg\u00e9szs\u00e9g\u00fcgyi gondoz\u00e1s \u00e9s prevenci\u00f3<\/p>\n<\/td>\n<td style=\"width: 101px\" width=\"119\">\n<p>Budapest<\/p>\n<\/td>\n<td style=\"width: 71px\" width=\"87\">\n<p>magyar<\/p>\n<\/td>\n<td style=\"width: 198px\" width=\"135\">\n<p>v\u00e9d\u0151n\u0151<\/p>\n<\/td>\n<td style=\"width: 159px\" width=\"180\">\n<p>OH-FHF\/256-4\/2010.<\/p>\n<\/td>\n<td style=\"width: 165px\" width=\"189\">\n<p>orvos- \u00e9s<br \/>\neg\u00e9szs\u00e9gtudom\u00e1ny<\/p>\n<\/td>\n<\/tr>\n<tr>\n<td style=\"width: 166px\" width=\"170\">\n<p>Eg\u00e9szs\u00e9gtudom\u00e1nyi Kar<\/p>\n<\/td>\n<td style=\"width: 132px\" width=\"178\">\n<p>eg\u00e9szs\u00e9g\u00fcgyi szervez\u0151<\/p>\n<\/td>\n<td style=\"width: 101px\" width=\"119\">\n<p>Budapest<\/p>\n<\/td>\n<td style=\"width: 71px\" width=\"87\">\n<p>angol<\/p>\n<\/td>\n<td style=\"width: 198px\" width=\"135\">\n<p>eg\u00e9szs\u00e9gturizmus-szervez\u0151<\/p>\n<\/td>\n<td style=\"width: 159px\" width=\"180\">\n<p>FNYF\/2459-4\/2016.<\/p>\n<\/td>\n<td style=\"width: 165px\" width=\"189\">\n<p>orvos- \u00e9s<br \/>\neg\u00e9szs\u00e9gtudom\u00e1ny<\/p>\n<\/td>\n<\/tr>\n<tr>\n<td style=\"width: 166px\" width=\"170\">\n<p>Eg\u00e9szs\u00e9gtudom\u00e1nyi Kar<\/p>\n<\/td>\n<td style=\"width: 132px\" width=\"178\">\n<p>orvosi diagnosztikai analitikus<\/p>\n<\/td>\n<td style=\"width: 101px\" width=\"119\">\n<p>Budapest<\/p>\n<\/td>\n<td style=\"width: 71px\" width=\"87\">\n<p>magyar<\/p>\n<\/td>\n<td style=\"width: 198px\" width=\"135\">\n<p>radiogr\u00e1fia, optometria<\/p>\n<\/td>\n<td style=\"width: 159px\" width=\"180\">\n<p>FNYF\/2457-5\/2016.,\u00a0OH-FHF\/258-4\/2010.<\/p>\n<p>&nbsp;<\/p>\n<\/td>\n<td style=\"width: 165px\" width=\"189\">\n<p>orvos- \u00e9s<br \/>\neg\u00e9szs\u00e9gtudom\u00e1ny<\/p>\n<\/td>\n<\/tr>\n<tr>\n<td style=\"width: 166px\" width=\"170\">\n<p>Eg\u00e9szs\u00e9gtudom\u00e1nyi Kar<\/p>\n<\/td>\n<td style=\"width: 132px\" width=\"178\">\n<p>orvosi diagnosztikai analitikus<\/p>\n<\/td>\n<td style=\"width: 101px\" width=\"119\">\n<p>Budapest<\/p>\n<\/td>\n<td style=\"width: 71px\" width=\"87\">\n<p>angol<\/p>\n<\/td>\n<td style=\"width: 198px\" width=\"135\">\n<p>optometria<\/p>\n<\/td>\n<td style=\"width: 159px\" width=\"180\">\n<p>FF\/627-4\/2014.<\/p>\n<\/td>\n<td style=\"width: 165px\" width=\"189\">\n<p>orvos- \u00e9s<br \/>\neg\u00e9szs\u00e9gtudom\u00e1ny<\/p>\n<\/td>\n<\/tr>\n<tr>\n<td style=\"width: 166px\" width=\"170\">\n<p>Eg\u00e9szs\u00e9g\u00fcgyi K\u00f6zszolg\u00e1lati Kar<\/p>\n<\/td>\n<td style=\"width: 132px\" width=\"178\">\n<p>eg\u00e9szs\u00e9g\u00fcgyi szervez\u0151<\/p>\n<\/td>\n<td style=\"width: 101px\" width=\"119\">\n<p>Budapest<\/p>\n<\/td>\n<td style=\"width: 71px\" width=\"87\">\n<p>magyar<\/p>\n<\/td>\n<td style=\"width: 198px\" width=\"135\">\n<p>digit\u00e1lis eg\u00e9szs\u00e9g\u00fcgyi szervez\u0151 specializ\u00e1ci\u00f3<\/p>\n<\/td>\n<td style=\"width: 159px\" width=\"180\">\n<p>OH-FRKP\/1632\/2007.<\/p>\n<\/td>\n<td style=\"width: 165px\" width=\"189\">\n<p>orvos- \u00e9s eg\u00e9szs\u00e9gtudom\u00e1ny<\/p>\n<\/td>\n<\/tr>\n<tr>\n<td style=\"width: 166px\" width=\"170\">\n<p>Pet\u0151 Andr\u00e1s Kar<\/p>\n<\/td>\n<td style=\"width: 132px\" width=\"178\">\n<p>konduktor<\/p>\n<\/td>\n<td style=\"width: 101px\" width=\"119\">\n<p>Budapest<\/p>\n<\/td>\n<td style=\"width: 71px\" width=\"87\">\n<p>magyar<\/p>\n<p>angol<\/p>\n<\/td>\n<td style=\"width: 198px\" width=\"135\">\n<p>\u00f3voda\/iskola\/pedag\u00f3giai rehabilit\u00e1ci\u00f3 specializ\u00e1ci\u00f3<\/p>\n<\/td>\n<td style=\"width: 159px\" width=\"180\">\n<p>2005\/7\/IX\/2\/74.<\/p>\n<p>FNYF\/2140-3\/2016<\/p>\n<\/td>\n<td style=\"width: 165px\" width=\"189\">\n<p>pedag\u00f3gusk\u00e9pz\u00e9s<\/p>\n<\/td>\n<\/tr>\n<tr>\n<td style=\"width: 166px\" width=\"170\">\n<p>Pet\u0151 Andr\u00e1s Kar<\/p>\n<\/td>\n<td style=\"width: 132px\" width=\"178\">\n<p>konduktor<\/p>\n<\/td>\n<td style=\"width: 101px\" width=\"119\">\n<p>Illyefalva<\/p>\n<\/td>\n<td style=\"width: 71px\" width=\"87\">\n<p>magyar<\/p>\n<\/td>\n<td style=\"width: 198px\" width=\"135\">\n<p>\u00f3voda\/pedag\u00f3giai rehabilit\u00e1ci\u00f3 specializ\u00e1ci\u00f3<\/p>\n<\/td>\n<td style=\"width: 159px\" width=\"180\">\n<p>FNYF\/533-9\/2018.<\/p>\n<\/td>\n<td style=\"width: 165px\" width=\"189\">\n<p>pedag\u00f3gusk\u00e9pz\u00e9s<\/p>\n<\/td>\n<\/tr>\n<tr>\n<td style=\"width: 166px\" width=\"170\">\n<p>Pet\u0151 Andr\u00e1s Kar<\/p>\n<\/td>\n<td style=\"width: 132px\" width=\"178\">\n<p>konduktor<\/p>\n<\/td>\n<td style=\"width: 101px\" width=\"119\">\n<p>Szabadka<\/p>\n<\/td>\n<td style=\"width: 71px\" width=\"87\">\n<p>magyar<\/p>\n<\/td>\n<td style=\"width: 198px\" width=\"135\">\n<p>\u00f3voda specializ\u00e1ci\u00f3<\/p>\n<\/td>\n<td style=\"width: 159px\" width=\"180\">\n<p>FNYF\/431-15\/2024.<\/p>\n<\/td>\n<td style=\"width: 165px\" width=\"189\">\n<p>pedag\u00f3gusk\u00e9pz\u00e9s<\/p>\n<\/td>\n<\/tr>\n<\/tbody>\n<\/table>\n","protected":false},"excerpt":{"rendered":"<p>Az al\u00e1bbiakban az egyetem alapk\u00e9pz\u00e9seinek adatai olvashat\u00f3ak t\u00e1bl\u00e1zatba rendezve. Felv\u00e9teli inform\u00e1ci\u00f3k: <a href=\"https:\/\/semmelweis.hu\/felvetelizoknek\/\" target=\"_blank\" rel=\"noopener\">magyar nyelv\u0171 k\u00e9pz\u00e9sek \u2192<\/a> <a href=\"https:\/\/semmelweis.hu\/admission\/programs\/\" target=\"_blank\" rel=\"noopener\">angol nyelv\u0171 k\u00e9pz\u00e9sek \u2192<\/a> <a href=\"https:\/\/semmelweis.hu\/nki\/kihelyezett-kepzeseink\/\" target=\"_blank\" rel=\"noopener\">nemzetk\u00f6zi kihelyezett k\u00e9pz\u00e9sek \u2192<\/a> Kar K\u00e9pz\u00e9s neve Helye Nyelve Szakir\u00e1ny Enged\u00e9ly sz\u00e1ma K\u00e9pz\u00e9si ter\u00fclet Fogorvostudom\u00e1nyi Kar digit\u00e1lis fog\u00e1szati tervez\u00e9s (k\u00f6z\u00f6s k\u00e9pz\u00e9s Neumann J\u00e1nos Egyetem) Budapest Kecskem\u00e9t magyar angol \u2013 FNYF\/495-19\/2021. orvos- \u00e9s eg\u00e9szs\u00e9gtudom\u00e1ny Eg\u00e9szs\u00e9gtudom\u00e1nyi Kar \u00e1pol\u00e1s \u00e9s betegell\u00e1t\u00e1s Budapest magyar \u00e1pol\u00f3 OH-FRKP\/1632\/2007. orvos- \u00e9s eg\u00e9szs\u00e9gtudom\u00e1ny Eg\u00e9szs\u00e9gtudom\u00e1nyi Kar \u00e1pol\u00e1s &hellip;<\/p>\n","protected":false},"author":12,"featured_media":0,"parent":83,"menu_order":1,"comment_status":"closed","ping_status":"closed","template":"template-fullwidth.php","meta":{"_acf_changed":false,"footnotes":""},"categories":[],"tags":[],"class_list":["post-120","page","type-page","status-publish","hentry"],"acf":[],"_links":{"self":[{"href":"https:\/\/semmelweis.hu\/oktatasigazgatas\/wp-json\/wp\/v2\/pages\/120","targetHints":{"allow":["GET"]}}],"collection":[{"href":"https:\/\/semmelweis.hu\/oktatasigazgatas\/wp-json\/wp\/v2\/pages"}],"about":[{"href":"https:\/\/semmelweis.hu\/oktatasigazgatas\/wp-json\/wp\/v2\/types\/page"}],"author":[{"embeddable":true,"href":"https:\/\/semmelweis.hu\/oktatasigazgatas\/wp-json\/wp\/v2\/users\/12"}],"replies":[{"embeddable":true,"href":"https:\/\/semmelweis.hu\/oktatasigazgatas\/wp-json\/wp\/v2\/comments?post=120"}],"version-history":[{"count":12,"href":"https:\/\/semmelweis.hu\/oktatasigazgatas\/wp-json\/wp\/v2\/pages\/120\/revisions"}],"predecessor-version":[{"id":978,"href":"https:\/\/semmelweis.hu\/oktatasigazgatas\/wp-json\/wp\/v2\/pages\/120\/revisions\/978"}],"up":[{"embeddable":true,"href":"https:\/\/semmelweis.hu\/oktatasigazgatas\/wp-json\/wp\/v2\/pages\/83"}],"wp:attachment":[{"href":"https:\/\/semmelweis.hu\/oktatasigazgatas\/wp-json\/wp\/v2\/media?parent=120"}],"wp:term":[{"taxonomy":"category","embeddable":true,"href":"https:\/\/semmelweis.hu\/oktatasigazgatas\/wp-json\/wp\/v2\/categories?post=120"},{"taxonomy":"post_tag","embeddable":true,"href":"https:\/\/semmelweis.hu\/oktatasigazgatas\/wp-json\/wp\/v2\/tags?post=120"}],"curies":[{"name":"wp","href":"https:\/\/api.w.org\/{rel}","templated":true}]}}