{"id":107,"date":"2015-09-10T12:53:24","date_gmt":"2015-09-10T10:53:24","guid":{"rendered":"http:\/\/semmelweis.hu\/oktatasigazgatas\/?page_id=107"},"modified":"2025-11-18T09:35:50","modified_gmt":"2025-11-18T08:35:50","slug":"statisztikak","status":"publish","type":"page","link":"https:\/\/semmelweis.hu\/oktatasigazgatas\/statisztikak\/","title":{"rendered":"Statisztik\u00e1k"},"content":{"rendered":"<h4><strong>A 2025-2026. TAN\u00c9V I. F\u00c9L\u00c9V \u2013 \u00d6SSZES HALLGAT\u00d3 L\u00c9TSZ\u00c1MADATA (OSAP STATISZTIKA ALAPJ\u00c1N):<\/strong><\/h4>\n<table style=\"width: 92.4145%\" width=\"911\">\n<tbody>\n<tr>\n<td style=\"width: 32.0569%\" width=\"271\">Kar neve<\/td>\n<td style=\"width: 10.9409%\" width=\"134\">\u00c1llami \u00f6szt\u00f6nd\u00edjas r\u00e9sztvev\u0151k sz\u00e1ma<\/td>\n<td style=\"width: 14.2232%\" width=\"137\">K\u00fclf\u00f6ldi hallgat\u00f3k sz\u00e1ma<\/td>\n<td style=\"width: 14.3326%\" width=\"137\">Hallgat\u00f3k sz\u00e1ma<\/td>\n<td style=\"width: 14.442%\" width=\"137\">\u00c1llami \u00f6szt\u00f6nd\u00edjas r\u00e9sztvev\u0151k ar\u00e1nya<\/td>\n<td style=\"width: 13.6761%\" width=\"129\">K\u00fclf\u00f6ldiek ar\u00e1nya<\/td>\n<\/tr>\n<tr>\n<td style=\"width: 32.0569%\" width=\"271\">\u00c1ltal\u00e1nos Orvostudom\u00e1nyi Kar<\/td>\n<td style=\"width: 10.9409%\">2500<\/td>\n<td style=\"width: 14.2232%\">3443<\/td>\n<td style=\"width: 14.3326%\">6123<\/td>\n<td style=\"width: 14.442%\" width=\"137\">40,83<\/td>\n<td style=\"width: 13.6761%\" width=\"129\">56,23<\/td>\n<\/tr>\n<tr>\n<td style=\"width: 32.0569%\" width=\"271\">Doktori Iskola<\/td>\n<td style=\"width: 10.9409%\">990<\/td>\n<td style=\"width: 14.2232%\">220<\/td>\n<td style=\"width: 14.3326%\">1244<\/td>\n<td style=\"width: 14.442%\" width=\"137\">79,58<\/td>\n<td style=\"width: 13.6761%\" width=\"129\">17,68<\/td>\n<\/tr>\n<tr>\n<td style=\"width: 32.0569%\" width=\"271\">Eg\u00e9szs\u00e9g\u00fcgyi K\u00f6zszolg\u00e1lati Kar<\/td>\n<td style=\"width: 10.9409%\">318<\/td>\n<td style=\"width: 14.2232%\">24<\/td>\n<td style=\"width: 14.3326%\">864<\/td>\n<td style=\"width: 14.442%\" width=\"137\">36,81<\/td>\n<td style=\"width: 13.6761%\" width=\"129\">2,78<\/td>\n<\/tr>\n<tr>\n<td style=\"width: 32.0569%\" width=\"271\">Eg\u00e9szs\u00e9gtudom\u00e1nyi Kar<\/td>\n<td style=\"width: 10.9409%\">3156<\/td>\n<td style=\"width: 14.2232%\">1249<\/td>\n<td style=\"width: 14.3326%\">5134<\/td>\n<td style=\"width: 14.442%\" width=\"137\">61,47<\/td>\n<td style=\"width: 13.6761%\" width=\"129\">24,33<\/td>\n<\/tr>\n<tr>\n<td style=\"width: 32.0569%\" width=\"271\">Fogorvostudom\u00e1nyi Kar<\/td>\n<td style=\"width: 10.9409%\">626<\/td>\n<td style=\"width: 14.2232%\">810<\/td>\n<td style=\"width: 14.3326%\">1470<\/td>\n<td style=\"width: 14.442%\" width=\"137\">42,59<\/td>\n<td style=\"width: 13.6761%\" width=\"129\">55,10<\/td>\n<\/tr>\n<tr>\n<td style=\"width: 32.0569%\" width=\"271\">Gy\u00f3gyszer\u00e9sztudom\u00e1nyi Kar<\/td>\n<td style=\"width: 10.9409%\">679<\/td>\n<td style=\"width: 14.2232%\">314<\/td>\n<td style=\"width: 14.3326%\">1073<\/td>\n<td style=\"width: 14.442%\" width=\"137\">63,28<\/td>\n<td style=\"width: 13.6761%\" width=\"129\">29,26<\/td>\n<\/tr>\n<tr>\n<td style=\"width: 32.0569%\" width=\"271\">Pet\u0151 Andr\u00e1s Kar<\/td>\n<td style=\"width: 10.9409%\">374<\/td>\n<td style=\"width: 14.2232%\">47<\/td>\n<td style=\"width: 14.3326%\">495<\/td>\n<td style=\"width: 14.442%\" width=\"137\">75,56<\/td>\n<td style=\"width: 13.6761%\" width=\"129\">9,49<\/td>\n<\/tr>\n<tr>\n<td style=\"width: 32.0569%\" width=\"271\">Szaknyelvi Int\u00e9zet<\/td>\n<td style=\"width: 10.9409%\" width=\"134\">0<\/td>\n<td style=\"width: 14.2232%\">0<\/td>\n<td style=\"width: 14.3326%\">42<\/td>\n<td style=\"width: 14.442%\" width=\"137\">0,00<\/td>\n<td style=\"width: 13.6761%\" width=\"129\">0,00<\/td>\n<\/tr>\n<tr>\n<td style=\"width: 32.0569%\" width=\"271\">\u00d6sszesen<\/td>\n<td style=\"width: 10.9409%\" width=\"134\">8643<\/td>\n<td style=\"width: 14.2232%\" width=\"137\">6107<\/td>\n<td style=\"width: 14.3326%\">16445<\/td>\n<td style=\"width: 14.442%\" width=\"137\">52,56<\/td>\n<td style=\"width: 13.6761%\" width=\"129\">37,14<\/td>\n<\/tr>\n<\/tbody>\n<\/table>\n<h4>\u00a0<\/h4>\n<h4><strong>A 2025-2026. TAN\u00c9V I. F\u00c9L\u00c9V &#8211; AKT\u00cdV L\u00c9TSZ\u00c1MADATAI (OSAP STATISZTIKA ALAPJ\u00c1N):<\/strong><\/h4>\n<table style=\"width: 92.4145%\" width=\"911\">\n<tbody>\n<tr>\n<td style=\"width: 32.0526%\" width=\"271\">Kar neve<\/td>\n<td style=\"width: 10.9452%\" width=\"134\">\u00c1llami \u00f6szt\u00f6nd\u00edjas r\u00e9sztvev\u0151k sz\u00e1ma<\/td>\n<td style=\"width: 14.2232%\" width=\"137\">K\u00fclf\u00f6ldi hallgat\u00f3k sz\u00e1ma<\/td>\n<td style=\"width: 14.3326%\" width=\"137\">Hallgat\u00f3k sz\u00e1ma<\/td>\n<td style=\"width: 14.442%\" width=\"137\">\u00c1llami \u00f6szt\u00f6nd\u00edjas r\u00e9sztvev\u0151k ar\u00e1nya<\/td>\n<td style=\"width: 13.6761%\" width=\"129\">K\u00fclf\u00f6ldiek ar\u00e1nya<\/td>\n<\/tr>\n<tr>\n<td style=\"width: 32.0526%\" width=\"271\">\u00c1ltal\u00e1nos Orvostudom\u00e1nyi Kar<\/td>\n<td style=\"width: 10.9452%\">2438<\/td>\n<td style=\"width: 14.2232%\">3257<\/td>\n<td style=\"width: 14.3326%\">5853<\/td>\n<td style=\"width: 14.442%\">41,65<\/td>\n<td style=\"width: 13.6761%\">55,65<\/td>\n<\/tr>\n<tr>\n<td style=\"width: 32.0526%\">Doktori Iskola<\/td>\n<td style=\"width: 10.9452%\">924<\/td>\n<td style=\"width: 14.2232%\">216<\/td>\n<td style=\"width: 14.3326%\">1166<\/td>\n<td style=\"width: 14.442%\">79,25<\/td>\n<td style=\"width: 13.6761%\">18,52<\/td>\n<\/tr>\n<tr>\n<td style=\"width: 32.0526%\">Eg\u00e9szs\u00e9g\u00fcgyi K\u00f6zszolg\u00e1lati Kar<\/td>\n<td style=\"width: 10.9452%\">300<\/td>\n<td style=\"width: 14.2232%\">23<\/td>\n<td style=\"width: 14.3326%\">819<\/td>\n<td style=\"width: 14.442%\">36,63<\/td>\n<td style=\"width: 13.6761%\">2,81<\/td>\n<\/tr>\n<tr>\n<td style=\"width: 32.0526%\">Eg\u00e9szs\u00e9gtudom\u00e1nyi Kar<\/td>\n<td style=\"width: 10.9452%\">2989<\/td>\n<td style=\"width: 14.2232%\">1182<\/td>\n<td style=\"width: 14.3326%\">4743<\/td>\n<td style=\"width: 14.442%\">63,02<\/td>\n<td style=\"width: 13.6761%\">24,92<\/td>\n<\/tr>\n<tr>\n<td style=\"width: 32.0526%\" width=\"271\">Fogorvostudom\u00e1nyi Kar<\/td>\n<td style=\"width: 10.9452%\">617<\/td>\n<td style=\"width: 14.2232%\">749<\/td>\n<td style=\"width: 14.3326%\">1391<\/td>\n<td style=\"width: 14.442%\">44,36<\/td>\n<td style=\"width: 13.6761%\">53,85<\/td>\n<\/tr>\n<tr>\n<td style=\"width: 32.0526%\" width=\"271\">Gy\u00f3gyszer\u00e9sztudom\u00e1nyi Kar<\/td>\n<td style=\"width: 10.9452%\">656<\/td>\n<td style=\"width: 14.2232%\">304<\/td>\n<td style=\"width: 14.3326%\">1030<\/td>\n<td style=\"width: 14.442%\">63,69<\/td>\n<td style=\"width: 13.6761%\">29,51<\/td>\n<\/tr>\n<tr>\n<td style=\"width: 32.0526%\">Pet\u0151 Andr\u00e1s Kar<\/td>\n<td style=\"width: 10.9452%\">362<\/td>\n<td style=\"width: 14.2232%\">43<\/td>\n<td style=\"width: 14.3326%\">472<\/td>\n<td style=\"width: 14.442%\">76,69<\/td>\n<td style=\"width: 13.6761%\">9,11<\/td>\n<\/tr>\n<tr>\n<td style=\"width: 32.0526%\">Szaknyelvi Int\u00e9zet<\/td>\n<td style=\"width: 10.9452%\">0<\/td>\n<td style=\"width: 14.2232%\">0<\/td>\n<td style=\"width: 14.3326%\">40<\/td>\n<td style=\"width: 14.442%\">0,00<\/td>\n<td style=\"width: 13.6761%\">0,00<\/td>\n<\/tr>\n<tr>\n<td style=\"width: 32.0526%\">\u00d6sszesen:<\/td>\n<td style=\"width: 10.9452%\">8286<\/td>\n<td style=\"width: 14.2232%\">5774<\/td>\n<td style=\"width: 14.3326%\">15514<\/td>\n<td style=\"width: 14.442%\">53,41<\/td>\n<td style=\"width: 13.6761%\">37,22<\/td>\n<\/tr>\n<\/tbody>\n<\/table>\n<h4>\u00a0<\/h4>\n<h4><strong>AZ AKT\u00cdV hallgat\u00f3k sz\u00e1ma \u00e9s megoszl\u00e1sa a k\u00e9pz\u00e9si form\u00e1t\u00f3l f\u00fcgg\u0151en:<\/strong><\/h4>\n<table style=\"width: 81.0834%;height: 482px\" width=\"670\">\n<tbody>\n<tr>\n<td style=\"width: 38.5826%\" width=\"271\">Kar neve<\/td>\n<td style=\"width: 25.2438%\" width=\"134\">Nappali k\u00e9pz\u00e9sben r\u00e9sztvev\u0151k sz\u00e1ma<\/td>\n<td style=\"width: 23.2323%\" width=\"137\">Levelez\u0151 k\u00e9pz\u00e9sben r\u00e9sztvev\u0151k sz\u00e1ma<\/td>\n<\/tr>\n<tr>\n<td style=\"width: 38.5826%\" width=\"271\">\u00c1ltal\u00e1nos Orvostudom\u00e1nyi Kar<\/td>\n<td style=\"width: 25.2438%\">5787<\/td>\n<td style=\"width: 23.2323%\">66<\/td>\n<\/tr>\n<tr>\n<td style=\"width: 38.5826%\">Doktori Iskola<\/td>\n<td style=\"width: 25.2438%\">1083<\/td>\n<td style=\"width: 23.2323%\">83<\/td>\n<\/tr>\n<tr>\n<td style=\"width: 38.5826%\">Eg\u00e9szs\u00e9g\u00fcgyi K\u00f6zszolg\u00e1lati Kar<\/td>\n<td style=\"width: 25.2438%\">90<\/td>\n<td style=\"width: 23.2323%\">729<\/td>\n<\/tr>\n<tr>\n<td style=\"width: 38.5826%\">Eg\u00e9szs\u00e9gtudom\u00e1nyi Kar<\/td>\n<td style=\"width: 25.2438%\">3361<\/td>\n<td style=\"width: 23.2323%\">1382<\/td>\n<\/tr>\n<tr>\n<td style=\"width: 38.5826%\" width=\"271\">Fogorvostudom\u00e1nyi Kar<\/td>\n<td style=\"width: 25.2438%\">1333<\/td>\n<td style=\"width: 23.2323%\">58<\/td>\n<\/tr>\n<tr>\n<td style=\"width: 38.5826%\" width=\"271\">Gy\u00f3gyszer\u00e9sztudom\u00e1nyi Kar<\/td>\n<td style=\"width: 25.2438%\">1002<\/td>\n<td style=\"width: 23.2323%\">28<\/td>\n<\/tr>\n<tr>\n<td style=\"width: 38.5826%\">Pet\u0151 Andr\u00e1s Kar<\/td>\n<td style=\"width: 25.2438%\">374<\/td>\n<td style=\"width: 23.2323%\">98<\/td>\n<\/tr>\n<tr>\n<td style=\"width: 38.5826%\">Szaknyelvi Int\u00e9zet<\/td>\n<td style=\"width: 25.2438%\">0<\/td>\n<td style=\"width: 23.2323%\">40<\/td>\n<\/tr>\n<tr>\n<td style=\"width: 38.5826%\">\u00d6sszesen:<\/td>\n<td style=\"width: 25.2438%\">13030<\/td>\n<td style=\"width: 23.2323%\">2484<\/td>\n<\/tr>\n<tr>\n<td style=\"width: 38.5826%\">Teljes hallgat\u00f3i l\u00e9tsz\u00e1m:<\/td>\n<td style=\"width: 25.2438%\">\u00a0<\/td>\n<td style=\"width: 23.2323%\">15514<\/td>\n<\/tr>\n<\/tbody>\n<\/table>\n<h4><strong>Oktat\u00f3k \u00e9s kutat\u00f3k sz\u00e1ma:<\/strong><\/h4>\n<table style=\"width: 806px\" width=\"807\">\n<tbody>\n<tr>\n<td style=\"width: 249px\" width=\"257\">Oktat\u00f3k \u00e9s kutat\u00f3k sz\u00e1ma<\/td>\n<td style=\"width: 140px\" width=\"142\">Teljes munkaid\u0151s<\/td>\n<td style=\"width: 147px\" width=\"148\">R\u00e9szmunkaid\u0151s<\/td>\n<td style=\"width: 136px\" width=\"123\">Megb\u00edz\u00e1ssal foglalkoztatott<\/td>\n<td style=\"width: 134px\" width=\"137\">\u00d6sszesen<\/td>\n<\/tr>\n<tr>\n<td style=\"width: 249px\">Oktat\u00f3<\/td>\n<td style=\"width: 140px\" width=\"134\">1124<\/td>\n<td style=\"width: 147px\" width=\"137\">392<\/td>\n<td style=\"width: 136px\" width=\"137\">403<\/td>\n<td style=\"width: 134px\" width=\"137\">1919<\/td>\n<\/tr>\n<tr>\n<td style=\"width: 249px\">Tan\u00e1r<\/td>\n<td style=\"width: 140px\">43<\/td>\n<td style=\"width: 147px\">11<\/td>\n<td style=\"width: 136px\">0<\/td>\n<td style=\"width: 134px\">54<\/td>\n<\/tr>\n<tr>\n<td style=\"width: 249px\">Kutat\u00f3k<\/td>\n<td style=\"width: 140px\">107<\/td>\n<td style=\"width: 147px\">80<\/td>\n<td style=\"width: 136px\">75<\/td>\n<td style=\"width: 134px\">262<\/td>\n<\/tr>\n<tr>\n<td style=\"width: 249px\">\u00d6sszesen:<\/td>\n<td style=\"width: 140px\">1274<\/td>\n<td style=\"width: 147px\">483<\/td>\n<td style=\"width: 136px\">478<\/td>\n<td style=\"width: 134px\">2235<\/td>\n<\/tr>\n<\/tbody>\n<\/table>\n","protected":false},"excerpt":{"rendered":"<p>A 2025-2026. TAN\u00c9V I. F\u00c9L\u00c9V \u2013 \u00d6SSZES HALLGAT\u00d3 L\u00c9TSZ\u00c1MADATA (OSAP STATISZTIKA ALAPJ\u00c1N): Kar neve \u00c1llami \u00f6szt\u00f6nd\u00edjas r\u00e9sztvev\u0151k sz\u00e1ma K\u00fclf\u00f6ldi hallgat\u00f3k sz\u00e1ma Hallgat\u00f3k sz\u00e1ma \u00c1llami \u00f6szt\u00f6nd\u00edjas r\u00e9sztvev\u0151k ar\u00e1nya K\u00fclf\u00f6ldiek ar\u00e1nya \u00c1ltal\u00e1nos Orvostudom\u00e1nyi Kar 2500 3443 6123 40,83 56,23 Doktori Iskola 990 220 1244 79,58 17,68 Eg\u00e9szs\u00e9g\u00fcgyi K\u00f6zszolg\u00e1lati Kar 318 24 864 36,81 2,78 Eg\u00e9szs\u00e9gtudom\u00e1nyi Kar 3156 &hellip;<\/p>\n","protected":false},"author":12,"featured_media":0,"parent":0,"menu_order":8,"comment_status":"closed","ping_status":"closed","template":"template-fullwidth.php","meta":{"_acf_changed":false,"footnotes":""},"categories":[],"tags":[],"class_list":["post-107","page","type-page","status-publish","hentry"],"acf":[],"_links":{"self":[{"href":"https:\/\/semmelweis.hu\/oktatasigazgatas\/wp-json\/wp\/v2\/pages\/107","targetHints":{"allow":["GET"]}}],"collection":[{"href":"https:\/\/semmelweis.hu\/oktatasigazgatas\/wp-json\/wp\/v2\/pages"}],"about":[{"href":"https:\/\/semmelweis.hu\/oktatasigazgatas\/wp-json\/wp\/v2\/types\/page"}],"author":[{"embeddable":true,"href":"https:\/\/semmelweis.hu\/oktatasigazgatas\/wp-json\/wp\/v2\/users\/12"}],"replies":[{"embeddable":true,"href":"https:\/\/semmelweis.hu\/oktatasigazgatas\/wp-json\/wp\/v2\/comments?post=107"}],"version-history":[{"count":13,"href":"https:\/\/semmelweis.hu\/oktatasigazgatas\/wp-json\/wp\/v2\/pages\/107\/revisions"}],"predecessor-version":[{"id":909,"href":"https:\/\/semmelweis.hu\/oktatasigazgatas\/wp-json\/wp\/v2\/pages\/107\/revisions\/909"}],"wp:attachment":[{"href":"https:\/\/semmelweis.hu\/oktatasigazgatas\/wp-json\/wp\/v2\/media?parent=107"}],"wp:term":[{"taxonomy":"category","embeddable":true,"href":"https:\/\/semmelweis.hu\/oktatasigazgatas\/wp-json\/wp\/v2\/categories?post=107"},{"taxonomy":"post_tag","embeddable":true,"href":"https:\/\/semmelweis.hu\/oktatasigazgatas\/wp-json\/wp\/v2\/tags?post=107"}],"curies":[{"name":"wp","href":"https:\/\/api.w.org\/{rel}","templated":true}]}}