{"id":17419,"date":"2018-09-26T10:50:19","date_gmt":"2018-09-26T08:50:19","guid":{"rendered":"http:\/\/semmelweis.hu\/oktatasi-centrum\/?page_id=17419"},"modified":"2024-09-03T09:35:10","modified_gmt":"2024-09-03T07:35:10","slug":"utmutato-oktatashoz-es-rendezvenyhez","status":"publish","type":"page","link":"https:\/\/semmelweis.hu\/oktatasi-centrum\/utmutato-oktatashoz-es-rendezvenyhez\/","title":{"rendered":"Oktat\u00e1s \u00e9s Rendezv\u00e9ny"},"content":{"rendered":"<p>\u00c9p\u00fclet\u00fcnkben sz\u00e1mos lehet\u0151s\u00e9g \u00e1ll rendelkez\u00e9sre \u00f3rarendi oktat\u00e1ssal, tov\u00e1bbk\u00e9pz\u00e9ssel \u00e9s rendezv\u00e9nyekkel kapcsolatos programok megszervez\u00e9s\u00e9re. Helysz\u00edneink:<\/p>\n<ul style=\"list-style-type: square\">\n<li>\u00c1rk\u00f6vy J\u00f3zsef el\u0151ad\u00f3terem<\/li>\n<li>Aula<\/li>\n<li>039-es szemin\u00e1riumi terem<\/li>\n<li>Fej\u00e9rdy P\u00e1l szemin\u00e1riumi terem<\/li>\n<li>Balogh J\u00f3zsef szemin\u00e1riumi terem<\/li>\n<li>Varga Istv\u00e1n szemin\u00e1riumi terem<\/li>\n<\/ul>\n<p>Fogorvosi szakir\u00e1ny\u00fa programok megszervez\u00e9s\u00e9re sz\u00e1mos oktat\u00f3kezel\u0151nk \u00e1ll rendelkez\u00e9sere.<\/p>\n<p>Termeinkr\u0151l, felszerelts\u00e9g\u00fckr\u0151l \u00a0<strong><a href=\"https:\/\/semmelweis.hu\/oktatasi-centrum\/utmutato-oktatashoz-es-rendezvenyhez\/termek-eszkozpark\/\">&gt;&gt;&gt;ITT&lt;&lt;&lt;<\/a> <\/strong>\u00a0olvashat b\u0151vebben. \u00a0<\/p>\n<h4>Oktat\u00e1ssal, \u00f3rarendi \u00f3r\u00e1k:<\/h4>\n<p><strong>Dr. N\u00e9meth Orsolya<\/strong><br \/>\noktat\u00e1si d\u00e9k\u00e1nhelyettes, egyetemi docens, igazgat\u00f3. <br \/>\n<strong>Telefon:<\/strong> 06-1\/459-1500 \/ 55269<br \/>\nnemeth.orsolya@semmelweis.hu \u00a0<\/p>\n<h4>Rendezv\u00e9nyek<\/h4>\n<p>Telefon: 06-1\/459-1500 \/ 59220\u00a0<\/p>\n","protected":false},"excerpt":{"rendered":"<p>\u00c9p\u00fclet\u00fcnkben sz\u00e1mos lehet\u0151s\u00e9g \u00e1ll rendelkez\u00e9sre \u00f3rarendi oktat\u00e1ssal, tov\u00e1bbk\u00e9pz\u00e9ssel \u00e9s rendezv\u00e9nyekkel kapcsolatos programok megszervez\u00e9s\u00e9re. Helysz\u00edneink: \u00c1rk\u00f6vy J\u00f3zsef el\u0151ad\u00f3terem Aula 039-es szemin\u00e1riumi terem Fej\u00e9rdy P\u00e1l szemin\u00e1riumi terem Balogh J\u00f3zsef szemin\u00e1riumi terem Varga Istv\u00e1n szemin\u00e1riumi terem Fogorvosi szakir\u00e1ny\u00fa programok megszervez\u00e9s\u00e9re sz\u00e1mos oktat\u00f3kezel\u0151nk \u00e1ll rendelkez\u00e9sere. Termeinkr\u0151l, felszerelts\u00e9g\u00fckr\u0151l \u00a0 <a href=\"https:\/\/semmelweis.hu\/oktatasi-centrum\/utmutato-oktatashoz-es-rendezvenyhez\/termek-eszkozpark\/\">&gt;&gt;&gt;ITT&lt;&lt;&lt;<\/a> \u00a0olvashat b\u0151vebben. \u00a0 Oktat\u00e1ssal, \u00f3rarendi \u00f3r\u00e1k: Dr. N\u00e9meth Orsolya oktat\u00e1si d\u00e9k\u00e1nhelyettes, &hellip;<\/p>\n","protected":false},"author":303,"featured_media":0,"parent":0,"menu_order":2,"comment_status":"closed","ping_status":"closed","template":"","meta":{"_acf_changed":false,"footnotes":""},"categories":[],"tags":[],"class_list":["post-17419","page","type-page","status-publish","hentry"],"acf":[],"_links":{"self":[{"href":"https:\/\/semmelweis.hu\/oktatasi-centrum\/wp-json\/wp\/v2\/pages\/17419","targetHints":{"allow":["GET"]}}],"collection":[{"href":"https:\/\/semmelweis.hu\/oktatasi-centrum\/wp-json\/wp\/v2\/pages"}],"about":[{"href":"https:\/\/semmelweis.hu\/oktatasi-centrum\/wp-json\/wp\/v2\/types\/page"}],"author":[{"embeddable":true,"href":"https:\/\/semmelweis.hu\/oktatasi-centrum\/wp-json\/wp\/v2\/users\/303"}],"replies":[{"embeddable":true,"href":"https:\/\/semmelweis.hu\/oktatasi-centrum\/wp-json\/wp\/v2\/comments?post=17419"}],"version-history":[{"count":10,"href":"https:\/\/semmelweis.hu\/oktatasi-centrum\/wp-json\/wp\/v2\/pages\/17419\/revisions"}],"predecessor-version":[{"id":17879,"href":"https:\/\/semmelweis.hu\/oktatasi-centrum\/wp-json\/wp\/v2\/pages\/17419\/revisions\/17879"}],"wp:attachment":[{"href":"https:\/\/semmelweis.hu\/oktatasi-centrum\/wp-json\/wp\/v2\/media?parent=17419"}],"wp:term":[{"taxonomy":"category","embeddable":true,"href":"https:\/\/semmelweis.hu\/oktatasi-centrum\/wp-json\/wp\/v2\/categories?post=17419"},{"taxonomy":"post_tag","embeddable":true,"href":"https:\/\/semmelweis.hu\/oktatasi-centrum\/wp-json\/wp\/v2\/tags?post=17419"}],"curies":[{"name":"wp","href":"https:\/\/api.w.org\/{rel}","templated":true}]}}