{"id":17298,"date":"2018-09-05T14:14:35","date_gmt":"2018-09-05T12:14:35","guid":{"rendered":"http:\/\/semmelweis.hu\/oktatasi-centrum\/?page_id=17298"},"modified":"2025-01-13T11:46:28","modified_gmt":"2025-01-13T10:46:28","slug":"szervezeti-egysegek","status":"publish","type":"page","link":"https:\/\/semmelweis.hu\/oktatasi-centrum\/szervezeti-egysegek\/","title":{"rendered":"Klinik\u00e1ink, tansz\u00e9keink"},"content":{"rendered":"<h2>Klinik\u00e1k, tansz\u00e9kek a Fogorvostudom\u00e1nyi Oktat\u00e1si Centrum Igazgat\u00e1si \u00e9s Betegell\u00e1t\u00f3 Egys\u00e9g:<\/h2>\n<h3><a href=\"https:\/\/semmelweis.hu\/fogpotlastan\/\" rel=\"home\">Fogp\u00f3tl\u00e1stani Klinika<\/a><\/h3>\n<p><span style=\"font-size: 14pt\"><b>Igazgat\u00f3:<\/b>\u00a0Dr. Hermann P\u00e9ter, egyetemi tan\u00e1r<\/span> <br \/>\n<span style=\"font-size: 14pt\"><b>C\u00edm:<\/b>\u00a01088 Budapest, Szentkir\u00e1lyi u. 47. VI. emelet<\/span>\u00a0<br \/>\n<span style=\"font-size: 14pt\"><b>Telefon:<\/b>\u00a006-1\/338-4380<\/span><\/p>\n<h3 id=\"site-title\"><a href=\"https:\/\/semmelweis.hu\/gyermekfogaszat\/\" rel=\"home\">Gyermekfog\u00e1szati \u00e9s Fogszab\u00e1lyoz\u00e1si Klinika<\/a><\/h3>\n<p><span style=\"font-size: 14pt\"><b>Igazgat\u00f3:<\/b>\u00a0Dr. R\u00f3zsa No\u00e9mi Katinka<\/span> <br \/>\n<span style=\"font-size: 14pt\"><strong>C\u00edm:<\/strong> 1088 Budapest, Szentkir\u00e1lyi utca 47. V. emelet\u00a0<\/span> <br \/>\n<span style=\"font-size: 14pt\"><b>Tel:<\/b>\u00a006-1\/318-0011<\/span> <br \/>\n<span style=\"font-size: 14pt\"><strong>Fax:<\/strong> 06-1\/266-826<\/span>9<\/p>\n<h3 id=\"site-title\"><a href=\"https:\/\/semmelweis.hu\/konzervalo-fogaszat\/\" rel=\"home\">Helyre\u00e1ll\u00edt\u00f3 Fog\u00e1szati \u00e9s Endodonciai Klinika<\/a><\/h3>\n<p><span style=\"font-size: 14pt\"><b>Igazgat\u00f3:<\/b> Dr. V\u00e1g J\u00e1nos,\u00a0<\/span><span style=\"font-size: 14pt\">egyetemi tan\u00e1r, Ph.D.<\/span> <br \/>\n<span style=\"font-size: 14pt\"><b>C\u00edm:<\/b> 1088 Budapest, VIII. Szentkir\u00e1lyi u. 47. VII. em.<\/span><br \/>\n<span style=\"font-size: 14pt\"><b>Telefon:<\/b>\u00a006-1\/459-1500<\/span><\/p>\n<h3 id=\"site-title\"><a href=\"https:\/\/semmelweis.hu\/oralis-diagnosztika\/\" rel=\"home\">Or\u00e1lis Diagnosztikai Tansz\u00e9k<\/a><\/h3>\n<p><span style=\"font-size: 14pt\"><strong>Igazgat\u00f3: <\/strong>Dr. Dob\u00f3 Nagy Csaba, egyetemi tan\u00e1r<\/span> <br \/>\n<span style=\"font-size: 14pt\"><strong>C\u00edm:<\/strong> 1088 Budapest, Szentkir\u00e1lyi u. 47. III. em.<\/span><br \/>\n<span style=\"font-size: 14pt\"><strong>Telefon:<\/strong> 06-1\/459-1500\/59161, 59164, 06-1\/317-1044<\/span> <br \/>\n<span style=\"font-size: 14pt\"><strong>Fax:<\/strong> 06-1\/459-1500\/59165<\/span><\/p>\n<h3 id=\"site-title\"><a href=\"https:\/\/semmelweis.hu\/parodontologia\/\" rel=\"home\">Parodontol\u00f3giai Klinika<\/a><\/h3>\n<p><span style=\"font-size: 14pt\"><b>Igazgat\u00f3:\u00a0<\/b><\/span><span style=\"font-size: 14pt\">Dr. Windisch P\u00e9ter,\u00a0<\/span><span style=\"font-size: 14pt\">egyetemi tan\u00e1r<\/span> <br \/>\n<span style=\"font-size: 14pt\"><b>C\u00edm:<\/b> 1088 Budapest, VIII. Szentkir\u00e1lyi u. 47. IV. em.<\/span> <br \/>\n<span style=\"font-size: 14pt\"><b>Telefon:<\/b>\u00a006-1\/318-5222<\/span><\/p>\n<h3 id=\"site-title\"><a href=\"https:\/\/semmelweis.hu\/propedeutika\/\" rel=\"home\">Propedeutikai Tansz\u00e9k<\/a><\/h3>\n<p><span style=\"font-size: 14pt\"><b>Igazgat\u00f3:\u00a0<\/b><\/span><span style=\"font-size: 14pt\">Dr. M\u00e1rton Krisztina, <\/span><span style=\"font-size: 14pt\">egyetemi tan\u00e1r<\/span> <br \/>\n<span style=\"font-size: 14pt\"><b>C\u00edm:<\/b> 1088 Budapest, VIII. Szentkir\u00e1lyi u. 47.<\/span><br \/>\n<span style=\"font-size: 14pt\"><strong>Telefon:<\/strong> 06-1\/459-1500\/59112<\/span><\/p>\n<h2>Oktat\u00e1s, tov\u00e1bbk\u00e9pz\u00e9s:<\/h2>\n<h3 id=\"site-title\"><a href=\"https:\/\/semmelweis.hu\/fok-tovabbkepzes\/\" rel=\"home\">Szak- \u00e9s Tov\u00e1bbk\u00e9pz\u00e9si Titk\u00e1rs\u00e1g<\/a><\/h3>\n<p><span style=\"font-size: 14pt\"><b>Titk\u00e1rs\u00e1gvezet\u0151:<\/b>\u00a0Dr. Gerle J\u00e1nos<\/span> <br \/>\n<span style=\"font-size: 14pt\"><strong>C\u00edm:<\/strong> 1088 Budapest, Szentkir\u00e1lyi u. 47. (VII. em. 751. szoba)<\/span> <br \/>\n<span style=\"font-size: 14pt\"><strong>Telefon:<\/strong> 06-1\/266-7006<\/span> <br \/>\n<span style=\"font-size: 14pt\"><strong>Fax:<\/strong> 06-1\/266-4715<\/span><\/p>\n","protected":false},"excerpt":{"rendered":"<p>Klinik\u00e1k, tansz\u00e9kek a Fogorvostudom\u00e1nyi Oktat\u00e1si Centrum Igazgat\u00e1si \u00e9s Betegell\u00e1t\u00f3 Egys\u00e9g: <a href=\"https:\/\/semmelweis.hu\/fogpotlastan\/\" rel=\"home\">Fogp\u00f3tl\u00e1stani Klinika<\/a> Igazgat\u00f3:\u00a0Dr. Hermann P\u00e9ter, egyetemi tan\u00e1r C\u00edm:\u00a01088 Budapest, Szentkir\u00e1lyi u. 47. VI. emelet\u00a0 Telefon:\u00a006-1\/338-4380 <a href=\"https:\/\/semmelweis.hu\/gyermekfogaszat\/\" rel=\"home\">Gyermekfog\u00e1szati \u00e9s Fogszab\u00e1lyoz\u00e1si Klinika<\/a> Igazgat\u00f3:\u00a0Dr. R\u00f3zsa No\u00e9mi Katinka C\u00edm: 1088 Budapest, Szentkir\u00e1lyi utca 47. V. emelet\u00a0 Tel:\u00a006-1\/318-0011 Fax: 06-1\/266-8269 <a href=\"https:\/\/semmelweis.hu\/konzervalo-fogaszat\/\" rel=\"home\">Helyre\u00e1ll\u00edt\u00f3 Fog\u00e1szati \u00e9s Endodonciai Klinika<\/a> Igazgat\u00f3: Dr. V\u00e1g J\u00e1nos,\u00a0egyetemi tan\u00e1r, Ph.D. C\u00edm: 1088 Budapest, VIII. Szentkir\u00e1lyi u. 47. VII. em. Telefon:\u00a006-1\/459-1500 <a href=\"https:\/\/semmelweis.hu\/oralis-diagnosztika\/\" rel=\"home\">Or\u00e1lis Diagnosztikai Tansz\u00e9k<\/a> Igazgat\u00f3: &hellip;<\/p>\n","protected":false},"author":303,"featured_media":0,"parent":0,"menu_order":1,"comment_status":"closed","ping_status":"closed","template":"","meta":{"_acf_changed":false,"footnotes":""},"categories":[],"tags":[],"class_list":["post-17298","page","type-page","status-publish","hentry"],"acf":[],"_links":{"self":[{"href":"https:\/\/semmelweis.hu\/oktatasi-centrum\/wp-json\/wp\/v2\/pages\/17298","targetHints":{"allow":["GET"]}}],"collection":[{"href":"https:\/\/semmelweis.hu\/oktatasi-centrum\/wp-json\/wp\/v2\/pages"}],"about":[{"href":"https:\/\/semmelweis.hu\/oktatasi-centrum\/wp-json\/wp\/v2\/types\/page"}],"author":[{"embeddable":true,"href":"https:\/\/semmelweis.hu\/oktatasi-centrum\/wp-json\/wp\/v2\/users\/303"}],"replies":[{"embeddable":true,"href":"https:\/\/semmelweis.hu\/oktatasi-centrum\/wp-json\/wp\/v2\/comments?post=17298"}],"version-history":[{"count":11,"href":"https:\/\/semmelweis.hu\/oktatasi-centrum\/wp-json\/wp\/v2\/pages\/17298\/revisions"}],"predecessor-version":[{"id":17887,"href":"https:\/\/semmelweis.hu\/oktatasi-centrum\/wp-json\/wp\/v2\/pages\/17298\/revisions\/17887"}],"wp:attachment":[{"href":"https:\/\/semmelweis.hu\/oktatasi-centrum\/wp-json\/wp\/v2\/media?parent=17298"}],"wp:term":[{"taxonomy":"category","embeddable":true,"href":"https:\/\/semmelweis.hu\/oktatasi-centrum\/wp-json\/wp\/v2\/categories?post=17298"},{"taxonomy":"post_tag","embeddable":true,"href":"https:\/\/semmelweis.hu\/oktatasi-centrum\/wp-json\/wp\/v2\/tags?post=17298"}],"curies":[{"name":"wp","href":"https:\/\/api.w.org\/{rel}","templated":true}]}}