{"id":10,"date":"2012-06-21T13:13:24","date_gmt":"2012-06-21T13:13:24","guid":{"rendered":"http:\/\/semmelweis-egyetem.hu\/oktatasi-centrum\/?page_id=10"},"modified":"2025-01-13T11:45:38","modified_gmt":"2025-01-13T10:45:38","slug":"koszonto-2","status":"publish","type":"page","link":"https:\/\/semmelweis.hu\/oktatasi-centrum\/","title":{"rendered":"Fogorvostudom\u00e1nyi Oktat\u00e1si Centrum Igazgat\u00e1si \u00e9s Betegell\u00e1t\u00f3 Egys\u00e9g"},"content":{"rendered":"<p style=\"text-align: justify\">A Fogorvostudom\u00e1nyi Oktat\u00e1si Centrum Igazgat\u00e1si \u00e9s Betegell\u00e1t\u00f3 Egys\u00e9g t\u00edzszintes, \u00f6sszes alapter\u00fclete 11400 n\u00e9gyzetm\u00e9ter. \u00a0A f\u00f6ldszinten tal\u00e1lhat\u00f3 a korszer\u0171, online betegir\u00e1ny\u00edt\u00f3, az \u00fcvegpiramis tetej\u0171 aula,\u00a0 valamint a 200 f\u0151t befogad\u00f3 \u00c1rk\u00f6vy J\u00f3zsef tanterem. \u00a0Az I. \u00e9s a II. szinten vannak a szemin\u00e1riumi termek, a m\u00e1trix rendszer\u0171 oktat\u00f3 kezel\u0151k, \u00a0valamint a Propedeutikai Tansz\u00e9k tanlaborat\u00f3riuma. \u00a0A III. emeleten kapott elhelyez\u00e9st az Or\u00e1lis Diagnosztikai Tansz\u00e9k \u00e9s a K\u00f6zponti Steriliz\u00e1l\u00f3. A IV. emeletet a Parodontol\u00f3giai Klinika, az Oktat\u00e1si Centrum Igazgat\u00f3s\u00e1ga \u00e9s a Fogtechnikai laborat\u00f3rium, a tov\u00e1bbi szinteket a Klinikai Kutat\u00f3 Laborat\u00f3rium, a Gyermekfog\u00e1szati \u00e9s Fogszab\u00e1lyoz\u00e1si Klinika, a Fogp\u00f3tl\u00e1stani Klinika, a Helyre\u00e1ll\u00edt\u00f3 Fog\u00e1szati \u00e9s Endodonciai Klinika \u00e9s a Szak- \u00e9s Tov\u00e1bbk\u00e9pz\u00e9si Titk\u00e1rs\u00e1g foglalja el. Az \u00e9p\u00fcletet rendezv\u00e9nyek lebonyol\u00edt\u00e1s\u00e1ra is alkalmas tet\u0151terasz z\u00e1rja le. \u00a0\u00a0<\/p>\n\r\n        [slb_exclude]\r\n        <div class=\"row galeria-wrapper mx-0 h-auto\">\r\n            <div class=\"col-9 pl-0 pr-2\">\r\n            <span class=\"gallery-item frame\">\r\n\t\t\t\t<div class=\"galeria-left-img\"><a href=\"https:\/\/semmelweis.hu\/oktatasi-centrum\/files\/2018\/07\/RS7558_FOK-1-scr.jpg\"><img src=https:\/\/semmelweis.hu\/oktatasi-centrum\/files\/2018\/07\/RS7558_FOK-1-scr.jpg  \r\n                            alt=\"\" \r\n                            class=\"attachment-sote-gallery-big size-sote-gallery-big\" \r\n                            srcset=\"https:\/\/semmelweis.hu\/oktatasi-centrum\/files\/2018\/07\/RS7558_FOK-1-scr-300x200.jpg 300w, https:\/\/semmelweis.hu\/oktatasi-centrum\/files\/2018\/07\/RS7558_FOK-1-scr-768x512.jpg 768w, https:\/\/semmelweis.hu\/oktatasi-centrum\/files\/2018\/07\/RS7558_FOK-1-scr-450x300.jpg 450w, https:\/\/semmelweis.hu\/oktatasi-centrum\/files\/2018\/07\/RS7558_FOK-1-scr.jpg 950w\" ><\/a><\/div>\r\n            <\/span>\r\n\r\n            <\/div>\r\n\r\n\t\t\t<div class=\"col-3 pl-0 pr-0\">\r\n\t\t\t\t<div class=\"galeria-right-img d-flex justify-content-between flex-column h-100 w-100 px-0 mx-0 \">\r\n                <div class=\"galeria-box\">\r\n\t\t\t\t\t<h3 class=\"galeria-title\">Gal\u00e9ria<\/h3>\r\n\t\t\t\t\t<div class=\"galeria-subtitle\">\r\n\r\n\t\t\t\t\t\t<div class=\"galeria-page-counter\"><span>12<\/span>k\u00e9p<\/div>\r\n                    <\/div> <\/div>\r\n                    <span class=\"gallery-item frame d-none d-md-flex\">\r\n\t\t\t\t\t<div class=\"galeria-small-img mt-0\"><a href=\"https:\/\/semmelweis.hu\/oktatasi-centrum\/files\/2018\/07\/RS62297_IMG_2971-scr.jpg\"><img src=https:\/\/semmelweis.hu\/oktatasi-centrum\/files\/2018\/07\/RS62297_IMG_2971-scr.jpg \r\n                                alt=\"\"  \r\n                                class=\"attachment-sote-gallery-small size-sote-gallery-small\" \r\n                                srcset=\"https:\/\/semmelweis.hu\/oktatasi-centrum\/files\/2018\/07\/RS62297_IMG_2971-scr-300x200.jpg 300w, https:\/\/semmelweis.hu\/oktatasi-centrum\/files\/2018\/07\/RS62297_IMG_2971-scr-768x512.jpg 768w, https:\/\/semmelweis.hu\/oktatasi-centrum\/files\/2018\/07\/RS62297_IMG_2971-scr-450x300.jpg 450w, https:\/\/semmelweis.hu\/oktatasi-centrum\/files\/2018\/07\/RS62297_IMG_2971-scr.jpg 950w\" ><\/a><\/div>\r\n                    <\/span>\r\n                    <span class=\"gallery-item frame d-none d-md-flex\">\r\n\t\t\t\t\t<div class=\"galeria-small-img mt-0\"><a href=\"https:\/\/semmelweis.hu\/oktatasi-centrum\/files\/2018\/07\/RS9920_20120207-IMG_9016-scr.jpg\"><img src=https:\/\/semmelweis.hu\/oktatasi-centrum\/files\/2018\/07\/RS9920_20120207-IMG_9016-scr.jpg \r\n                                alt=\"\" \r\n                                class=\"attachment-sote-gallery-small size-sote-gallery-small\" \r\n                                srcset=\"https:\/\/semmelweis.hu\/oktatasi-centrum\/files\/2018\/07\/RS9920_20120207-IMG_9016-scr-300x192.jpg 300w, https:\/\/semmelweis.hu\/oktatasi-centrum\/files\/2018\/07\/RS9920_20120207-IMG_9016-scr-768x491.jpg 768w, https:\/\/semmelweis.hu\/oktatasi-centrum\/files\/2018\/07\/RS9920_20120207-IMG_9016-scr-470x300.jpg 470w, https:\/\/semmelweis.hu\/oktatasi-centrum\/files\/2018\/07\/RS9920_20120207-IMG_9016-scr.jpg 950w\" ><\/a><\/div>\r\n                    <\/span>\r\n\r\n                <\/div>\r\n\r\n            <\/div>\r\n\r\n            <span class=\"gallery-item\"><div class=\"hidden\"><a href=\"https:\/\/semmelweis.hu\/oktatasi-centrum\/files\/2021\/01\/FOK_propedeutika_1.jpg\">\r\n        <img src=https:\/\/semmelweis.hu\/oktatasi-centrum\/files\/2021\/01\/FOK_propedeutika_1.jpg alt=\"\" class=\"attachment-sote-gallery-big size-sote-gallery-big\" srcset=\"https:\/\/semmelweis.hu\/oktatasi-centrum\/files\/2021\/01\/FOK_propedeutika_1-300x169.jpg 300w, https:\/\/semmelweis.hu\/oktatasi-centrum\/files\/2021\/01\/FOK_propedeutika_1-1024x576.jpg 1024w, https:\/\/semmelweis.hu\/oktatasi-centrum\/files\/2021\/01\/FOK_propedeutika_1-768x432.jpg 768w, https:\/\/semmelweis.hu\/oktatasi-centrum\/files\/2021\/01\/FOK_propedeutika_1-533x300.jpg 533w, https:\/\/semmelweis.hu\/oktatasi-centrum\/files\/2021\/01\/FOK_propedeutika_1-1536x864.jpg 1536w, https:\/\/semmelweis.hu\/oktatasi-centrum\/files\/2021\/01\/FOK_propedeutika_1.jpg 1920w\" >\r\n        <\/a><\/div><\/span><span class=\"gallery-item\"><div class=\"hidden\"><a href=\"https:\/\/semmelweis.hu\/oktatasi-centrum\/files\/2021\/01\/FOK_konyvtar_1.jpg\">\r\n        <img src=https:\/\/semmelweis.hu\/oktatasi-centrum\/files\/2021\/01\/FOK_konyvtar_1.jpg alt=\"\" class=\"attachment-sote-gallery-big size-sote-gallery-big\" srcset=\"https:\/\/semmelweis.hu\/oktatasi-centrum\/files\/2021\/01\/FOK_konyvtar_1-300x169.jpg 300w, https:\/\/semmelweis.hu\/oktatasi-centrum\/files\/2021\/01\/FOK_konyvtar_1-1024x576.jpg 1024w, https:\/\/semmelweis.hu\/oktatasi-centrum\/files\/2021\/01\/FOK_konyvtar_1-768x432.jpg 768w, https:\/\/semmelweis.hu\/oktatasi-centrum\/files\/2021\/01\/FOK_konyvtar_1-533x300.jpg 533w, https:\/\/semmelweis.hu\/oktatasi-centrum\/files\/2021\/01\/FOK_konyvtar_1-1536x864.jpg 1536w, https:\/\/semmelweis.hu\/oktatasi-centrum\/files\/2021\/01\/FOK_konyvtar_1.jpg 1920w\" >\r\n        <\/a><\/div><\/span><span class=\"gallery-item\"><div class=\"hidden\"><a href=\"https:\/\/semmelweis.hu\/oktatasi-centrum\/files\/2021\/01\/FOK_\u00e9p\u00fclet_kiv\u00fclr\u0151l_4.jpg\">\r\n        <img src=https:\/\/semmelweis.hu\/oktatasi-centrum\/files\/2021\/01\/FOK_\u00e9p\u00fclet_kiv\u00fclr\u0151l_4.jpg alt=\"\" class=\"attachment-sote-gallery-big size-sote-gallery-big\" srcset=\"https:\/\/semmelweis.hu\/oktatasi-centrum\/files\/2021\/01\/FOK_\u00e9p\u00fclet_kiv\u00fclr\u0151l_4-300x169.jpg 300w, https:\/\/semmelweis.hu\/oktatasi-centrum\/files\/2021\/01\/FOK_\u00e9p\u00fclet_kiv\u00fclr\u0151l_4-1024x576.jpg 1024w, https:\/\/semmelweis.hu\/oktatasi-centrum\/files\/2021\/01\/FOK_\u00e9p\u00fclet_kiv\u00fclr\u0151l_4-768x432.jpg 768w, https:\/\/semmelweis.hu\/oktatasi-centrum\/files\/2021\/01\/FOK_\u00e9p\u00fclet_kiv\u00fclr\u0151l_4-533x300.jpg 533w, https:\/\/semmelweis.hu\/oktatasi-centrum\/files\/2021\/01\/FOK_\u00e9p\u00fclet_kiv\u00fclr\u0151l_4-1536x864.jpg 1536w, https:\/\/semmelweis.hu\/oktatasi-centrum\/files\/2021\/01\/FOK_\u00e9p\u00fclet_kiv\u00fclr\u0151l_4.jpg 1920w\" >\r\n        <\/a><\/div><\/span><span class=\"gallery-item\"><div class=\"hidden\"><a href=\"https:\/\/semmelweis.hu\/oktatasi-centrum\/files\/2021\/01\/FOK_Aula_1.jpg\">\r\n        <img src=https:\/\/semmelweis.hu\/oktatasi-centrum\/files\/2021\/01\/FOK_Aula_1.jpg alt=\"\" class=\"attachment-sote-gallery-big size-sote-gallery-big\" srcset=\"https:\/\/semmelweis.hu\/oktatasi-centrum\/files\/2021\/01\/FOK_Aula_1-300x169.jpg 300w, https:\/\/semmelweis.hu\/oktatasi-centrum\/files\/2021\/01\/FOK_Aula_1-1024x576.jpg 1024w, https:\/\/semmelweis.hu\/oktatasi-centrum\/files\/2021\/01\/FOK_Aula_1-768x432.jpg 768w, https:\/\/semmelweis.hu\/oktatasi-centrum\/files\/2021\/01\/FOK_Aula_1-533x300.jpg 533w, https:\/\/semmelweis.hu\/oktatasi-centrum\/files\/2021\/01\/FOK_Aula_1-1536x864.jpg 1536w, https:\/\/semmelweis.hu\/oktatasi-centrum\/files\/2021\/01\/FOK_Aula_1.jpg 1920w\" >\r\n        <\/a><\/div><\/span><span class=\"gallery-item\"><div class=\"hidden\"><a href=\"https:\/\/semmelweis.hu\/oktatasi-centrum\/files\/2021\/01\/FOK_\u00c1rk\u00f6vy_el\u0151ad\u00f3_1.jpg\">\r\n        <img src=https:\/\/semmelweis.hu\/oktatasi-centrum\/files\/2021\/01\/FOK_\u00c1rk\u00f6vy_el\u0151ad\u00f3_1.jpg alt=\"\" class=\"attachment-sote-gallery-big size-sote-gallery-big\" srcset=\"https:\/\/semmelweis.hu\/oktatasi-centrum\/files\/2021\/01\/FOK_\u00c1rk\u00f6vy_el\u0151ad\u00f3_1-300x169.jpg 300w, https:\/\/semmelweis.hu\/oktatasi-centrum\/files\/2021\/01\/FOK_\u00c1rk\u00f6vy_el\u0151ad\u00f3_1-1024x576.jpg 1024w, https:\/\/semmelweis.hu\/oktatasi-centrum\/files\/2021\/01\/FOK_\u00c1rk\u00f6vy_el\u0151ad\u00f3_1-768x432.jpg 768w, https:\/\/semmelweis.hu\/oktatasi-centrum\/files\/2021\/01\/FOK_\u00c1rk\u00f6vy_el\u0151ad\u00f3_1-533x300.jpg 533w, https:\/\/semmelweis.hu\/oktatasi-centrum\/files\/2021\/01\/FOK_\u00c1rk\u00f6vy_el\u0151ad\u00f3_1-1536x864.jpg 1536w, https:\/\/semmelweis.hu\/oktatasi-centrum\/files\/2021\/01\/FOK_\u00c1rk\u00f6vy_el\u0151ad\u00f3_1.jpg 1920w\" >\r\n        <\/a><\/div><\/span><span class=\"gallery-item\"><div class=\"hidden\"><a href=\"https:\/\/semmelweis.hu\/oktatasi-centrum\/files\/2021\/01\/FOK_kezel\u0151_1.jpg\">\r\n        <img src=https:\/\/semmelweis.hu\/oktatasi-centrum\/files\/2021\/01\/FOK_kezel\u0151_1.jpg alt=\"\" class=\"attachment-sote-gallery-big size-sote-gallery-big\" srcset=\"https:\/\/semmelweis.hu\/oktatasi-centrum\/files\/2021\/01\/FOK_kezel\u0151_1-300x169.jpg 300w, https:\/\/semmelweis.hu\/oktatasi-centrum\/files\/2021\/01\/FOK_kezel\u0151_1-1024x576.jpg 1024w, https:\/\/semmelweis.hu\/oktatasi-centrum\/files\/2021\/01\/FOK_kezel\u0151_1-768x432.jpg 768w, https:\/\/semmelweis.hu\/oktatasi-centrum\/files\/2021\/01\/FOK_kezel\u0151_1-533x300.jpg 533w, https:\/\/semmelweis.hu\/oktatasi-centrum\/files\/2021\/01\/FOK_kezel\u0151_1-1536x864.jpg 1536w, https:\/\/semmelweis.hu\/oktatasi-centrum\/files\/2021\/01\/FOK_kezel\u0151_1.jpg 1920w\" >\r\n        <\/a><\/div><\/span><span class=\"gallery-item\"><div class=\"hidden\"><a href=\"https:\/\/semmelweis.hu\/oktatasi-centrum\/files\/2021\/01\/FOK_\u00e9p\u00fclet_kiv\u00fclr\u0151l_1.jpg\">\r\n        <img src=https:\/\/semmelweis.hu\/oktatasi-centrum\/files\/2021\/01\/FOK_\u00e9p\u00fclet_kiv\u00fclr\u0151l_1.jpg alt=\"\" class=\"attachment-sote-gallery-big size-sote-gallery-big\" srcset=\"https:\/\/semmelweis.hu\/oktatasi-centrum\/files\/2021\/01\/FOK_\u00e9p\u00fclet_kiv\u00fclr\u0151l_1-300x169.jpg 300w, https:\/\/semmelweis.hu\/oktatasi-centrum\/files\/2021\/01\/FOK_\u00e9p\u00fclet_kiv\u00fclr\u0151l_1-1024x576.jpg 1024w, https:\/\/semmelweis.hu\/oktatasi-centrum\/files\/2021\/01\/FOK_\u00e9p\u00fclet_kiv\u00fclr\u0151l_1-768x432.jpg 768w, https:\/\/semmelweis.hu\/oktatasi-centrum\/files\/2021\/01\/FOK_\u00e9p\u00fclet_kiv\u00fclr\u0151l_1-533x300.jpg 533w, https:\/\/semmelweis.hu\/oktatasi-centrum\/files\/2021\/01\/FOK_\u00e9p\u00fclet_kiv\u00fclr\u0151l_1-1536x864.jpg 1536w, https:\/\/semmelweis.hu\/oktatasi-centrum\/files\/2021\/01\/FOK_\u00e9p\u00fclet_kiv\u00fclr\u0151l_1.jpg 1920w\" >\r\n        <\/a><\/div><\/span><span class=\"gallery-item\"><div class=\"hidden\"><a href=\"https:\/\/semmelweis.hu\/oktatasi-centrum\/files\/2021\/01\/FOK_Aula_\u00fcvegtet\u0151_bel\u00fclr\u0151l.jpg\">\r\n        <img src=https:\/\/semmelweis.hu\/oktatasi-centrum\/files\/2021\/01\/FOK_Aula_\u00fcvegtet\u0151_bel\u00fclr\u0151l.jpg alt=\"\" class=\"attachment-sote-gallery-big size-sote-gallery-big\" srcset=\"https:\/\/semmelweis.hu\/oktatasi-centrum\/files\/2021\/01\/FOK_Aula_\u00fcvegtet\u0151_bel\u00fclr\u0151l-300x169.jpg 300w, https:\/\/semmelweis.hu\/oktatasi-centrum\/files\/2021\/01\/FOK_Aula_\u00fcvegtet\u0151_bel\u00fclr\u0151l-1024x576.jpg 1024w, https:\/\/semmelweis.hu\/oktatasi-centrum\/files\/2021\/01\/FOK_Aula_\u00fcvegtet\u0151_bel\u00fclr\u0151l-768x432.jpg 768w, https:\/\/semmelweis.hu\/oktatasi-centrum\/files\/2021\/01\/FOK_Aula_\u00fcvegtet\u0151_bel\u00fclr\u0151l-533x300.jpg 533w, https:\/\/semmelweis.hu\/oktatasi-centrum\/files\/2021\/01\/FOK_Aula_\u00fcvegtet\u0151_bel\u00fclr\u0151l-1536x864.jpg 1536w, https:\/\/semmelweis.hu\/oktatasi-centrum\/files\/2021\/01\/FOK_Aula_\u00fcvegtet\u0151_bel\u00fclr\u0151l.jpg 1920w\" >\r\n        <\/a><\/div><\/span><span class=\"gallery-item\"><div class=\"hidden\"><a href=\"https:\/\/semmelweis.hu\/oktatasi-centrum\/files\/2021\/01\/FOK_\u00e9p\u00fclet_kiv\u00fclr\u0151l_3.jpg\">\r\n        <img src=https:\/\/semmelweis.hu\/oktatasi-centrum\/files\/2021\/01\/FOK_\u00e9p\u00fclet_kiv\u00fclr\u0151l_3.jpg alt=\"\" class=\"attachment-sote-gallery-big size-sote-gallery-big\" srcset=\"https:\/\/semmelweis.hu\/oktatasi-centrum\/files\/2021\/01\/FOK_\u00e9p\u00fclet_kiv\u00fclr\u0151l_3-300x169.jpg 300w, https:\/\/semmelweis.hu\/oktatasi-centrum\/files\/2021\/01\/FOK_\u00e9p\u00fclet_kiv\u00fclr\u0151l_3-1024x576.jpg 1024w, https:\/\/semmelweis.hu\/oktatasi-centrum\/files\/2021\/01\/FOK_\u00e9p\u00fclet_kiv\u00fclr\u0151l_3-768x432.jpg 768w, https:\/\/semmelweis.hu\/oktatasi-centrum\/files\/2021\/01\/FOK_\u00e9p\u00fclet_kiv\u00fclr\u0151l_3-533x300.jpg 533w, https:\/\/semmelweis.hu\/oktatasi-centrum\/files\/2021\/01\/FOK_\u00e9p\u00fclet_kiv\u00fclr\u0151l_3-1536x864.jpg 1536w, https:\/\/semmelweis.hu\/oktatasi-centrum\/files\/2021\/01\/FOK_\u00e9p\u00fclet_kiv\u00fclr\u0151l_3.jpg 1920w\" >\r\n        <\/a><\/div><\/span>\r\n            <\/div>\r\n\r\n            [\/slb_exclude]\r\n\t\n<p>&nbsp;<\/p>\n","protected":false},"excerpt":{"rendered":"<p>A Fogorvostudom\u00e1nyi Oktat\u00e1si Centrum Igazgat\u00e1si \u00e9s Betegell\u00e1t\u00f3 Egys\u00e9g t\u00edzszintes, \u00f6sszes alapter\u00fclete 11400 n\u00e9gyzetm\u00e9ter. \u00a0A f\u00f6ldszinten tal\u00e1lhat\u00f3 a korszer\u0171, online betegir\u00e1ny\u00edt\u00f3, az \u00fcvegpiramis tetej\u0171 aula,\u00a0 valamint a 200 f\u0151t befogad\u00f3 \u00c1rk\u00f6vy J\u00f3zsef tanterem. \u00a0Az I. \u00e9s a II. szinten vannak a szemin\u00e1riumi termek, a m\u00e1trix rendszer\u0171 oktat\u00f3 kezel\u0151k, \u00a0valamint a Propedeutikai Tansz\u00e9k tanlaborat\u00f3riuma. \u00a0A III. emeleten &hellip;<\/p>\n","protected":false},"author":8,"featured_media":0,"parent":0,"menu_order":0,"comment_status":"closed","ping_status":"closed","template":"","meta":{"_acf_changed":false,"footnotes":""},"categories":[],"tags":[],"class_list":["post-10","page","type-page","status-publish","hentry"],"acf":[],"_links":{"self":[{"href":"https:\/\/semmelweis.hu\/oktatasi-centrum\/wp-json\/wp\/v2\/pages\/10","targetHints":{"allow":["GET"]}}],"collection":[{"href":"https:\/\/semmelweis.hu\/oktatasi-centrum\/wp-json\/wp\/v2\/pages"}],"about":[{"href":"https:\/\/semmelweis.hu\/oktatasi-centrum\/wp-json\/wp\/v2\/types\/page"}],"author":[{"embeddable":true,"href":"https:\/\/semmelweis.hu\/oktatasi-centrum\/wp-json\/wp\/v2\/users\/8"}],"replies":[{"embeddable":true,"href":"https:\/\/semmelweis.hu\/oktatasi-centrum\/wp-json\/wp\/v2\/comments?post=10"}],"version-history":[{"count":12,"href":"https:\/\/semmelweis.hu\/oktatasi-centrum\/wp-json\/wp\/v2\/pages\/10\/revisions"}],"predecessor-version":[{"id":17886,"href":"https:\/\/semmelweis.hu\/oktatasi-centrum\/wp-json\/wp\/v2\/pages\/10\/revisions\/17886"}],"wp:attachment":[{"href":"https:\/\/semmelweis.hu\/oktatasi-centrum\/wp-json\/wp\/v2\/media?parent=10"}],"wp:term":[{"taxonomy":"category","embeddable":true,"href":"https:\/\/semmelweis.hu\/oktatasi-centrum\/wp-json\/wp\/v2\/categories?post=10"},{"taxonomy":"post_tag","embeddable":true,"href":"https:\/\/semmelweis.hu\/oktatasi-centrum\/wp-json\/wp\/v2\/tags?post=10"}],"curies":[{"name":"wp","href":"https:\/\/api.w.org\/{rel}","templated":true}]}}