{"id":328,"date":"2013-11-11T16:42:22","date_gmt":"2013-11-11T15:42:22","guid":{"rendered":"http:\/\/semmelweis-egyetem.hu\/oik\/?page_id=328"},"modified":"2024-09-30T09:30:24","modified_gmt":"2024-09-30T07:30:24","slug":"online-hibabejelentes","status":"publish","type":"page","link":"https:\/\/semmelweis.hu\/oik\/online-hibabejelentes\/","title":{"rendered":"Online Hibabejelent\u00e9s"},"content":{"rendered":"<p>Az Operat\u00edv Ir\u00e1ny\u00edt\u00f3 K\u00f6zpont minden bejelent\u00e9st a <a href=\"http:\/\/glpi.intra.usn.hu\/\" target=\"blank\" rel=\"noopener\">GLPI online Helpdesk rendszer\u00e9ben<\/a> r\u00f6gz\u00edt, \u00e9s k\u00f6vet nyomon, azonban ebben a rendszerben minden felhaszn\u00e1l\u00f3nak van lehet\u0151s\u00e9ge arra, hogy maga jelentsen be hib\u00e1kat, k\u00e9relmeket. Ehhez el\u0151sz\u00f6r be kell jelentkeznie a <a href=\"http:\/\/glpi.intra.usn.hu\/\" target=\"blank\" rel=\"noopener\">GLPI rendszer\u00e9be<\/a> \u00e9s ott megadnia a hiba\/k\u00e9relem pontos term\u00e9szet\u00e9t \u00e9s hely\u00e9t. A bel\u00e9p\u00e9s, \u00e9s bejelent\u00e9s pontos menet\u00e9r\u0151l k\u00e9rj\u00fck olvassa el a <a href=\"https:\/\/semmelweis.hu\/oik\/files\/2013\/12\/GLPI-felhaszn\u00e1l\u00f3i-le\u00edr\u00e1s.pdf\" target=\"_blank\" rel=\"noopener\">GLPI felhaszn\u00e1l\u00f3i k\u00e9zik\u00f6nyv\u00e9t<\/a>, vagy tekintse meg az <a href=\"https:\/\/semmelweis.hu\/oik\/online-hibabejelentes\/oktato-videok\/\" target=\"_blank\" rel=\"noopener\">oktat\u00f3vide\u00f3kat<\/a>.<\/p>\n<p>A Novell GroupWise fi\u00f3kkal rendelkez\u0151 koll\u00e9g\u00e1k az ott haszn\u00e1lt felhaszn\u00e1l\u00f3 nev\u00fckkel, \u00e9s jelszavukkal tudnak bejelentkezni. Amennyiben nem rendelkezik GroupWise fi\u00f3kkal, vagy b\u00e1rmilyen probl\u00e9ma ad\u00f3dna a bejelentkez\u00e9skor, k\u00e9rj\u00fck vegye fel a kapcsolatot az <a href=\"mailto:oik@semmelweis-univ.hu?subject=***hibabejelenes termeszete***\">OIK munkat\u00e1rsaival<\/a> (06-20-666-3333, 63333).<\/p>\n<p>\u00dcdv\u00f6zlettel,<br \/>\nOperat\u00edv Ir\u00e1ny\u00edt\u00f3 K\u00f6zpont<\/p>\n<p>&nbsp;<\/p>\n","protected":false},"excerpt":{"rendered":"<p>Az Operat\u00edv Ir\u00e1ny\u00edt\u00f3 K\u00f6zpont minden bejelent\u00e9st a <a href=\"http:\/\/glpi.intra.usn.hu\/\" target=\"blank\" rel=\"noopener\">GLPI online Helpdesk rendszer\u00e9ben<\/a> r\u00f6gz\u00edt, \u00e9s k\u00f6vet nyomon, azonban ebben a rendszerben minden felhaszn\u00e1l\u00f3nak van lehet\u0151s\u00e9ge arra, hogy maga jelentsen be hib\u00e1kat, k\u00e9relmeket. Ehhez el\u0151sz\u00f6r be kell jelentkeznie a <a href=\"http:\/\/glpi.intra.usn.hu\/\" target=\"blank\" rel=\"noopener\">GLPI rendszer\u00e9be<\/a> \u00e9s ott megadnia a hiba\/k\u00e9relem pontos term\u00e9szet\u00e9t \u00e9s hely\u00e9t. A bel\u00e9p\u00e9s, \u00e9s bejelent\u00e9s pontos menet\u00e9r\u0151l k\u00e9rj\u00fck olvassa el a <a href=\"https:\/\/semmelweis.hu\/oik\/files\/2013\/12\/GLPI-felhaszn\u00e1l\u00f3i-le\u00edr\u00e1s.pdf\" target=\"_blank\" rel=\"noopener\">GLPI felhaszn\u00e1l\u00f3i k\u00e9zik\u00f6nyv\u00e9t<\/a> , vagy tekintse meg &hellip;<\/p>\n","protected":false},"author":286,"featured_media":0,"parent":0,"menu_order":2,"comment_status":"closed","ping_status":"closed","template":"","meta":{"_acf_changed":false,"footnotes":""},"categories":[],"tags":[],"class_list":["post-328","page","type-page","status-publish","hentry"],"acf":[],"_links":{"self":[{"href":"https:\/\/semmelweis.hu\/oik\/wp-json\/wp\/v2\/pages\/328","targetHints":{"allow":["GET"]}}],"collection":[{"href":"https:\/\/semmelweis.hu\/oik\/wp-json\/wp\/v2\/pages"}],"about":[{"href":"https:\/\/semmelweis.hu\/oik\/wp-json\/wp\/v2\/types\/page"}],"author":[{"embeddable":true,"href":"https:\/\/semmelweis.hu\/oik\/wp-json\/wp\/v2\/users\/286"}],"replies":[{"embeddable":true,"href":"https:\/\/semmelweis.hu\/oik\/wp-json\/wp\/v2\/comments?post=328"}],"version-history":[{"count":10,"href":"https:\/\/semmelweis.hu\/oik\/wp-json\/wp\/v2\/pages\/328\/revisions"}],"predecessor-version":[{"id":1408,"href":"https:\/\/semmelweis.hu\/oik\/wp-json\/wp\/v2\/pages\/328\/revisions\/1408"}],"wp:attachment":[{"href":"https:\/\/semmelweis.hu\/oik\/wp-json\/wp\/v2\/media?parent=328"}],"wp:term":[{"taxonomy":"category","embeddable":true,"href":"https:\/\/semmelweis.hu\/oik\/wp-json\/wp\/v2\/categories?post=328"},{"taxonomy":"post_tag","embeddable":true,"href":"https:\/\/semmelweis.hu\/oik\/wp-json\/wp\/v2\/tags?post=328"}],"curies":[{"name":"wp","href":"https:\/\/api.w.org\/{rel}","templated":true}]}}