{"id":196,"date":"2013-10-30T12:24:36","date_gmt":"2013-10-30T11:24:36","guid":{"rendered":"http:\/\/semmelweis-egyetem.hu\/oik\/?page_id=196"},"modified":"2024-09-30T10:08:33","modified_gmt":"2024-09-30T08:08:33","slug":"munkatarsak","status":"publish","type":"page","link":"https:\/\/semmelweis.hu\/oik\/altalanos-informaciok-2\/munkatarsak\/","title":{"rendered":"Munkat\u00e1rsak"},"content":{"rendered":"\n<table id=\"tablepress-2\" class=\"tablepress tablepress-id-2\">\n<tbody class=\"row-striping\">\n<tr class=\"row-1\">\n\t<td class=\"column-1\">Operat\u00edv Ir\u00e1ny\u00edt\u00f3 K\u00f6zpont<br \/>\n<\/td><td class=\"column-2\"><\/td>\n<\/tr>\n<tr class=\"row-2\">\n\t<td class=\"column-1\"><a href=\"https:\/\/semmelweis.hu\/telefonkonyv\/?emp_id=23657\" target=\"_blank\" rel=\"noopener noreferrer\">Izs\u00f3 G\u00e1bor<\/a><\/td><td class=\"column-2\">diszp\u00e9cser<\/td>\n<\/tr>\n<tr class=\"row-3\">\n\t<td class=\"column-1\"><a href=\"https:\/\/semmelweis.hu\/telefonkonyv\/?emp_id=10839\" target=\"_blank\" rel=\"noopener noreferrer\">Ott\u00f3 Attila<\/a><\/td><td class=\"column-2\">diszp\u00e9cser<\/td>\n<\/tr>\n<tr class=\"row-4\">\n\t<td class=\"column-1\"><a href=\"https:\/\/semmelweis.hu\/telefonkonyv\/?emp_id=13727\" target=\"_blank\" rel=\"noopener noreferrer\">Staub J\u00f3zsef<\/b><\/td><td class=\"column-2\">diszp\u00e9cser<\/td>\n<\/tr>\n<tr class=\"row-5\">\n\t<td class=\"column-1\">Biztos\u00edt\u00e1si \u00fcgyint\u00e9z\u00e9s<\/td><td class=\"column-2\"><\/td>\n<\/tr>\n<tr class=\"row-6\">\n\t<td class=\"column-1\"><a href=\"https:\/\/semmelweis.hu\/telefonkonyv\/?emp_id=19651\" target=\"_blank\" rel=\"noopener noreferrer\">Bak\u00f3 J\u00e1nos<\/b><\/td><td class=\"column-2\">biztos\u00edt\u00e1si szak\u00e9rt\u0151<\/td>\n<\/tr>\n<\/tbody>\n<\/table>\n<!-- #tablepress-2 from cache -->\n<p>&nbsp;<\/p>\n<p><strong><span style=\"font-size: 18pt\">K\u00e9szenl\u00e9ti el\u00e9rhet\u0151s\u00e9g:<\/span><\/strong><\/p>\n<p>Telefon: 06-20-666-3333<\/p>\n<p>Viber: 06-20-826-0060<\/p>\n","protected":false},"excerpt":{"rendered":"<p>&nbsp;<br \/>\nK\u00e9szenl\u00e9ti el\u00e9rhet\u0151s\u00e9g:<br \/>\nTelefon: 06-20-666-3333<br \/>\nViber: 06-20-826-0060<\/p>\n","protected":false},"author":286,"featured_media":0,"parent":178,"menu_order":2,"comment_status":"closed","ping_status":"closed","template":"","meta":{"_acf_changed":false,"footnotes":""},"categories":[],"tags":[],"class_list":["post-196","page","type-page","status-publish","hentry"],"acf":[],"_links":{"self":[{"href":"https:\/\/semmelweis.hu\/oik\/wp-json\/wp\/v2\/pages\/196","targetHints":{"allow":["GET"]}}],"collection":[{"href":"https:\/\/semmelweis.hu\/oik\/wp-json\/wp\/v2\/pages"}],"about":[{"href":"https:\/\/semmelweis.hu\/oik\/wp-json\/wp\/v2\/types\/page"}],"author":[{"embeddable":true,"href":"https:\/\/semmelweis.hu\/oik\/wp-json\/wp\/v2\/users\/286"}],"replies":[{"embeddable":true,"href":"https:\/\/semmelweis.hu\/oik\/wp-json\/wp\/v2\/comments?post=196"}],"version-history":[{"count":10,"href":"https:\/\/semmelweis.hu\/oik\/wp-json\/wp\/v2\/pages\/196\/revisions"}],"predecessor-version":[{"id":1411,"href":"https:\/\/semmelweis.hu\/oik\/wp-json\/wp\/v2\/pages\/196\/revisions\/1411"}],"up":[{"embeddable":true,"href":"https:\/\/semmelweis.hu\/oik\/wp-json\/wp\/v2\/pages\/178"}],"wp:attachment":[{"href":"https:\/\/semmelweis.hu\/oik\/wp-json\/wp\/v2\/media?parent=196"}],"wp:term":[{"taxonomy":"category","embeddable":true,"href":"https:\/\/semmelweis.hu\/oik\/wp-json\/wp\/v2\/categories?post=196"},{"taxonomy":"post_tag","embeddable":true,"href":"https:\/\/semmelweis.hu\/oik\/wp-json\/wp\/v2\/tags?post=196"}],"curies":[{"name":"wp","href":"https:\/\/api.w.org\/{rel}","templated":true}]}}