{"id":1494,"date":"2024-12-10T11:59:04","date_gmt":"2024-12-10T10:59:04","guid":{"rendered":"https:\/\/semmelweis.hu\/oik\/?page_id=1494"},"modified":"2025-01-23T13:21:56","modified_gmt":"2025-01-23T12:21:56","slug":"dokumentumok-a-fedezeti-kor","status":"publish","type":"page","link":"https:\/\/semmelweis.hu\/oik\/dokumentumok-a-fedezeti-kor\/","title":{"rendered":"Dokumentumok &#8211; A \u00e9s B fedezeti k\u00f6r"},"content":{"rendered":"<p><strong>A \u00e9s B &#8211; fedezeti k\u00f6rh\u00f6z kapcsol\u00f3d\u00f3 dokumentumok<\/strong><\/p>\n<p><a href=\"https:\/\/semmelweis.hu\/oik\/files\/2024\/12\/AHE12600_23-Adatkezelesi-es-ugyfeltajekoztato.pdf\" target=\"_blank\" rel=\"noopener\">Adatkezel\u00e9si \u00e9s \u00dcgyf\u00e9lt\u00e1j\u00e9koztat\u00f3, valamint szerz\u0151d\u00e9si felt\u00e9telek kieg\u00e9sz\u00edt\u00e9se<\/a><br \/>\n<a href=\"https:\/\/semmelweis.hu\/oik\/files\/2024\/12\/AHE12600_23-Adatkezelesi-es-ugyfeltajekoztato.pdf\" target=\"_blank\" rel=\"noopener\">All Risks biztos\u00edt\u00e1si term\u00e9kismertet\u0151<\/a><br \/>\n<a href=\"https:\/\/semmelweis.hu\/oik\/files\/2024\/12\/AHE11906_6_All_Risks_UT_mod.pdf\" target=\"_blank\" rel=\"noopener\">All Risks vagyonbiztos\u00edt\u00e1s &#8211; \u00dcgyf\u00e9l-t\u00e1j\u00e9koztat\u00f3<\/a><br \/>\n<a href=\"https:\/\/semmelweis.hu\/oik\/files\/2024\/12\/AHE43141_1PVABF_UT.pdf\" target=\"_blank\" rel=\"noopener\">All Risks vagyonbiztos\u00edt\u00e1s &#8211; \u00c1ltal\u00e1nos biztos\u00edt\u00e1si felt\u00e9telek<\/a><br \/>\n<a href=\"https:\/\/semmelweis.hu\/oik\/files\/2024\/12\/AHE_11905_7_Allrisks_KBF_FINAL_VA.pdf\" target=\"_blank\" rel=\"noopener\">All Risks vagyonbiztos\u00edt\u00e1s &#8211; K\u00fcl\u00f6n\u00f6s biztos\u00edt\u00e1si felt\u00e9telek<\/a><br \/>\n<a href=\"https:\/\/semmelweis.hu\/oik\/files\/2024\/12\/AHE_43140_2P_VABF-2.pdf\" target=\"_blank\" rel=\"noopener\">\u00c1ltal\u00e1nos biztos\u00edt\u00e1si felt\u00e9telek &#8211; Vagyonbiztos\u00edt\u00e1sok<\/a><\/p>\n<p><a href=\"https:\/\/semmelweis.hu\/oik\/files\/2024\/12\/AHE_12215_6_Elber_KBF_FINAL_VA.pdf\" target=\"_blank\" rel=\"noopener\">Elektronikus berendez\u00e9sek \u00f6sszkock\u00e1zat\u00fa (all risks) vagyonbiztos\u00edt\u00e1sa &#8211; K\u00fcl\u00f6n\u00f6s biztos\u00edt\u00e1si felt\u00e9telek<\/a><br \/>\n<a href=\"https:\/\/semmelweis.hu\/oik\/files\/2024\/12\/AHE11953_5_ELBER_UT_mod.pdf\" target=\"_blank\" rel=\"noopener\">Elektronikus berendez\u00e9sek \u00f6sszkock\u00e1zat\u00fa vagyonbiztos\u00edt\u00e1sa &#8211; \u00dcgyf\u00e9l-t\u00e1j\u00e9koztat\u00f3<\/a><\/p>\n<p><a href=\"https:\/\/semmelweis.hu\/oik\/files\/2024\/12\/AHE11791_2P_Atviteli_es_eloszto_rendsz_zaradek.pdf\" target=\"_blank\" rel=\"noopener\">\u00c1tviteli \u00e9s eloszt\u00f3 rendszerek kiz\u00e1r\u00e1sa &#8211; z\u00e1rad\u00e9k<\/a><br \/>\n<a href=\"https:\/\/semmelweis.hu\/oik\/files\/2024\/12\/AHE_11785_3P_elogondoskodas_zar.pdf\" target=\"_blank\" rel=\"noopener\">El\u0151gondoskod\u00e1s &#8211; z\u00e1rad\u00e9k<\/a><\/p>\n<p><strong>Kieg\u00e9sz\u00edt\u0151 biztos\u00edt\u00e1sok<\/strong><br \/>\n<a href=\"https:\/\/semmelweis.hu\/oik\/files\/2024\/12\/AHE12245_P_Elber_kieg_Adathordozok_adatainak_karosodasa.pdf\" target=\"_blank\" rel=\"noopener\">Adathordoz\u00f3k adatainak k\u00e1rosod\u00e1sa<\/a><br \/>\n<a href=\"https:\/\/semmelweis.hu\/oik\/files\/2024\/12\/AHE11986_1P_AR_kieg_Betoreses_lopas_rablas_fedezet.pdf\" target=\"_blank\" rel=\"noopener\">Bet\u00f6r\u00e9ses lop\u00e1s \u00e9s rabl\u00e1s<\/a><br \/>\n<a href=\"https:\/\/semmelweis.hu\/oik\/files\/2024\/12\/AHE_11789_2P_Dekontaminacios_ktg_kieg_bizt.pdf\" target=\"_blank\" rel=\"noopener\">Dekontamin\u00e1ci\u00f3s k\u00f6lts\u00e9gek kezel\u00e9se<\/a><br \/>\n<a href=\"https:\/\/semmelweis.hu\/oik\/files\/2024\/12\/AHE12241_P_Elber_kieg_Elektronikus_eszkozok_tores_kara.pdf\" target=\"_blank\" rel=\"noopener\">Elektronikus eszk\u00f6z\u00f6k t\u00f6r\u00e9sk\u00e1ra<\/a><br \/>\n<a href=\"https:\/\/semmelweis.hu\/oik\/files\/2024\/12\/AHE_11797_2P_Fust_korom_ho_kieg_bizt.pdf\" target=\"_blank\" rel=\"noopener\">F\u00fcst, korom, h\u0151 hat\u00e1s\u00e1ra keletkezett k\u00e1r<\/a><br \/>\n<a href=\"https:\/\/semmelweis.hu\/oik\/files\/2024\/12\/AHE12244_P_Elber_kieg_Futo_vagy_hutoberendezesek.pdf\" target=\"_blank\" rel=\"noopener\">F\u0171t\u0151- vagy h\u0171t\u0151berendez\u00e9sek<\/a><br \/>\n<a href=\"https:\/\/semmelweis.hu\/oik\/files\/2024\/12\/AHE12242_P_AR_TUB_kieg_Hordozhato_el_eszk_telephelyen_kivuli_kiterj_bizt.pdf\" target=\"_blank\" rel=\"noopener\">Hordozhat\u00f3 elektronikus eszk\u00f6z\u00f6k telephelyen k\u00edv\u00fcli kiterjesztett biztos\u00edt\u00e1sa<\/a><br \/>\n<a href=\"https:\/\/semmelweis.hu\/oik\/files\/2024\/12\/AHE11987_P_AR_kieg_Jegveres_es_honyomas.pdf\" target=\"_blank\" rel=\"noopener\">J\u00e9gver\u00e9s \u00e9s h\u00f3nyom\u00e1s<\/a><br \/>\n<a href=\"https:\/\/semmelweis.hu\/oik\/files\/2024\/12\/AHE_11787_2P_Javitasok_felujitasok_kieg_bizt.pdf\" target=\"_blank\" rel=\"noopener\">Kisebb jav\u00edt\u00e1sok, fel\u00faj\u00edt\u00e1sok fedezete<\/a><br \/>\n<a href=\"https:\/\/semmelweis.hu\/oik\/files\/2024\/12\/AHE_11788_2P_Kozuti_szallitas_kieg_bizt.pdf\" target=\"_blank\" rel=\"noopener\">K\u00f6z\u00fati sz\u00e1ll\u00edt\u00e1s sor\u00e1n bek\u00f6vetkezett k\u00e1rok<\/a><br \/>\n<a href=\"https:\/\/semmelweis.hu\/oik\/files\/2024\/12\/AHE11901_3P_AR_kieg_Kuldottrablas.pdf\" target=\"_blank\" rel=\"noopener\">K\u00fcld\u00f6ttrabl\u00e1s<\/a><br \/>\n<a href=\"https:\/\/semmelweis.hu\/oik\/files\/2024\/12\/AHE_12239_1__ELBER_tulfeszultseg_kieg_FINAL.pdf\" target=\"_blank\" rel=\"noopener\">T\u00falfesz\u00fclts\u00e9g<\/a><br \/>\n<a href=\"https:\/\/semmelweis.hu\/oik\/files\/2024\/12\/AHE_11868_4P_Uvegtores_kieg_bizt.pdf\" target=\"_blank\" rel=\"noopener\">\u00dcvegt\u00f6r\u00e9s<\/a><br \/>\n<a href=\"https:\/\/semmelweis.hu\/oik\/files\/2024\/12\/AHE_11786_3P_Vandalizmus__kieg__bizt.pdf\" target=\"_blank\" rel=\"noopener\">Vandalizmus \u00e1ltal okozott k\u00e1r<\/a><br \/>\n<a href=\"https:\/\/semmelweis.hu\/oik\/files\/2024\/12\/AHE_11782_5_Villamcsapas_tulfeszultseg_kieg_FINAL.pdf\" target=\"_blank\" rel=\"noopener\">Vill\u00e1mcsap\u00e1s okozta t\u00falfesz\u00fclts\u00e9g<\/a><\/p>\n","protected":false},"excerpt":{"rendered":"<p>A \u00e9s B &#8211; fedezeti k\u00f6rh\u00f6z kapcsol\u00f3d\u00f3 dokumentumok<br \/>\n<a href=\"https:\/\/semmelweis.hu\/oik\/files\/2024\/12\/AHE12600_23-Adatkezelesi-es-ugyfeltajekoztato.pdf\" target=\"_blank\" rel=\"noopener\">Adatkezel\u00e9si \u00e9s \u00dcgyf\u00e9lt\u00e1j\u00e9koztat\u00f3, valamint szerz\u0151d\u00e9si felt\u00e9telek kieg\u00e9sz\u00edt\u00e9se<\/a><br \/>\n<a href=\"https:\/\/semmelweis.hu\/oik\/files\/2024\/12\/AHE12600_23-Adatkezelesi-es-ugyfeltajekoztato.pdf\" target=\"_blank\" rel=\"noopener\">All Risks biztos\u00edt\u00e1si term\u00e9kismertet\u0151<\/a><br \/>\n<a href=\"https:\/\/semmelweis.hu\/oik\/files\/2024\/12\/AHE11906_6_All_Risks_UT_mod.pdf\" target=\"_blank\" rel=\"noopener\">All Risks vagyonbiztos\u00edt\u00e1s &#8211; \u00dcgyf\u00e9l-t\u00e1j\u00e9koztat\u00f3<\/a><br \/>\n<a href=\"https:\/\/semmelweis.hu\/oik\/files\/2024\/12\/AHE43141_1PVABF_UT.pdf\" target=\"_blank\" rel=\"noopener\">All Risks vagyonbiztos\u00edt\u00e1s &#8211; \u00c1ltal\u00e1nos biztos\u00edt\u00e1si felt\u00e9telek<\/a><br \/>\n<a href=\"https:\/\/semmelweis.hu\/oik\/files\/2024\/12\/AHE_11905_7_Allrisks_KBF_FINAL_VA.pdf\" target=\"_blank\" rel=\"noopener\">All Risks vagyonbiztos\u00edt\u00e1s &#8211; K\u00fcl\u00f6n\u00f6s biztos\u00edt\u00e1si felt\u00e9telek<\/a><br \/>\n<a href=\"https:\/\/semmelweis.hu\/oik\/files\/2024\/12\/AHE_43140_2P_VABF-2.pdf\" target=\"_blank\" rel=\"noopener\">\u00c1ltal\u00e1nos biztos\u00edt\u00e1si felt\u00e9telek &#8211; Vagyonbiztos\u00edt\u00e1sok<\/a><br \/>\n<a href=\"https:\/\/semmelweis.hu\/oik\/files\/2024\/12\/AHE_12215_6_Elber_KBF_FINAL_VA.pdf\" target=\"_blank\" rel=\"noopener\">Elektronikus berendez\u00e9sek \u00f6sszkock\u00e1zat\u00fa (all risks) vagyonbiztos\u00edt\u00e1sa &#8211; K\u00fcl\u00f6n\u00f6s biztos\u00edt\u00e1si felt\u00e9telek<\/a><br \/>\n<a href=\"https:\/\/semmelweis.hu\/oik\/files\/2024\/12\/AHE11953_5_ELBER_UT_mod.pdf\" target=\"_blank\" rel=\"noopener\">Elektronikus berendez\u00e9sek \u00f6sszkock\u00e1zat\u00fa vagyonbiztos\u00edt\u00e1sa &#8211; \u00dcgyf\u00e9l-t\u00e1j\u00e9koztat\u00f3<\/a><br \/>\n<a href=\"https:\/\/semmelweis.hu\/oik\/files\/2024\/12\/AHE11791_2P_Atviteli_es_eloszto_rendsz_zaradek.pdf\" target=\"_blank\" rel=\"noopener\">\u00c1tviteli \u00e9s eloszt\u00f3 rendszerek kiz\u00e1r\u00e1sa &#8211; z\u00e1rad\u00e9k<\/a><br \/>\n<a href=\"https:\/\/semmelweis.hu\/oik\/files\/2024\/12\/AHE_11785_3P_elogondoskodas_zar.pdf\" target=\"_blank\" rel=\"noopener\">El\u0151gondoskod\u00e1s &#8211; z\u00e1rad\u00e9k<\/a><br \/>\nKieg\u00e9sz\u00edt\u0151 biztos\u00edt\u00e1sok<br \/>\n<a href=\"https:\/\/semmelweis.hu\/oik\/files\/2024\/12\/AHE12245_P_Elber_kieg_Adathordozok_adatainak_karosodasa.pdf\" target=\"_blank\" rel=\"noopener\">Adathordoz\u00f3k adatainak k\u00e1rosod\u00e1sa<\/a><br \/>\n<a href=\"https:\/\/semmelweis.hu\/oik\/files\/2024\/12\/AHE11986_1P_AR_kieg_Betoreses_lopas_rablas_fedezet.pdf\" target=\"_blank\" rel=\"noopener\">Bet\u00f6r\u00e9ses lop\u00e1s \u00e9s rabl\u00e1s<\/a><br \/>\n<a href=\"https:\/\/semmelweis.hu\/oik\/files\/2024\/12\/AHE_11789_2P_Dekontaminacios_ktg_kieg_bizt.pdf\" target=\"_blank\" rel=\"noopener\">Dekontamin\u00e1ci\u00f3s k\u00f6lts\u00e9gek kezel\u00e9se<\/a><br \/>\n<a href=\"https:\/\/semmelweis.hu\/oik\/files\/2024\/12\/AHE12241_P_Elber_kieg_Elektronikus_eszkozok_tores_kara.pdf\" target=\"_blank\" rel=\"noopener\">Elektronikus eszk\u00f6z\u00f6k t\u00f6r\u00e9sk\u00e1ra<\/a><br \/>\n<a href=\"https:\/\/semmelweis.hu\/oik\/files\/2024\/12\/AHE_11797_2P_Fust_korom_ho_kieg_bizt.pdf\" target=\"_blank\" rel=\"noopener\">F\u00fcst, korom, h\u0151 hat\u00e1s\u00e1ra keletkezett k\u00e1r<\/a><br \/>\n<a href=\"https:\/\/semmelweis.hu\/oik\/files\/2024\/12\/AHE12244_P_Elber_kieg_Futo_vagy_hutoberendezesek.pdf\" target=\"_blank\" rel=\"noopener\">F\u0171t\u0151- vagy h\u0171t\u0151berendez\u00e9sek<\/a><br \/>\n<a href=\"https:\/\/semmelweis.hu\/oik\/files\/2024\/12\/AHE12242_P_AR_TUB_kieg_Hordozhato_el_eszk_telephelyen_kivuli_kiterj_bizt.pdf\" target=\"_blank\" rel=\"noopener\">Hordozhat\u00f3 elektronikus eszk\u00f6z\u00f6k telephelyen k\u00edv\u00fcli kiterjesztett biztos\u00edt\u00e1sa<\/a><br \/>\n<a href=\"https:\/\/semmelweis.hu\/oik\/files\/2024\/12\/AHE11987_P_AR_kieg_Jegveres_es_honyomas.pdf\" target=\"_blank\" rel=\"noopener\">J\u00e9gver\u00e9s \u00e9s h\u00f3nyom\u00e1s<\/a><br \/>\n<a href=\"https:\/\/semmelweis.hu\/oik\/files\/2024\/12\/AHE_11787_2P_Javitasok_felujitasok_kieg_bizt.pdf\" target=\"_blank\" rel=\"noopener\">Kisebb jav\u00edt\u00e1sok, fel\u00faj\u00edt\u00e1sok fedezete<\/a><br \/>\n<a href=\"https:\/\/semmelweis.hu\/oik\/files\/2024\/12\/AHE_11788_2P_Kozuti_szallitas_kieg_bizt.pdf\" target=\"_blank\" rel=\"noopener\">K\u00f6z\u00fati sz\u00e1ll\u00edt\u00e1s sor\u00e1n bek\u00f6vetkezett k\u00e1rok<\/a><br \/>\n<a href=\"https:\/\/semmelweis.hu\/oik\/files\/2024\/12\/AHE11901_3P_AR_kieg_Kuldottrablas.pdf\" target=\"_blank\" rel=\"noopener\">K\u00fcld\u00f6ttrabl\u00e1s<\/a><br \/>\n<a href=\"https:\/\/semmelweis.hu\/oik\/files\/2024\/12\/AHE_12239_1__ELBER_tulfeszultseg_kieg_FINAL.pdf\" target=\"_blank\" rel=\"noopener\">T\u00falfesz\u00fclts\u00e9g<\/a><br \/>\n<a href=\"https:\/\/semmelweis.hu\/oik\/files\/2024\/12\/AHE_11868_4P_Uvegtores_kieg_bizt.pdf\" target=\"_blank\" rel=\"noopener\">\u00dcvegt\u00f6r\u00e9s<\/a><br \/>\n<a href=\"https:\/\/semmelweis.hu\/oik\/files\/2024\/12\/AHE_11786_3P_Vandalizmus__kieg__bizt.pdf\" target=\"_blank\" rel=\"noopener\">Vandalizmus \u00e1ltal okozott k\u00e1r<\/a><br \/>\n<a href=\"https:\/\/semmelweis.hu\/oik\/files\/2024\/12\/AHE_11782_5_Villamcsapas_tulfeszultseg_kieg_FINAL.pdf\" target=\"_blank\" rel=\"noopener\">Vill\u00e1mcsap\u00e1s okozta t\u00falfesz\u00fclts\u00e9g<\/a><\/p>\n","protected":false},"author":101466,"featured_media":0,"parent":0,"menu_order":0,"comment_status":"closed","ping_status":"closed","template":"","meta":{"_acf_changed":false,"footnotes":""},"categories":[],"tags":[],"class_list":["post-1494","page","type-page","status-publish","hentry"],"acf":[],"_links":{"self":[{"href":"https:\/\/semmelweis.hu\/oik\/wp-json\/wp\/v2\/pages\/1494","targetHints":{"allow":["GET"]}}],"collection":[{"href":"https:\/\/semmelweis.hu\/oik\/wp-json\/wp\/v2\/pages"}],"about":[{"href":"https:\/\/semmelweis.hu\/oik\/wp-json\/wp\/v2\/types\/page"}],"author":[{"embeddable":true,"href":"https:\/\/semmelweis.hu\/oik\/wp-json\/wp\/v2\/users\/101466"}],"replies":[{"embeddable":true,"href":"https:\/\/semmelweis.hu\/oik\/wp-json\/wp\/v2\/comments?post=1494"}],"version-history":[{"count":8,"href":"https:\/\/semmelweis.hu\/oik\/wp-json\/wp\/v2\/pages\/1494\/revisions"}],"predecessor-version":[{"id":1636,"href":"https:\/\/semmelweis.hu\/oik\/wp-json\/wp\/v2\/pages\/1494\/revisions\/1636"}],"wp:attachment":[{"href":"https:\/\/semmelweis.hu\/oik\/wp-json\/wp\/v2\/media?parent=1494"}],"wp:term":[{"taxonomy":"category","embeddable":true,"href":"https:\/\/semmelweis.hu\/oik\/wp-json\/wp\/v2\/categories?post=1494"},{"taxonomy":"post_tag","embeddable":true,"href":"https:\/\/semmelweis.hu\/oik\/wp-json\/wp\/v2\/tags?post=1494"}],"curies":[{"name":"wp","href":"https:\/\/api.w.org\/{rel}","templated":true}]}}