{"id":1471,"date":"2024-12-10T09:24:48","date_gmt":"2024-12-10T08:24:48","guid":{"rendered":"https:\/\/semmelweis.hu\/oik\/?page_id=1471"},"modified":"2025-01-16T12:35:23","modified_gmt":"2025-01-16T11:35:23","slug":"biztositasi-dokumentumtar","status":"publish","type":"page","link":"https:\/\/semmelweis.hu\/oik\/biztositasi-dokumentumtar\/","title":{"rendered":"Biztos\u00edt\u00e1si dokumentumt\u00e1r"},"content":{"rendered":"<p><strong>K\u00e1rbejelent\u0151k, nyomtatv\u00e1nyok<br \/>\n<\/strong><a href=\"https:\/\/semmelweis.hu\/oik\/files\/2024\/12\/All-Risks-vagyonbiztositasi-karbejelento_202311.pdf\" target=\"_blank\" rel=\"noopener\">All Risks k\u00e1rbejelent\u0151 (\u00f6sszkock\u00e1zat\u00fa vagyonbiztos\u00edt\u00e1s)<\/a><br \/>\n<a href=\"https:\/\/semmelweis.hu\/oik\/files\/2024\/12\/ELBER-vagyonbiztositasi-karbejelento_202311.pdf\" target=\"_blank\" rel=\"noopener\">ELBER k\u00e1rbejelent\u0151 (elektronikus berendez\u00e9sek vagyonbiztos\u00edt\u00e1sa)<\/a><br \/>\n<a href=\"https:\/\/semmelweis.hu\/oik\/files\/2024\/12\/00_Biztositotti_nyilatkozat_karrendezeshez_2019_SIMPLE-003.pdf\" target=\"_blank\" rel=\"noopener\">Biztos\u00edtotti nyilatkozat k\u00e1rrendez\u00e9shez<\/a><br \/>\n<a href=\"https:\/\/semmelweis.hu\/oik\/files\/2024\/12\/Felelossegbiztositasi-karbejelento_202311.pdf\" target=\"_blank\" rel=\"noopener\">Felel\u0151ss\u00e9gbiztos\u00edt\u00e1si k\u00e1rbejelent\u0151<\/a><br \/>\n<a href=\"https:\/\/semmelweis.hu\/oik\/files\/2024\/12\/Szolgaltatasi-igenybejelento_AHE-_SE_Elet_egeszseg_baleset_kozos_karjelento_20240913.pdf\" target=\"_blank\" rel=\"noopener\">Szolg\u00e1ltat\u00e1si ig\u00e9nybejelent\u0151 &#8211; Csoportos \u00c9let- \u00e9s Balesetbiztos\u00edt\u00e1s<\/a><\/p>\n<p><strong>T\u00e1j\u00e9koztat\u00f3 anyagok<\/strong><br \/>\n<a href=\"https:\/\/semmelweis.hu\/oik\/files\/2024\/12\/SE-ALLIANZ-szerzodeslista-2024.11.21.pdf\" target=\"_blank\" rel=\"noopener\">Allianz szerz\u0151d\u00e9slista<\/a><br \/>\n<a href=\"https:\/\/semmelweis.hu\/oik\/files\/2024\/12\/All-Risks-vagyonbiztositas-tajekoztato-2024.pdf\" target=\"_blank\" rel=\"noopener\">All Risks (\u00f6sszkock\u00e1zati) vagyonbiztos\u00edt\u00e1si szerz\u0151d\u00e9s &#8211; t\u00e1j\u00e9koztat\u00f3<\/a><br \/>\n<a href=\"https:\/\/semmelweis.hu\/oik\/files\/2024\/12\/ELBER-biztositas-tajekoztato-2024.pdf\" target=\"_blank\" rel=\"noopener\">Elektromos berendez\u00e9sek \u00f6sszkock\u00e1zati vagyonbiztos\u00edt\u00e1si szerz\u0151d\u00e9se (ELBER) &#8211; t\u00e1j\u00e9koztat\u00f3<\/a><br \/>\n<a href=\"https:\/\/semmelweis.hu\/oik\/files\/2024\/12\/BTA-szerzodesi-szabalyzat_Colonnade_001-2023.pdf\" target=\"_blank\" rel=\"noopener\">Csoportos keretnapos utasbiztos\u00edt\u00e1s &#8211; Colonnade &#8211; biztos\u00edt\u00e1si felt\u00e9telek<\/a><br \/>\n<a href=\"https:\/\/semmelweis.hu\/oik\/files\/2024\/12\/Semmelweis-Egyetem_Colonnade_955-0000004_altalanos-tajekoztato_20241128.pdf\" target=\"_blank\" rel=\"noopener\">Korl\u00e1tlan utasnapos biztos\u00edt\u00e1s &#8211; Colonnade &#8211; \u00fcgyf\u00e9lt\u00e1j\u00e9koztat\u00f3<\/a><\/p>\n<p><strong>Biztos\u00edt\u00e1si k\u00f6tv\u00e9nyek<\/strong><br \/>\n<a href=\"https:\/\/semmelweis.hu\/oik\/files\/2024\/12\/A-fedezeti-kor-323588088-kotveny.pdf\" target=\"_blank\" rel=\"noopener\">A &#8211; fedezeti k\u00f6r<\/a><br \/>\n<a href=\"https:\/\/semmelweis.hu\/oik\/files\/2024\/12\/B-fedezeti-kor-323588150-kotveny.pdf\" target=\"_blank\" rel=\"noopener\">B &#8211; fedezeti k\u00f6r<\/a><br \/>\n<a href=\"https:\/\/semmelweis.hu\/oik\/files\/2024\/12\/C-fedezeti-kor-323588185-kotveny.pdf\" target=\"_blank\" rel=\"noopener\">C &#8211; fedezeti k\u00f6r<\/a><br \/>\n<a href=\"https:\/\/semmelweis.hu\/oik\/files\/2024\/12\/D-fedezeti-kor-323588223-kotveny.pdf\" target=\"_blank\" rel=\"noopener\">D &#8211; fedezeti k\u00f6r<\/a><br \/>\n<a href=\"https:\/\/semmelweis.hu\/oik\/files\/2024\/12\/E-fedezeti-kor-H550014151-kotveny.pdf\" target=\"_blank\" rel=\"noopener\">E &#8211; fedezeti k\u00f6r<\/a><br \/>\n<a href=\"https:\/\/semmelweis.hu\/oik\/files\/2024\/12\/F-fedezeti-kor-AHB726031418-kotveny.pdf\" target=\"_blank\" rel=\"noopener\">F &#8211; fedezeti k\u00f6r<\/a><br \/>\n<a href=\"https:\/\/semmelweis.hu\/oik\/files\/2024\/12\/G-fedezeti-kor-AHB726031426-kotveny.pdf\" target=\"_blank\" rel=\"noopener\">G &#8211; fedezeti k\u00f6r<\/a><\/p>\n<p><a href=\"https:\/\/semmelweis.hu\/oik\/dokumentumok-a-fedezeti-kor\/\" target=\"_blank\" rel=\"noopener\">A \u00e9s B &#8211; fedezeti k\u00f6rh\u00f6z kapcsol\u00f3d\u00f3 dokumentumok<\/a><br \/>\n<a href=\"https:\/\/semmelweis.hu\/oik\/dokumentumok-c-fedezeti-kor\/\" target=\"_blank\" rel=\"noopener\">C &#8211; fedezeti k\u00f6rh\u00f6z kapcsol\u00f3d\u00f3 dokumentumok<\/a><\/p>\n<p>&nbsp;<\/p>\n","protected":false},"excerpt":{"rendered":"<p>K\u00e1rbejelent\u0151k, nyomtatv\u00e1nyok<br \/>\n<a href=\"https:\/\/semmelweis.hu\/oik\/files\/2024\/12\/All-Risks-vagyonbiztositasi-karbejelento_202311.pdf\" target=\"_blank\" rel=\"noopener\">All Risks k\u00e1rbejelent\u0151 (\u00f6sszkock\u00e1zat\u00fa vagyonbiztos\u00edt\u00e1s)<\/a><br \/>\n<a href=\"https:\/\/semmelweis.hu\/oik\/files\/2024\/12\/ELBER-vagyonbiztositasi-karbejelento_202311.pdf\" target=\"_blank\" rel=\"noopener\">ELBER k\u00e1rbejelent\u0151 (elektronikus berendez\u00e9sek vagyonbiztos\u00edt\u00e1sa)<\/a><br \/>\n<a href=\"https:\/\/semmelweis.hu\/oik\/files\/2024\/12\/00_Biztositotti_nyilatkozat_karrendezeshez_2019_SIMPLE-003.pdf\" target=\"_blank\" rel=\"noopener\">Biztos\u00edtotti nyilatkozat k\u00e1rrendez\u00e9shez<\/a><br \/>\n<a href=\"https:\/\/semmelweis.hu\/oik\/files\/2024\/12\/Felelossegbiztositasi-karbejelento_202311.pdf\" target=\"_blank\" rel=\"noopener\">Felel\u0151ss\u00e9gbiztos\u00edt\u00e1si k\u00e1rbejelent\u0151<\/a><br \/>\n<a href=\"https:\/\/semmelweis.hu\/oik\/files\/2024\/12\/Szolgaltatasi-igenybejelento_AHE-_SE_Elet_egeszseg_baleset_kozos_karjelento_20240913.pdf\" target=\"_blank\" rel=\"noopener\">Szolg\u00e1ltat\u00e1si ig\u00e9nybejelent\u0151 &#8211; Csoportos \u00c9let- \u00e9s Balesetbiztos\u00edt\u00e1s<\/a><br \/>\nT\u00e1j\u00e9koztat\u00f3 anyagok<br \/>\n<a href=\"https:\/\/semmelweis.hu\/oik\/files\/2024\/12\/SE-ALLIANZ-szerzodeslista-2024.11.21.pdf\" target=\"_blank\" rel=\"noopener\">Allianz szerz\u0151d\u00e9slista<\/a><br \/>\n<a href=\"https:\/\/semmelweis.hu\/oik\/files\/2024\/12\/All-Risks-vagyonbiztositas-tajekoztato-2024.pdf\" target=\"_blank\" rel=\"noopener\">All Risks (\u00f6sszkock\u00e1zati) vagyonbiztos\u00edt\u00e1si szerz\u0151d\u00e9s &#8211; t\u00e1j\u00e9koztat\u00f3<\/a><br \/>\n<a href=\"https:\/\/semmelweis.hu\/oik\/files\/2024\/12\/ELBER-biztositas-tajekoztato-2024.pdf\" target=\"_blank\" rel=\"noopener\">Elektromos berendez\u00e9sek \u00f6sszkock\u00e1zati vagyonbiztos\u00edt\u00e1si szerz\u0151d\u00e9se (ELBER) &#8211; t\u00e1j\u00e9koztat\u00f3<\/a><br \/>\n<a href=\"https:\/\/semmelweis.hu\/oik\/files\/2024\/12\/BTA-szerzodesi-szabalyzat_Colonnade_001-2023.pdf\" target=\"_blank\" rel=\"noopener\">Csoportos keretnapos utasbiztos\u00edt\u00e1s &#8211; Colonnade &#8211; biztos\u00edt\u00e1si felt\u00e9telek<\/a><br \/>\n<a href=\"https:\/\/semmelweis.hu\/oik\/files\/2024\/12\/Semmelweis-Egyetem_Colonnade_955-0000004_altalanos-tajekoztato_20241128.pdf\" target=\"_blank\" rel=\"noopener\">Korl\u00e1tlan utasnapos biztos\u00edt\u00e1s &#8211; Colonnade &#8211; \u00fcgyf\u00e9lt\u00e1j\u00e9koztat\u00f3<\/a><br \/>\nBiztos\u00edt\u00e1si k\u00f6tv\u00e9nyek<br \/>\n<a href=\"https:\/\/semmelweis.hu\/oik\/files\/2024\/12\/A-fedezeti-kor-323588088-kotveny.pdf\" target=\"_blank\" rel=\"noopener\">A &#8211; fedezeti k\u00f6r<\/a><br \/>\n<a href=\"https:\/\/semmelweis.hu\/oik\/files\/2024\/12\/B-fedezeti-kor-323588150-kotveny.pdf\" target=\"_blank\" rel=\"noopener\">B &#8211; fedezeti k\u00f6r<\/a><br \/>\n<a href=\"https:\/\/semmelweis.hu\/oik\/files\/2024\/12\/C-fedezeti-kor-323588185-kotveny.pdf\" target=\"_blank\" rel=\"noopener\">C &#8211; fedezeti k\u00f6r<\/a><br \/>\n<a href=\"https:\/\/semmelweis.hu\/oik\/files\/2024\/12\/D-fedezeti-kor-323588223-kotveny.pdf\" target=\"_blank\" rel=\"noopener\">D &#8211; fedezeti k\u00f6r<\/a><br \/>\n<a href=\"https:\/\/semmelweis.hu\/oik\/files\/2024\/12\/E-fedezeti-kor-H550014151-kotveny.pdf\" target=\"_blank\" rel=\"noopener\">E &#8211; fedezeti k\u00f6r<\/a><br \/>\n<a href=\"https:\/\/semmelweis.hu\/oik\/files\/2024\/12\/F-fedezeti-kor-AHB726031418-kotveny.pdf\" target=\"_blank\" rel=\"noopener\">F &#8211; fedezeti k\u00f6r<\/a><br \/>\n<a href=\"https:\/\/semmelweis.hu\/oik\/files\/2024\/12\/G-fedezeti-kor-AHB726031426-kotveny.pdf\" target=\"_blank\" rel=\"noopener\">G &#8211; fedezeti k\u00f6r<\/a><br \/>\n<a href=\"https:\/\/semmelweis.hu\/oik\/dokumentumok-a-fedezeti-kor\/\" target=\"_blank\" rel=\"noopener\">A \u00e9s B &#8211; fedezeti k\u00f6rh\u00f6z kapcsol\u00f3d\u00f3 dokumentumok<\/a><br \/>\n<a href=\"https:\/\/semmelweis.hu\/oik\/dokumentumok-c-fedezeti-kor\/\" target=\"_blank\" rel=\"noopener\">C &#8211; fedezeti k\u00f6rh\u00f6z kapcsol\u00f3d\u00f3 dokumentumok<\/a><br \/>\n&nbsp;<\/p>\n","protected":false},"author":101466,"featured_media":0,"parent":0,"menu_order":0,"comment_status":"closed","ping_status":"closed","template":"","meta":{"_acf_changed":false,"footnotes":""},"categories":[],"tags":[],"class_list":["post-1471","page","type-page","status-publish","hentry"],"acf":[],"_links":{"self":[{"href":"https:\/\/semmelweis.hu\/oik\/wp-json\/wp\/v2\/pages\/1471","targetHints":{"allow":["GET"]}}],"collection":[{"href":"https:\/\/semmelweis.hu\/oik\/wp-json\/wp\/v2\/pages"}],"about":[{"href":"https:\/\/semmelweis.hu\/oik\/wp-json\/wp\/v2\/types\/page"}],"author":[{"embeddable":true,"href":"https:\/\/semmelweis.hu\/oik\/wp-json\/wp\/v2\/users\/101466"}],"replies":[{"embeddable":true,"href":"https:\/\/semmelweis.hu\/oik\/wp-json\/wp\/v2\/comments?post=1471"}],"version-history":[{"count":10,"href":"https:\/\/semmelweis.hu\/oik\/wp-json\/wp\/v2\/pages\/1471\/revisions"}],"predecessor-version":[{"id":1633,"href":"https:\/\/semmelweis.hu\/oik\/wp-json\/wp\/v2\/pages\/1471\/revisions\/1633"}],"wp:attachment":[{"href":"https:\/\/semmelweis.hu\/oik\/wp-json\/wp\/v2\/media?parent=1471"}],"wp:term":[{"taxonomy":"category","embeddable":true,"href":"https:\/\/semmelweis.hu\/oik\/wp-json\/wp\/v2\/categories?post=1471"},{"taxonomy":"post_tag","embeddable":true,"href":"https:\/\/semmelweis.hu\/oik\/wp-json\/wp\/v2\/tags?post=1471"}],"curies":[{"name":"wp","href":"https:\/\/api.w.org\/{rel}","templated":true}]}}