{"id":1437,"date":"2024-11-20T16:02:23","date_gmt":"2024-11-20T15:02:23","guid":{"rendered":"https:\/\/semmelweis.hu\/oik\/?page_id=1437"},"modified":"2025-01-23T13:25:11","modified_gmt":"2025-01-23T12:25:11","slug":"felelossegi-karok","status":"publish","type":"page","link":"https:\/\/semmelweis.hu\/oik\/felelossegi-karok\/","title":{"rendered":"Felel\u0151ss\u00e9gi k\u00e1rok"},"content":{"rendered":"<p><strong>I. Az Egyetem \u00e1ltal, nem egyetemi ingatlanban\/ing\u00f3s\u00e1gban okozott felel\u0151ss\u00e9gi k\u00e1rok<\/strong><\/p>\n<p><strong>Biztos\u00edt\u00e1si vonatkoz\u00e1s lehet<\/strong><\/p>\n<ul>\n<li>az Egyetem \u00e1ltal\u00e1nos felel\u0151ss\u00e9gbiztos\u00edt\u00e1s\u00e1nak m\u00f3dozati elemei<\/li>\n<li>az Egyetem k\u00f6telez\u0151 g\u00e9pj\u00e1rm\u0171-felel\u0151ss\u00e9gbiztos\u00edt\u00e1sa (KGFB)<\/li>\n<\/ul>\n<p><strong>II. Egyetemi ingatlanokban\/ing\u00f3s\u00e1gokban m\u00e1sok (idegenek, besz\u00e1ll\u00edt\u00f3k) \u00e1ltal okozott k\u00e1rok<\/strong><\/p>\n<ul>\n<li>a k\u00e1rokoz\u00f3 felel\u0151ss\u00e9gbiztos\u00edt\u00e1sa kapcs\u00e1n<\/li>\n<li>az Egyetem vagyonbiztos\u00edt\u00e1sai (amennyiben a k\u00e1rokoz\u00f3 r\u00e9sz\u00e9r\u0151l t\u00f6rt\u00e9n\u0151 k\u00e1rtalan\u00edt\u00e1s nem val\u00f3sul meg) marad\u00e9ktalanul<\/li>\n<li>a k\u00e1rokoz\u00f3 k\u00f6telez\u0151 g\u00e9pj\u00e1rm\u0171-felel\u0151ss\u00e9gbiztos\u00edt\u00e1sa (KGFB) kapcs\u00e1n<\/li>\n<li>CASCO biztos\u00edt\u00e1s (amennyiben a k\u00e1rokoz\u00f3 r\u00e9sz\u00e9r\u0151l t\u00f6rt\u00e9n\u0151 k\u00e1rtalan\u00edt\u00e1s nem val\u00f3sul meg marad\u00e9ktalanul)<\/li>\n<\/ul>\n<p>Az Egyetemhez k\u00f6thet\u0151 felel\u0151ss\u00e9gbiztos\u00edt\u00e1si dokumentumok az al\u00e1bbi linken \u00e9rhet\u0151k el:<br \/>\n<a href=\"https:\/\/semmelweis.hu\/oik\/dokumentumok-c-fedezeti-kor\/\" target=\"_blank\" rel=\"noopener\">Felel\u0151ss\u00e9gbiztos\u00edt\u00e1si dokumentumok<\/a><\/p>\n<p><a href=\"https:\/\/semmelweis.hu\/oik\/files\/2024\/12\/00_Biztositotti_nyilatkozat_karrendezeshez_2019_SIMPLE-003.pdf\" target=\"_blank\" rel=\"noopener\">Biztos\u00edtotti nyilatkozat k\u00e1rrendez\u00e9shez<\/a><br \/>\n<a href=\"https:\/\/semmelweis.hu\/oik\/files\/2024\/12\/Felelossegbiztositasi-karbejelento_202311.pdf\" target=\"_blank\" rel=\"noopener\">Felel\u0151ss\u00e9gbiztos\u00edt\u00e1si k\u00e1rbejelent\u0151<\/a><\/p>\n<p><a href=\"https:\/\/semmelweis.hu\/oik\/biztositasi-dokumentumtar\/\" target=\"_blank\" rel=\"noopener\">Dokumentumt\u00e1r<\/a><\/p>\n<p>&nbsp;<\/p>\n<p>&nbsp;<\/p>\n","protected":false},"excerpt":{"rendered":"<p>I. Az Egyetem \u00e1ltal, nem egyetemi ingatlanban\/ing\u00f3s\u00e1gban okozott felel\u0151ss\u00e9gi k\u00e1rok Biztos\u00edt\u00e1si vonatkoz\u00e1s lehet az Egyetem \u00e1ltal\u00e1nos felel\u0151ss\u00e9gbiztos\u00edt\u00e1s\u00e1nak m\u00f3dozati elemei az Egyetem k\u00f6telez\u0151 g\u00e9pj\u00e1rm\u0171-felel\u0151ss\u00e9gbiztos\u00edt\u00e1sa (KGFB) II. Egyetemi ingatlanokban\/ing\u00f3s\u00e1gokban m\u00e1sok (idegenek, besz\u00e1ll\u00edt\u00f3k) \u00e1ltal okozott k\u00e1rok a k\u00e1rokoz\u00f3 felel\u0151ss\u00e9gbiztos\u00edt\u00e1sa kapcs\u00e1n az Egyetem vagyonbiztos\u00edt\u00e1sai (amennyiben a k\u00e1rokoz\u00f3 r\u00e9sz\u00e9r\u0151l t\u00f6rt\u00e9n\u0151 k\u00e1rtalan\u00edt\u00e1s nem val\u00f3sul meg) marad\u00e9ktalanul a k\u00e1rokoz\u00f3 k\u00f6telez\u0151 g\u00e9pj\u00e1rm\u0171-felel\u0151ss\u00e9gbiztos\u00edt\u00e1sa (KGFB) &hellip;<\/p>\n","protected":false},"author":101466,"featured_media":0,"parent":0,"menu_order":0,"comment_status":"closed","ping_status":"closed","template":"","meta":{"_acf_changed":false,"footnotes":""},"categories":[],"tags":[],"class_list":["post-1437","page","type-page","status-publish","hentry"],"acf":[],"_links":{"self":[{"href":"https:\/\/semmelweis.hu\/oik\/wp-json\/wp\/v2\/pages\/1437","targetHints":{"allow":["GET"]}}],"collection":[{"href":"https:\/\/semmelweis.hu\/oik\/wp-json\/wp\/v2\/pages"}],"about":[{"href":"https:\/\/semmelweis.hu\/oik\/wp-json\/wp\/v2\/types\/page"}],"author":[{"embeddable":true,"href":"https:\/\/semmelweis.hu\/oik\/wp-json\/wp\/v2\/users\/101466"}],"replies":[{"embeddable":true,"href":"https:\/\/semmelweis.hu\/oik\/wp-json\/wp\/v2\/comments?post=1437"}],"version-history":[{"count":10,"href":"https:\/\/semmelweis.hu\/oik\/wp-json\/wp\/v2\/pages\/1437\/revisions"}],"predecessor-version":[{"id":1638,"href":"https:\/\/semmelweis.hu\/oik\/wp-json\/wp\/v2\/pages\/1437\/revisions\/1638"}],"wp:attachment":[{"href":"https:\/\/semmelweis.hu\/oik\/wp-json\/wp\/v2\/media?parent=1437"}],"wp:term":[{"taxonomy":"category","embeddable":true,"href":"https:\/\/semmelweis.hu\/oik\/wp-json\/wp\/v2\/categories?post=1437"},{"taxonomy":"post_tag","embeddable":true,"href":"https:\/\/semmelweis.hu\/oik\/wp-json\/wp\/v2\/tags?post=1437"}],"curies":[{"name":"wp","href":"https:\/\/api.w.org\/{rel}","templated":true}]}}