{"id":1435,"date":"2024-11-20T16:02:07","date_gmt":"2024-11-20T15:02:07","guid":{"rendered":"https:\/\/semmelweis.hu\/oik\/?page_id=1435"},"modified":"2025-08-13T11:30:05","modified_gmt":"2025-08-13T09:30:05","slug":"munkavallalok-hallgatok-karai","status":"publish","type":"page","link":"https:\/\/semmelweis.hu\/oik\/munkavallalok-hallgatok-karai\/","title":{"rendered":"Munkav\u00e1llal\u00f3k, hallgat\u00f3k k\u00e1rainak megt\u00e9r\u00edt\u00e9se"},"content":{"rendered":"<p><strong>I. Munkav\u00e1llal\u00f3k, hallgat\u00f3k szem\u00e9lyi s\u00e9r\u00fcl\u00e9ssel j\u00e1r\u00f3 k\u00e1resem\u00e9nyei, hal\u00e1la eset\u00e9re sz\u00f3l\u00f3 egyetemi biztos\u00edt\u00e1sok<\/strong><\/p>\n<ul>\n<li><strong>\u00c9let-\u00e9s balesetbiztos\u00edt\u00e1sok<\/strong>\n<ul>\n<li><strong>Csoportos \u00e9let- \u00e9s balesetbiztos\u00edt\u00e1s (CS\u00c9B):<\/strong><br \/>\n<strong><em><a href=\"https:\/\/semmelweis.hu\/oik\/files\/2024\/12\/CSEB-tajekoztato.pdf\" target=\"_blank\" rel=\"noopener\">CS\u00c9B t\u00e1j\u00e9koztat\u00f3<\/a><br \/>\n<a href=\"https:\/\/semmelweis.hu\/oik\/files\/2024\/12\/Semmelweis-Egyetem-MUTETI-LISTA-melleklet.pdf\" target=\"_blank\" rel=\"noopener\">M\u0171t\u00e9ti lista<\/a><br \/>\n<\/em><\/strong><em>(Munkav\u00e1llal\u00f3ink \u00e9s hallgat\u00f3ink azonos m\u00e9rt\u00e9k\u0171 biztos\u00edt\u00e1si szolg\u00e1ltat\u00e1st kapnak.)<\/em><\/li>\n<\/ul>\n<\/li>\n<\/ul>\n<p style=\"padding-left: 80px\"><em><strong>Kedvezm\u00e9nyezett-kijel\u00f6l\u00e9s:<\/strong><br \/>\nmunkav\u00e1llal\u00f3 \u00e1ltali jel\u00f6l\u00e9s eset\u00e9n: <strong><a href=\"https:\/\/semmelweis.hu\/oik\/files\/2024\/12\/AHE-21176-2M_Kedvezmenyezett_jelolo_Munkavallalok_kitoltheto.pdf\" target=\"_blank\" rel=\"noopener\">kedvezm\u00e9nyezett jel\u00f6l\u0151 nyilatkozat\u00a0<\/a><br \/>\n<\/strong>hallgat\u00f3\u00a0\u00e1ltali jel\u00f6l\u00e9s eset\u00e9n<strong>: <a href=\"https:\/\/semmelweis.hu\/oik\/files\/2024\/12\/AHE-21176-2H_Kedvezmenyezett_jelolo_Hallgatok_Kitoltheto.pdf\" target=\"_blank\" rel=\"noopener\">kedvezm\u00e9nyezett jel\u00f6l\u0151 nyilatkozat<\/a><\/strong><\/em><\/p>\n<p style=\"padding-left: 80px\"><em><strong>Szolg\u00e1ltat\u00e1si ig\u00e9nybejelent\u00e9s:<br \/>\n<\/strong>a kit\u00f6lt\u00f6tt <strong><a href=\"https:\/\/semmelweis.hu\/oik\/files\/2024\/12\/AHE-_SE_Elet_egeszseg_baleset_kozos_karjelento_20240913.pdf\" target=\"_blank\" rel=\"noopener\">Szolg\u00e1ltat\u00e1si ig\u00e9nybejelent\u0151 <\/a><\/strong>megk\u00fcld\u00e9se sz\u00fcks\u00e9ges a biztositas@semmelweis.hu c\u00edmre.<br \/>\n<\/em><\/p>\n<ul>\n<li><strong>Utasbiztos\u00edt\u00e1sok<\/strong>\n<ul>\n<li><strong>Colonnade csoportos keretnapos utasbiztos\u00edt\u00e1s:<br \/>\n<\/strong><em>k\u00f6tv\u00e9nysz\u00e1m: 955 0000004<br \/>\n<\/em><em style=\"font-size: 1rem\">A k\u00e1resem\u00e9nyt a <strong>Colonnade Insurance S.A. Assistance<\/strong>\u00a0r\u00e9sz\u00e9re kell bejelenteni:<br \/>\n<\/em><em style=\"font-size: 1rem\">E-mail: assistance@colonnade.hu, utaskar@colonnade.hu<br \/>\n<\/em><em style=\"font-size: 1rem\">Tel: +36 1 460-1500<\/em><\/li>\n<li><strong>V\u00e1rosmajori Klinika meghat\u00e1rozott munkav\u00e1llal\u00f3i r\u00e9sz\u00e9re sz\u00f3l\u00f3 Colonnade csoportos keretnapos utasbiztos\u00edt\u00e1s:<br \/>\n<\/strong><em>k\u00f6tv\u00e9nysz\u00e1m: 922 0000063<br \/>\n<\/em><em style=\"font-size: 1rem\">A k\u00e1resem\u00e9nyt a <strong>Colonnade Insurance S.A. Assistance<\/strong>\u00a0r\u00e9sz\u00e9re kell bejelenteni:<br \/>\n<\/em><em style=\"font-size: 1rem\">E-mail: assistance@colonnade.hu, utaskar@colonnade.hu<br \/>\n<\/em><em style=\"font-size: 1rem\">Tel: +36 1 460-1500<\/em><\/li>\n<li><strong>KEF-es egy\u00e9ni utasbiztos\u00edt\u00e1sok:<br \/>\n<\/strong><em>A k\u00e1rbejelent\u00e9s az adott utasbiztos\u00edt\u00f3 asszisztencia szolg\u00e1lata fel\u00e9 t\u00f6rt\u00e9nik a biztos\u00edt\u00e1si k\u00f6tv\u00e9nysz\u00e1mra val\u00f3 hivatkoz\u00e1ssal.<\/em><\/li>\n<\/ul>\n<\/li>\n<li><strong>Az Egyetem \u00fczemi baleseti felel\u0151ss\u00e9gbiztos\u00edt\u00e1sa<br \/>\n<\/strong><em style=\"font-size: 1rem\">A k\u00e1rt\u00e9r\u00edt\u00e9si ig\u00e9nyt a Semmelweis Egyetem <strong><a href=\"https:\/\/semmelweis.hu\/jogigfoig\/\" target=\"_blank\" rel=\"noopener\">Perk\u00e9pviseleti Igazgat\u00f3s\u00e1ga<\/a><\/strong><span style=\"font-size: 1rem\"> fel\u00e9 kell bejelenteni.<\/span><\/em><\/li>\n<li><strong>Biztos\u00edt\u00e1s-szakmai t\u00e1mogat\u00e1s ny\u00fajt\u00e1sa a k\u00e1rt elszenvedett munkav\u00e1llal\u00f3\/hallgat\u00f3 r\u00e9sz\u00e9re<br \/>\n<\/strong><em>A Szolg\u00e1ltat\u00e1si Igazgat\u00f3s\u00e1g munkat\u00e1rsai k\u00e9szs\u00e9ggel rendelkez\u00e9sre \u00e1llnak az egy\u00e9b, biztos\u00edt\u00e1si alap\u00fa k\u00e1rt\u00e9r\u00edt\u00e9si lehet\u0151s\u00e9gek sz\u00e1mbav\u00e9tel\u00e9hez.<\/em><br \/>\n<em>P\u00e9ld\u00e1ul: lak\u00e1sbiztos\u00edt\u00e1s, priv\u00e1t \u00e9let- \u00e9s balesetbiztos\u00edt\u00e1s<\/em><\/li>\n<\/ul>\n<p><strong>Tov\u00e1bbi biztos\u00edt\u00e1si vonatkoz\u00e1s lehet<\/strong><\/p>\n<ul>\n<li>a k\u00e1rokoz\u00f3 felel\u0151ss\u00e9gbiztos\u00edt\u00e1sa kapcs\u00e1n<\/li>\n<li>a k\u00e1rokoz\u00f3 k\u00f6telez\u0151 g\u00e9pj\u00e1rm\u0171-felel\u0151ss\u00e9gbiztos\u00edt\u00e1sa (KGFB) kapcs\u00e1n<\/li>\n<li>biztos\u00edt\u00e1s-szakmai t\u00e1mogat\u00e1s ny\u00fajt\u00e1sa a k\u00e1rt elszenvedett munkav\u00e1llal\u00f3\/hallgat\u00f3 r\u00e9sz\u00e9re<\/li>\n<\/ul>\n<p style=\"padding-left: 40px\">K\u00e9rd\u00e9s eset\u00e9n keresse <a href=\"https:\/\/semmelweis.hu\/telefonkonyv\/?emp_id=25470\" target=\"_blank\" rel=\"noopener\">T\u00f3th Istv\u00e1n<\/a> biztos\u00edt\u00e1si \u00fcgyint\u00e9z\u0151 koll\u00e9g\u00e1nkat.<br \/>\ne-mail: biztositas@semmelweis.hu<\/p>\n<p><strong>II. Munkav\u00e1llal\u00f3k, hallgat\u00f3k tulajdon\u00e1ban l\u00e9v\u0151 vagyont\u00e1rgyakban keletkezett k\u00e1rokhoz kapcsol\u00f3d\u00f3 egyetemi biztos\u00edt\u00e1sok<\/strong><\/p>\n<ul>\n<li><strong>Vagyonbiztos\u00edt\u00e1s<\/strong>\n<ul>\n<li><strong>\u00d6sszkock\u00e1zat\u00fa vagyonbiztos\u00edt\u00e1s (All Risks)<\/strong> \u2013 \u00e9p\u00fcletek, berendez\u00e9si t\u00e1rgyak, k\u00e9szletek k\u00e1rai eset\u00e9n:<br \/>\n<em>K\u00e1rbejelent\u00e9s:<br \/>\na kit\u00f6lt\u00f6tt <strong><a href=\"https:\/\/semmelweis.hu\/oik\/files\/2024\/12\/All-Risks-vagyonbiztositasi-karbejelento_202311.pdf\" target=\"_blank\" rel=\"noopener\">All Risks k\u00e1rbejelent\u0151 nyomtatv\u00e1ny <\/a><\/strong>megk\u00fcld\u00e9se sz\u00fcks\u00e9ges a biztositas@semmelweis.hu c\u00edmre.<\/em><\/li>\n<\/ul>\n<\/li>\n<li><strong>Az Egyetem \u00fczemi baleseti felel\u0151ss\u00e9gbiztos\u00edt\u00e1sa<br \/>\n<\/strong><em style=\"font-size: 1rem\">A k\u00e1rt\u00e9r\u00edt\u00e9si ig\u00e9nyt a Semmelweis Egyetem <strong><a href=\"https:\/\/semmelweis.hu\/jogigfoig\/\" target=\"_blank\" rel=\"noopener\">Perk\u00e9pviseleti Igazgat\u00f3s\u00e1ga<\/a><\/strong><span style=\"font-size: 1rem\"> fel\u00e9 kell bejelenteni.<\/span><\/em><\/li>\n<li><strong>G\u00e9pj\u00e1rm\u0171biztos\u00edt\u00e1sok<\/strong>:<br \/>\n<em>A k\u00e1resem\u00e9nyt a Semmelweis Egyetem<strong> <a href=\"https:\/\/semmelweis.hu\/mfi\/mfi-szervezetek\/logisztikai-osztaly\/\" target=\"_blank\" rel=\"noopener\">Logisztikai Oszt\u00e1lya<\/a><\/strong><span style=\"font-size: 1rem\"> fel\u00e9 kell bejelenteni.<br \/>\n<\/span><\/em><\/li>\n<li><strong>Utasbiztos\u00edt\u00e1sok<\/strong>\n<ul>\n<li><strong>Colonnade csoportos keretnapos utasbiztos\u00edt\u00e1s:<br \/>\n<\/strong><em>k\u00f6tv\u00e9nysz\u00e1m: 955 0000004<br \/>\n<\/em><em style=\"font-size: 1rem\">A k\u00e1resem\u00e9nyt a <strong>Colonnade Insurance S.A. Assistance<\/strong>\u00a0r\u00e9sz\u00e9re kell bejelenteni:<br \/>\n<\/em><em style=\"font-size: 1rem\">E-mail: assistance@colonnade.hu, utaskar@colonnade.hu<br \/>\n<\/em><em style=\"font-size: 1rem\">Tel: +36 1 460-1500<\/em><\/li>\n<li><strong>V\u00e1rosmajori Klinika meghat\u00e1rozott munkav\u00e1llal\u00f3i r\u00e9sz\u00e9re sz\u00f3l\u00f3 Colonnade csoportos keretnapos utasbiztos\u00edt\u00e1s:<br \/>\n<\/strong><em>k\u00f6tv\u00e9nysz\u00e1m: 922 0000063<br \/>\n<\/em><em style=\"font-size: 1rem\">A k\u00e1resem\u00e9nyt a <strong>Colonnade Insurance S.A. Assistance<\/strong>\u00a0r\u00e9sz\u00e9re kell bejelenteni:<br \/>\n<\/em><em style=\"font-size: 1rem\">E-mail: assistance@colonnade.hu, utaskar@colonnade.hu<br \/>\n<\/em><em style=\"font-size: 1rem\">Tel: +36 1 460-1500<\/em><\/li>\n<li><strong>KEF-es egy\u00e9ni utasbiztos\u00edt\u00e1sok:<br \/>\n<\/strong><em>A k\u00e1rbejelent\u00e9s az adott utasbiztos\u00edt\u00f3 asszisztencia szolg\u00e1lata fel\u00e9 t\u00f6rt\u00e9nik a biztos\u00edt\u00e1si k\u00f6tv\u00e9nysz\u00e1mra val\u00f3 hivatkoz\u00e1ssal.<\/em><\/li>\n<\/ul>\n<\/li>\n<\/ul>\n<p><strong>Tov\u00e1bbi biztos\u00edt\u00e1si vonatkoz\u00e1s lehet<\/strong><\/p>\n<ul>\n<li>A k\u00e1rokoz\u00f3 felel\u0151ss\u00e9gbiztos\u00edt\u00e1sa kapcs\u00e1n:<br \/>\n<em>A k\u00e1rt\u00e9r\u00edt\u00e9si ig\u00e9ny teljes\u00edt\u00e9se \u00e9rdek\u00e9ben javasoljuk a <strong><a href=\"https:\/\/semmelweis.hu\/jogigfoig\/\" target=\"_blank\" rel=\"noopener\">Perk\u00e9pviseleti Igazgat\u00f3s\u00e1g<\/a><\/strong> munkat\u00e1rsai felkeres\u00e9s\u00e9t.<\/p>\n<p><\/em><\/li>\n<li>A k\u00e1rokoz\u00f3 k\u00f6telez\u0151 g\u00e9pj\u00e1rm\u0171-felel\u0151ss\u00e9gbiztos\u00edt\u00e1sa (<strong>KGFB<\/strong>) kapcs\u00e1n:<br \/>\n<em>A k\u00e1resem\u00e9nyt a Semmelweis Egyetem<strong> <a href=\"https:\/\/semmelweis.hu\/mfi\/mfi-szervezetek\/logisztikai-osztaly\/\" target=\"_blank\" rel=\"noopener\">Logisztikai Oszt\u00e1lya<\/a><\/strong><span style=\"font-size: 1rem\"> fel\u00e9 kell bejelenteni.<\/span><\/em><br \/>\n<em>A k\u00e1rt\u00e9r\u00edt\u00e9si ig\u00e9ny teljes\u00edt\u00e9se \u00e9rdek\u00e9ben javasoljuk a <strong><a href=\"https:\/\/semmelweis.hu\/jogigfoig\/\" target=\"_blank\" rel=\"noopener\">Perk\u00e9pviseleti Igazgat\u00f3s\u00e1g<\/a><\/strong> munkat\u00e1rsai felkeres\u00e9s\u00e9t.<\/em><\/li>\n<\/ul>\n<ul>\n<li>Biztos\u00edt\u00e1s-szakmai t\u00e1mogat\u00e1s ny\u00fajt\u00e1sa a k\u00e1rt elszenvedett munkav\u00e1llal\u00f3\/hallgat\u00f3 r\u00e9sz\u00e9re.<\/li>\n<\/ul>\n<p>&nbsp;<\/p>\n<p><strong>III. Munkav\u00e1llal\u00f3k, hallgat\u00f3k utaz\u00e1sa k\u00e1resem\u00e9nyei eset\u00e9re sz\u00f3l\u00f3 egyetemi biztos\u00edt\u00e1sok<\/strong><\/p>\n<ul>\n<li><strong>Utasbiztos\u00edt\u00e1sok<\/strong>\n<ul>\n<li><strong>Colonnade csoportos keretnapos utasbiztos\u00edt\u00e1s:<br \/>\n<\/strong><em><strong>k\u00f6tv\u00e9nysz\u00e1m: 955 0000004<\/strong><br \/>\n<\/em><em style=\"font-size: 1rem\">A k\u00e1resem\u00e9nyt a <strong>Colonnade Insurance S.A. Assistance<\/strong>\u00a0r\u00e9sz\u00e9re kell bejelenteni:<br \/>\n<\/em><em style=\"font-size: 1rem\">E-mail: assistance@colonnade.hu, utaskar@colonnade.hu<br \/>\n<\/em><em style=\"font-size: 1rem\">Tel: +36 1 460-1500<\/em><\/li>\n<li><strong>V\u00e1rosmajori Klinika meghat\u00e1rozott munkav\u00e1llal\u00f3i r\u00e9sz\u00e9re sz\u00f3l\u00f3 Colonnade csoportos keretnapos utasbiztos\u00edt\u00e1s<br \/>\n<\/strong><em><strong>k\u00f6tv\u00e9nysz\u00e1m: 922 0000063<\/strong><br \/>\n<\/em><em style=\"font-size: 1rem\">A k\u00e1resem\u00e9nyt a <strong>Colonnade Insurance S.A. Assistance<\/strong> r\u00e9sz\u00e9re kell bejelenteni:<br \/>\n<\/em><em style=\"font-size: 1rem\">E-mail: assistance@colonnade.hu, utaskar@colonnade.hu<br \/>\n<\/em><em style=\"font-size: 1rem\">Tel: +36 1 460-1500<\/em><\/li>\n<li><strong>KEF-es egy\u00e9ni utasbiztos\u00edt\u00e1sok<br \/>\n<\/strong><em>A k\u00e1rbejelent\u00e9s az adott utasbiztos\u00edt\u00f3 asszisztencia szolg\u00e1lata fel\u00e9 t\u00f6rt\u00e9nik a biztos\u00edt\u00e1si k\u00f6tv\u00e9nysz\u00e1mra val\u00f3 hivatkoz\u00e1ssal.<\/em><\/li>\n<\/ul>\n<\/li>\n<\/ul>\n<p><a href=\"https:\/\/semmelweis.hu\/oik\/biztositasi-dokumentumtar\/\" target=\"_blank\" rel=\"noopener\">Dokumentumt\u00e1r<\/a><\/p>\n","protected":false},"excerpt":{"rendered":"<p>I. Munkav\u00e1llal\u00f3k, hallgat\u00f3k szem\u00e9lyi s\u00e9r\u00fcl\u00e9ssel j\u00e1r\u00f3 k\u00e1resem\u00e9nyei, hal\u00e1la eset\u00e9re sz\u00f3l\u00f3 egyetemi biztos\u00edt\u00e1sok \u00c9let-\u00e9s balesetbiztos\u00edt\u00e1sok Csoportos \u00e9let- \u00e9s balesetbiztos\u00edt\u00e1s (CS\u00c9B): <a href=\"https:\/\/semmelweis.hu\/oik\/files\/2024\/12\/CSEB-tajekoztato.pdf\" target=\"_blank\" rel=\"noopener\">CS\u00c9B t\u00e1j\u00e9koztat\u00f3<\/a> <a href=\"https:\/\/semmelweis.hu\/oik\/files\/2024\/12\/Semmelweis-Egyetem-MUTETI-LISTA-melleklet.pdf\" target=\"_blank\" rel=\"noopener\">M\u0171t\u00e9ti lista<\/a> (Munkav\u00e1llal\u00f3ink \u00e9s hallgat\u00f3ink azonos m\u00e9rt\u00e9k\u0171 biztos\u00edt\u00e1si szolg\u00e1ltat\u00e1st kapnak.) Kedvezm\u00e9nyezett-kijel\u00f6l\u00e9s: munkav\u00e1llal\u00f3 \u00e1ltali jel\u00f6l\u00e9s eset\u00e9n: <a href=\"https:\/\/semmelweis.hu\/oik\/files\/2024\/12\/AHE-21176-2M_Kedvezmenyezett_jelolo_Munkavallalok_kitoltheto.pdf\" target=\"_blank\" rel=\"noopener\">kedvezm\u00e9nyezett jel\u00f6l\u0151 nyilatkozat\u00a0<\/a> hallgat\u00f3\u00a0\u00e1ltali jel\u00f6l\u00e9s eset\u00e9n: <a href=\"https:\/\/semmelweis.hu\/oik\/files\/2024\/12\/AHE-21176-2H_Kedvezmenyezett_jelolo_Hallgatok_Kitoltheto.pdf\" target=\"_blank\" rel=\"noopener\">kedvezm\u00e9nyezett jel\u00f6l\u0151 nyilatkozat<\/a> Szolg\u00e1ltat\u00e1si ig\u00e9nybejelent\u00e9s: a kit\u00f6lt\u00f6tt <a href=\"https:\/\/semmelweis.hu\/oik\/files\/2024\/12\/AHE-_SE_Elet_egeszseg_baleset_kozos_karjelento_20240913.pdf\" target=\"_blank\" rel=\"noopener\">Szolg\u00e1ltat\u00e1si ig\u00e9nybejelent\u0151 <\/a> megk\u00fcld\u00e9se sz\u00fcks\u00e9ges a biztositas@semmelweis.hu c\u00edmre. Utasbiztos\u00edt\u00e1sok Colonnade csoportos keretnapos utasbiztos\u00edt\u00e1s: k\u00f6tv\u00e9nysz\u00e1m: 955 0000004 A k\u00e1resem\u00e9nyt a &hellip;<\/p>\n","protected":false},"author":101466,"featured_media":0,"parent":0,"menu_order":0,"comment_status":"closed","ping_status":"closed","template":"","meta":{"_acf_changed":false,"footnotes":""},"categories":[],"tags":[],"class_list":["post-1435","page","type-page","status-publish","hentry"],"acf":[],"_links":{"self":[{"href":"https:\/\/semmelweis.hu\/oik\/wp-json\/wp\/v2\/pages\/1435","targetHints":{"allow":["GET"]}}],"collection":[{"href":"https:\/\/semmelweis.hu\/oik\/wp-json\/wp\/v2\/pages"}],"about":[{"href":"https:\/\/semmelweis.hu\/oik\/wp-json\/wp\/v2\/types\/page"}],"author":[{"embeddable":true,"href":"https:\/\/semmelweis.hu\/oik\/wp-json\/wp\/v2\/users\/101466"}],"replies":[{"embeddable":true,"href":"https:\/\/semmelweis.hu\/oik\/wp-json\/wp\/v2\/comments?post=1435"}],"version-history":[{"count":10,"href":"https:\/\/semmelweis.hu\/oik\/wp-json\/wp\/v2\/pages\/1435\/revisions"}],"predecessor-version":[{"id":1646,"href":"https:\/\/semmelweis.hu\/oik\/wp-json\/wp\/v2\/pages\/1435\/revisions\/1646"}],"wp:attachment":[{"href":"https:\/\/semmelweis.hu\/oik\/wp-json\/wp\/v2\/media?parent=1435"}],"wp:term":[{"taxonomy":"category","embeddable":true,"href":"https:\/\/semmelweis.hu\/oik\/wp-json\/wp\/v2\/categories?post=1435"},{"taxonomy":"post_tag","embeddable":true,"href":"https:\/\/semmelweis.hu\/oik\/wp-json\/wp\/v2\/tags?post=1435"}],"curies":[{"name":"wp","href":"https:\/\/api.w.org\/{rel}","templated":true}]}}