{"id":1433,"date":"2024-11-20T16:01:20","date_gmt":"2024-11-20T15:01:20","guid":{"rendered":"https:\/\/semmelweis.hu\/oik\/?page_id=1433"},"modified":"2025-08-13T11:28:36","modified_gmt":"2025-08-13T09:28:36","slug":"egyetem-vagyontargyaiban-keletkezett-karok","status":"publish","type":"page","link":"https:\/\/semmelweis.hu\/oik\/egyetem-vagyontargyaiban-keletkezett-karok\/","title":{"rendered":"Egyetem vagyont\u00e1rgyaiban keletkezett k\u00e1rok megt\u00e9r\u00edt\u00e9se"},"content":{"rendered":"<p><strong>I. Egyetemi ingatlanokat\/ing\u00f3s\u00e1gokat \u00e9rt, \u00fan. m\u0171k\u00f6d\u00e9si kock\u00e1zatokb\u00f3l ered\u0151 k\u00e1rokhoz kapcsol\u00f3d\u00f3 biztos\u00edt\u00e1sokkal<\/strong><\/p>\n<ul>\n<li><strong>Vagyonbiztos\u00edt\u00e1sok<\/strong>\n<ul>\n<li><strong>\u00d6sszkock\u00e1zat\u00fa vagyonbiztos\u00edt\u00e1s (All Risks)<\/strong> \u2013 \u00e9p\u00fcletek, berendez\u00e9si t\u00e1rgyak, k\u00e9szletek k\u00e1rai eset\u00e9n:<br \/>\n<em>K\u00e1rbejelent\u00e9s:<br \/>\na kit\u00f6lt\u00f6tt <strong>All Risks k\u00e1rbejelent\u0151 nyomtatv\u00e1ny <\/strong>megk\u00fcld\u00e9se sz\u00fcks\u00e9ges a bako.janos@semmelweis.hu c\u00edmre.<br \/>\nA nyomtatv\u00e1ny el\u00e9r\u00e9shez kattintson az al\u00e1bbi linkre: <strong><a href=\"https:\/\/semmelweis.hu\/oik\/files\/2024\/12\/All-Risks-vagyonbiztositasi-karbejelento_202311.pdf\" target=\"_blank\" rel=\"noopener\">All Risks k\u00e1rbejelent\u0151 nyomtatv\u00e1ny<\/a><\/strong><\/em><\/li>\n<\/ul>\n<\/li>\n<\/ul>\n<ul>\n<li style=\"list-style-type: none\">\n<ul>\n<li><strong>Elektronikus berendez\u00e9sek vagyonbiztos\u00edt\u00e1sa (ELBER)<\/strong> \u2013 orvosi m\u0171szerek, sz\u00e1m\u00edt\u00e1stechnikai- \u00e9s telekommunik\u00e1ci\u00f3s eszk\u00f6z\u00f6k k\u00e1rai eset\u00e9n:<br \/>\n<em>K\u00e1rbejelent\u00e9shez sz\u00fcks\u00e9ges: a kit\u00f6lt\u00f6tt <strong>ELBER k\u00e1rbejelent\u0151 nyomtatv\u00e1ny <\/strong>megk\u00fcld\u00e9se a bako.janos@semmelweis.hu c\u00edmre.<br \/>\nA nyomtatv\u00e1ny el\u00e9r\u00e9shez kattintson az al\u00e1bbi linkre: <strong><a href=\"https:\/\/semmelweis.hu\/oik\/files\/2024\/12\/ELBER-vagyonbiztositasi-karbejelento_202311.pdf\" target=\"_blank\" rel=\"noopener\">ELBER k\u00e1rbejelent\u0151 nyomtatv\u00e1ny<\/a><\/strong><\/em><\/li>\n<\/ul>\n<\/li>\n<\/ul>\n<ul>\n<li><strong>Utasbiztos\u00edt\u00e1sok<\/strong><\/li>\n<\/ul>\n<p style=\"padding-left: 80px\"><strong>Kiz\u00e1r\u00f3lag k\u00fclf\u00f6ldre t\u00f6rt\u00e9n\u0151 hivatalos, Egyetem \u00e1ltali kik\u00fcldet\u00e9sekre vonatkozik!<br \/>\n<\/strong><\/p>\n<ul>\n<li style=\"list-style-type: none\">\n<ul>\n<li><strong>Colonnade csoportos keretnapos utasbiztos\u00edt\u00e1s:<br \/>\n<\/strong><em><strong>k\u00f6tv\u00e9nysz\u00e1m: 955 0000004<\/strong><br \/>\n<\/em><em style=\"font-size: 1rem\">A k\u00e1resem\u00e9nyt a <strong>Colonnade Insurance S.A. Assistance<\/strong>\u00a0r\u00e9sz\u00e9re kell bejelenteni:<br \/>\n<\/em><em style=\"font-size: 1rem\">E-mail: assistance@colonnade.hu, utaskar@colonnade.hu<br \/>\n<\/em><em style=\"font-size: 1rem\">Tel: +36 1 460-1500<\/em><\/li>\n<li><strong>V\u00e1rosmajori Klinika meghat\u00e1rozott munkav\u00e1llal\u00f3i r\u00e9sz\u00e9re sz\u00f3l\u00f3 Colonnade csoportos keretnapos utasbiztos\u00edt\u00e1s<br \/>\n<\/strong><em><strong>k\u00f6tv\u00e9nysz\u00e1m: 922 0000063<\/strong><br \/>\n<\/em><em style=\"font-size: 1rem\">A k\u00e1resem\u00e9nyt a <strong>Colonnade Insurance S.A. Assistance<\/strong> r\u00e9sz\u00e9re kell bejelenteni:<br \/>\n<\/em><em style=\"font-size: 1rem\">E-mail: assistance@colonnade.hu, utaskar@colonnade.hu<br \/>\n<\/em><em style=\"font-size: 1rem\">Tel: +36 1 460-1500<\/em><\/li>\n<li><strong>KEF-es egy\u00e9ni utasbiztos\u00edt\u00e1sok<br \/>\n<\/strong><em>A k\u00e1rbejelent\u00e9s az adott utasbiztos\u00edt\u00f3 asszisztencia szolg\u00e1lata fel\u00e9 t\u00f6rt\u00e9nik a biztos\u00edt\u00e1si k\u00f6tv\u00e9nysz\u00e1mra val\u00f3 hivatkoz\u00e1ssal.<\/em><\/li>\n<\/ul>\n<\/li>\n<\/ul>\n<ul>\n<li><strong>G\u00e9pj\u00e1rm\u0171biztos\u00edt\u00e1sok<\/strong>:<br \/>\n<em>A k\u00e1resem\u00e9nyt a Semmelweis Egyetem<strong> Logisztikai Oszt\u00e1lya<\/strong><span style=\"font-size: 1rem\"> fel\u00e9 kell bejelenteni. K\u00e9rj\u00fck, kattintson az al\u00e1bbi linkre:<br \/>\n<strong><a href=\"https:\/\/semmelweis.hu\/mfi\/mfi-szervezetek\/logisztikai-osztaly\/\" target=\"_blank\" rel=\"noopener\">Logisztikai Oszt\u00e1ly<\/a><\/strong><br \/>\n<\/span><\/em><\/li>\n<\/ul>\n<p>Megjegyz\u00e9s:<br \/>\nAmennyiben az egyetemi vagyont\u00e1rgyban okozott k\u00e1r vontakoz\u00e1s\u00e1ban a k\u00e1rokoz\u00f3 kil\u00e9te ismert, \u00fagy k\u00f6zvetlen\u00fcl a k\u00e1rokoz\u00f3 ir\u00e1ny\u00e1ba t\u00f6rt\u00e9n\u0151 elj\u00e1r\u00e1ssal is t\u00e9r\u00fclhet az Egyetemet \u00e9rt vagyoni k\u00e1r. Lsd. al\u00e1bb, a II. pont szerint.<\/p>\n<p>\n<strong>II. Egyetemi ingatlanokban\/ing\u00f3s\u00e1gokban m\u00e1sok (idegenek, besz\u00e1ll\u00edt\u00f3k) \u00e1ltal okozott k\u00e1rok eset\u00e9n<\/strong><\/p>\n<ul>\n<li><strong>Direktben a k\u00e1rokoz\u00f3 fel\u00e9 beny\u00fajtott k\u00e1rt\u00e9r\u00edt\u00e9si ig\u00e9nnyel, az \u0151 felel\u0151ss\u00e9gbiztos\u00edt\u00e1sa alapj\u00e1n:<\/strong><br \/>\n<em>A k\u00e1rt\u00e9r\u00edt\u00e9si ig\u00e9nyt a Semmelweis Egyetem <strong>Perk\u00e9pviseleti Igazgat\u00f3s\u00e1ga<\/strong><span style=\"font-size: 1rem\"> fel\u00e9 kell bejelenteni. K\u00e9rj\u00fck, kattintson az al\u00e1bbi linkre: <strong><a href=\"https:\/\/semmelweis.hu\/jogigfoig\/\" target=\"_blank\" rel=\"noopener\">Perk\u00e9pviseleti Igazgat\u00f3s\u00e1g<\/a><\/strong> <\/span><\/em><\/li>\n<\/ul>\n<ul>\n<li><strong>Az Egyetem vagyonbiztos\u00edt\u00e1sai bevon\u00e1s\u00e1val (amennyiben a k\u00e1rokoz\u00f3 r\u00e9sz\u00e9r\u0151l t\u00f6rt\u00e9n\u0151 k\u00e1rtalan\u00edt\u00e1s nem val\u00f3sul meg marad\u00e9ktalanul):<\/strong><br \/>\n<em>K\u00e1rbejelent\u00e9shez sz\u00fcks\u00e9ges: a kit\u00f6lt\u00f6tt <strong><a href=\"https:\/\/semmelweis.hu\/oik\/files\/2024\/12\/All-Risks-vagyonbiztositasi-karbejelento_202311.pdf\" target=\"_blank\" rel=\"noopener\">All Risks k\u00e1rbejelent\u0151 nyomtatv\u00e1ny <\/a><\/strong>megk\u00fcld\u00e9se a bako.janos@semmelweis.hu c\u00edmre.<\/em><\/li>\n<\/ul>\n<ul>\n<li><strong>A k\u00e1rokoz\u00f3 k\u00f6telez\u0151 <a href=\"https:\/\/semmelweis.hu\/mfi\/mfi-szervezetek\/logisztikai-osztaly\/\" target=\"_blank\" rel=\"noopener\">g\u00e9pj\u00e1rm\u0171-felel\u0151ss\u00e9gbiztos\u00edt\u00e1sa<\/a> (KGFB) alapj\u00e1n:<br \/>\n<\/strong><em>A k\u00e1resem\u00e9nyt a Semmelweis Egyetem<strong> Logisztikai Oszt\u00e1lya<\/strong><span style=\"font-size: 1rem\"> fel\u00e9 kell bejelenteni. K\u00e9rj\u00fck, kattintson az al\u00e1bbi linkre:<br \/>\n<strong><a href=\"https:\/\/semmelweis.hu\/mfi\/mfi-szervezetek\/logisztikai-osztaly\/\" target=\"_blank\" rel=\"noopener\">Logisztikai Oszt\u00e1ly<\/a><\/strong><\/span><\/em><br \/>\n<em>A k\u00e1rt\u00e9r\u00edt\u00e9si ig\u00e9ny teljes\u00edt\u00e9se \u00e9rdek\u00e9ben javasoljuk a <strong><a href=\"https:\/\/semmelweis.hu\/jogigfoig\/\" target=\"_blank\" rel=\"noopener\">Perk\u00e9pviseleti Igazgat\u00f3s\u00e1g<\/a><\/strong> munkat\u00e1rsai felkeres\u00e9s\u00e9t.<\/em><\/li>\n<\/ul>\n<ul>\n<li><strong>Az Egyetem<a href=\"https:\/\/semmelweis.hu\/mfi\/mfi-szervezetek\/logisztikai-osztaly\/\" target=\"_blank\" rel=\"noopener\"> CASCO <\/a>biztos\u00edt\u00e1sa bevon\u00e1s\u00e1val (amennyiben a k\u00e1rokoz\u00f3 r\u00e9sz\u00e9r\u0151l t\u00f6rt\u00e9n\u0151 k\u00e1rtalan\u00edt\u00e1s nem val\u00f3sul meg marad\u00e9ktalanul):<\/strong><br \/>\n<em>A k\u00e1resem\u00e9nyt a Semmelweis Egyetem<strong> Logisztikai Oszt\u00e1lya<\/strong><span style=\"font-size: 1rem\"> fel\u00e9 kell bejelenteni. K\u00e9rj\u00fck, kattintson az al\u00e1bbi linkre:<br \/>\n<strong><a href=\"https:\/\/semmelweis.hu\/mfi\/mfi-szervezetek\/logisztikai-osztaly\/\" target=\"_blank\" rel=\"noopener\">Logisztikai Oszt\u00e1ly<\/a><\/strong><\/span><\/em><\/li>\n<\/ul>\n<p>K\u00e9rd\u00e9s eset\u00e9n keresse <a href=\"https:\/\/semmelweis.hu\/telefonkonyv\/?emp_id=25470\" target=\"_blank\" rel=\"noopener\">T\u00f3th Istv\u00e1n<\/a> biztos\u00edt\u00e1si \u00fcgyint\u00e9z\u0151 koll\u00e9g\u00e1nkat.<\/p>\n<p>E-mail: biztositas@semmelweis.hu<\/p>\n<p>A k\u00e1rbejelent\u00e9st a biztos\u00edt\u00e1si esem\u00e9nyt k\u00f6vet\u0151 2 munkanapon bel\u00fcl sz\u00fcks\u00e9ges a Biztos\u00edt\u00f3 fel\u00e9 bejelenteni.<\/p>\n<p><a href=\"https:\/\/semmelweis.hu\/oik\/biztositasi-dokumentumtar\/\" target=\"_blank\" rel=\"noopener\">Dokumentumt\u00e1r<\/a><\/p>\n","protected":false},"excerpt":{"rendered":"<p>I. Egyetemi ingatlanokat\/ing\u00f3s\u00e1gokat \u00e9rt, \u00fan. m\u0171k\u00f6d\u00e9si kock\u00e1zatokb\u00f3l ered\u0151 k\u00e1rokhoz kapcsol\u00f3d\u00f3 biztos\u00edt\u00e1sokkal Vagyonbiztos\u00edt\u00e1sok \u00d6sszkock\u00e1zat\u00fa vagyonbiztos\u00edt\u00e1s (All Risks) \u2013 \u00e9p\u00fcletek, berendez\u00e9si t\u00e1rgyak, k\u00e9szletek k\u00e1rai eset\u00e9n: K\u00e1rbejelent\u00e9s: a kit\u00f6lt\u00f6tt All Risks k\u00e1rbejelent\u0151 nyomtatv\u00e1ny megk\u00fcld\u00e9se sz\u00fcks\u00e9ges a bako.janos@semmelweis.hu c\u00edmre. A nyomtatv\u00e1ny el\u00e9r\u00e9shez kattintson az al\u00e1bbi linkre: <a href=\"https:\/\/semmelweis.hu\/oik\/files\/2024\/12\/All-Risks-vagyonbiztositasi-karbejelento_202311.pdf\" target=\"_blank\" rel=\"noopener\">All Risks k\u00e1rbejelent\u0151 nyomtatv\u00e1ny<\/a> Elektronikus berendez\u00e9sek vagyonbiztos\u00edt\u00e1sa (ELBER) \u2013 orvosi m\u0171szerek, sz\u00e1m\u00edt\u00e1stechnikai- \u00e9s telekommunik\u00e1ci\u00f3s eszk\u00f6z\u00f6k k\u00e1rai eset\u00e9n: &hellip;<\/p>\n","protected":false},"author":101466,"featured_media":0,"parent":0,"menu_order":0,"comment_status":"closed","ping_status":"closed","template":"","meta":{"_acf_changed":false,"footnotes":""},"categories":[],"tags":[],"class_list":["post-1433","page","type-page","status-publish","hentry"],"acf":[],"_links":{"self":[{"href":"https:\/\/semmelweis.hu\/oik\/wp-json\/wp\/v2\/pages\/1433","targetHints":{"allow":["GET"]}}],"collection":[{"href":"https:\/\/semmelweis.hu\/oik\/wp-json\/wp\/v2\/pages"}],"about":[{"href":"https:\/\/semmelweis.hu\/oik\/wp-json\/wp\/v2\/types\/page"}],"author":[{"embeddable":true,"href":"https:\/\/semmelweis.hu\/oik\/wp-json\/wp\/v2\/users\/101466"}],"replies":[{"embeddable":true,"href":"https:\/\/semmelweis.hu\/oik\/wp-json\/wp\/v2\/comments?post=1433"}],"version-history":[{"count":10,"href":"https:\/\/semmelweis.hu\/oik\/wp-json\/wp\/v2\/pages\/1433\/revisions"}],"predecessor-version":[{"id":1645,"href":"https:\/\/semmelweis.hu\/oik\/wp-json\/wp\/v2\/pages\/1433\/revisions\/1645"}],"wp:attachment":[{"href":"https:\/\/semmelweis.hu\/oik\/wp-json\/wp\/v2\/media?parent=1433"}],"wp:term":[{"taxonomy":"category","embeddable":true,"href":"https:\/\/semmelweis.hu\/oik\/wp-json\/wp\/v2\/categories?post=1433"},{"taxonomy":"post_tag","embeddable":true,"href":"https:\/\/semmelweis.hu\/oik\/wp-json\/wp\/v2\/tags?post=1433"}],"curies":[{"name":"wp","href":"https:\/\/api.w.org\/{rel}","templated":true}]}}