{"id":1418,"date":"2024-11-20T15:57:50","date_gmt":"2024-11-20T14:57:50","guid":{"rendered":"https:\/\/semmelweis.hu\/oik\/?page_id=1418"},"modified":"2025-08-13T11:30:31","modified_gmt":"2025-08-13T09:30:31","slug":"biztositas","status":"publish","type":"page","link":"https:\/\/semmelweis.hu\/oik\/biztositas\/","title":{"rendered":"Biztos\u00edt\u00e1s"},"content":{"rendered":"<p><strong>Biztos\u00edt\u00e1si szolg\u00e1ltat\u00e1sok<\/strong><\/p>\n<p>A Szolg\u00e1ltat\u00e1si Igazgat\u00f3s\u00e1g az al\u00e1bb l\u00e1that\u00f3 biztos\u00edt\u00e1si t\u00e9m\u00e1kban tud \u00fcgyint\u00e9z\u0151i \u00e9s tan\u00e1csad\u00f3i seg\u00edts\u00e9get ny\u00fajtani az egyetemi polg\u00e1rok r\u00e9sz\u00e9re:<\/p>\n<p><a href=\"https:\/\/semmelweis.hu\/oik\/?page_id=1433&amp;preview=true\">Egyetem vagyont\u00e1rgyaiban keletkezett k\u00e1rok<\/a><\/p>\n<p style=\"padding-left: 40px\">I. Egyetemi ingatlanokat\/ing\u00f3s\u00e1gokat \u00e9rt k\u00e1rok<br \/>\nII. Egyetemi ingatlanokban\/ing\u00f3s\u00e1gokban m\u00e1sok \u00e1ltal okozott k\u00e1rok<\/p>\n<p><a href=\"https:\/\/semmelweis.hu\/oik\/?page_id=1435&amp;preview=true\">Munkav\u00e1llal\u00f3k, hallgat\u00f3k k\u00e1rai<\/a><\/p>\n<p style=\"padding-left: 40px\">I. Munkav\u00e1llal\u00f3k, hallgat\u00f3k szem\u00e9lyi s\u00e9r\u00fcl\u00e9ssel j\u00e1r\u00f3 k\u00e1resem\u00e9nyei, hal\u00e1la eset\u00e9n<br \/>\nII. Munkav\u00e1llal\u00f3k, hallgat\u00f3k tulajdon\u00e1ban l\u00e9v\u0151 vagyont\u00e1rgyakban keletkezett k\u00e1rok<br \/>\nIII. Munkav\u00e1llal\u00f3k, hallgat\u00f3k utaz\u00e1sa k\u00e1resem\u00e9nyei eset\u00e9n<\/p>\n<p><a href=\"https:\/\/semmelweis.hu\/oik\/?page_id=1437&amp;preview=true\">M\u00e1soknak okozott (felel\u0151ss\u00e9gi) k\u00e1rok<\/a><\/p>\n<p style=\"padding-left: 40px\">I. Az Egyetem \u00e1ltal nem egyetemi ingatlanban\/ing\u00f3s\u00e1gban okozott felel\u0151ss\u00e9gi k\u00e1rok<br \/>\nII. Egyetemi ingatlanokban\/ing\u00f3s\u00e1gokban m\u00e1sok \u00e1ltal okozott k\u00e1rok<br \/>\nIII. Az egyetemi munkav\u00e1llal\u00f3k\/hallgat\u00f3k, valamint a besz\u00e1ll\u00edt\u00f3k vagyont\u00e1rgyaiban m\u00e1sok \u00e1ltal okozott k\u00e1rok<\/p>\n<p><a href=\"https:\/\/semmelweis.hu\/oik\/biztositasi-dokumentumtar\/\" target=\"_blank\" rel=\"noopener\">Dokumentumt\u00e1r<\/a><\/p>\n<p><strong>Munkat\u00e1rsaink:<\/strong><\/p>\n<p><a href=\"https:\/\/semmelweis.hu\/telefonkonyv\/?emp_id=25470\" target=\"_blank\" rel=\"noopener\">T\u00f3th Istv\u00e1n<\/a>, biztos\u00edt\u00e1si koordin\u00e1tor<br \/>\n+36 30 878 1054<\/p>\n<p>E-mail: <a href=\"mailto:biztositas@semmelweis.hu\">biztositas@semmelweis.hu<\/a><\/p>\n<p><a href=\"https:\/\/semmelweis.hu\/telefonkonyv\/?emp_id=19651\" target=\"_blank\" rel=\"noopener\">Bak\u00f3 J\u00e1nos<\/a>, biztos\u00edt\u00e1si szak\u00e9rt\u0151<br \/>\n&#8211; tart\u00f3san t\u00e1vol<\/p>\n","protected":false},"excerpt":{"rendered":"<p>Biztos\u00edt\u00e1si szolg\u00e1ltat\u00e1sok A Szolg\u00e1ltat\u00e1si Igazgat\u00f3s\u00e1g az al\u00e1bb l\u00e1that\u00f3 biztos\u00edt\u00e1si t\u00e9m\u00e1kban tud \u00fcgyint\u00e9z\u0151i \u00e9s tan\u00e1csad\u00f3i seg\u00edts\u00e9get ny\u00fajtani az egyetemi polg\u00e1rok r\u00e9sz\u00e9re: <a href=\"https:\/\/semmelweis.hu\/oik\/?page_id=1433&amp;preview=true\">Egyetem vagyont\u00e1rgyaiban keletkezett k\u00e1rok<\/a> I. Egyetemi ingatlanokat\/ing\u00f3s\u00e1gokat \u00e9rt k\u00e1rok II. Egyetemi ingatlanokban\/ing\u00f3s\u00e1gokban m\u00e1sok \u00e1ltal okozott k\u00e1rok <a href=\"https:\/\/semmelweis.hu\/oik\/?page_id=1435&amp;preview=true\">Munkav\u00e1llal\u00f3k, hallgat\u00f3k k\u00e1rai<\/a> I. Munkav\u00e1llal\u00f3k, hallgat\u00f3k szem\u00e9lyi s\u00e9r\u00fcl\u00e9ssel j\u00e1r\u00f3 k\u00e1resem\u00e9nyei, hal\u00e1la eset\u00e9n II. Munkav\u00e1llal\u00f3k, hallgat\u00f3k tulajdon\u00e1ban l\u00e9v\u0151 vagyont\u00e1rgyakban keletkezett k\u00e1rok III. Munkav\u00e1llal\u00f3k, hallgat\u00f3k utaz\u00e1sa k\u00e1resem\u00e9nyei eset\u00e9n &hellip;<\/p>\n","protected":false},"author":101466,"featured_media":0,"parent":0,"menu_order":0,"comment_status":"closed","ping_status":"closed","template":"","meta":{"_acf_changed":false,"footnotes":""},"categories":[],"tags":[33,28,22,36,37,40,24,35,29,38,25,26,41,34,23,43,32,42,31,39,30,27],"class_list":["post-1418","page","type-page","status-publish","hentry","tag-baleset","tag-balesetbiztositas","tag-biztositas","tag-biztositasi","tag-biztositasok","tag-casco","tag-cseb","tag-csonttores","tag-eletbiztositas","tag-epuletbiztositas","tag-felelosseg","tag-felelossegbiztositas","tag-gfb","tag-halal","tag-insurance","tag-kar","tag-karesemeny","tag-kgfb","tag-muszerbiztositas","tag-szemelybiztositas","tag-utasbiztositas","tag-vagyonbiztositas"],"acf":[],"_links":{"self":[{"href":"https:\/\/semmelweis.hu\/oik\/wp-json\/wp\/v2\/pages\/1418","targetHints":{"allow":["GET"]}}],"collection":[{"href":"https:\/\/semmelweis.hu\/oik\/wp-json\/wp\/v2\/pages"}],"about":[{"href":"https:\/\/semmelweis.hu\/oik\/wp-json\/wp\/v2\/types\/page"}],"author":[{"embeddable":true,"href":"https:\/\/semmelweis.hu\/oik\/wp-json\/wp\/v2\/users\/101466"}],"replies":[{"embeddable":true,"href":"https:\/\/semmelweis.hu\/oik\/wp-json\/wp\/v2\/comments?post=1418"}],"version-history":[{"count":10,"href":"https:\/\/semmelweis.hu\/oik\/wp-json\/wp\/v2\/pages\/1418\/revisions"}],"predecessor-version":[{"id":1644,"href":"https:\/\/semmelweis.hu\/oik\/wp-json\/wp\/v2\/pages\/1418\/revisions\/1644"}],"wp:attachment":[{"href":"https:\/\/semmelweis.hu\/oik\/wp-json\/wp\/v2\/media?parent=1418"}],"wp:term":[{"taxonomy":"category","embeddable":true,"href":"https:\/\/semmelweis.hu\/oik\/wp-json\/wp\/v2\/categories?post=1418"},{"taxonomy":"post_tag","embeddable":true,"href":"https:\/\/semmelweis.hu\/oik\/wp-json\/wp\/v2\/tags?post=1418"}],"curies":[{"name":"wp","href":"https:\/\/api.w.org\/{rel}","templated":true}]}}