{"id":76,"date":"2012-07-16T13:57:03","date_gmt":"2012-07-16T11:57:03","guid":{"rendered":"http:\/\/semmelweis-egyetem.hu\/nuklearis-medicina\/?page_id=76"},"modified":"2026-04-16T11:02:43","modified_gmt":"2026-04-16T09:02:43","slug":"tdk","status":"publish","type":"page","link":"https:\/\/semmelweis.hu\/nuklearis-medicina\/oktatas\/tdk\/","title":{"rendered":"TDK"},"content":{"rendered":"<p style=\"text-align: center\"><strong>A Nukle\u00e1ris Medicina Tansz\u00e9k \u00e1ltal<\/strong><\/p>\n<p style=\"text-align: center\"><strong>\u00a0meghirdetett TDK t\u00e9m\u00e1k \u00e9s Rektori P\u00e1lyat\u00e9telek<\/strong><\/p>\n<ol>\n<li>PET\/CT vizsg\u00e1lat szerepe eml\u0151tumorok primer sziszt\u00e9m\u00e1s kezel\u00e9se sor\u00e1n (Dr. Gy\u00f6rke Tam\u00e1s PhD, Dr. Barra Magdolna)<\/li>\n<li>PET\/CT vizg\u00e1lat szerepe a gyermekkori sarcom\u00e1k vizsg\u00e1lat\u00e1ban (Dr. Gy\u00f6rke Tam\u00e1s PhD, Dr. Magyar Bogl\u00e1rka)<\/li>\n<li>Emboliz\u00e1ci\u00f3s radiol\u00f3giai intervenci\u00f3k \u00e9s a nukle\u00e1ris medicina kapcsolata (Dr. Czibor S\u00e1ndor PhD, Dr. Bibok Andr\u00e1s PhD)<\/li>\n<li>Nem-kissejtes t\u00fcd\u0151tumorok PD-L1 expresszi\u00f3s st\u00e1tusz\u00e1nak meghat\u00e1roz\u00e1sa FDG-PET\/CT-felv\u00e9telek radiomikai elemz\u00e9s\u00e9vel (dr. Kiss Fanni J\u00falia, Dr. Gy\u00f6rke Tam\u00e1s PhD)<\/li>\n<li>FDG-PET\/CT optim\u00e1lis id\u0151z\u00edt\u00e9se TAVI beavatkoz\u00e1st k\u00f6vet\u0151en (dr. Kiss Fanni J\u00falia, dr. Kelemen N\u00e1ndor Rich\u00e1rd)<\/li>\n<li>DOPA-PET\/CT potenci\u00e1lis szerepe t\u00fcd\u0151 neuroendokrin tumorok diagnosztik\u00e1j\u00e1ban (dr. Kiss Fanni J\u00falia, dr. Kelemen N\u00e1ndor Rich\u00e1rd)<\/li>\n<li>FCH-PET\/CT eredm\u00e9nyess\u00e9ge \u00e9s hozz\u00e1adott \u00e9rt\u00e9ke primer hyperparathyreosisban (Dr. Gy\u00f6rke Tam\u00e1s PhD, dr. Fendrik Gyula Farkas, dr. Kiss Fanni J\u00falia)<\/li>\n<li>FAPI PET\/CT szerepe interstitialis t\u00fcd\u0151betegs\u00e9gben (Dr. med. habil. T\u00e1rnoki D\u00e1vid L\u00e1szl\u00f3 PhD)<\/li>\n<li>Preklinikai \u00e9s klinikai k\u00e9palkot\u00e1si v\u00e9gpontok harmoniz\u00e1ci\u00f3ja \u00faj radiogy\u00f3gyszer\u00e9szeti fejleszt\u00e9sek \u00e9rt\u00e9kel\u00e9s\u00e9ben (Dr. Forg\u00e1ch L\u00e1szl\u00f3 PhD, Dr. B\u00fas Katalin)<\/li>\n<\/ol>\n<p>&nbsp;<\/p>\n","protected":false},"excerpt":{"rendered":"<p>A Nukle\u00e1ris Medicina Tansz\u00e9k \u00e1ltal \u00a0meghirdetett TDK t\u00e9m\u00e1k \u00e9s Rektori P\u00e1lyat\u00e9telek PET\/CT vizsg\u00e1lat szerepe eml\u0151tumorok primer sziszt\u00e9m\u00e1s kezel\u00e9se sor\u00e1n (Dr. Gy\u00f6rke Tam\u00e1s PhD, Dr. Barra Magdolna) PET\/CT vizg\u00e1lat szerepe a gyermekkori sarcom\u00e1k vizsg\u00e1lat\u00e1ban (Dr. Gy\u00f6rke Tam\u00e1s PhD, Dr. Magyar Bogl\u00e1rka) Emboliz\u00e1ci\u00f3s radiol\u00f3giai intervenci\u00f3k \u00e9s a nukle\u00e1ris medicina kapcsolata (Dr. Czibor S\u00e1ndor PhD, Dr. Bibok Andr\u00e1s &hellip;<\/p>\n","protected":false},"author":101135,"featured_media":0,"parent":33,"menu_order":2,"comment_status":"open","ping_status":"open","template":"","meta":{"_acf_changed":false,"footnotes":""},"categories":[],"tags":[],"class_list":["post-76","page","type-page","status-publish","hentry"],"acf":[],"_links":{"self":[{"href":"https:\/\/semmelweis.hu\/nuklearis-medicina\/wp-json\/wp\/v2\/pages\/76","targetHints":{"allow":["GET"]}}],"collection":[{"href":"https:\/\/semmelweis.hu\/nuklearis-medicina\/wp-json\/wp\/v2\/pages"}],"about":[{"href":"https:\/\/semmelweis.hu\/nuklearis-medicina\/wp-json\/wp\/v2\/types\/page"}],"author":[{"embeddable":true,"href":"https:\/\/semmelweis.hu\/nuklearis-medicina\/wp-json\/wp\/v2\/users\/101135"}],"replies":[{"embeddable":true,"href":"https:\/\/semmelweis.hu\/nuklearis-medicina\/wp-json\/wp\/v2\/comments?post=76"}],"version-history":[{"count":10,"href":"https:\/\/semmelweis.hu\/nuklearis-medicina\/wp-json\/wp\/v2\/pages\/76\/revisions"}],"predecessor-version":[{"id":633,"href":"https:\/\/semmelweis.hu\/nuklearis-medicina\/wp-json\/wp\/v2\/pages\/76\/revisions\/633"}],"up":[{"embeddable":true,"href":"https:\/\/semmelweis.hu\/nuklearis-medicina\/wp-json\/wp\/v2\/pages\/33"}],"wp:attachment":[{"href":"https:\/\/semmelweis.hu\/nuklearis-medicina\/wp-json\/wp\/v2\/media?parent=76"}],"wp:term":[{"taxonomy":"category","embeddable":true,"href":"https:\/\/semmelweis.hu\/nuklearis-medicina\/wp-json\/wp\/v2\/categories?post=76"},{"taxonomy":"post_tag","embeddable":true,"href":"https:\/\/semmelweis.hu\/nuklearis-medicina\/wp-json\/wp\/v2\/tags?post=76"}],"curies":[{"name":"wp","href":"https:\/\/api.w.org\/{rel}","templated":true}]}}