{"id":75,"date":"2012-07-16T13:56:04","date_gmt":"2012-07-16T11:56:04","guid":{"rendered":"http:\/\/semmelweis-egyetem.hu\/nuklearis-medicina\/?page_id=75"},"modified":"2024-11-07T10:09:05","modified_gmt":"2024-11-07T09:09:05","slug":"tovabbkepzes","status":"publish","type":"page","link":"https:\/\/semmelweis.hu\/nuklearis-medicina\/oktatas\/tovabbkepzes\/","title":{"rendered":"Tov\u00e1bbk\u00e9pz\u00e9s"},"content":{"rendered":"<p>A Nukle\u00e1ris Medicina Tansz\u00e9k, a nukle\u00e1ris medicina szakter\u00fcleten a folyamatos tov\u00e1bbk\u00e9pz\u00e9sben orsz\u00e1gosan vezet\u0151 szerepet j\u00e1tszik, \u00e9vek \u00f3ta szervezi a k\u00f6telez\u0151 szintentart\u00f3 tanfolyamait.<\/p>\n<div id=\"GroupWiseSection_1579519694000_barra.magdolna@med.semmelweis-univ.hu_3F822381158F0000B4706F6437366334_\" class=\"GroupWiseMessageBody\">\n<div><a href=\"https:\/\/semmelweis.hu\/nuklearis-medicina\/oktatas\/tovabbkepzes\/eloadas-anyagok\/\"><strong>Nukle\u00e1ris medicina szintentart\u00f3 \u00e9s szakvizsga el\u0151k\u00e9sz\u00edt\u0151 tanfolyam 2024 <span data-olk-copy-source=\"MessageBody\">november 7-8. \u00e9s 21-22.<\/span> el\u0151ad\u00e1s anyagok<\/strong><\/a><\/div>\n<\/div>\n<div>\u00a0<\/div>\n","protected":false},"excerpt":{"rendered":"<p>A Nukle\u00e1ris Medicina Tansz\u00e9k, a nukle\u00e1ris medicina szakter\u00fcleten a folyamatos tov\u00e1bbk\u00e9pz\u00e9sben orsz\u00e1gosan vezet\u0151 szerepet j\u00e1tszik, \u00e9vek \u00f3ta szervezi a k\u00f6telez\u0151 szintentart\u00f3 tanfolyamait.<\/p>\n<p><a href=\"https:\/\/semmelweis.hu\/nuklearis-medicina\/oktatas\/tovabbkepzes\/eloadas-anyagok\/\">Nukle\u00e1ris medicina szintentart\u00f3 \u00e9s szakvizsga el\u0151k\u00e9sz\u00edt\u0151 tanfolyam 2024 november 7-8. \u00e9s 21-22. el\u0151ad\u00e1s anyagok<\/a><\/p>\n<p>\u00a0<\/p>\n","protected":false},"author":49,"featured_media":0,"parent":33,"menu_order":6,"comment_status":"closed","ping_status":"closed","template":"","meta":{"_acf_changed":false,"footnotes":""},"categories":[],"tags":[],"class_list":["post-75","page","type-page","status-publish","hentry"],"acf":[],"_links":{"self":[{"href":"https:\/\/semmelweis.hu\/nuklearis-medicina\/wp-json\/wp\/v2\/pages\/75","targetHints":{"allow":["GET"]}}],"collection":[{"href":"https:\/\/semmelweis.hu\/nuklearis-medicina\/wp-json\/wp\/v2\/pages"}],"about":[{"href":"https:\/\/semmelweis.hu\/nuklearis-medicina\/wp-json\/wp\/v2\/types\/page"}],"author":[{"embeddable":true,"href":"https:\/\/semmelweis.hu\/nuklearis-medicina\/wp-json\/wp\/v2\/users\/49"}],"replies":[{"embeddable":true,"href":"https:\/\/semmelweis.hu\/nuklearis-medicina\/wp-json\/wp\/v2\/comments?post=75"}],"version-history":[{"count":12,"href":"https:\/\/semmelweis.hu\/nuklearis-medicina\/wp-json\/wp\/v2\/pages\/75\/revisions"}],"predecessor-version":[{"id":573,"href":"https:\/\/semmelweis.hu\/nuklearis-medicina\/wp-json\/wp\/v2\/pages\/75\/revisions\/573"}],"up":[{"embeddable":true,"href":"https:\/\/semmelweis.hu\/nuklearis-medicina\/wp-json\/wp\/v2\/pages\/33"}],"wp:attachment":[{"href":"https:\/\/semmelweis.hu\/nuklearis-medicina\/wp-json\/wp\/v2\/media?parent=75"}],"wp:term":[{"taxonomy":"category","embeddable":true,"href":"https:\/\/semmelweis.hu\/nuklearis-medicina\/wp-json\/wp\/v2\/categories?post=75"},{"taxonomy":"post_tag","embeddable":true,"href":"https:\/\/semmelweis.hu\/nuklearis-medicina\/wp-json\/wp\/v2\/tags?post=75"}],"curies":[{"name":"wp","href":"https:\/\/api.w.org\/{rel}","templated":true}]}}