{"id":74,"date":"2012-07-16T13:55:33","date_gmt":"2012-07-16T11:55:33","guid":{"rendered":"http:\/\/semmelweis-egyetem.hu\/nuklearis-medicina\/?page_id=74"},"modified":"2018-09-28T16:25:12","modified_gmt":"2018-09-28T14:25:12","slug":"szakkepzes","status":"publish","type":"page","link":"https:\/\/semmelweis.hu\/nuklearis-medicina\/oktatas\/szakkepzes\/","title":{"rendered":"Szakk\u00e9pz\u00e9s"},"content":{"rendered":"<p>A K\u00f6zpont a nukle\u00e1ris medicina szakk\u00e9pz\u00e9sre teljes k\u00f6r\u0171 akkredit\u00e1ci\u00f3val b\u00edr, k\u00e9t munkat\u00e1rsa a Nemzeti Vizsgabizotts\u00e1g tagja. Akkredit\u00e1lt k\u00e9pz\u0151hely a radiol\u00f3gia, klinikai onkol\u00f3gia \u00e9s sug\u00e1rter\u00e1pia szakk\u00e9pz\u00e9sben r\u00e9sztvev\u0151k nukle\u00e1ris medicina gyakorlataira. A K\u00f6zpont igazgat\u00f3ja, ill. a Tansz\u00e9ki Csoport vezet\u0151je a Semmelweis Egyetem Nukle\u00e1ris Medicina Szakmai Gr\u00e9mium\u00e1nak eln\u00f6ke.<\/p>\n<p>\n<\/p>\n<p><u>JAVASLAT a nukle\u00e1ris medicina szakvizsga k\u00e9rd\u00e9sekre:<\/u><\/p>\n<p>Alaptudom\u00e1nyok:<\/p>\n<ol>\n<li>A nukle\u00e1ris medicin\u00e1ban haszn\u00e1latos legfontosabb radioizot\u00f3pok, sug\u00e1rz\u00e1suk t\u00edpusai, el\u0151\u00e1ll\u00edt\u00e1suk<\/li>\n<li>A Tc-99m-gener\u00e1tor. A Tc-99m el\u0151nyei<\/li>\n<li>Radiofarmakon d\u00fasul\u00e1si mechanizmusai<\/li>\n<li>Az izot\u00f3pter\u00e1pi\u00e1s radiofarmakonok<\/li>\n<li>Az ioniz\u00e1l\u00f3 sug\u00e1rz\u00e1s \u00e9s az anyag k\u00f6lcs\u00f6nhat\u00e1sai<\/li>\n<li>A sug\u00e1rz\u00e1sok biol\u00f3giai hat\u00e1sa<\/li>\n<li>A sug\u00e1rv\u00e9delem alapelvei<\/li>\n<li>K\u00e9pfeldolgoz\u00e1s a nukle\u00e1ris medicin\u00e1ban<\/li>\n<li>K\u00e9parchiv\u00e1l\u00f3 \u00e9s \u2013\u00e1tviteli rendszerek (PACS)<\/li>\n<li>Az Anger t\u00edpus\u00fa gamma kamera fel\u00e9p\u00edt\u00e9se. Adatgy\u0171jt\u00e9s t\u00edpusai gamma kamer\u00e1val<\/li>\n<li>A PET fel\u00e9p\u00edt\u00e9se<\/li>\n<li>Hibrid berendez\u00e9sek a nukle\u00e1ris medicin\u00e1ban<\/li>\n<li>A radiol\u00f3gia \u00e9s a nukle\u00e1ris medicina kapcsolata<\/li>\n<li>Az in vitro izot\u00f3pdiagnosztika alapjai<\/li>\n<\/ol>\n<p>&nbsp;<\/p>\n<p>A klinikai nukle\u00e1ris medicina:<\/p>\n<ol>\n<li>Pajzsmirigy szcintigr\u00e1fia<\/li>\n<li>Az endokrin szervek izot\u00f3pdiagnosztik\u00e1ja (a pajzsmirigy kiv\u00e9tel\u00e9vel)<\/li>\n<li>A nukle\u00e1ris kardiol\u00f3gia m\u00f3dszerei<\/li>\n<li>A vese radioizot\u00f3pos vizsg\u00e1lata<\/li>\n<li>A t\u00fcd\u0151szcintigr\u00e1fia<\/li>\n<li>A csontszcintigr\u00e1fia<\/li>\n<li>Neuropszichi\u00e1triai izot\u00f3pdiagnosztika<\/li>\n<li>Gasztroenterol\u00f3giai izot\u00f3pdiagnosztika<\/li>\n<li>Gyullad\u00e1sszcintigr\u00e1fia<\/li>\n<li>A nukle\u00e1ris medicina az onkol\u00f3gi\u00e1ban (a PET kiv\u00e9tel\u00e9vel)<\/li>\n<li>A PET az onkol\u00f3gi\u00e1ban<\/li>\n<li>A molekul\u00e1ris imaging<\/li>\n<li>A radioj\u00f3d ter\u00e1pia<\/li>\n<li>A csontmetaszt\u00e1zisok radioizot\u00f3p ter\u00e1pi\u00e1ja<\/li>\n<li>Egy\u00e9b izot\u00f3pter\u00e1pi\u00e1s elj\u00e1r\u00e1sok (a I-131 \u00e9s a csontter\u00e1pia kiv\u00e9tel\u00e9vel)<\/li>\n<\/ol>\n","protected":false},"excerpt":{"rendered":"<p>A K\u00f6zpont a nukle\u00e1ris medicina szakk\u00e9pz\u00e9sre teljes k\u00f6r\u0171 akkredit\u00e1ci\u00f3val b\u00edr, k\u00e9t munkat\u00e1rsa a Nemzeti Vizsgabizotts\u00e1g tagja. Akkredit\u00e1lt k\u00e9pz\u0151hely a radiol\u00f3gia, klinikai onkol\u00f3gia \u00e9s sug\u00e1rter\u00e1pia szakk\u00e9pz\u00e9sben r\u00e9sztvev\u0151k nukle\u00e1ris medicina gyakorlataira. A K\u00f6zpont igazgat\u00f3ja, ill. a Tansz\u00e9ki Csoport vezet\u0151je a Semmelweis Egyetem Nukle\u00e1ris Medicina Szakmai Gr\u00e9mium\u00e1nak eln\u00f6ke. JAVASLAT a nukle\u00e1ris medicina szakvizsga k\u00e9rd\u00e9sekre: Alaptudom\u00e1nyok: A nukle\u00e1ris medicin\u00e1ban &hellip;<\/p>\n","protected":false},"author":49,"featured_media":0,"parent":33,"menu_order":5,"comment_status":"open","ping_status":"open","template":"","meta":{"_acf_changed":false,"footnotes":""},"categories":[],"tags":[],"class_list":["post-74","page","type-page","status-publish","hentry"],"acf":[],"_links":{"self":[{"href":"https:\/\/semmelweis.hu\/nuklearis-medicina\/wp-json\/wp\/v2\/pages\/74","targetHints":{"allow":["GET"]}}],"collection":[{"href":"https:\/\/semmelweis.hu\/nuklearis-medicina\/wp-json\/wp\/v2\/pages"}],"about":[{"href":"https:\/\/semmelweis.hu\/nuklearis-medicina\/wp-json\/wp\/v2\/types\/page"}],"author":[{"embeddable":true,"href":"https:\/\/semmelweis.hu\/nuklearis-medicina\/wp-json\/wp\/v2\/users\/49"}],"replies":[{"embeddable":true,"href":"https:\/\/semmelweis.hu\/nuklearis-medicina\/wp-json\/wp\/v2\/comments?post=74"}],"version-history":[{"count":11,"href":"https:\/\/semmelweis.hu\/nuklearis-medicina\/wp-json\/wp\/v2\/pages\/74\/revisions"}],"predecessor-version":[{"id":375,"href":"https:\/\/semmelweis.hu\/nuklearis-medicina\/wp-json\/wp\/v2\/pages\/74\/revisions\/375"}],"up":[{"embeddable":true,"href":"https:\/\/semmelweis.hu\/nuklearis-medicina\/wp-json\/wp\/v2\/pages\/33"}],"wp:attachment":[{"href":"https:\/\/semmelweis.hu\/nuklearis-medicina\/wp-json\/wp\/v2\/media?parent=74"}],"wp:term":[{"taxonomy":"category","embeddable":true,"href":"https:\/\/semmelweis.hu\/nuklearis-medicina\/wp-json\/wp\/v2\/categories?post=74"},{"taxonomy":"post_tag","embeddable":true,"href":"https:\/\/semmelweis.hu\/nuklearis-medicina\/wp-json\/wp\/v2\/tags?post=74"}],"curies":[{"name":"wp","href":"https:\/\/api.w.org\/{rel}","templated":true}]}}