{"id":575,"date":"2024-11-12T11:39:24","date_gmt":"2024-11-12T10:39:24","guid":{"rendered":"https:\/\/semmelweis.hu\/nuklearis-medicina\/?page_id=575"},"modified":"2026-03-06T13:36:07","modified_gmt":"2026-03-06T12:36:07","slug":"kollegaknak","status":"publish","type":"page","link":"https:\/\/semmelweis.hu\/nuklearis-medicina\/rendelesi-idok\/kollegaknak\/","title":{"rendered":"Koll\u00e9g\u00e1knak"},"content":{"rendered":"<p><strong>A PET\/CT EMK K\u00c9RV\u00c9NYEZ\u00c9S MENETE<\/strong><\/p>\n<p><strong>Kedves Koll\u00e9g\u00e1k!<\/strong><\/p>\n<p><strong>1.) <\/strong>A k\u00e9rv\u00e9nyez\u00e9s el\u0151tt c\u00e9lszer\u0171 telefonon egyeztetni az indik\u00e1ci\u00f3r\u00f3l <strong>dr. Kiss Fanni J\u00fali\u00e1val (+36-20-670-1324)<\/strong>. Amennyiben az indik\u00e1ci\u00f3 szil\u00e1rd l\u00e1bakon \u00e1ll, ez a l\u00e9p\u00e9s elhagyhat\u00f3.<\/p>\n<p><strong>2.)<\/strong> Ezt k\u00f6vet\u0151en k\u00e9rj\u00fck kit\u00f6lteni az al\u00e1bbi <strong>k\u00e9t formanyomtatv\u00e1nyt<\/strong> (al\u00e1bb let\u00f6lthet\u0151k). K\u00e9rj\u00fck, \u00edrj\u00e1k le pontosan, hogy milyen t\u00edpus\u00fa PET\/CT-vizsg\u00e1latot tartanak sz\u00fcks\u00e9gesnek (eg\u00e9sztest FDG, kolin, vagy DOPA).<\/p>\n<p><strong>3.)<\/strong> A fenti k\u00e9t dokumentumot k\u00e9rj\u00fck tov\u00e1bb\u00edtani a <a href=\"mailto:titkarsag.nmt@semmelweis.hu\"><strong>titkarsag.nmt@semmelweis.hu<\/strong><\/a> e-mail c\u00edmre.<\/p>\n<p><strong>4.)<\/strong> Ha megkaptuk a k\u00e9t dokumentumot, ki\u00e1ll\u00edtjuk \u00e9s e-mailben visszak\u00fcldj\u00fck az <strong>\u00e1raj\u00e1nlatot is tartalmaz\u00f3 sz\u00e1nd\u00e9knyilatkozatot<\/strong> a vizsg\u00e1latr\u00f3l.<\/p>\n<p><strong>5.)<\/strong> Ezt a h\u00e1rom dokumentumot (<em>k\u00e9t formanyomtatv\u00e1ny<\/em>, <em>sz\u00e1nd\u00e9knyilatkozat<\/em>) k\u00e9rj\u00fck felt\u00f6lteni a <a href=\"https:\/\/meltanyossag.neak.gov.hu\/\"><strong>https:\/\/meltanyossag.neak.gov.hu\/<\/strong><\/a> weboldalra.<\/p>\n<p><strong>6.)<\/strong> A NEAK hivatalosan maximum 60 napon bel\u00fcl, a gyakorlatban \u00e1ltal\u00e1ban egy-k\u00e9t h\u00e9t alatt ki\u00e1ll\u00edtja az enged\u00e9lyt.<\/p>\n<p><strong>7.)<\/strong> Amennyiben a NEAK megk\u00fcldte az EMK enged\u00e9lyt, <strong>ig\u00e9nyjogosults\u00e1ggal rendelkez\u0151 szakorvos<\/strong> feladhatja a <strong>NEAK V\u00e1r\u00f3listaRendszer<\/strong> fel\u00fclet\u00e9n a vizsg\u00e1latk\u00e9r\u0151t.<\/p>\n<p><strong>8.)<\/strong> Ellenkez\u0151 esetben k\u00e9rem, hogy k\u00fcldj\u00e9k vissza a hat\u00e1rozatot a <a href=\"mailto:titkarsag.nmt@semmelweis.hu\"><strong>titkarsag.nmt@semmelweis.hu<\/strong><\/a> e-mail c\u00edmre, hogy int\u00e9zni tudjuk a vizsg\u00e1latk\u00e9r\u0151 felad\u00e1s\u00e1t, a k\u00f6vetkez\u0151 adatokkal: <em>testmagass\u00e1g<\/em>, <em>tests\u00faly<\/em>, <em>van-e cukorbetegs\u00e9g<\/em>. K\u00e9rj\u00fck, ezt csak v\u00e9gs\u0151 esetben tegy\u00e9k meg, szolg\u00e1ltat\u00f3k\u00e9nt nek\u00fcnk ezt rendk\u00edv\u00fcl bonyolult elint\u00e9zni.<\/p>\n<p><strong>9.) <\/strong>Az FDG-PET\/CT el\u0151tt <strong>ketog\u00e9n di\u00e9ta<\/strong> sz\u00fcks\u00e9ges lehet (al\u00e1bb let\u00f6lthet\u0151).<\/p>\n<p><strong>10.)<\/strong> <strong>OENO k\u00f3dok<\/strong> eg\u00e9sztest PET\/CT-vizsg\u00e1lathoz: <strong>35960<\/strong>.<\/p>\n<p><strong>Tov\u00e1bbi k\u00e9rd\u00e9sek eset\u00e9n k\u00e9szs\u00e9ggel \u00e1llunk rendelkez\u00e9sre!<\/strong><\/p>\n<p><a href=\"https:\/\/semmelweis.hu\/nuklearis-medicina\/files\/2025\/03\/FNMT.209.K.rev_.2-szakorvosi-javaslat.pdf\">FNMT.209.K.rev.2- szakorvosi javaslat<\/a><\/p>\n<p><a href=\"https:\/\/semmelweis.hu\/nuklearis-medicina\/files\/2025\/03\/FNMT.207.K-kerelem.pdf\">FNMT.207.K-k\u00e9relem<\/a><\/p>\n<p><a href=\"https:\/\/semmelweis.hu\/nuklearis-medicina\/files\/2026\/03\/Ketogen-dieta-FDG-PET-CT-hez.pdf\">Ketog\u00e9n di\u00e9ta FDG PET-CT-hez<\/a><\/p>\n","protected":false},"excerpt":{"rendered":"<p>A PET\/CT EMK K\u00c9RV\u00c9NYEZ\u00c9S MENETE Kedves Koll\u00e9g\u00e1k! 1.) A k\u00e9rv\u00e9nyez\u00e9s el\u0151tt c\u00e9lszer\u0171 telefonon egyeztetni az indik\u00e1ci\u00f3r\u00f3l dr. Kiss Fanni J\u00fali\u00e1val (+36-20-670-1324). Amennyiben az indik\u00e1ci\u00f3 szil\u00e1rd l\u00e1bakon \u00e1ll, ez a l\u00e9p\u00e9s elhagyhat\u00f3. 2.) Ezt k\u00f6vet\u0151en k\u00e9rj\u00fck kit\u00f6lteni az al\u00e1bbi k\u00e9t formanyomtatv\u00e1nyt (al\u00e1bb let\u00f6lthet\u0151k). K\u00e9rj\u00fck, \u00edrj\u00e1k le pontosan, hogy milyen t\u00edpus\u00fa PET\/CT-vizsg\u00e1latot tartanak sz\u00fcks\u00e9gesnek (eg\u00e9sztest FDG, kolin, &hellip;<\/p>\n","protected":false},"author":108,"featured_media":0,"parent":20,"menu_order":0,"comment_status":"closed","ping_status":"closed","template":"","meta":{"_acf_changed":false,"footnotes":""},"categories":[],"tags":[],"class_list":["post-575","page","type-page","status-publish","hentry"],"acf":[],"_links":{"self":[{"href":"https:\/\/semmelweis.hu\/nuklearis-medicina\/wp-json\/wp\/v2\/pages\/575","targetHints":{"allow":["GET"]}}],"collection":[{"href":"https:\/\/semmelweis.hu\/nuklearis-medicina\/wp-json\/wp\/v2\/pages"}],"about":[{"href":"https:\/\/semmelweis.hu\/nuklearis-medicina\/wp-json\/wp\/v2\/types\/page"}],"author":[{"embeddable":true,"href":"https:\/\/semmelweis.hu\/nuklearis-medicina\/wp-json\/wp\/v2\/users\/108"}],"replies":[{"embeddable":true,"href":"https:\/\/semmelweis.hu\/nuklearis-medicina\/wp-json\/wp\/v2\/comments?post=575"}],"version-history":[{"count":8,"href":"https:\/\/semmelweis.hu\/nuklearis-medicina\/wp-json\/wp\/v2\/pages\/575\/revisions"}],"predecessor-version":[{"id":629,"href":"https:\/\/semmelweis.hu\/nuklearis-medicina\/wp-json\/wp\/v2\/pages\/575\/revisions\/629"}],"up":[{"embeddable":true,"href":"https:\/\/semmelweis.hu\/nuklearis-medicina\/wp-json\/wp\/v2\/pages\/20"}],"wp:attachment":[{"href":"https:\/\/semmelweis.hu\/nuklearis-medicina\/wp-json\/wp\/v2\/media?parent=575"}],"wp:term":[{"taxonomy":"category","embeddable":true,"href":"https:\/\/semmelweis.hu\/nuklearis-medicina\/wp-json\/wp\/v2\/categories?post=575"},{"taxonomy":"post_tag","embeddable":true,"href":"https:\/\/semmelweis.hu\/nuklearis-medicina\/wp-json\/wp\/v2\/tags?post=575"}],"curies":[{"name":"wp","href":"https:\/\/api.w.org\/{rel}","templated":true}]}}