{"id":543,"date":"2022-03-10T13:47:17","date_gmt":"2022-03-10T12:47:17","guid":{"rendered":"https:\/\/semmelweis.hu\/nuklearis-medicina\/?page_id=543"},"modified":"2022-03-10T13:47:17","modified_gmt":"2022-03-10T12:47:17","slug":"betegjogi-kepviselo","status":"publish","type":"page","link":"https:\/\/semmelweis.hu\/nuklearis-medicina\/rendelesi-idok\/betegjogi-kepviselo\/","title":{"rendered":"Betegjogi k\u00e9pvisel\u0151"},"content":{"rendered":"<p><em>Panasz\u00e1val a ter\u00fcletileg illet\u00e9kes betegjogi k\u00e9pvisel\u0151h\u00f6z is fordulhat.<\/em><\/p>\n<p><strong>Ter\u00fcletileg illet\u00e9kes betegjogi k\u00e9pvisel\u0151:<\/strong><\/p>\n<p><strong>Dr. Mina Andr\u00e1s<\/p>\n<p>El\u00e9rhet\u0151s\u00e9ge<\/strong>:<\/p>\n<ul style=\"list-style-type: square\">\n<li>Telefon: +36 20 489 9577<\/li>\n<li>E-mail c\u00edm: <a href=\"mailto:andras.mina@ijb.emmi.gov.hu\">andras.mina@ijb.emmi.gov.hu<\/a><\/li>\n<\/ul>\n<p>A betegjogi k\u00e9pvisel\u0151 az eg\u00e9szs\u00e9g\u00fcgyi int\u00e9zm\u00e9nyt\u0151l f\u00fcggetlen szem\u00e9ly, az Integr\u00e1lt Jogv\u00e9delmi Szolg\u00e1lat munkat\u00e1rsa.<\/p>\n","protected":false},"excerpt":{"rendered":"<p>Panasz\u00e1val a ter\u00fcletileg illet\u00e9kes betegjogi k\u00e9pvisel\u0151h\u00f6z is fordulhat.<br \/>\nTer\u00fcletileg illet\u00e9kes betegjogi k\u00e9pvisel\u0151:<br \/>\nDr. Mina Andr\u00e1s<br \/>\nEl\u00e9rhet\u0151s\u00e9ge:<\/p>\n<p>Telefon: +36 20 489 9577<br \/>\nE-mail c\u00edm: <a href=\"mailto:andras.mina@ijb.emmi.gov.hu\">andras.mina@ijb.emmi.gov.hu<\/a><\/p>\n<p>A betegjogi k\u00e9pvisel\u0151 az eg\u00e9szs\u00e9g\u00fcgyi int\u00e9zm\u00e9nyt\u0151l f\u00fcggetlen szem\u00e9ly, az Integr\u00e1lt Jogv\u00e9delmi Szolg\u00e1lat munkat\u00e1rsa.<\/p>\n","protected":false},"author":101997,"featured_media":0,"parent":20,"menu_order":0,"comment_status":"closed","ping_status":"closed","template":"","meta":{"_acf_changed":false,"footnotes":""},"categories":[],"tags":[],"class_list":["post-543","page","type-page","status-publish","hentry"],"acf":[],"_links":{"self":[{"href":"https:\/\/semmelweis.hu\/nuklearis-medicina\/wp-json\/wp\/v2\/pages\/543","targetHints":{"allow":["GET"]}}],"collection":[{"href":"https:\/\/semmelweis.hu\/nuklearis-medicina\/wp-json\/wp\/v2\/pages"}],"about":[{"href":"https:\/\/semmelweis.hu\/nuklearis-medicina\/wp-json\/wp\/v2\/types\/page"}],"author":[{"embeddable":true,"href":"https:\/\/semmelweis.hu\/nuklearis-medicina\/wp-json\/wp\/v2\/users\/101997"}],"replies":[{"embeddable":true,"href":"https:\/\/semmelweis.hu\/nuklearis-medicina\/wp-json\/wp\/v2\/comments?post=543"}],"version-history":[{"count":1,"href":"https:\/\/semmelweis.hu\/nuklearis-medicina\/wp-json\/wp\/v2\/pages\/543\/revisions"}],"predecessor-version":[{"id":545,"href":"https:\/\/semmelweis.hu\/nuklearis-medicina\/wp-json\/wp\/v2\/pages\/543\/revisions\/545"}],"up":[{"embeddable":true,"href":"https:\/\/semmelweis.hu\/nuklearis-medicina\/wp-json\/wp\/v2\/pages\/20"}],"wp:attachment":[{"href":"https:\/\/semmelweis.hu\/nuklearis-medicina\/wp-json\/wp\/v2\/media?parent=543"}],"wp:term":[{"taxonomy":"category","embeddable":true,"href":"https:\/\/semmelweis.hu\/nuklearis-medicina\/wp-json\/wp\/v2\/categories?post=543"},{"taxonomy":"post_tag","embeddable":true,"href":"https:\/\/semmelweis.hu\/nuklearis-medicina\/wp-json\/wp\/v2\/tags?post=543"}],"curies":[{"name":"wp","href":"https:\/\/api.w.org\/{rel}","templated":true}]}}