{"id":509,"date":"2022-01-26T15:05:13","date_gmt":"2022-01-26T14:05:13","guid":{"rendered":"https:\/\/semmelweis.hu\/nuklearis-medicina\/?page_id=509"},"modified":"2022-01-27T08:07:07","modified_gmt":"2022-01-27T07:07:07","slug":"kari-bela-eloadasai","status":"publish","type":"page","link":"https:\/\/semmelweis.hu\/nuklearis-medicina\/oktatas\/tovabbkepzes\/nuklearis-medicina-alap-es-tovabbkepzo-tanfolyam-2022-jan-24-27\/kari-bela-eloadasai\/","title":{"rendered":"K\u00e1ri B\u00e9la el\u0151ad\u00e1sai"},"content":{"rendered":"<p><a href=\"https:\/\/semmelweis.hu\/nuklearis-medicina\/files\/2022\/01\/01-Elektronikus-Oktatasi-Anyag.pdf\">01-Elektronikus Oktat\u00e1si Anyag<br \/>\n<\/a><a href=\"https:\/\/semmelweis.hu\/nuklearis-medicina\/files\/2022\/01\/02-SugarFizika-Alapok-Rez.-OF.pdf\">02-SugarFizika-Alapok-Rez.-OF<\/a><br \/>\n<a href=\"https:\/\/semmelweis.hu\/nuklearis-medicina\/files\/2022\/01\/03-Nukl-Kepalkot-OF.pdf\">03-Nukl-Kepalkot-OF<\/a><br \/>\n<a href=\"https:\/\/semmelweis.hu\/nuklearis-medicina\/files\/2022\/01\/04-InterViewXP_Guide100704.pdf\">04-InterViewXP_Guide100704<\/a><br \/>\n<a href=\"https:\/\/semmelweis.hu\/nuklearis-medicina\/files\/2022\/01\/05-SPECT_CT_Case_Studies_v1.1.pdf\">05-SPECT_CT_Case_Studies_v1.1<\/a><br \/>\n<a href=\"https:\/\/semmelweis.hu\/nuklearis-medicina\/files\/2022\/01\/06-Nuclear_Imaging_Eng.pdf\">06-Nuclear_Imaging_Eng<\/a><br \/>\n<a href=\"https:\/\/semmelweis.hu\/nuklearis-medicina\/files\/2022\/01\/07-DIGITALIS-LEKEPEZO-RENDSZEREK-KEPARCHIVALO-ES.pdf\">07-DIGIT\u00c1LIS LEK\u00c9PEZ\u0150 RENDSZEREK, K\u00c9PARCHIV\u00c1L\u00d3 \u00c9S<\/a><br \/>\n<a href=\"https:\/\/semmelweis.hu\/nuklearis-medicina\/files\/2022\/01\/08-Zajszures-Elmeleti-_Alapjai.pdf\">08-Zajsz\u0171r\u00e9s Elm\u00e9leti _Alapjai<\/a><br \/>\n<a href=\"https:\/\/semmelweis.hu\/nuklearis-medicina\/files\/2022\/01\/09-Technological-OverView-of-High_Performance_Brain_SPECT_Imaging_BKari.pdf\">09-Technological OverView of High_Performance_Brain_SPECT_Imaging_BKari<\/a><br \/>\n<a href=\"https:\/\/semmelweis.hu\/nuklearis-medicina\/files\/2022\/01\/10-Theory-of-Nuclear-Physics-Repaired.pdf\">10-Theory of Nuclear Physics (Repaired)<\/a><br \/>\n<a href=\"https:\/\/semmelweis.hu\/nuklearis-medicina\/files\/2022\/01\/11-Physics-of-Nuclear-Radiation-Detectors.pdf\">11-Physics of Nuclear Radiation Detectors<\/a><br \/>\n<a href=\"https:\/\/semmelweis.hu\/nuklearis-medicina\/files\/2022\/01\/12-Nuclear-Particles-Detectors-and-Instrumentation_M.pdf\">12-Nuclear Particles Detectors and Instrumentation_M<\/a><br \/>\n<a href=\"https:\/\/semmelweis.hu\/nuklearis-medicina\/files\/2022\/01\/13-Sugarzas_Meresek-Meroberendezesek-OMOSJER_BKari.pdf\">13-Sugarzas_Meresek-Meroberendezesek-OMOSJER_BKari<\/a><br \/>\n<a href=\"https:\/\/semmelweis.hu\/nuklearis-medicina\/files\/2022\/01\/14-Sugarvedelem_Nuklearis_Medicina_Laborban.pdf\">14-Sugarvedelem_Nuklearis_Medicina_Laborban<\/a><br \/>\n<a href=\"https:\/\/semmelweis.hu\/nuklearis-medicina\/files\/2022\/01\/15-SE-SugarVedelmi_Meresek-BKari.pdf\">15-SE-SugarVedelmi_Meresek-BKari<\/a><br \/>\n<a href=\"https:\/\/semmelweis.hu\/nuklearis-medicina\/files\/2022\/01\/16-Nuklearis-Meresek-Elmelete.pdf\">16-Nukle\u00e1ris M\u00e9r\u00e9sek Elm\u00e9lete<\/a><br \/>\n<a href=\"https:\/\/semmelweis.hu\/nuklearis-medicina\/files\/2022\/01\/17-Nuclearis-Meresi-Eredmenyek.pdf\">17-Nucle\u00e1ris M\u00e9r\u00e9si Eredm\u00e9nyek<\/a><br \/>\n<a href=\"https:\/\/semmelweis.hu\/nuklearis-medicina\/files\/2022\/01\/18-IAEA-Nuclear-Medicine-Physics.pdf\">18-IAEA Nuclear Medicine Physics<\/a><br \/>\n<a href=\"https:\/\/semmelweis.hu\/nuklearis-medicina\/files\/2022\/01\/19-Restoration_Filtering_in_Fourier_Space.pdf\">19-Restoration_Filtering_in_Fourier_Space<\/a><br \/>\n<a href=\"https:\/\/semmelweis.hu\/nuklearis-medicina\/files\/2022\/01\/20-Mathematics-of-Filter-Design_M.pdf\">20-Mathematics of Filter Design_M<\/a><\/p>\n","protected":false},"excerpt":{"rendered":"<p><a href=\"https:\/\/semmelweis.hu\/nuklearis-medicina\/files\/2022\/01\/01-Elektronikus-Oktatasi-Anyag.pdf\">01-Elektronikus Oktat\u00e1si Anyag<br \/>\n<\/a><a href=\"https:\/\/semmelweis.hu\/nuklearis-medicina\/files\/2022\/01\/02-SugarFizika-Alapok-Rez.-OF.pdf\">02-SugarFizika-Alapok-Rez.-OF<\/a><br \/>\n<a href=\"https:\/\/semmelweis.hu\/nuklearis-medicina\/files\/2022\/01\/03-Nukl-Kepalkot-OF.pdf\">03-Nukl-Kepalkot-OF<\/a><br \/>\n<a href=\"https:\/\/semmelweis.hu\/nuklearis-medicina\/files\/2022\/01\/04-InterViewXP_Guide100704.pdf\">04-InterViewXP_Guide100704<\/a><br \/>\n<a href=\"https:\/\/semmelweis.hu\/nuklearis-medicina\/files\/2022\/01\/05-SPECT_CT_Case_Studies_v1.1.pdf\">05-SPECT_CT_Case_Studies_v1.1<\/a><br \/>\n<a href=\"https:\/\/semmelweis.hu\/nuklearis-medicina\/files\/2022\/01\/06-Nuclear_Imaging_Eng.pdf\">06-Nuclear_Imaging_Eng<\/a><br \/>\n<a href=\"https:\/\/semmelweis.hu\/nuklearis-medicina\/files\/2022\/01\/07-DIGITALIS-LEKEPEZO-RENDSZEREK-KEPARCHIVALO-ES.pdf\">07-DIGIT\u00c1LIS LEK\u00c9PEZ\u0150 RENDSZEREK, K\u00c9PARCHIV\u00c1L\u00d3 \u00c9S<\/a><br \/>\n<a href=\"https:\/\/semmelweis.hu\/nuklearis-medicina\/files\/2022\/01\/08-Zajszures-Elmeleti-_Alapjai.pdf\">08-Zajsz\u0171r\u00e9s Elm\u00e9leti _Alapjai<\/a><br \/>\n<a href=\"https:\/\/semmelweis.hu\/nuklearis-medicina\/files\/2022\/01\/09-Technological-OverView-of-High_Performance_Brain_SPECT_Imaging_BKari.pdf\">09-Technological OverView of High_Performance_Brain_SPECT_Imaging_BKari<\/a><br \/>\n<a href=\"https:\/\/semmelweis.hu\/nuklearis-medicina\/files\/2022\/01\/10-Theory-of-Nuclear-Physics-Repaired.pdf\">10-Theory of Nuclear Physics (Repaired)<\/a><br \/>\n<a href=\"https:\/\/semmelweis.hu\/nuklearis-medicina\/files\/2022\/01\/11-Physics-of-Nuclear-Radiation-Detectors.pdf\">11-Physics of Nuclear Radiation Detectors<\/a><br \/>\n<a href=\"https:\/\/semmelweis.hu\/nuklearis-medicina\/files\/2022\/01\/12-Nuclear-Particles-Detectors-and-Instrumentation_M.pdf\">12-Nuclear Particles Detectors and Instrumentation_M<\/a><br \/>\n<a href=\"https:\/\/semmelweis.hu\/nuklearis-medicina\/files\/2022\/01\/13-Sugarzas_Meresek-Meroberendezesek-OMOSJER_BKari.pdf\">13-Sugarzas_Meresek-Meroberendezesek-OMOSJER_BKari<\/a><br \/>\n<a href=\"https:\/\/semmelweis.hu\/nuklearis-medicina\/files\/2022\/01\/14-Sugarvedelem_Nuklearis_Medicina_Laborban.pdf\">14-Sugarvedelem_Nuklearis_Medicina_Laborban<\/a><br \/>\n<a href=\"https:\/\/semmelweis.hu\/nuklearis-medicina\/files\/2022\/01\/15-SE-SugarVedelmi_Meresek-BKari.pdf\">15-SE-SugarVedelmi_Meresek-BKari<\/a><br \/>\n<a href=\"https:\/\/semmelweis.hu\/nuklearis-medicina\/files\/2022\/01\/16-Nuklearis-Meresek-Elmelete.pdf\">16-Nukle\u00e1ris M\u00e9r\u00e9sek Elm\u00e9lete<\/a><br \/>\n<a href=\"https:\/\/semmelweis.hu\/nuklearis-medicina\/files\/2022\/01\/17-Nuclearis-Meresi-Eredmenyek.pdf\">17-Nucle\u00e1ris M\u00e9r\u00e9si Eredm\u00e9nyek<\/a><br \/>\n<a href=\"https:\/\/semmelweis.hu\/nuklearis-medicina\/files\/2022\/01\/18-IAEA-Nuclear-Medicine-Physics.pdf\">18-IAEA Nuclear Medicine Physics<\/a><br \/>\n<a href=\"https:\/\/semmelweis.hu\/nuklearis-medicina\/files\/2022\/01\/19-Restoration_Filtering_in_Fourier_Space.pdf\">19-Restoration_Filtering_in_Fourier_Space<\/a><br \/>\n<a href=\"https:\/\/semmelweis.hu\/nuklearis-medicina\/files\/2022\/01\/20-Mathematics-of-Filter-Design_M.pdf\">20-Mathematics of Filter Design_M<\/a><\/p>\n","protected":false},"author":108,"featured_media":0,"parent":487,"menu_order":0,"comment_status":"closed","ping_status":"closed","template":"","meta":{"_acf_changed":false,"footnotes":""},"categories":[],"tags":[],"class_list":["post-509","page","type-page","status-publish","hentry"],"acf":[],"_links":{"self":[{"href":"https:\/\/semmelweis.hu\/nuklearis-medicina\/wp-json\/wp\/v2\/pages\/509","targetHints":{"allow":["GET"]}}],"collection":[{"href":"https:\/\/semmelweis.hu\/nuklearis-medicina\/wp-json\/wp\/v2\/pages"}],"about":[{"href":"https:\/\/semmelweis.hu\/nuklearis-medicina\/wp-json\/wp\/v2\/types\/page"}],"author":[{"embeddable":true,"href":"https:\/\/semmelweis.hu\/nuklearis-medicina\/wp-json\/wp\/v2\/users\/108"}],"replies":[{"embeddable":true,"href":"https:\/\/semmelweis.hu\/nuklearis-medicina\/wp-json\/wp\/v2\/comments?post=509"}],"version-history":[{"count":4,"href":"https:\/\/semmelweis.hu\/nuklearis-medicina\/wp-json\/wp\/v2\/pages\/509\/revisions"}],"predecessor-version":[{"id":535,"href":"https:\/\/semmelweis.hu\/nuklearis-medicina\/wp-json\/wp\/v2\/pages\/509\/revisions\/535"}],"up":[{"embeddable":true,"href":"https:\/\/semmelweis.hu\/nuklearis-medicina\/wp-json\/wp\/v2\/pages\/487"}],"wp:attachment":[{"href":"https:\/\/semmelweis.hu\/nuklearis-medicina\/wp-json\/wp\/v2\/media?parent=509"}],"wp:term":[{"taxonomy":"category","embeddable":true,"href":"https:\/\/semmelweis.hu\/nuklearis-medicina\/wp-json\/wp\/v2\/categories?post=509"},{"taxonomy":"post_tag","embeddable":true,"href":"https:\/\/semmelweis.hu\/nuklearis-medicina\/wp-json\/wp\/v2\/tags?post=509"}],"curies":[{"name":"wp","href":"https:\/\/api.w.org\/{rel}","templated":true}]}}