{"id":5,"date":"2012-01-17T12:42:56","date_gmt":"2012-01-17T12:42:56","guid":{"rendered":"http:\/\/semmelweis-egyetem.hu\/nuklearis-medicina\/?page_id=5"},"modified":"2021-11-08T09:54:17","modified_gmt":"2021-11-08T08:54:17","slug":"altalanos-informaciok","status":"publish","type":"page","link":"https:\/\/semmelweis.hu\/nuklearis-medicina\/altalanos-informaciok\/","title":{"rendered":"\u00c1ltal\u00e1nos inform\u00e1ci\u00f3k"},"content":{"rendered":"<p>A Nukle\u00e1ris Medicina K\u00f6zpont a Semmelweis Egyetem \u00f6n\u00e1ll\u00f3 szervezeti egys\u00e9ge. 2011. janu\u00e1r 1-j\u00e9vel j\u00f6tt l\u00e9tre. Klinikai b\u00e1zis\u00e1t 2016. \u00e1prilis 1-t\u0151l a K\u00fcls\u0151 Klinikai T\u00f6mbben lev\u0151 kor\u00e1bbi izot\u00f3plaborat\u00f3rium \u00e9s a Kor\u00e1nyi Projekt K\u00f6zponti Betegell\u00e1t\u00f3 Egys\u00e9gben kialak\u00edtott \u00faj laborat\u00f3rium funkcion\u00e1lis egys\u00e9ge alkotja.<\/p>\n<p>A K\u00f6zpont\u00a0teljes k\u00f6r\u0171 izot\u00f3pdiagnosztikai, valamint izot\u00f3pter\u00e1pi\u00e1s tev\u00e9kenys\u00e9get v\u00e9gez. Ambul\u00e1ns \u00e9s fekv\u0151beteg-ell\u00e1t\u00e1sban vesz r\u00e9szt. Az orsz\u00e1g egyik legsz\u00e9lesebb nukle\u00e1ris medicina profil\u00fa munkahelye.\u00a0A progressz\u00edv ell\u00e1t\u00e1s keret\u00e9ben t\u00f6bb speci\u00e1lis diagnosztikai elj\u00e1r\u00e1s v\u00e9gz\u00e9s\u00e9re kijel\u00f6lt centrum. Sz\u00e1mos \u00faj diagnosztikai elj\u00e1r\u00e1s hazai bevezet\u00e9s\u00e9ben vesz r\u00e9szt. A K\u00f6zpontban SPECT-CT berendez\u00e9s is m\u0171k\u00f6dik.\u00a0<\/p>\n<p>A K\u00f6zpont az \u00c1OK gradu\u00e1lis k\u00e9pz\u00e9sben a IV. \u00e9vfolyamon az Orvosi k\u00e9palkot\u00f3 elj\u00e1r\u00e1sok \u00e9s a Radiol\u00f3gia tant\u00e1rgyak keret\u00e9n bel\u00fcl vesz r\u00e9szt. A K\u00f6zpont a nukle\u00e1ris medicina szakk\u00e9pz\u00e9sre teljes k\u00f6r\u0171 akkredit\u00e1ci\u00f3val b\u00edr, k\u00e9t munkat\u00e1rsa a Nemzeti Vizsgabizotts\u00e1g tagja. A K\u00f6zpont a nukle\u00e1ris medicina szakter\u00fcleten a folyamatos tov\u00e1bbk\u00e9pz\u00e9s\u00e9ben orsz\u00e1gosan vezet\u0151 szerepet j\u00e1tszik, \u00e9vek \u00f3ta egyed\u00fclik\u00e9nt szervezi a k\u00f6telez\u0151 szintentart\u00f3 tanfolyamait. PhD \u00e9s TDK t\u00e9m\u00e1i a klinikai nukle\u00e1ris medicin\u00e1hoz k\u00f6t\u0151dnek.<\/p>\n<p>Folyamatosan r\u00e9szt vesz az izot\u00f3p asszisztensek, a radiofarmakol\u00f3giai szakasszisztensek \u00e9s a k\u00e9palkot\u00f3 analitikus BSc hallgat\u00f3k k\u00e9pz\u00e9s\u00e9ben, tov\u00e1bbk\u00e9pz\u00e9s\u00e9ben \u00e9s vizsg\u00e1ztat\u00e1s\u00e1ban, az eg\u00e9szs\u00e9g\u00fcgyi m\u00e9rn\u00f6k\u00f6k, orvos-fizikusok \u00e9s informatikusok fels\u0151fok\u00fa k\u00e9pz\u00e9s\u00e9ben, a klinikai sug\u00e1rfizikusok szakir\u00e1ny\u00fa tov\u00e1bbk\u00e9pz\u00e9s\u00e9ben is. A k\u00fcl\u00f6nb\u00f6z\u0151 \u00e1llamk\u00f6zi egyezm\u00e9nyek alapj\u00e1n \u00e9s a Nemzetk\u00f6zi Atomenergia \u00dcgyn\u00f6ks\u00e9g \u00f6szt\u00f6nd\u00edj\u00e1val itt tart\u00f3zkod\u00f3 szakorvosok idegennyelv\u0171 k\u00e9pz\u00e9s\u00e9ben \u00e9s tov\u00e1bbk\u00e9pz\u00e9s\u00e9ben rendszeresen r\u00e9szt vesz.<\/p>\n","protected":false},"excerpt":{"rendered":"<p>A Nukle\u00e1ris Medicina K\u00f6zpontban SPECT, SPECT-CT, plan\u00e1ris kamer\u00e1k \u00e9s PET-CT berendez\u00e9s is m\u0171k\u00f6dik, \u00edgy teljes k\u00f6r\u0171 izot\u00f3pdiagnosztikai tev\u00e9kenys\u00e9get v\u00e9gez. Ambul\u00e1ns \u00e9s fekv\u0151beteg-ell\u00e1t\u00e1sban vesz r\u00e9szt. Az orsz\u00e1g egyik legsz\u00e9lesebb nukle\u00e1ris medicina profil\u00fa munkahelye. A progressz\u00edv ell\u00e1t\u00e1s keret\u00e9ben t\u00f6bb speci\u00e1lis diagnosztikai elj\u00e1r\u00e1s v\u00e9gz\u00e9s\u00e9re kijel\u00f6lt centrum. Sz\u00e1mos \u00faj diagnosztikai \u00e9s ter\u00e1pi\u00e1s elj\u00e1r\u00e1s hazai bevezet\u00e9s\u00e9ben vesz r\u00e9szt.<\/p>\n","protected":false},"author":8,"featured_media":397,"parent":0,"menu_order":1,"comment_status":"open","ping_status":"open","template":"","meta":{"_acf_changed":false,"footnotes":""},"categories":[],"tags":[],"class_list":["post-5","page","type-page","status-publish","has-post-thumbnail","hentry"],"acf":[],"_links":{"self":[{"href":"https:\/\/semmelweis.hu\/nuklearis-medicina\/wp-json\/wp\/v2\/pages\/5","targetHints":{"allow":["GET"]}}],"collection":[{"href":"https:\/\/semmelweis.hu\/nuklearis-medicina\/wp-json\/wp\/v2\/pages"}],"about":[{"href":"https:\/\/semmelweis.hu\/nuklearis-medicina\/wp-json\/wp\/v2\/types\/page"}],"author":[{"embeddable":true,"href":"https:\/\/semmelweis.hu\/nuklearis-medicina\/wp-json\/wp\/v2\/users\/8"}],"replies":[{"embeddable":true,"href":"https:\/\/semmelweis.hu\/nuklearis-medicina\/wp-json\/wp\/v2\/comments?post=5"}],"version-history":[{"count":12,"href":"https:\/\/semmelweis.hu\/nuklearis-medicina\/wp-json\/wp\/v2\/pages\/5\/revisions"}],"predecessor-version":[{"id":482,"href":"https:\/\/semmelweis.hu\/nuklearis-medicina\/wp-json\/wp\/v2\/pages\/5\/revisions\/482"}],"wp:featuredmedia":[{"embeddable":true,"href":"https:\/\/semmelweis.hu\/nuklearis-medicina\/wp-json\/wp\/v2\/media\/397"}],"wp:attachment":[{"href":"https:\/\/semmelweis.hu\/nuklearis-medicina\/wp-json\/wp\/v2\/media?parent=5"}],"wp:term":[{"taxonomy":"category","embeddable":true,"href":"https:\/\/semmelweis.hu\/nuklearis-medicina\/wp-json\/wp\/v2\/categories?post=5"},{"taxonomy":"post_tag","embeddable":true,"href":"https:\/\/semmelweis.hu\/nuklearis-medicina\/wp-json\/wp\/v2\/tags?post=5"}],"curies":[{"name":"wp","href":"https:\/\/api.w.org\/{rel}","templated":true}]}}