{"id":33,"date":"2012-07-16T08:16:13","date_gmt":"2012-07-16T08:16:13","guid":{"rendered":"http:\/\/semmelweis-egyetem.hu\/nuklearis-medicina\/?page_id=33"},"modified":"2018-09-28T15:56:58","modified_gmt":"2018-09-28T13:56:58","slug":"oktatas","status":"publish","type":"page","link":"https:\/\/semmelweis.hu\/nuklearis-medicina\/oktatas\/","title":{"rendered":"Oktat\u00e1s"},"content":{"rendered":"<p>Tematika:<\/p>\n<p>A nukle\u00e1ris medicina alaptudom\u00e1nyainak r\u00f6vid \u00f6sszefoglal\u00e1sa:<br \/>\nRadioakt\u00edv izot\u00f3pok, el\u0151\u00e1ll\u00edt\u00e1suk (reaktor, ciklotron, radioizot\u00f3p gener\u00e1tor)<br \/>\nA leggyakrabban alkalmazott radioizot\u00f3pok \u00e9s radiofarmakonok<br \/>\nA meleglabor munka<br \/>\nA sug\u00e1rz\u00e1sok biol\u00f3giai hat\u00e1sa<br \/>\nGyakorlati sug\u00e1rv\u00e9delem<br \/>\nA nukle\u00e1ris medicin\u00e1ra vonatkoz\u00f3 alapvet\u0151 jogszab\u00e1lyok<br \/>\nA diagnosztik\u00e1ban haszn\u00e1latos m\u0171szerek \u00e9s berendez\u00e9sek<br \/>\nA gamma kamera, a SPECT, a PET<br \/>\nHibrid k\u00e9palkot\u00f3 berendez\u00e9sek (SPECT\/CT, PET\/CT)<br \/>\nA sz\u00e1m\u00edt\u00e1stechnika szerepe a nukle\u00e1ris medicin\u00e1ban<br \/>\nVizsg\u00e1lati t\u00edpusok, adatfeldolgoz\u00e1s, k\u00e9pf\u00fazi\u00f3s elj\u00e1r\u00e1sok<\/p>\n<p>Klinikai nukle\u00e1ris medicina:<br \/>\nA legfontosabb izot\u00f3pdiagnosztikai \u00e9s izot\u00f3pter\u00e1pi\u00e1s m\u00f3dszerek a klinikai nukle\u00e1ris medicin\u00e1ban<br \/>\nA k\u00f3ros radiofarmakon eloszl\u00e1s k\u00f3r\u00e9lettani alapjai<br \/>\nA tracer-elv<br \/>\nMolekul\u00e1ris imaging<br \/>\nAz endokrin szervek, a kardio-pulmon\u00e1lis rendszer, a k\u00f6zponti idegrendszer, a v\u00e1zrendszer, a gasztrointesztin\u00e1lis \u00e9s az urogenit\u00e1lis rendszer izot\u00f3pdiagnosztik\u00e1ja<br \/>\nA gyullad\u00e1sos folyamatok \u00e9s a malignus tumorok izot\u00f3pdiagnosztik\u00e1ja<br \/>\nA legfontosabb PET m\u00f3dszerek<br \/>\nReceptor-szcintigr\u00e1fi\u00e1s elj\u00e1r\u00e1sok<br \/>\nImmunszcintigr\u00e1fia<br \/>\nDiagnosztikai strat\u00e9gi\u00e1k (a nukle\u00e1ris medicina \u00e9s a radiol\u00f3gia k\u00e9palkot\u00f3 elj\u00e1r\u00e1sainak viszonya)<br \/>\nA radioizot\u00f3pos ter\u00e1pia alapelvei \u00e9s legfontosabb m\u00f3dszerei a klinikumban<br \/>\nK\u00f6lts\u00e9g-hat\u00e9konys\u00e1g<br \/>\nMin\u0151s\u00e9gbiztos\u00edt\u00e1s<\/p>\n","protected":false},"excerpt":{"rendered":"<p>Tematika: A nukle\u00e1ris medicina alaptudom\u00e1nyainak r\u00f6vid \u00f6sszefoglal\u00e1sa: Radioakt\u00edv izot\u00f3pok, el\u0151\u00e1ll\u00edt\u00e1suk (reaktor, ciklotron, radioizot\u00f3p gener\u00e1tor) A leggyakrabban alkalmazott radioizot\u00f3pok \u00e9s radiofarmakonok A meleglabor munka A sug\u00e1rz\u00e1sok biol\u00f3giai hat\u00e1sa Gyakorlati sug\u00e1rv\u00e9delem A nukle\u00e1ris medicin\u00e1ra vonatkoz\u00f3 alapvet\u0151 jogszab\u00e1lyok A diagnosztik\u00e1ban haszn\u00e1latos m\u0171szerek \u00e9s berendez\u00e9sek A gamma kamera, a SPECT, a PET Hibrid k\u00e9palkot\u00f3 berendez\u00e9sek (SPECT\/CT, PET\/CT) A sz\u00e1m\u00edt\u00e1stechnika &hellip;<\/p>\n","protected":false},"author":49,"featured_media":0,"parent":0,"menu_order":2,"comment_status":"open","ping_status":"closed","template":"","meta":{"_acf_changed":false,"footnotes":""},"categories":[],"tags":[],"class_list":["post-33","page","type-page","status-publish","hentry"],"acf":[],"_links":{"self":[{"href":"https:\/\/semmelweis.hu\/nuklearis-medicina\/wp-json\/wp\/v2\/pages\/33","targetHints":{"allow":["GET"]}}],"collection":[{"href":"https:\/\/semmelweis.hu\/nuklearis-medicina\/wp-json\/wp\/v2\/pages"}],"about":[{"href":"https:\/\/semmelweis.hu\/nuklearis-medicina\/wp-json\/wp\/v2\/types\/page"}],"author":[{"embeddable":true,"href":"https:\/\/semmelweis.hu\/nuklearis-medicina\/wp-json\/wp\/v2\/users\/49"}],"replies":[{"embeddable":true,"href":"https:\/\/semmelweis.hu\/nuklearis-medicina\/wp-json\/wp\/v2\/comments?post=33"}],"version-history":[{"count":3,"href":"https:\/\/semmelweis.hu\/nuklearis-medicina\/wp-json\/wp\/v2\/pages\/33\/revisions"}],"predecessor-version":[{"id":362,"href":"https:\/\/semmelweis.hu\/nuklearis-medicina\/wp-json\/wp\/v2\/pages\/33\/revisions\/362"}],"wp:attachment":[{"href":"https:\/\/semmelweis.hu\/nuklearis-medicina\/wp-json\/wp\/v2\/media?parent=33"}],"wp:term":[{"taxonomy":"category","embeddable":true,"href":"https:\/\/semmelweis.hu\/nuklearis-medicina\/wp-json\/wp\/v2\/categories?post=33"},{"taxonomy":"post_tag","embeddable":true,"href":"https:\/\/semmelweis.hu\/nuklearis-medicina\/wp-json\/wp\/v2\/tags?post=33"}],"curies":[{"name":"wp","href":"https:\/\/api.w.org\/{rel}","templated":true}]}}