{"id":20,"date":"2012-01-31T15:53:44","date_gmt":"2012-01-31T13:53:44","guid":{"rendered":"http:\/\/semmelweis-egyetem.hu\/nuklearis-medicina\/?page_id=20"},"modified":"2023-09-13T12:42:05","modified_gmt":"2023-09-13T10:42:05","slug":"rendelesi-idok","status":"publish","type":"page","link":"https:\/\/semmelweis.hu\/nuklearis-medicina\/rendelesi-idok\/","title":{"rendered":"Rendel\u00e9sek"},"content":{"rendered":"<p><span style=\"font-size: large\"><strong>Nukle\u00e1ris Medicina Tansz\u00e9k:<\/strong><\/span><\/p>\n<p>1082 Budapest, \u00dcll\u0151i \u00fat 78\/A<\/p>\n<p><strong>Izot\u00f3plabor:<\/strong><\/p>\n<p>Vizsg\u00e1latra val\u00f3 jelentkez\u00e9s az Izot\u00f3plabor recepci\u00f3j\u00e1n, a K\u00f6zponti Betegell\u00e1t\u00f3 \u00c9p\u00fclet 1. emelet\u00e9n<\/p>\n<p>Betegfogad\u00e1s: h\u00e9tf\u0151-p\u00e9ntek: 8-14 \u00f3ra k\u00f6z\u00f6tt, kiz\u00e1r\u00f3lag el\u0151zetesen egyeztetett id\u0151pontban<\/p>\n<p>El\u0151jegyz\u00e9s az al\u00e1bbi telefonsz\u00e1mon lehets\u00e9ges: <strong>459-1500\/61969<\/strong><\/p>\n<div>\n<div><b>V\u00c1LTOZ\u00c1S!!!<\/b><\/div>\n<div><b>\u00a0<\/b><\/div>\n<div><b>A Nukle\u00e1ris Medicina Tansz\u00e9k \u00e1ltal hat\u00e1lyba l\u00e9ptetett v\u00e1ltoz\u00e1s keretein bel\u00fcl arra k\u00e9r\u00fcnk mindenkit, hogy izot\u00f3plaborunkba id\u0151pontot kiz\u00e1r\u00f3lag a 61969-es mell\u00e9ken 10:00-13:30 k\u00f6z\u00f6tt k\u00e9rjenek, illetve ha nem \u00e9rnek el senkit az adott id\u0151pontban a felt\u00fcntetett mell\u00e9ken, akkor a\u00a0 <a href=\"mailto:vizsgalat.nmt@med.semmelweis-univ.hu\">vizsgalat.nmt@med.semmelweis-univ.hu<\/a>\u00a0 c\u00edmen tudnak k\u00e9rni id\u0151pontot. (E-mail c\u00edmre folyamatosan fogadunk vizsg\u00e1latk\u00e9r\u00e9st.)\u00a0<\/b><\/div>\n<div><b>A t\u00f6bbi mell\u00e9ken semmilyen form\u00e1ban nem \u00e1ll m\u00f3dunkban id\u0151pontk\u00e9r\u00e9ssel kapcsolatos h\u00edv\u00e1sokat fogadni.\u00a0<\/b><\/div>\n<div><b>Meg\u00e9rt\u00e9s\u00fcket k\u00f6sz\u00f6nj\u00fck.<\/b><\/div>\n<div>\u00a0<\/div>\n<div><strong>PET\/CT:<\/strong><\/div>\n<\/div>\n<p>\u00a0Vizsg\u00e1latra jelentkez\u00e9s a PET\/CT recepci\u00f3j\u00e1n (K\u00f6zponti Betegell\u00e1t\u00f3 \u00c9p\u00fclet f\u00f6ldszintj\u00e9n, a bal oldali folyos\u00f3n elindulva k\u00f6zel\u00edthet\u0151 meg)<\/p>\n<p>Telefon: <strong>459-1500\/61800<\/strong><\/p>\n<p><strong>Szakorvosok:<\/strong><\/p>\n<p>Dr. Gy\u00f6rke Tam\u00e1s PhD.<\/p>\n<p>Dr. Barra Magdolna<\/p>\n<p>Dr. B\u00e1rtfai Katalin<\/p>\n<p>Dr. B\u00fas Katalin<\/p>\n<p>Dr. Dabasi Gabriella PhD.<\/p>\n<p>Dr. Fek\u00e9sh\u00e1zy Attila<\/p>\n<p>Dr. Gyebn\u00e1r J\u00e1nos<\/p>\n<p>Dr. Gy\u0151ri Gabriella<\/p>\n<p>Dr. Krist\u00f3f Emese<\/p>\n<p>Dr. Nagy Petra Anna<\/p>\n<p>Dr. N\u00e9meth Andrea<\/p>\n<p>Dr. P\u00e1rtos Oszk\u00e1r<\/p>\n<p>Dr. Reinhoffer Vikt\u00f3ria<\/p>\n<p>Dr. Varga Zsolt<\/p>\n<p>Dr. Vaszilk\u00f3 \u00c9va<\/p>\n<p>&nbsp;<\/p>\n<p><b>Betegel\u0151jegyz\u00e9s, betegvizsg\u00e1lat, leletk\u00f6zl\u00e9s<\/b><\/p>\n<p>A PET\/CT vizsg\u00e1latok rendel\u00e9se a NEAK K\u00f6zponti V\u00e1r\u00f3lista Rendszer\u00e9n kereszt\u00fcl t\u00f6rt\u00e9nik. A v\u00e1r\u00f3list\u00e1ra ker\u00fclt p\u00e1cienseket id\u0151pont egyeztet\u00e9s c\u00e9lj\u00e1b\u00f3l a K\u00f6zpont munkat\u00e1rsai a megadott telefonos el\u00e9rhet\u0151s\u00e9g\u00fck\u00f6n keresik meg.<\/p>\n<p>Egyebekben el\u0151zetes \u2013 telefonon t\u00f6rt\u00e9n\u0151 vagy szem\u00e9lyes \u2013 <span style=\"text-decoration: underline\">id\u0151pont egyeztet\u00e9s<\/span> sz\u00fcks\u00e9ges.<\/p>\n<p>Vizsg\u00e1lati id\u0151pontot a vizsg\u00e1latot <span style=\"text-decoration: underline\">k\u00e9r\u0151 orvosnak<\/span> adunk (kiv\u00e9teles esetben \u2013 pl. kontroll vizsg\u00e1lat \u2013 \u201eismert\u201d szakdolgoz\u00f3nak is). Ha a vizsg\u00e1lathoz gy\u00f3gyszer kihagy\u00e1s \/ad\u00e1s kell, valamint s\u00fcrg\u0151s vizsg\u00e1lat eset\u00e9ben a beteg orvos\u00e1val val\u00f3 konzult\u00e1ci\u00f3 elengedhetetlen.<\/p>\n<p>A vizsg\u00e1latot csak akkor v\u00e9gezz\u00fck el, ha a beutal\u00f3 orvos <span style=\"text-decoration: underline\">\u00e9rv\u00e9nyes k\u00e9r\u0151lapj\u00e1val<\/span> \u00e9rkezik a beteg. A Semmelweis Egyetem beutal\u00f3 orvosainak a vizsg\u00e1latk\u00e9r\u00e9st a vizsg\u00e1lat k\u00e9r\u00e9s\u00e9vel egyidej\u0171leg be kell \u00edrni <span style=\"text-decoration: underline\">a Medsol rendszerbe<\/span> is. Ha a vizsg\u00e1latra b\u00e1rmi ok miatt nem ker\u00fcl sor, k\u00e9rj\u00fck, hogy ezt k\u00f6z\u00f6lj\u00e9k a Tansz\u00e9kkel, mert a \u201efelszabadult helyen\u201d m\u00e1s beteg vizsg\u00e1lat\u00e1t tudjuk elv\u00e9gezni.<\/p>\n<p>A betegvizsg\u00e1latra <span style=\"text-decoration: underline\">pontos id\u0151pontot adunk (nap \u00e9s \u00f3ra).<\/span> A folyamatos betegell\u00e1t\u00e1s \u00e9rdek\u00e9ben a megadott id\u0151pontot k\u00e9rj\u00fck betartani, megel\u0151zend\u0151 a beteg sz\u00fcks\u00e9gtelen v\u00e1rakoztat\u00e1s\u00e1t.<\/p>\n<p>K\u00e9rj\u00fck, hogy a beteg (vagy k\u00eds\u00e9r\u0151je) hozza el a rendelkez\u00e9s\u00e9re \u00e1ll\u00f3 izot\u00f3pdiagnosztikai \u00e9s radiol\u00f3giai vizsg\u00e1lati <span style=\"text-decoration: underline\">dokument\u00e1ci\u00f3j\u00e1t<\/span> is.<\/p>\n<p>A betegek a vizsg\u00e1lat el\u0151tt <span style=\"text-decoration: underline\">sz\u00f3beli \u00e9s \u00edr\u00e1sbeli felvil\u00e1gos\u00edt\u00e1st<\/span> kapnak a vizsg\u00e1latr\u00f3l \u00e9s annak elv\u00e9gz\u00e9s\u00e9hez \u00edr\u00e1sos beleegyez\u00e9s\u00fcket k\u00e9rj\u00fck.<\/p>\n<p>Gyermekek \u00e9s s\u00falyos \u00e1llapot\u00fa betegek <span style=\"text-decoration: underline\">hozz\u00e1tartoz\u00f3i<\/span> a vizsg\u00e1lat sor\u00e1n a beteg mellett tart\u00f3zkodhatnak. Sug\u00e1rterhel\u00e9s\u00fck elhanyagolhat\u00f3, de err\u0151l inform\u00e1ljuk \u0151ket. A terhess\u00e9g korai szak\u00e1ban l\u00e9v\u0151 h\u00f6lgyek (szakdolgoz\u00f3k) ne k\u00eds\u00e9rj\u00e9k el a betegeket.<\/p>\n<p><span style=\"text-decoration: underline\">A vizsg\u00e1lat eredm\u00e9ny\u00e9t<\/span> \u2013 s\u00fcrg\u0151s esetben \u2013 telefonon k\u00f6z\u00f6lj\u00fck, de kiz\u00e1r\u00f3lag a beteg orvos\u00e1val.<\/p>\n","protected":false},"excerpt":{"rendered":"<p>Nukle\u00e1ris Medicina Tansz\u00e9k: 1082 Budapest, \u00dcll\u0151i \u00fat 78\/A Izot\u00f3plabor: Vizsg\u00e1latra val\u00f3 jelentkez\u00e9s az Izot\u00f3plabor recepci\u00f3j\u00e1n, a K\u00f6zponti Betegell\u00e1t\u00f3 \u00c9p\u00fclet 1. emelet\u00e9n Betegfogad\u00e1s: h\u00e9tf\u0151-p\u00e9ntek: 8-14 \u00f3ra k\u00f6z\u00f6tt, kiz\u00e1r\u00f3lag el\u0151zetesen egyeztetett id\u0151pontban El\u0151jegyz\u00e9s az al\u00e1bbi telefonsz\u00e1mon lehets\u00e9ges: 459-1500\/61969 V\u00c1LTOZ\u00c1S!!! \u00a0 A Nukle\u00e1ris Medicina Tansz\u00e9k \u00e1ltal hat\u00e1lyba l\u00e9ptetett v\u00e1ltoz\u00e1s keretein bel\u00fcl arra k\u00e9r\u00fcnk mindenkit, hogy izot\u00f3plaborunkba id\u0151pontot kiz\u00e1r\u00f3lag &hellip;<\/p>\n","protected":false},"author":101135,"featured_media":0,"parent":0,"menu_order":4,"comment_status":"open","ping_status":"closed","template":"","meta":{"_acf_changed":false,"footnotes":""},"categories":[],"tags":[],"class_list":["post-20","page","type-page","status-publish","hentry"],"acf":[],"_links":{"self":[{"href":"https:\/\/semmelweis.hu\/nuklearis-medicina\/wp-json\/wp\/v2\/pages\/20","targetHints":{"allow":["GET"]}}],"collection":[{"href":"https:\/\/semmelweis.hu\/nuklearis-medicina\/wp-json\/wp\/v2\/pages"}],"about":[{"href":"https:\/\/semmelweis.hu\/nuklearis-medicina\/wp-json\/wp\/v2\/types\/page"}],"author":[{"embeddable":true,"href":"https:\/\/semmelweis.hu\/nuklearis-medicina\/wp-json\/wp\/v2\/users\/101135"}],"replies":[{"embeddable":true,"href":"https:\/\/semmelweis.hu\/nuklearis-medicina\/wp-json\/wp\/v2\/comments?post=20"}],"version-history":[{"count":12,"href":"https:\/\/semmelweis.hu\/nuklearis-medicina\/wp-json\/wp\/v2\/pages\/20\/revisions"}],"predecessor-version":[{"id":561,"href":"https:\/\/semmelweis.hu\/nuklearis-medicina\/wp-json\/wp\/v2\/pages\/20\/revisions\/561"}],"wp:attachment":[{"href":"https:\/\/semmelweis.hu\/nuklearis-medicina\/wp-json\/wp\/v2\/media?parent=20"}],"wp:term":[{"taxonomy":"category","embeddable":true,"href":"https:\/\/semmelweis.hu\/nuklearis-medicina\/wp-json\/wp\/v2\/categories?post=20"},{"taxonomy":"post_tag","embeddable":true,"href":"https:\/\/semmelweis.hu\/nuklearis-medicina\/wp-json\/wp\/v2\/tags?post=20"}],"curies":[{"name":"wp","href":"https:\/\/api.w.org\/{rel}","templated":true}]}}