{"id":10,"date":"2012-01-31T14:34:59","date_gmt":"2012-01-31T12:34:59","guid":{"rendered":"http:\/\/semmelweis-egyetem.hu\/nuklearis-medicina\/?page_id=10"},"modified":"2025-05-15T11:18:31","modified_gmt":"2025-05-15T09:18:31","slug":"elerhetoseg","status":"publish","type":"page","link":"https:\/\/semmelweis.hu\/nuklearis-medicina\/elerhetoseg\/","title":{"rendered":"El\u00e9rhet\u0151s\u00e9g"},"content":{"rendered":"<p>1082 Budapest, \u00dcll\u0151i \u00fat 78\/A<br \/>\nPostac\u00edm: 1085 Budapest, \u00dcll\u0151i \u00fat 26.<\/p>\n<p>Titk\u00e1rs\u00e1g \u00a0 \u00a0 \u00a0 \u00a0 \u00a0 \u00a0 \u00a0 \u00a0 \u00a0 \u00a0 \u00a0 \u00a0 \u00a0 \u00a0 \u00a0 \u00a0 \u00a0 \u00a0 \u00a0 \u00a0 \u00a0 \u00a0 \u00a0 \u00a0 \u00a0 \u00a0 \u00a0 \u00a0 \u00a0 \u00a0 \u00a0 \u00a0 \u00a0 \u00a0 \u00a0 \u00a0 \u00a0 \u00a0 \u00a0 \u00a0 \u00a0 \u00a0 \u00a0 \u00a0 \u00a0 \u00a0 \u00a0 \u00a0 \u00a0 \u00a0 \u00a0 \u00a0 \u00a0 \u00a0 \u00a0 \u00a0 \u00a0 \u00a0 \u00a0 \u00a0 \u00a0 \u00a0 \u00a0 \u00a0 \u00a0 \u00a0 \u00a0 \u00a0 \u00a0 \u00a0 \u00a0 \u00a0 \u00a0 \u00a0 Telefon: 06 1 459-1500\/62134<\/p>\n<p>Izot\u00f3plabor\u00a0 \u00a0 \u00a0 \u00a0 \u00a0 \u00a0 \u00a0 \u00a0 \u00a0 \u00a0 \u00a0 \u00a0 \u00a0 \u00a0 \u00a0 \u00a0 \u00a0 \u00a0 \u00a0 \u00a0 \u00a0 \u00a0 \u00a0 \u00a0 \u00a0 \u00a0 \u00a0 \u00a0 \u00a0 \u00a0 \u00a0 \u00a0 \u00a0 \u00a0 \u00a0 \u00a0 \u00a0 \u00a0 \u00a0 \u00a0 \u00a0 \u00a0 \u00a0 \u00a0 \u00a0 \u00a0 \u00a0 \u00a0 \u00a0 \u00a0 \u00a0 \u00a0 \u00a0 \u00a0 \u00a0 \u00a0 \u00a0 \u00a0 \u00a0 \u00a0 \u00a0 \u00a0 \u00a0\u00a0 \u00a0 \u00a0 \u00a0 \u00a0 \u00a0 \u00a0\u00a0\u00a0\u00a0\u00a0\u00a0 Telefon:\u00a0061\u00a0459-1500\/61969<\/p>\n<div>\n<div><b>V\u00c1LTOZ\u00c1S!!!<\/b><\/div>\n<div><b>\u00a0<\/b><\/div>\n<div><b>A Nukle\u00e1ris Medicina K\u00f6zpont \u00e1ltal hat\u00e1lyba l\u00e9ptetett v\u00e1ltoz\u00e1s keretein bel\u00fcl arra k\u00e9r\u00fcnk mindenkit, hogy izot\u00f3plaborunkba id\u0151pontot kiz\u00e1r\u00f3lag a 61969-es mell\u00e9ken 10:00-13:30 k\u00f6z\u00f6tt k\u00e9rjenek, illetve ha nem \u00e9rnek el senkit az adott id\u0151pontban a felt\u00fcntetett mell\u00e9ken, akkor a\u00a0 <a href=\"mailto:izsgalat.nmt@med.semmelweis-univ.hu\">vizsgalat.nmt@semmelweis.hu<\/a>\u00a0 c\u00edmen tudnak k\u00e9rni id\u0151pontot. (E-mail c\u00edmre folyamatosan fogadunk vizsg\u00e1latk\u00e9r\u00e9st.)\u00a0<\/b><\/div>\n<div><b>A t\u00f6bbi mell\u00e9ken semmilyen form\u00e1ban nem \u00e1ll m\u00f3dunkban id\u0151pontk\u00e9r\u00e9ssel kapcsolatos h\u00edv\u00e1sokat fogadni.\u00a0<\/b><\/div>\n<div><b>Meg\u00e9rt\u00e9s\u00fcket k\u00f6sz\u00f6nj\u00fck.<\/b><\/div>\n<\/div>\n<p>&nbsp;<\/p>\n<p>PET\/CT\u00a0 \u00a0 \u00a0 \u00a0 \u00a0 \u00a0 \u00a0 \u00a0 \u00a0 \u00a0 \u00a0 \u00a0 \u00a0 \u00a0 \u00a0 \u00a0 \u00a0 \u00a0 \u00a0 \u00a0 \u00a0 \u00a0 \u00a0 \u00a0 \u00a0 \u00a0 \u00a0 \u00a0 \u00a0 \u00a0 \u00a0 \u00a0 \u00a0 \u00a0 \u00a0 \u00a0 \u00a0 \u00a0 \u00a0 \u00a0 \u00a0 \u00a0 \u00a0 \u00a0 \u00a0 \u00a0 \u00a0 \u00a0 \u00a0 \u00a0 \u00a0 \u00a0 \u00a0 \u00a0 \u00a0 \u00a0 \u00a0 \u00a0 \u00a0 \u00a0 \u00a0 \u00a0 \u00a0 \u00a0 \u00a0 \u00a0 \u00a0 \u00a0 \u00a0 \u00a0 \u00a0 \u00a0 \u00a0\u00a0\u00a0 Telefon:\u00a0061\u00a0459-1500\/61800<\/p>\n<p>E-mail:\u00a0<a href=\"mailto:titkarsag.nmt@med.semmelweis-univ.hu\">titkarsag.nmt@semmelweis.hu<br \/>\n<\/a>\u00a0 \u00a0 \u00a0 \u00a0 \u00a0 \u00a0 \u00a0\u00a0<a href=\"mailto:gyorke.tamas@med.semmelweis-univ.hu\">gyorke.tamas@semmelweis.hu<\/a><\/p>\n\n<!-- iframe plugin v.4.9 wordpress.org\/plugins\/iframe\/ -->\n<iframe loading=\"lazy\" src=\"https:\/\/www.google.com\/maps\/embed?pb=!1m18!1m12!1m3!1d2696.3938368157437!2d19.079537315585434!3d47.48224060455373!2m3!1f0!2f0!3f0!3m2!1i1024!2i768!4f13.1!3m3!1m2!1s0x4741dcfaec58fc89%3A0xf42e8194c6960690!2zQnVkYXBlc3QsIMOcbGzFkWkgw7p0IDc4YSwgMTA4Mg!5e0!3m2!1shu!2shu!4v1469103387123\" width=\"600\" height=\"400\" scrolling=\"yes\" class=\"iframe-class\" frameborder=\"0\"><\/iframe>\n\n","protected":false},"excerpt":{"rendered":"<p>1082 Budapest, \u00dcll\u0151i \u00fat 78\/A Postac\u00edm: 1085 Budapest, \u00dcll\u0151i \u00fat 26. Titk\u00e1rs\u00e1g \u00a0 \u00a0 \u00a0 \u00a0 \u00a0 \u00a0 \u00a0 \u00a0 \u00a0 \u00a0 \u00a0 \u00a0 \u00a0 \u00a0 \u00a0 \u00a0 \u00a0 \u00a0 \u00a0 \u00a0 \u00a0 \u00a0 \u00a0 \u00a0 \u00a0 \u00a0 \u00a0 \u00a0 \u00a0 \u00a0 \u00a0 \u00a0 \u00a0 \u00a0 \u00a0 \u00a0 \u00a0 \u00a0 \u00a0 \u00a0 \u00a0 \u00a0 \u00a0 &hellip;<\/p>\n","protected":false},"author":142,"featured_media":0,"parent":0,"menu_order":5,"comment_status":"closed","ping_status":"closed","template":"","meta":{"_acf_changed":false,"footnotes":""},"categories":[],"tags":[],"class_list":["post-10","page","type-page","status-publish","hentry"],"acf":[],"_links":{"self":[{"href":"https:\/\/semmelweis.hu\/nuklearis-medicina\/wp-json\/wp\/v2\/pages\/10","targetHints":{"allow":["GET"]}}],"collection":[{"href":"https:\/\/semmelweis.hu\/nuklearis-medicina\/wp-json\/wp\/v2\/pages"}],"about":[{"href":"https:\/\/semmelweis.hu\/nuklearis-medicina\/wp-json\/wp\/v2\/types\/page"}],"author":[{"embeddable":true,"href":"https:\/\/semmelweis.hu\/nuklearis-medicina\/wp-json\/wp\/v2\/users\/142"}],"replies":[{"embeddable":true,"href":"https:\/\/semmelweis.hu\/nuklearis-medicina\/wp-json\/wp\/v2\/comments?post=10"}],"version-history":[{"count":12,"href":"https:\/\/semmelweis.hu\/nuklearis-medicina\/wp-json\/wp\/v2\/pages\/10\/revisions"}],"predecessor-version":[{"id":616,"href":"https:\/\/semmelweis.hu\/nuklearis-medicina\/wp-json\/wp\/v2\/pages\/10\/revisions\/616"}],"wp:attachment":[{"href":"https:\/\/semmelweis.hu\/nuklearis-medicina\/wp-json\/wp\/v2\/media?parent=10"}],"wp:term":[{"taxonomy":"category","embeddable":true,"href":"https:\/\/semmelweis.hu\/nuklearis-medicina\/wp-json\/wp\/v2\/categories?post=10"},{"taxonomy":"post_tag","embeddable":true,"href":"https:\/\/semmelweis.hu\/nuklearis-medicina\/wp-json\/wp\/v2\/tags?post=10"}],"curies":[{"name":"wp","href":"https:\/\/api.w.org\/{rel}","templated":true}]}}