{"id":764,"date":"2023-05-30T17:47:31","date_gmt":"2023-05-30T15:47:31","guid":{"rendered":"https:\/\/semmelweis.hu\/noionkologia\/?page_id=764"},"modified":"2023-05-30T20:09:10","modified_gmt":"2023-05-30T18:09:10","slug":"kolposzkopos-szakambulancia","status":"publish","type":"page","link":"https:\/\/semmelweis.hu\/noionkologia\/betegellatas\/kolposzkopos-szakambulancia\/","title":{"rendered":"Kolposzk\u00f3pos szakambulancia"},"content":{"rendered":"<h3>Kolposzk\u00f3pos szakrendel\u00e9s\u00fcnkre kiz\u00e1r\u00f3lag orvosi beutal\u00f3val, el\u0151zetes telefonos egyeztet\u00e9st k\u00f6vet\u0151en van lehet\u0151s\u00e9g id\u0151pontot foglalni!<br \/>(munkanapokon 09:00-16:00 k\u00f6z\u00f6tt)!<\/h3>\n<p>A rendel\u00e9sre k\u00e9rj\u00fck hozza mag\u00e1val minden el\u0151zetes megl\u00e9v\u0151 cytol\u00f3giai eredm\u00e9ny\u00e9t, HPV sz\u0171r\u00e9sek eredm\u00e9ny\u00e9t illetve amennyiben volt, kor\u00e1bbi m\u00e9hnyak biopszi\u00e1k\/koniz\u00e1ci\u00f3k sz\u00f6vettani lelet\u00e9t!<\/p>\n<p>A rendel\u00e9sre meg\u00e9rkez\u00e9s el\u0151tt k\u00e9rj\u00fck olvassa \u00e1t <a href=\"https:\/\/semmelweis.hu\/noionkologia\/ismertetok\/kolposzkopia\/\">betegt\u00e1j\u00e9koztat\u00f3nkat a kolposzk\u00f3pi\u00e1r\u00f3l<\/a> az ismertet\u0151k f\u00fcl alatt!<\/p>\n<p><strong>Telefonos el\u0151jegyz\u00e9s:<\/strong><\/p>\n<ul>\n<li>+36 20 670 1643<\/li>\n<li>+36 20 825 4243<\/li>\n<li>+36 1 459 1500 \/ 54243<\/li>\n<\/ul>\n<p>Szakrendel\u00e9s\u00fcnk a Baross utcai r\u00e9szleg (1088 Budapest,<span class=\"LrzXr\"> Baross u. 27.) <\/span>alagsor\u00e1ban, a f\u0151l\u00e9pcs\u0151t\u0151l balra, a Menopauza \u00e9s Onkol\u00f3giai Ambulancia rendel\u0151ben tal\u00e1lhat\u00f3.<\/p>\n<p><strong>A megadott id\u0151pont el\u0151tt 20 perccel javasolt a megjelen\u00e9s. A vizsg\u00e1lat 20-45 percet vehet ig\u00e9nybe.<br \/><\/strong><\/p>\n<div class=\"keretes w-100\">\n<h3>Rendel\u00e9si id\u0151:<\/h3>\n<p><strong>Szerda<\/strong>\u00a0 \u00a0\u00a0 09:00-t\u00f3l 13:30-ig<br \/><strong>Rendel\u00e9s vezet\u0151:<\/strong> Dr. Szatm\u00e1ri Erzs\u00e9bet<br \/><strong>Rendel\u0151 orvosok:<\/strong> Dr. Unicsovics M\u00e1rk\u00f3<\/p>\n<\/div>\n","protected":false},"excerpt":{"rendered":"<p>Kolposzk\u00f3pos szakrendel\u00e9s\u00fcnkre kiz\u00e1r\u00f3lag orvosi beutal\u00f3val, el\u0151zetes telefonos egyeztet\u00e9st k\u00f6vet\u0151en van lehet\u0151s\u00e9g id\u0151pontot foglalni!(munkanapokon 09:00-16:00 k\u00f6z\u00f6tt)! A rendel\u00e9sre k\u00e9rj\u00fck hozza mag\u00e1val minden el\u0151zetes megl\u00e9v\u0151 cytol\u00f3giai eredm\u00e9ny\u00e9t, HPV sz\u0171r\u00e9sek eredm\u00e9ny\u00e9t illetve amennyiben volt, kor\u00e1bbi m\u00e9hnyak biopszi\u00e1k\/koniz\u00e1ci\u00f3k sz\u00f6vettani lelet\u00e9t! A rendel\u00e9sre meg\u00e9rkez\u00e9s el\u0151tt k\u00e9rj\u00fck olvassa \u00e1t <a href=\"https:\/\/semmelweis.hu\/noionkologia\/ismertetok\/kolposzkopia\/\">betegt\u00e1j\u00e9koztat\u00f3nkat a kolposzk\u00f3pi\u00e1r\u00f3l<\/a> az ismertet\u0151k f\u00fcl alatt! Telefonos el\u0151jegyz\u00e9s: +36 20 670 1643 +36 20 &hellip;<\/p>\n","protected":false},"author":101531,"featured_media":0,"parent":46,"menu_order":1,"comment_status":"closed","ping_status":"closed","template":"","meta":{"_acf_changed":false,"footnotes":""},"categories":[],"tags":[],"class_list":["post-764","page","type-page","status-publish","hentry"],"acf":[],"_links":{"self":[{"href":"https:\/\/semmelweis.hu\/noionkologia\/wp-json\/wp\/v2\/pages\/764","targetHints":{"allow":["GET"]}}],"collection":[{"href":"https:\/\/semmelweis.hu\/noionkologia\/wp-json\/wp\/v2\/pages"}],"about":[{"href":"https:\/\/semmelweis.hu\/noionkologia\/wp-json\/wp\/v2\/types\/page"}],"author":[{"embeddable":true,"href":"https:\/\/semmelweis.hu\/noionkologia\/wp-json\/wp\/v2\/users\/101531"}],"replies":[{"embeddable":true,"href":"https:\/\/semmelweis.hu\/noionkologia\/wp-json\/wp\/v2\/comments?post=764"}],"version-history":[{"count":6,"href":"https:\/\/semmelweis.hu\/noionkologia\/wp-json\/wp\/v2\/pages\/764\/revisions"}],"predecessor-version":[{"id":788,"href":"https:\/\/semmelweis.hu\/noionkologia\/wp-json\/wp\/v2\/pages\/764\/revisions\/788"}],"up":[{"embeddable":true,"href":"https:\/\/semmelweis.hu\/noionkologia\/wp-json\/wp\/v2\/pages\/46"}],"wp:attachment":[{"href":"https:\/\/semmelweis.hu\/noionkologia\/wp-json\/wp\/v2\/media?parent=764"}],"wp:term":[{"taxonomy":"category","embeddable":true,"href":"https:\/\/semmelweis.hu\/noionkologia\/wp-json\/wp\/v2\/categories?post=764"},{"taxonomy":"post_tag","embeddable":true,"href":"https:\/\/semmelweis.hu\/noionkologia\/wp-json\/wp\/v2\/tags?post=764"}],"curies":[{"name":"wp","href":"https:\/\/api.w.org\/{rel}","templated":true}]}}