{"id":67,"date":"2020-05-31T19:51:46","date_gmt":"2020-05-31T17:51:46","guid":{"rendered":"https:\/\/semmelweis.hu\/noionkologia\/?page_id=67"},"modified":"2020-09-21T12:41:18","modified_gmt":"2020-09-21T10:41:18","slug":"bemutatkozas","status":"publish","type":"page","link":"https:\/\/semmelweis.hu\/noionkologia\/bemutatkozas\/","title":{"rendered":"Bemutatkoz\u00e1s"},"content":{"rendered":"<h4>\u00dcdv\u00f6z\u00f6lj\u00fck a N\u0151gy\u00f3gy\u00e1szati Onkol\u00f3giai \u00e9s Daganatseb\u00e9szeti Oszt\u00e1ly honlapj\u00e1n!<\/h4>\n<p>A Semmelweis Egyetem Baross utcai N\u0151gy\u00f3gy\u00e1szati Klinik\u00e1j\u00e1n alap\u00edt\u00e1sa \u00f3ta kezelnek daganatos betegs\u00e9gben szenved\u0151 n\u0151ket. Jelenleg saj\u00e1t, tizenkilenc \u00e1gyas oszt\u00e1lyon m\u0171t\u00e9tes \u00e9s daganat ellenes gy\u00f3gyszeres ter\u00e1pi\u00e1t ny\u00fajtunk a Semmelweis Egyetemet felkeres\u0151, valamint az orsz\u00e1g egy\u00e9b eg\u00e9szs\u00e9g\u00fcgyi int\u00e9zm\u00e9nyeib\u0151l hozz\u00e1nk ir\u00e1ny\u00edtott betegek sz\u00e1m\u00e1ra.<\/p>\n<p>T\u00f6reksz\u00fcnk r\u00e1, hogy el\u0151deink m\u00e9lt\u00f3 k\u00f6vet\u0151jek\u00e9nt, tud\u00e1sunkat napra k\u00e9szen tartva, a kor szellem\u00e9nek megfelel\u0151, komplex ell\u00e1t\u00e1st tudjunk biztos\u00edtani, k\u00e9pezz\u00fck az ut\u00f3d gener\u00e1ci\u00f3t \u00e9s gyarap\u00edtsuk a k\u00f6z\u00f6s tud\u00e1st.<\/p>\n<p>Legfontosabbnak a betegk\u00f6zpont\u00fa szeml\u00e9letet tekintj\u00fck.<\/p>\n<p>Honlapunk seg\u00edts\u00e9g\u00e9vel szeretn\u00e9nk bemutatni magunkat, munk\u00e1nkat, hasznos inform\u00e1ci\u00f3t ny\u00fajtani a n\u0151gy\u00f3gy\u00e1szati daganatokr\u00f3l \u00e1ltal\u00e1ban \u00e9s a hozz\u00e1nk fordul\u00f3 betegeknek kieg\u00e9sz\u00edt\u0151 t\u00e1j\u00e9koztat\u00e1st adni, annak \u00e9rdek\u00e9ben, hogy jobban fel tudjanak k\u00e9sz\u00fclni a kezel\u00e9s\u00fck sor\u00e1n v\u00e1rhat\u00f3 helyzetekre.<\/p>\n<p>Dr. M\u00e1t\u00e9 Szabolcs<br \/>Oszt\u00e1lyvezet\u0151<\/p>\n","protected":false},"excerpt":{"rendered":"<p>\u00dcdv\u00f6z\u00f6lj\u00fck a N\u0151gy\u00f3gy\u00e1szati Onkol\u00f3giai \u00e9s Daganatseb\u00e9szeti Oszt\u00e1ly honlapj\u00e1n!<\/p>\n<p>A Semmelweis Egyetem Baross utcai N\u0151gy\u00f3gy\u00e1szati Klinik\u00e1j\u00e1n tizenkilenc \u00e1gyas oszt\u00e1lyon m\u0171t\u00e9tes \u00e9s daganat ellenes gy\u00f3gyszeres ter\u00e1pi\u00e1t ny\u00fajtunk betegeink sz\u00e1m\u00e1ra.<\/p>\n<p>Legfontosabbnak a betegk\u00f6zpont\u00fa szeml\u00e9letet tekintj\u00fck.<\/p>\n<p>Honlapunk seg\u00edts\u00e9g\u00e9vel szeretn\u00e9nk bemutatni magunkat, munk\u00e1nkat, hasznos inform\u00e1ci\u00f3t ny\u00fajtani a n\u0151gy\u00f3gy\u00e1szati daganatokr\u00f3l \u00e1ltal\u00e1ban \u00e9s a hozz\u00e1nk fordul\u00f3 betegeknek kieg\u00e9sz\u00edt\u0151 t\u00e1j\u00e9koztat\u00e1st adni, annak \u00e9rdek\u00e9ben, hogy jobban fel tudjanak k\u00e9sz\u00fclni a kezel\u00e9s\u00fck sor\u00e1n v\u00e1rhat\u00f3 helyzetekre&#8230;<\/p>\n","protected":false},"author":101531,"featured_media":5,"parent":0,"menu_order":0,"comment_status":"closed","ping_status":"closed","template":"","meta":{"_acf_changed":false,"footnotes":""},"categories":[],"tags":[],"class_list":["post-67","page","type-page","status-publish","has-post-thumbnail","hentry"],"acf":[],"_links":{"self":[{"href":"https:\/\/semmelweis.hu\/noionkologia\/wp-json\/wp\/v2\/pages\/67","targetHints":{"allow":["GET"]}}],"collection":[{"href":"https:\/\/semmelweis.hu\/noionkologia\/wp-json\/wp\/v2\/pages"}],"about":[{"href":"https:\/\/semmelweis.hu\/noionkologia\/wp-json\/wp\/v2\/types\/page"}],"author":[{"embeddable":true,"href":"https:\/\/semmelweis.hu\/noionkologia\/wp-json\/wp\/v2\/users\/101531"}],"replies":[{"embeddable":true,"href":"https:\/\/semmelweis.hu\/noionkologia\/wp-json\/wp\/v2\/comments?post=67"}],"version-history":[{"count":10,"href":"https:\/\/semmelweis.hu\/noionkologia\/wp-json\/wp\/v2\/pages\/67\/revisions"}],"predecessor-version":[{"id":649,"href":"https:\/\/semmelweis.hu\/noionkologia\/wp-json\/wp\/v2\/pages\/67\/revisions\/649"}],"wp:featuredmedia":[{"embeddable":true,"href":"https:\/\/semmelweis.hu\/noionkologia\/wp-json\/wp\/v2\/media\/5"}],"wp:attachment":[{"href":"https:\/\/semmelweis.hu\/noionkologia\/wp-json\/wp\/v2\/media?parent=67"}],"wp:term":[{"taxonomy":"category","embeddable":true,"href":"https:\/\/semmelweis.hu\/noionkologia\/wp-json\/wp\/v2\/categories?post=67"},{"taxonomy":"post_tag","embeddable":true,"href":"https:\/\/semmelweis.hu\/noionkologia\/wp-json\/wp\/v2\/tags?post=67"}],"curies":[{"name":"wp","href":"https:\/\/api.w.org\/{rel}","templated":true}]}}