{"id":576,"date":"2020-08-23T21:15:24","date_gmt":"2020-08-23T19:15:24","guid":{"rendered":"https:\/\/semmelweis.hu\/noionkologia\/?page_id=576"},"modified":"2020-09-21T14:19:58","modified_gmt":"2020-09-21T12:19:58","slug":"port-hasznalata","status":"publish","type":"page","link":"https:\/\/semmelweis.hu\/noionkologia\/ismertetok\/port-hasznalata\/","title":{"rendered":"Port haszn\u00e1lata"},"content":{"rendered":"<p><a href=\"https:\/\/semmelweis.hu\/noionkologia\/files\/2020\/08\/PORT-haszn\u00e1lat.pdf\">Let\u00f6lthet\u0151 ismertet\u0151 a centr\u00e1lis v\u00e9n\u00e1s PORT haszn\u00e1lat\u00e1r\u00f3l (pdf)<\/a><\/p>\n","protected":false},"excerpt":{"rendered":"<p><a href=\"https:\/\/semmelweis.hu\/noionkologia\/files\/2020\/08\/PORT-haszn\u00e1lat.pdf\">Let\u00f6lthet\u0151 ismertet\u0151 a centr\u00e1lis v\u00e9n\u00e1s PORT haszn\u00e1lat\u00e1r\u00f3l (pdf)<\/a><\/p>\n","protected":false},"author":101531,"featured_media":0,"parent":631,"menu_order":6,"comment_status":"closed","ping_status":"closed","template":"","meta":{"_acf_changed":false,"footnotes":""},"categories":[],"tags":[],"class_list":["post-576","page","type-page","status-publish","hentry"],"acf":[],"_links":{"self":[{"href":"https:\/\/semmelweis.hu\/noionkologia\/wp-json\/wp\/v2\/pages\/576","targetHints":{"allow":["GET"]}}],"collection":[{"href":"https:\/\/semmelweis.hu\/noionkologia\/wp-json\/wp\/v2\/pages"}],"about":[{"href":"https:\/\/semmelweis.hu\/noionkologia\/wp-json\/wp\/v2\/types\/page"}],"author":[{"embeddable":true,"href":"https:\/\/semmelweis.hu\/noionkologia\/wp-json\/wp\/v2\/users\/101531"}],"replies":[{"embeddable":true,"href":"https:\/\/semmelweis.hu\/noionkologia\/wp-json\/wp\/v2\/comments?post=576"}],"version-history":[{"count":2,"href":"https:\/\/semmelweis.hu\/noionkologia\/wp-json\/wp\/v2\/pages\/576\/revisions"}],"predecessor-version":[{"id":670,"href":"https:\/\/semmelweis.hu\/noionkologia\/wp-json\/wp\/v2\/pages\/576\/revisions\/670"}],"up":[{"embeddable":true,"href":"https:\/\/semmelweis.hu\/noionkologia\/wp-json\/wp\/v2\/pages\/631"}],"wp:attachment":[{"href":"https:\/\/semmelweis.hu\/noionkologia\/wp-json\/wp\/v2\/media?parent=576"}],"wp:term":[{"taxonomy":"category","embeddable":true,"href":"https:\/\/semmelweis.hu\/noionkologia\/wp-json\/wp\/v2\/categories?post=576"},{"taxonomy":"post_tag","embeddable":true,"href":"https:\/\/semmelweis.hu\/noionkologia\/wp-json\/wp\/v2\/tags?post=576"}],"curies":[{"name":"wp","href":"https:\/\/api.w.org\/{rel}","templated":true}]}}